{"id":9609,"date":"2023-01-11T16:45:27","date_gmt":"2023-01-11T13:45:27","guid":{"rendered":"https:\/\/svenskateatern.fi\/?page_id=9609"},"modified":"2026-03-30T13:25:08","modified_gmt":"2026-03-30T10:25:08","slug":"aukioloajat","status":"publish","type":"page","link":"https:\/\/svenskateatern.fi\/fi\/aukioloajat\/","title":{"rendered":"Aukioloajat"},"content":{"rendered":"<section id=\"block_bbc721a892e415a29aeb29d059d8810b_69ea9370404be\" class=\"block block-content-wrapper container-fluid bg-white container-fluid\">\n\t<div class=\"container\n\t\t\tshow-all\"\n\t\t>\n\t\t<div class=\"row\">\n\t\t\t<div class=\"col-12 col-lg-8 offset-lg-2 col-hd-6 offset-hd-3\">\n\t\t\t\t<main class=\"entry-content\">\n\t\t\t\t\t\n\n<h1 class=\"wp-block-heading\">Lipunmyynnin ja asiakaspalvelun aukioloajat<\/h1>\n\n\n\n<h2 class=\"wp-block-heading\">Aukioloajat<\/h2>\n\n\n\n<p><strong>Maanantaisin<\/strong>: asiakaspalvelu puhelimitse ja s\u00e4hk\u00f6postitse klo 9\u201312. Lippukassa suljettu.<\/p>\n\n\n\n<p><strong>Tiistai\u2013perjantai<\/strong>: lippukassa sek\u00e4 asiakaspalvelu puhelimitse ja s\u00e4hk\u00f6postitse klo 12\u201318<\/p>\n\n\n\n<p><strong>Esitysp\u00e4ivin\u00e4<\/strong>: lippukassa avautuu aina 1 tunti ennen ensimm\u00e4ist\u00e4 esityst\u00e4 \u2013 my\u00f6s lauantaisin.<\/p>\n\n\n\n<p><strong>Poikkeusaukioloajat<\/strong>.<\/p>\n\n\n\n<ul class=\"wp-block-list\">\n<li>2.4.2026-6.4.2026 kiinni<\/li>\n<\/ul>\n\n\n\n<ul class=\"wp-block-list\">\n<li>1.5.2026 kiinni<\/li>\n<\/ul>\n\n\n\n<ul class=\"wp-block-list\">\n<li>14.5.2026 kiinni<\/li>\n<\/ul>\n\n\n\n<h2 class=\"wp-block-heading\">Yhteystiedot<\/h2>\n\n\n\n<p><strong>Puhelin<\/strong> 09 6162 1411<\/p>\n\n\n\n<p><strong>s-posti<\/strong>: biljetter@svenskateatern.fi<\/p>\n\n\n\n<p><strong>L\u00f6yd\u00e4t meid\u00e4t osoitteesta<\/strong><br><a href=\"https:\/\/www.google.fi\/maps\/place\/Svenska+Teatern,+Norra+Esplanaden+2,+00130+Helsingfors\/@60.167222,24.9411443,17z\/data=!3m1!4b1!4m5!3m4!1s0x46920bcc00f18e59:0x9b537151537a1cae!8m2!3d60.167222!4d24.943333\" target=\"_blank\" rel=\"noreferrer noopener\"><\/a><a href=\"https:\/\/www.google.fi\/maps\/place\/Svenska+Teatern,+Norra+Esplanaden+2,+00130+Helsingfors\/@60.167222,24.9411443,17z\/data=!3m1!4b1!4m5!3m4!1s0x46920bcc00f18e59:0x9b537151537a1cae!8m2!3d60.167222!4d24.943333\">Pohjoisesplanadi 2<\/a> 00130 Helsinki.<\/p>\n\n\n\n<p>Lippuja voit ostaa my\u00f6s k\u00e4tev\u00e4sti itse verkosta.<\/p>\n\n\n\n<p>Svenska Teaternin verkkokauppa on avoinna ymp\u00e4ri vuorokauden.<\/p>\n\n\n\n<div class=\"wp-block-button\"><a class=\"wp-block-button__link wp-element-button\" href=\"https:\/\/svenskateatern.fi\/fi\/ohjelmisto\/\">SIIRRY verkkokaupPAAN T\u00c4ST\u00c4<\/a><\/div>\n\n\n\t\t\t\t<\/main>\n\t\t\t<\/div>\n\t\t<\/div>\n\n\t\t\n\t<\/div>\n<\/section>\n\n\n<section id=\"block_062dd77cdb45c7bec7ed810e27b88138_69ea937040865\" class=\"block block-content-wrapper container-fluid bg-white container-fluid\">\n\t<div class=\"container\n\t\t\tshow-all\"\n\t\t>\n\t\t<div class=\"row\">\n\t\t\t<div class=\"col-12 col-lg-8 offset-lg-2 col-hd-6 offset-hd-3\">\n\t\t\t\t<main class=\"entry-content\">\n\t\t\t\t\t\n\n<h2 class=\"wp-block-heading\">Maksutavat<\/h2>\n\n\n\n<p><strong>Maksutavat verkkokaupassa<\/strong><\/p>\n\n\n\n<ul class=\"wp-block-list\">\n<li>Visa, Eurocard, Master Card<\/li>\n\n\n\n<li>Svenska Teaternin lahjakortit<\/li>\n\n\n\n<li>Smartum, E-passi ja Edenred*. Huomioithan, ett\u00e4 voit maksaa vain oman lippusi kulttuuriedulla, koska etu on henkil\u00f6kohtainen. Jotta ohjelma antaisi t\u00e4m\u00e4n vaihtoehdon, voit pit\u00e4\u00e4 korkeintaan yhden lipun ostoskorissasi.<br><br>*Jos haluat hy\u00f6dynt\u00e4\u00e4 Edenred etusi, pyyd\u00e4mme teit\u00e4 yst\u00e4v\u00e4llisesti olemaan yhteydess\u00e4 asiakaspalveluun, autamme sinua mielell\u00e4\u00e4n varauksen kanssa.<\/li>\n<\/ul>\n\n\n\n<p><strong>Maksutavat teatterilla<\/strong><\/p>\n\n\n\n<ul class=\"wp-block-list\">\n<li>Visa, Eurocard, MasterCard<\/li>\n\n\n\n<li>Debitkortit, Visa Electron<\/li>\n\n\n\n<li>Svenska Teaternin lahjakortit<\/li>\n\n\n\n<li>Kulttuuriedut: Smartum, E-passi, Edenred, Virike-etuda<\/li>\n\n\n\n<li>K\u00e4teiset<\/li>\n<\/ul>\n\n\n\t\t\t\t<\/main>\n\t\t\t<\/div>\n\t\t<\/div>\n\n\t\t\n\t<\/div>\n<\/section>\n","protected":false},"excerpt":{"rendered":"","protected":false},"author":8,"featured_media":0,"parent":0,"menu_order":0,"comment_status":"closed","ping_status":"closed","template":"","meta":{"_acf_changed":false,"_relevanssi_hide_post":"","_relevanssi_hide_content":"","_relevanssi_pin_for_all":"","_relevanssi_pin_keywords":"","_relevanssi_unpin_keywords":"","_relevanssi_related_keywords":"","_relevanssi_related_include_ids":"","_relevanssi_related_exclude_ids":"","_relevanssi_related_no_append":"","_relevanssi_related_not_related":"","_relevanssi_related_posts":"620,6847,7346,9233,614,9208","_relevanssi_noindex_reason":"","footnotes":""},"class_list":["post-9609","page","type-page","status-publish","hentry"],"acf":[],"yoast_head":"<!-- This site is optimized with the Yoast SEO plugin v27.0 - https:\/\/yoast.com\/product\/yoast-seo-wordpress\/ -->\n<title>Aukioloajat - Svenska Teatern<\/title>\n<meta name=\"description\" content=\"Asiakaspalvelun aukioloajat ja yhteystiedot l\u00f6yd\u00e4t t\u00e4lt\u00e4 sivulta. My\u00f6s mahdolliset poikkeavat aukioloajat p\u00e4ivittyv\u00e4t t\u00e4lle sivulle.\" \/>\n<meta name=\"robots\" content=\"index, follow, max-snippet:-1, max-image-preview:large, max-video-preview:-1\" \/>\n<link rel=\"canonical\" href=\"https:\/\/svenskateatern.fi\/fi\/aukioloajat\/\" \/>\n<meta property=\"og:locale\" content=\"fi_FI\" \/>\n<meta property=\"og:type\" content=\"article\" \/>\n<meta property=\"og:title\" content=\"Aukioloajat - Svenska Teatern\" \/>\n<meta property=\"og:description\" content=\"Asiakaspalvelun aukioloajat ja yhteystiedot l\u00f6yd\u00e4t t\u00e4lt\u00e4 sivulta. My\u00f6s mahdolliset poikkeavat aukioloajat p\u00e4ivittyv\u00e4t t\u00e4lle sivulle.\" \/>\n<meta property=\"og:url\" content=\"https:\/\/svenskateatern.fi\/fi\/aukioloajat\/\" \/>\n<meta property=\"og:site_name\" content=\"Svenska Teatern\" \/>\n<meta property=\"article:modified_time\" content=\"2026-03-30T10:25:08+00:00\" \/>\n<meta property=\"og:image\" content=\"https:\/\/svenskateatern.fi\/wp-content\/uploads\/2022\/08\/svenska-some.png\" \/>\n\t<meta property=\"og:image:width\" content=\"1200\" \/>\n\t<meta property=\"og:image:height\" content=\"630\" \/>\n\t<meta property=\"og:image:type\" content=\"image\/png\" \/>\n<meta name=\"twitter:card\" content=\"summary_large_image\" \/>\n<meta name=\"twitter:label1\" content=\"Arvioitu lukuaika\" \/>\n\t<meta name=\"twitter:data1\" content=\"2 minuuttia\" \/>\n<script type=\"application\/ld+json\" class=\"yoast-schema-graph\">{\"@context\":\"https:\/\/schema.org\",\"@graph\":[{\"@type\":\"WebPage\",\"@id\":\"https:\/\/svenskateatern.fi\/fi\/aukioloajat\/\",\"url\":\"https:\/\/svenskateatern.fi\/fi\/aukioloajat\/\",\"name\":\"Aukioloajat - Svenska Teatern\",\"isPartOf\":{\"@id\":\"https:\/\/svenskateatern.fi\/fi\/#website\"},\"datePublished\":\"2023-01-11T13:45:27+00:00\",\"dateModified\":\"2026-03-30T10:25:08+00:00\",\"description\":\"Asiakaspalvelun aukioloajat ja yhteystiedot l\u00f6yd\u00e4t t\u00e4lt\u00e4 sivulta. My\u00f6s mahdolliset poikkeavat aukioloajat p\u00e4ivittyv\u00e4t t\u00e4lle sivulle.\",\"breadcrumb\":{\"@id\":\"https:\/\/svenskateatern.fi\/fi\/aukioloajat\/#breadcrumb\"},\"inLanguage\":\"fi\",\"potentialAction\":[{\"@type\":\"ReadAction\",\"target\":[\"https:\/\/svenskateatern.fi\/fi\/aukioloajat\/\"]}]},{\"@type\":\"BreadcrumbList\",\"@id\":\"https:\/\/svenskateatern.fi\/fi\/aukioloajat\/#breadcrumb\",\"itemListElement\":[{\"@type\":\"ListItem\",\"position\":1,\"name\":\"Etusivu\",\"item\":\"https:\/\/svenskateatern.fi\/fi\/\"},{\"@type\":\"ListItem\",\"position\":2,\"name\":\"Aukioloajat\"}]},{\"@type\":\"WebSite\",\"@id\":\"https:\/\/svenskateatern.fi\/fi\/#website\",\"url\":\"https:\/\/svenskateatern.fi\/fi\/\",\"name\":\"Svenska Teatern\",\"description\":\"\",\"potentialAction\":[{\"@type\":\"SearchAction\",\"target\":{\"@type\":\"EntryPoint\",\"urlTemplate\":\"https:\/\/svenskateatern.fi\/fi\/?s={search_term_string}\"},\"query-input\":{\"@type\":\"PropertyValueSpecification\",\"valueRequired\":true,\"valueName\":\"search_term_string\"}}],\"inLanguage\":\"fi\"}]}<\/script>\n<!-- \/ Yoast SEO plugin. -->","yoast_head_json":{"title":"Aukioloajat - Svenska Teatern","description":"Asiakaspalvelun aukioloajat ja yhteystiedot l\u00f6yd\u00e4t t\u00e4lt\u00e4 sivulta. My\u00f6s mahdolliset poikkeavat aukioloajat p\u00e4ivittyv\u00e4t t\u00e4lle sivulle.","robots":{"index":"index","follow":"follow","max-snippet":"max-snippet:-1","max-image-preview":"max-image-preview:large","max-video-preview":"max-video-preview:-1"},"canonical":"https:\/\/svenskateatern.fi\/fi\/aukioloajat\/","og_locale":"fi_FI","og_type":"article","og_title":"Aukioloajat - Svenska Teatern","og_description":"Asiakaspalvelun aukioloajat ja yhteystiedot l\u00f6yd\u00e4t t\u00e4lt\u00e4 sivulta. My\u00f6s mahdolliset poikkeavat aukioloajat p\u00e4ivittyv\u00e4t t\u00e4lle sivulle.","og_url":"https:\/\/svenskateatern.fi\/fi\/aukioloajat\/","og_site_name":"Svenska Teatern","article_modified_time":"2026-03-30T10:25:08+00:00","og_image":[{"width":1200,"height":630,"url":"https:\/\/svenskateatern.fi\/wp-content\/uploads\/2022\/08\/svenska-some.png","type":"image\/png"}],"twitter_card":"summary_large_image","twitter_misc":{"Arvioitu lukuaika":"2 minuuttia"},"schema":{"@context":"https:\/\/schema.org","@graph":[{"@type":"WebPage","@id":"https:\/\/svenskateatern.fi\/fi\/aukioloajat\/","url":"https:\/\/svenskateatern.fi\/fi\/aukioloajat\/","name":"Aukioloajat - Svenska Teatern","isPartOf":{"@id":"https:\/\/svenskateatern.fi\/fi\/#website"},"datePublished":"2023-01-11T13:45:27+00:00","dateModified":"2026-03-30T10:25:08+00:00","description":"Asiakaspalvelun aukioloajat ja yhteystiedot l\u00f6yd\u00e4t t\u00e4lt\u00e4 sivulta. My\u00f6s mahdolliset poikkeavat aukioloajat p\u00e4ivittyv\u00e4t t\u00e4lle sivulle.","breadcrumb":{"@id":"https:\/\/svenskateatern.fi\/fi\/aukioloajat\/#breadcrumb"},"inLanguage":"fi","potentialAction":[{"@type":"ReadAction","target":["https:\/\/svenskateatern.fi\/fi\/aukioloajat\/"]}]},{"@type":"BreadcrumbList","@id":"https:\/\/svenskateatern.fi\/fi\/aukioloajat\/#breadcrumb","itemListElement":[{"@type":"ListItem","position":1,"name":"Etusivu","item":"https:\/\/svenskateatern.fi\/fi\/"},{"@type":"ListItem","position":2,"name":"Aukioloajat"}]},{"@type":"WebSite","@id":"https:\/\/svenskateatern.fi\/fi\/#website","url":"https:\/\/svenskateatern.fi\/fi\/","name":"Svenska Teatern","description":"","potentialAction":[{"@type":"SearchAction","target":{"@type":"EntryPoint","urlTemplate":"https:\/\/svenskateatern.fi\/fi\/?s={search_term_string}"},"query-input":{"@type":"PropertyValueSpecification","valueRequired":true,"valueName":"search_term_string"}}],"inLanguage":"fi"}]}},"_links":{"self":[{"href":"https:\/\/svenskateatern.fi\/fi\/wp-json\/wp\/v2\/pages\/9609","targetHints":{"allow":["GET"]}}],"collection":[{"href":"https:\/\/svenskateatern.fi\/fi\/wp-json\/wp\/v2\/pages"}],"about":[{"href":"https:\/\/svenskateatern.fi\/fi\/wp-json\/wp\/v2\/types\/page"}],"author":[{"embeddable":true,"href":"https:\/\/svenskateatern.fi\/fi\/wp-json\/wp\/v2\/users\/8"}],"replies":[{"embeddable":true,"href":"https:\/\/svenskateatern.fi\/fi\/wp-json\/wp\/v2\/comments?post=9609"}],"version-history":[{"count":15,"href":"https:\/\/svenskateatern.fi\/fi\/wp-json\/wp\/v2\/pages\/9609\/revisions"}],"predecessor-version":[{"id":35725,"href":"https:\/\/svenskateatern.fi\/fi\/wp-json\/wp\/v2\/pages\/9609\/revisions\/35725"}],"wp:attachment":[{"href":"https:\/\/svenskateatern.fi\/fi\/wp-json\/wp\/v2\/media?parent=9609"}],"curies":[{"name":"wp","href":"https:\/\/api.w.org\/{rel}","templated":true}]}}