{"id":824,"date":"2024-10-11T12:27:08","date_gmt":"2024-10-11T09:27:08","guid":{"rendered":"https:\/\/svenskateatern.azurewebsites.net?page_id=824"},"modified":"2026-03-06T15:16:57","modified_gmt":"2026-03-06T12:16:57","slug":"koulut","status":"publish","type":"page","link":"https:\/\/svenskateatern.fi\/fi\/koulut\/","title":{"rendered":"Koulut"},"content":{"rendered":"<section id=\"block_b636cf34ef4f3049df4c8ee02a9e0d02_69e3c4db46a4a\" class=\"block block-content-wrapper container-fluid bg-white container-fluid\">\n\t<div class=\"container\n\t\t\tshow-all\"\n\t\t>\n\t\t<div class=\"row\">\n\t\t\t<div class=\"col-12 col-lg-8 offset-lg-2 col-hd-6 offset-hd-3\">\n\t\t\t\t<main class=\"entry-content\">\n\t\t\t\t\t\n\n<h1 class=\"wp-block-heading\">Svenska Teatern kouluille ja pedagogeille<\/h1>\n\n\n\t\t\t\t<\/main>\n\t\t\t<\/div>\n\t\t<\/div>\n\n\t\t\n\t<\/div>\n<\/section>\n\n\n\n<section class=\"block block-image-beside-content container-fluid container-fluid bg-white\">\n    <div class=\"container\">\n        <div class=\"row\">\n            <div class=\"col-12 col-md-6 image-col\">\n                <div class=\"align-items-center\">\n                                            <img decoding=\"async\" src=\"https:\/\/svenskateatern.fi\/wp-content\/uploads\/2025\/02\/Noona_teater-8.jpg\" width=\"1366\" height=\"2048\" alt=\"Teatteripedagogit Iiris Autio ja Noona Leppinen\" loading=\"lazy\">                                    <\/div>\n            <\/div>\n            <div class=\"col-12 col-md-6 text-col\">\n                <div class=\"align-items-center\">\n                    <main class=\"entry-content\">\n                        \n\n<h2 class=\"wp-block-heading\" id=\"kouluille\">Ryhm\u00e4varaukset<\/h2>\n\n\n\n<p class=\"is-style-default\">Svenska Teatern tarjoaa erilliset oppilashinnat koulu- ja opiskelijaryhmille, riippumatta ryhm\u00e4n koosta tai opiskelijoiden i\u00e4st\u00e4, aina varhaiskasvatuksesta aikuisopiskelijoihin. Hinta vaihtelee esityksen ja istumapaikan (Suuri n\u00e4ytt\u00e4m\u00f6) mukaan. Opettajat saavat lipun samaan hintaan kuin oppilaat tullessaan ryhm\u00e4n kanssa esitykseen.<\/p>\n\n\n\n<p class=\"is-style-default\">J\u00e4rjest\u00e4mme my\u00f6s teosesittelyit\u00e4 ja -keskusteluja, ty\u00f6pajoja ja kulissikierroksia suomeksi. Tai ehk\u00e4 haluatte harjoitella ruotsinkielen taitojanne rennosti&nbsp;teatterin \u00e4\u00e4rell\u00e4?&nbsp;Tervetuloa kielikylpyyn!<\/p>\n\n\n\n<p><strong>Ota yhteytt\u00e4 meihin <strong>s\u00e4hk\u00f6postitse biljetter@svenskateatern.fi tai puhelimitse 09 6162 1411<\/strong> kun haluat tehd\u00e4 varauksen ryhm\u00e4llesi<\/strong>!  <\/p>\n\n\n\n<p><a href=\"https:\/\/svenskateatern.fi\/fi\/aukioloajat\/\">Asiakaspalvelun aukioloajat<\/a><\/p>\n\n\n\n<p>Voit hyvin tehd\u00e4 alustavan varauksen ensin. Ryhm\u00e4varauksissa varaus sek\u00e4 lopullinen lippum\u00e4\u00e4r\u00e4 tulee vahvistaa 4 viikkoa ennen esityst\u00e4.&nbsp;<\/p>\n\n\n\n<p>Vastaamme mielell\u00e4mme kysymyksiin ja autamme varausten kanssa!<\/p>\n\n\n\n<h2 class=\"wp-block-heading\">Tervetuloa mukaan Svenska Teaternin pedagogiverkostoon!<\/h2>\n\n\n\n<p class=\"is-style-default\">Haluatko inspiroitua ja integroida teatteria opetukseesi? Liity mukaan maksuttomaan pedagogiverkostoomme!<\/p>\n\n\n\n<p>Verkoston, sen uutiskirjeen ja r\u00e4\u00e4t\u00e4l\u00f6idyn materiaalipankin kautta saat p\u00e4\u00e4syn laajaan ja inspiroivaan teatteripedagogiseen materiaaliimme. <strong>Huomioithan ett\u00e4 verkoston p\u00e4\u00e4asiallinen kieli on ruotsi, ja ett\u00e4 materiaalit ovat ruotsiksi. <\/strong>Verkoston kautta saat suoran yhteyden teatterin taidepedagogiseen tiimiin ja muihin taiteesta kiinnostuneisiin kollegoihin. J\u00e4senyys ei velvoita sinua mihink\u00e4\u00e4n, sinun tarvitsee vain rekister\u00f6ity\u00e4 alla olevan painikkeen kautta.<\/p>\n\n\n\n<div class=\"wp-block-buttons is-layout-flex wp-block-buttons-is-layout-flex\">\n<div class=\"wp-block-button\"><a class=\"wp-block-button__link wp-element-button\" href=\"https:\/\/svenskateatern.fi\/anmalan-till-svenska-teaterns-pedagognatverk\/\">liity mukaan<\/a><\/div>\n\n\n\n<div class=\"wp-block-button\"><a class=\"wp-block-button__link wp-element-button\" href=\"https:\/\/svenskateatern.fi\/pedagog-hem\/\">kirjaudu sis\u00e4\u00e4n<\/a><\/div>\n<\/div>\n\n\n                    <\/main>\n                <\/div>\n            <\/div>\n        <\/div>\n    <\/div>\n<\/section>\n\n\n\n<section class=\"block block-image-beside-content container-fluid container-fluid bg-white\">\n    <div class=\"container\">\n        <div class=\"row\">\n            <div class=\"col-12 col-md-6 image-col\">\n                <div class=\"align-items-center\">\n                                            <img decoding=\"async\" src=\"https:\/\/svenskateatern.fi\/wp-content\/uploads\/2025\/09\/53166476640_d177f62b42_c.jpg\" width=\"799\" height=\"486\" alt=\"\" loading=\"lazy\">                                    <\/div>\n            <\/div>\n            <div class=\"col-12 col-md-6 text-col\">\n                <div class=\"align-items-center\">\n                    <main class=\"entry-content\">\n                        \n\n<h2 class=\"wp-block-heading\">Ronja R\u00f6vardotter Suurella n\u00e4ytt\u00e4m\u00f6ll\u00e4<\/h2>\n\n\n\n<p><strong>Oppilasryhm\u00e4t ( A \/ B \/ C )<\/strong><\/p>\n\n\n\n<p>33 \u20ac \/ 30 \u20ac \/ 27 \u20ac<\/p>\n\n\n\n<ul class=\"wp-block-list\">\n<li>Esityst\u00e4 suositellaan kouluryhm\u00e4ss\u00e4 yli 8-vuotiaille.<\/li>\n\n\n\n<li>Esityskieli ruotsi, <strong>suomen- ja englanninkielinen tekstitys<\/strong>.<\/li>\n<\/ul>\n\n\n\n<div class=\"wp-block-button\"><a class=\"wp-block-button__link wp-element-button\" href=\"https:\/\/biljetter.svenskateatern.fi\/fi\/buyingflow\/tickets\/12006\/\" target=\"_blank\" rel=\"noreferrer noopener\">esitysp\u00e4iv\u00e4t<\/a><\/div>\n\n\n\n<div class=\"wp-block-button\"><a class=\"wp-block-button__link wp-element-button\" href=\"https:\/\/svenskateatern.fi\/fi\/ohjelmisto\/ronja-rovardotter\/\" target=\"_blank\" rel=\"noreferrer noopener\">Lue lis\u00e4\u00e4 esityksest\u00e4<\/a><\/div>\n\n\n                    <\/main>\n                <\/div>\n            <\/div>\n        <\/div>\n    <\/div>\n<\/section>\n\n\n\n<section class=\"block block-image-beside-content container-fluid container-fluid bg-white\">\n    <div class=\"container\">\n        <div class=\"row\">\n            <div class=\"col-12 col-md-6 image-col\">\n                <div class=\"align-items-center\">\n                                            <img decoding=\"async\" src=\"https:\/\/svenskateatern.fi\/wp-content\/uploads\/2025\/09\/54758179074_89350ee966_k.jpg\" width=\"2048\" height=\"1365\" alt=\"En man i bl\u00e5 kostym sitter vid ett skrivbord och pratar i telefon samtidigt som han l\u00e4ser ett dokument. Bakom honom st\u00e5r en annan man i m\u00f6rk randig kostym, delvis dold i skuggorna.\" loading=\"lazy\">                                    <\/div>\n            <\/div>\n            <div class=\"col-12 col-md-6 text-col\">\n                <div class=\"align-items-center\">\n                    <main class=\"entry-content\">\n                        \n\n<p><\/p>\n\n\n\n<h2 class=\"wp-block-heading\">Amos A Suurella n\u00e4ytt\u00e4m\u00f6ll\u00e4<\/h2>\n\n\n\n<p><strong>Oppilasryhm\u00e4t ( A \/ B \/ C )<\/strong><\/p>\n\n\n\n<p>32 \u20ac \/ 29 \u20ac \/ 26 \u20ac<\/p>\n\n\n\n<ul class=\"wp-block-list\">\n<li>Esityst\u00e4 suositellaan kouluryhm\u00e4ss\u00e4 yli 15-vuotiaille.<\/li>\n\n\n\n<li>Esityskieli ruotsi, suomenkielinen tekstitys.<\/li>\n<\/ul>\n\n\n\n<div class=\"wp-block-button\"><a class=\"wp-block-button__link wp-element-button\" href=\"https:\/\/biljetter.svenskateatern.fi\/fi\/buyingflow\/tickets\/12238\/\" target=\"_blank\" rel=\"noreferrer noopener\">esitysp\u00e4iv\u00e4t<\/a><\/div>\n\n\n\n<div class=\"wp-block-button\"><a class=\"wp-block-button__link wp-element-button\" href=\"https:\/\/svenskateatern.fi\/fi\/ohjelmisto\/amos-a\/\" target=\"_blank\" rel=\"noreferrer noopener\">Lue lis\u00e4\u00e4 esityksest\u00e4<\/a><\/div>\n\n\n                    <\/main>\n                <\/div>\n            <\/div>\n        <\/div>\n    <\/div>\n<\/section>\n\n\n\n<section class=\"block block-image-beside-content container-fluid container-fluid bg-white\">\n    <div class=\"container\">\n        <div class=\"row\">\n            <div class=\"col-12 col-md-6 image-col\">\n                <div class=\"align-items-center\">\n                                            <img decoding=\"async\" src=\"https:\/\/svenskateatern.fi\/wp-content\/uploads\/2026\/03\/Nattland_repertoar.png\" width=\"900\" height=\"600\" alt=\"Nattland\u2011esityksen n\u00e4yttelij\u00e4t teatraalisessa kohtauksessa, rekvisiitan, laatikoiden ja huonekalujen ymp\u00e4r\u00f6imin\u00e4.\" loading=\"lazy\">                                    <\/div>\n            <\/div>\n            <div class=\"col-12 col-md-6 text-col\">\n                <div class=\"align-items-center\">\n                    <main class=\"entry-content\">\n                        \n\n<h2 class=\"wp-block-heading\">Nattland AMOS-n\u00e4ytt\u00e4m\u00f6ll\u00e4<\/h2>\n\n\n\n<p><strong>Oppilasryhm\u00e4t <\/strong><\/p>\n\n\n\n<p>21 \u20ac<\/p>\n\n\n\n<ul class=\"wp-block-list\">\n<li>Esityst\u00e4 suositellaan kouluryhm\u00e4ss\u00e4 yli 15-vuotiaille.<\/li>\n\n\n\n<li>Esityskieli ruotsi, suomenkielinen tekstitys.<\/li>\n<\/ul>\n\n\n\n<div class=\"wp-block-button\"><a class=\"wp-block-button__link wp-element-button\" href=\"https:\/\/biljetter.svenskateatern.fi\/fi\/buyingflow\/tickets\/12275\/\" target=\"_blank\" rel=\"noreferrer noopener\">Esitysp\u00e4iv\u00e4t<\/a><\/div>\n\n\n\n<div class=\"wp-block-button\"><a class=\"wp-block-button__link wp-element-button\" href=\"https:\/\/svenskateatern.fi\/fi\/ohjelmisto\/nattland\/\" target=\"_blank\" rel=\"noreferrer noopener\">Lue lis\u00e4\u00e4 esityksest\u00e4<\/a><\/div>\n\n\n                    <\/main>\n                <\/div>\n            <\/div>\n        <\/div>\n    <\/div>\n<\/section>\n\n\n\n<section class=\"block block-image-beside-content container-fluid container-fluid bg-white\">\n    <div class=\"container\">\n        <div class=\"row\">\n            <div class=\"col-12 col-md-6 image-col\">\n                <div class=\"align-items-center\">\n                                            <img decoding=\"async\" src=\"https:\/\/svenskateatern.fi\/wp-content\/uploads\/2026\/02\/Pelle-Svanslos-repertoar.png\" width=\"900\" height=\"600\" alt=\"N\u00e4yttelij\u00e4 Sonia Haga Pekka T\u00f6p\u00f6h\u00e4nt\u00e4n\u00e4 sinisess\u00e4 puvussa seisoo mukulakivikadulla fiktiivisess\u00e4 Uppsalassa v\u00e4rikk\u00e4iden talojen ja kukkien keskell\u00e4.\" loading=\"lazy\">                                    <\/div>\n            <\/div>\n            <div class=\"col-12 col-md-6 text-col\">\n                <div class=\"align-items-center\">\n                    <main class=\"entry-content\">\n                        \n\n<p><\/p>\n\n\n\n<h2 class=\"wp-block-heading\">Pelle Svansl\u00f6s Suurella n\u00e4ytt\u00e4m\u00f6ll\u00e4<\/h2>\n\n\n\n<p><strong>Oppilasryhm\u00e4t ( A \/ B \/ C )<\/strong><\/p>\n\n\n\n<p>23,50 \u20ac \/ 19,50 \u20ac \/ 9,50 \u20ac<\/p>\n\n\n\n<ul class=\"wp-block-list\">\n<li>Esityst\u00e4 suositellaan kouluryhm\u00e4ss\u00e4 yli 7-vuotiaille.<\/li>\n\n\n\n<li>Esityskieli ruotsi, suomenkielinen tekstitys.<\/li>\n<\/ul>\n\n\n\n<div class=\"wp-block-button\"><a class=\"wp-block-button__link wp-element-button\" href=\"https:\/\/biljetter.svenskateatern.fi\/fi\/buyingflow\/tickets\/12274\/\" target=\"_blank\" rel=\"noreferrer noopener\">Esitysp\u00e4iv\u00e4t<\/a><\/div>\n\n\n\n<div class=\"wp-block-button\"><a class=\"wp-block-button__link wp-element-button\" href=\"https:\/\/svenskateatern.fi\/fi\/ohjelmisto\/pelle-svanslos\/\" target=\"_blank\" rel=\"noreferrer noopener\">Lue lis\u00e4\u00e4 esityksest\u00e4<\/a><\/div>\n\n\n                    <\/main>\n                <\/div>\n            <\/div>\n        <\/div>\n    <\/div>\n<\/section>\n\n\n<section id=\"block_d292940e0cee8e598aaa4cdc05dd12cb_69e3c4db4b16e\" class=\"block block-content-wrapper container-fluid bg-cream container-fluid\">\n\t<div class=\"container\n\t\t\tshow-all\"\n\t\t>\n\t\t<div class=\"row\">\n\t\t\t<div class=\"col-12 col-lg-8 offset-lg-2 col-hd-6 offset-hd-3\">\n\t\t\t\t<main class=\"entry-content\">\n\t\t\t\t\t\n\n<h2 class=\"wp-block-heading\"><strong>V\u00e5ga moka &#8211; rohkeasti ruotsiksi<\/strong>&nbsp;<strong>&nbsp;<\/strong><\/h2>\n\n\n\n<p class=\"is-style-lead\">Rento kielity\u00f6paja oppilaille aina kuudesluokkalaisista toisen asteen opiskelijoihin.&nbsp;<\/p>\n\n\n\n<p>Haluatko uskaltaa puhua ruotsia? Tuntuuko kielen puhuminen tunneilla kankealta? Ehk\u00e4 pelk\u00e4\u00e4t virheiden tekemist\u00e4, mokaamista.&nbsp;<\/p>\n\n\n\n<p>Svenska Teaternin rennossa kielity\u00f6pajassa kokeilemme ruotsin puhumista niin hyvin kuin se onnistuu, otamme k\u00e4ytt\u00f6\u00f6n <em>pokkaruotsin <\/em>pakkoruotsin sijaan. Mottomme on: Antaa menn\u00e4 vaan ja muutama sana suomea v\u00e4liin!&nbsp;<\/p>\n\n\n\n<p>Ty\u00f6pajassa inspiroidumme tosiel\u00e4m\u00e4st\u00e4 ja tarkastelemme t\u00e4t\u00e4 huumorilla ja l\u00e4mm\u00f6ll\u00e4. Kannustamme toisiamme mokaamaan ja annamme naurun vapauttaa meid\u00e4t nolojen tilanteiden pelosta. Oikeasta el\u00e4m\u00e4st\u00e4 tuttujen tilanteiden k\u00e4sittely teatterin keinoin madaltaa kynnyst\u00e4 kokeilla taitoja tulevaisuudessa, mukavuusalueen ulkopuolella ja yli kielirajojen.&nbsp;<\/p>\n\n\n\n<p>Ty\u00f6pajan j\u00e4lkeen osallistujat voivat hy\u00f6dynt\u00e4\u00e4 kokemusta arjessaan &#8211; he uskaltavat kommunikoida ja mokata ty\u00f6pajan empaattisen ja kannustavan ilmapiirin siivitt\u00e4min\u00e4.&nbsp;&nbsp;<\/p>\n\n\n\n<p>Ty\u00f6paja&nbsp;toteutetaan tilaajan omissa tiloissa.<\/p>\n\n\n\n<p><strong>Kohderyhm\u00e4:<\/strong> yl\u00e4aste ja lukio<br><strong>Kesto: <\/strong>90 min<strong><br>Ryhm\u00e4koko:<\/strong> 5-30 osallistujaa<br><strong>Hinta:<\/strong> 250 \u20ac&nbsp;(Uudenmaan ulkopuolella j\u00e4rjestett\u00e4viin ty\u00f6pajoihin lis\u00e4t\u00e4\u00e4n matkakustannukset)<\/p>\n\n\n\n<p>Ty\u00f6pajan&nbsp;vet\u00e4\u00e4&nbsp;teatterin&nbsp;yleis\u00f6ty\u00f6ntekij\u00e4t&nbsp;<strong>Iiris Autio<\/strong> ja\/tai <strong>Noona Leppinen<\/strong>.<\/p>\n\n\n\n<p>Ota rohkeasti yhteytt\u00e4 s\u00e4hk\u00f6postitse etunimi.sukunimi(a)svenskateatern.fi<\/p>\n\n\n\t\t\t\t<\/main>\n\t\t\t<\/div>\n\t\t<\/div>\n\n\t\t\n\t<\/div>\n<\/section>\n","protected":false},"excerpt":{"rendered":"","protected":false},"author":8,"featured_media":0,"parent":0,"menu_order":0,"comment_status":"closed","ping_status":"closed","template":"","meta":{"_acf_changed":false,"_relevanssi_hide_post":"","_relevanssi_hide_content":"","_relevanssi_pin_for_all":"","_relevanssi_pin_keywords":"","_relevanssi_unpin_keywords":"","_relevanssi_related_keywords":"","_relevanssi_related_include_ids":"","_relevanssi_related_exclude_ids":"","_relevanssi_related_no_append":"","_relevanssi_related_not_related":"","_relevanssi_related_posts":"598,603,170,614,620,618","_relevanssi_noindex_reason":"","footnotes":""},"class_list":["post-824","page","type-page","status-publish","hentry"],"acf":[],"yoast_head":"<!-- This site is optimized with the Yoast SEO plugin v27.0 - https:\/\/yoast.com\/product\/yoast-seo-wordpress\/ -->\n<title>Koulut - Svenska Teatern<\/title>\n<meta name=\"robots\" content=\"index, follow, max-snippet:-1, max-image-preview:large, max-video-preview:-1\" \/>\n<link rel=\"canonical\" href=\"https:\/\/svenskateatern.fi\/fi\/koulut\/\" \/>\n<meta property=\"og:locale\" content=\"fi_FI\" \/>\n<meta property=\"og:type\" content=\"article\" \/>\n<meta property=\"og:title\" content=\"Koulut - Svenska Teatern\" \/>\n<meta property=\"og:url\" content=\"https:\/\/svenskateatern.fi\/fi\/koulut\/\" \/>\n<meta property=\"og:site_name\" content=\"Svenska Teatern\" \/>\n<meta property=\"article:modified_time\" content=\"2026-03-06T12:16:57+00:00\" \/>\n<meta property=\"og:image\" content=\"https:\/\/svenskateatern.fi\/wp-content\/uploads\/2022\/08\/svenska-some.png\" \/>\n\t<meta property=\"og:image:width\" content=\"1200\" \/>\n\t<meta property=\"og:image:height\" content=\"630\" \/>\n\t<meta property=\"og:image:type\" content=\"image\/png\" \/>\n<meta name=\"twitter:card\" content=\"summary_large_image\" \/>\n<meta name=\"twitter:label1\" content=\"Arvioitu lukuaika\" \/>\n\t<meta name=\"twitter:data1\" content=\"6 minuuttia\" \/>\n<script type=\"application\/ld+json\" class=\"yoast-schema-graph\">{\"@context\":\"https:\/\/schema.org\",\"@graph\":[{\"@type\":\"WebPage\",\"@id\":\"https:\/\/svenskateatern.fi\/fi\/koulut\/\",\"url\":\"https:\/\/svenskateatern.fi\/fi\/koulut\/\",\"name\":\"Koulut - Svenska Teatern\",\"isPartOf\":{\"@id\":\"https:\/\/svenskateatern.fi\/fi\/#website\"},\"datePublished\":\"2024-10-11T09:27:08+00:00\",\"dateModified\":\"2026-03-06T12:16:57+00:00\",\"breadcrumb\":{\"@id\":\"https:\/\/svenskateatern.fi\/fi\/koulut\/#breadcrumb\"},\"inLanguage\":\"fi\",\"potentialAction\":[{\"@type\":\"ReadAction\",\"target\":[\"https:\/\/svenskateatern.fi\/fi\/koulut\/\"]}]},{\"@type\":\"BreadcrumbList\",\"@id\":\"https:\/\/svenskateatern.fi\/fi\/koulut\/#breadcrumb\",\"itemListElement\":[{\"@type\":\"ListItem\",\"position\":1,\"name\":\"Etusivu\",\"item\":\"https:\/\/svenskateatern.fi\/fi\/\"},{\"@type\":\"ListItem\",\"position\":2,\"name\":\"Koulut\"}]},{\"@type\":\"WebSite\",\"@id\":\"https:\/\/svenskateatern.fi\/fi\/#website\",\"url\":\"https:\/\/svenskateatern.fi\/fi\/\",\"name\":\"Svenska Teatern\",\"description\":\"\",\"potentialAction\":[{\"@type\":\"SearchAction\",\"target\":{\"@type\":\"EntryPoint\",\"urlTemplate\":\"https:\/\/svenskateatern.fi\/fi\/?s={search_term_string}\"},\"query-input\":{\"@type\":\"PropertyValueSpecification\",\"valueRequired\":true,\"valueName\":\"search_term_string\"}}],\"inLanguage\":\"fi\"}]}<\/script>\n<!-- \/ Yoast SEO plugin. -->","yoast_head_json":{"title":"Koulut - Svenska Teatern","robots":{"index":"index","follow":"follow","max-snippet":"max-snippet:-1","max-image-preview":"max-image-preview:large","max-video-preview":"max-video-preview:-1"},"canonical":"https:\/\/svenskateatern.fi\/fi\/koulut\/","og_locale":"fi_FI","og_type":"article","og_title":"Koulut - Svenska Teatern","og_url":"https:\/\/svenskateatern.fi\/fi\/koulut\/","og_site_name":"Svenska Teatern","article_modified_time":"2026-03-06T12:16:57+00:00","og_image":[{"width":1200,"height":630,"url":"https:\/\/svenskateatern.fi\/wp-content\/uploads\/2022\/08\/svenska-some.png","type":"image\/png"}],"twitter_card":"summary_large_image","twitter_misc":{"Arvioitu lukuaika":"6 minuuttia"},"schema":{"@context":"https:\/\/schema.org","@graph":[{"@type":"WebPage","@id":"https:\/\/svenskateatern.fi\/fi\/koulut\/","url":"https:\/\/svenskateatern.fi\/fi\/koulut\/","name":"Koulut - Svenska Teatern","isPartOf":{"@id":"https:\/\/svenskateatern.fi\/fi\/#website"},"datePublished":"2024-10-11T09:27:08+00:00","dateModified":"2026-03-06T12:16:57+00:00","breadcrumb":{"@id":"https:\/\/svenskateatern.fi\/fi\/koulut\/#breadcrumb"},"inLanguage":"fi","potentialAction":[{"@type":"ReadAction","target":["https:\/\/svenskateatern.fi\/fi\/koulut\/"]}]},{"@type":"BreadcrumbList","@id":"https:\/\/svenskateatern.fi\/fi\/koulut\/#breadcrumb","itemListElement":[{"@type":"ListItem","position":1,"name":"Etusivu","item":"https:\/\/svenskateatern.fi\/fi\/"},{"@type":"ListItem","position":2,"name":"Koulut"}]},{"@type":"WebSite","@id":"https:\/\/svenskateatern.fi\/fi\/#website","url":"https:\/\/svenskateatern.fi\/fi\/","name":"Svenska Teatern","description":"","potentialAction":[{"@type":"SearchAction","target":{"@type":"EntryPoint","urlTemplate":"https:\/\/svenskateatern.fi\/fi\/?s={search_term_string}"},"query-input":{"@type":"PropertyValueSpecification","valueRequired":true,"valueName":"search_term_string"}}],"inLanguage":"fi"}]}},"_links":{"self":[{"href":"https:\/\/svenskateatern.fi\/fi\/wp-json\/wp\/v2\/pages\/824","targetHints":{"allow":["GET"]}}],"collection":[{"href":"https:\/\/svenskateatern.fi\/fi\/wp-json\/wp\/v2\/pages"}],"about":[{"href":"https:\/\/svenskateatern.fi\/fi\/wp-json\/wp\/v2\/types\/page"}],"author":[{"embeddable":true,"href":"https:\/\/svenskateatern.fi\/fi\/wp-json\/wp\/v2\/users\/8"}],"replies":[{"embeddable":true,"href":"https:\/\/svenskateatern.fi\/fi\/wp-json\/wp\/v2\/comments?post=824"}],"version-history":[{"count":15,"href":"https:\/\/svenskateatern.fi\/fi\/wp-json\/wp\/v2\/pages\/824\/revisions"}],"predecessor-version":[{"id":35197,"href":"https:\/\/svenskateatern.fi\/fi\/wp-json\/wp\/v2\/pages\/824\/revisions\/35197"}],"wp:attachment":[{"href":"https:\/\/svenskateatern.fi\/fi\/wp-json\/wp\/v2\/media?parent=824"}],"curies":[{"name":"wp","href":"https:\/\/api.w.org\/{rel}","templated":true}]}}