{"id":814,"date":"2022-02-15T08:19:13","date_gmt":"2022-02-15T08:19:13","guid":{"rendered":"https:\/\/svenskateatern.azurewebsites.net?page_id=814"},"modified":"2025-10-23T08:44:06","modified_gmt":"2025-10-23T05:44:06","slug":"valiaikatarjoilut","status":"publish","type":"page","link":"https:\/\/svenskateatern.fi\/fi\/valiaikatarjoilut\/","title":{"rendered":"Ruoka &#038; juoma"},"content":{"rendered":"<section id=\"block_4ea1f77b7d86c14f3d3319a83c659661_69dc720a620dd\" class=\"block block-content-wrapper container-fluid bg-white container-fluid\">\n\t<div class=\"container\n\t\t\tshow-all\"\n\t\t>\n\t\t<div class=\"row\">\n\t\t\t<div class=\"col-12 col-lg-8 offset-lg-2 col-hd-6 offset-hd-3\">\n\t\t\t\t<main class=\"entry-content\">\n\t\t\t\t\t\n\n<figure class=\"wp-block-image size-large\"><img loading=\"lazy\" decoding=\"async\" width=\"1024\" height=\"682\" src=\"http:\/\/svenskateatern.fi\/wp-content\/uploads\/2024\/04\/Kaffe_kaka-1024x682.jpg\" alt=\"\" class=\"wp-image-20245\" srcset=\"https:\/\/svenskateatern.fi\/wp-content\/uploads\/2024\/04\/Kaffe_kaka-1024x682.jpg 1024w, https:\/\/svenskateatern.fi\/wp-content\/uploads\/2024\/04\/Kaffe_kaka-300x200.jpg 300w, https:\/\/svenskateatern.fi\/wp-content\/uploads\/2024\/04\/Kaffe_kaka-768x511.jpg 768w, https:\/\/svenskateatern.fi\/wp-content\/uploads\/2024\/04\/Kaffe_kaka.jpg 1500w\" sizes=\"auto, (max-width: 575px) 100vw, (max-width: 767px) 510px, (max-width: 991px) 290px, (max-width: 1199px) 530px, 840px\" \/><\/figure>\n\n\n\n<h1 class=\"wp-block-heading\" id=\"valiaikatarjoilut\">Teatterin ravintola ja v\u00e4liaikatarjoilu<\/h1>\n\n\n\n<p class=\"is-style-lead\">Tervetuloa Din Krog-ravintolaan, joka sijaitsee erinomaisella paikalla Svenska Teaternin yhteydess\u00e4. Meilt\u00e4 l\u00f6yd\u00e4t herkullisia ruokia, jotka voit nauttia katsellen kaupungin sykkeeseen. Sujuvan ja miellytt\u00e4v\u00e4n teatterik\u00e4ynnin varmistamiseksi suosittelemme, ett\u00e4 varaat v\u00e4liaikatarjoilun etuk\u00e4teen.<\/p>\n\n\n\n<h2 class=\"wp-block-heading\">V\u00e4laikatarjoilu<\/h2>\n\n\n\n<p>Svenska Teaternin vieh\u00e4tt\u00e4v\u00e4 yleis\u00f6kahvila sijaitsee katutasosta seuraavassa kerroksessa. Sujuvan ja miellytt\u00e4v\u00e4n teatterik\u00e4ynnin varmistamiseksi suosittelemme, ett\u00e4 varaat v\u00e4liaikatarjoilun etuk\u00e4teen.<\/p>\n\n\n\n<p>Voit varata v\u00e4liaikatarjoilun verkossa kun esityksen alkuun on yli 12 tuntia.<\/p>\n\n\n\n<div class=\"wp-block-button\"><a class=\"wp-block-button__link wp-element-button\" href=\"https:\/\/pausservering.svenskateatern.fi\/?language=fi\">Tilaa v\u00e4liaikatarjoilu Klikkaamalla t\u00e4st\u00e4<\/a><\/div>\n\n\n\n<p><\/p>\n\n\n\n<div class=\"wp-block-button\"><a class=\"wp-block-button__link wp-element-button\" href=\"https:\/\/pausservering.svenskateatern.fi\/menu.php?language=fi\">tutustu v\u00e4liaikatarjoilun valikoimaan<\/a><\/div>\n\n\n\n<p><\/p>\n\n\n\n<h3 class=\"wp-block-heading\">Yhteystiedot v\u00e4liaikatarjoiluun<\/h3>\n\n\n\n<p><strong>S\u00e4hk\u00f6posti<\/strong> paus@dinkrog.fi<br><strong>Puhelin<\/strong> +358 40 172 0056<\/p>\n\n\n\t\t\t\t<\/main>\n\t\t\t<\/div>\n\t\t<\/div>\n\n\t\t\n\t<\/div>\n<\/section>\n\n\n<section id=\"block_9d0dc3886f3dbd28d0310190e328e4e9_69dc720a626aa\" class=\"block block-content-wrapper container-fluid bg-cream container-fluid\">\n\t<div class=\"container\n\t\t\tshow-all\"\n\t\t>\n\t\t<div class=\"row\">\n\t\t\t<div class=\"col-12 col-lg-8 offset-lg-2 col-hd-6 offset-hd-3\">\n\t\t\t\t<main class=\"entry-content\">\n\t\t\t\t\t\n\n<h2 class=\"wp-block-heading\">DinKrog Svenska Teaternilla<\/h2>\n\n\n\n<p class=\"is-style-lead\">Tervetuloa Din Krog-ravintolaan, joka sijaitsee erinomaisella paikalla Svenska Teaternin yhteydess\u00e4!<\/p>\n\n\n\n<p>Meilt\u00e4 l\u00f6yd\u00e4t herkullisia ruokia, jotka voit nauttia katsellen kaupungin sykkeeseen. Meill\u00e4 on sek\u00e4 lounas ett\u00e4 \u00e0 la carte -menu, josta l\u00f6yd\u00e4t muun muassa asiakkaidemme kestosuosikin, lohikeiton.<\/p>\n\n\n\n<div class=\"wp-block-button\"><a class=\"wp-block-button__link wp-element-button\" href=\"https:\/\/dinkrog.fi\/fi\/\">dinkrog.fi<\/a><\/div>\n\n\n\t\t\t\t<\/main>\n\t\t\t<\/div>\n\t\t<\/div>\n\n\t\t\n\t<\/div>\n<\/section>\n\n\n\n<section class=\"block block-image-beside-content container-fluid container-fluid bg-white\">\n    <div class=\"container\">\n        <div class=\"row\">\n            <div class=\"col-12 col-md-6 image-col\">\n                <div class=\"align-items-center\">\n                                            <img decoding=\"async\" src=\"https:\/\/svenskateatern.fi\/wp-content\/uploads\/2025\/02\/museovirasto.83271770-4a14-41df-9474-ab84fc99fe28-0-original.jpg\" width=\"917\" height=\"960\" alt=\"\" loading=\"lazy\">                                    <\/div>\n            <\/div>\n            <div class=\"col-12 col-md-6 text-col\">\n                <div class=\"align-items-center\">\n                    <main class=\"entry-content\">\n                        \n\n<p class=\"is-style-lead\" id=\"amos-meny\">Nyt voit nauttia saman menun, jota Amos Anderson tarjosi, kun joukko pohjoismaisia piispoja vieraili S\u00f6derl\u00e5ngvikin kartanossa 28. elokuuta 1949.<\/p>\n\n\n\n<p>Menu on tilattavissa etuk\u00e4teen suuremmille ryhmille ja se on tarjolla my\u00f6s yksitt\u00e4isille asiakkaille (v\u00e4hint\u00e4\u00e4n 2 henkil\u00f6\u00e4) teatterin ravintolassa. Tarjolla on my\u00f6s kasvisvaihtoehto.<\/p>\n\n\n\n<p><strong>Menu<\/strong><\/p>\n\n\n\n<p><em>Bouillon Clair, Pirogue<\/em><\/p>\n\n\n\n<p>T\u00e4ytel\u00e4inen lihaliemi ja pasteija \/ Kasvisliemi ja pasteija<\/p>\n\n\n\n<p><em>Gigot de Mouton Garni<\/em><\/p>\n\n\n\n<p>Haudutettu karitsan potka, punaviinikastike ja perunapyre \/ Hasselbackin tofua, punaviinikastike ja paahdettua perunaa&nbsp;<\/p>\n\n\n\n<p><em>Pommes \u00e0 la Meringue<\/em><\/p>\n\n\n\n<p>Omena &amp; Marenki<\/p>\n\n\n\n<p>46 \u20ac \/ hl\u00f6<\/p>\n\n\n\n<p><strong>Varaukset<\/strong> catering@minkrog.fi<\/p>\n\n\n                    <\/main>\n                <\/div>\n            <\/div>\n        <\/div>\n    <\/div>\n<\/section>\n","protected":false},"excerpt":{"rendered":"","protected":false},"author":3,"featured_media":20245,"parent":0,"menu_order":0,"comment_status":"closed","ping_status":"closed","template":"","meta":{"_acf_changed":false,"_relevanssi_hide_post":"","_relevanssi_hide_content":"","_relevanssi_pin_for_all":"","_relevanssi_pin_keywords":"","_relevanssi_unpin_keywords":"","_relevanssi_related_keywords":"","_relevanssi_related_include_ids":"","_relevanssi_related_exclude_ids":"","_relevanssi_related_no_append":"","_relevanssi_related_not_related":"","_relevanssi_related_posts":"614,618,603,598,170,620","_relevanssi_noindex_reason":"","footnotes":""},"class_list":["post-814","page","type-page","status-publish","has-post-thumbnail","hentry"],"acf":[],"yoast_head":"<!-- This site is optimized with the Yoast SEO plugin v27.0 - https:\/\/yoast.com\/product\/yoast-seo-wordpress\/ -->\n<title>Ruoka &amp; juoma - Svenska Teatern<\/title>\n<meta name=\"description\" content=\"Tervetuloa Din Krog-ravintolaan, joka sijaitsee erinomaisella paikalla Svenska Teaternin yhteydess\u00e4. Meilt\u00e4 l\u00f6yd\u00e4t herkullisia ruokia, jotka voit nauttia katsellen kaupungin sykkeeseen. Sujuvan ja miellytt\u00e4v\u00e4n teatterik\u00e4ynnin varmistamiseksi suosittelemme, ett\u00e4 varaat v\u00e4liaikatarjoilun etuk\u00e4teen.\" \/>\n<meta name=\"robots\" content=\"index, follow, max-snippet:-1, max-image-preview:large, max-video-preview:-1\" \/>\n<link rel=\"canonical\" href=\"https:\/\/svenskateatern.fi\/fi\/valiaikatarjoilut\/\" \/>\n<meta property=\"og:locale\" content=\"fi_FI\" \/>\n<meta property=\"og:type\" content=\"article\" \/>\n<meta property=\"og:title\" content=\"Teatteriravintola DinKrog\" \/>\n<meta property=\"og:description\" content=\"Tervetuloa Din Krog-ravintolaan, joka sijaitsee erinomaisella paikalla Svenska Teaternin yhteydess\u00e4. Meilt\u00e4 l\u00f6yd\u00e4t herkullisia ruokia, jotka voit nauttia katsellen kaupungin sykkeeseen. Sujuvan ja miellytt\u00e4v\u00e4n teatterik\u00e4ynnin varmistamiseksi suosittelemme, ett\u00e4 varaat v\u00e4liaikatarjoilun etuk\u00e4teen.\" \/>\n<meta property=\"og:url\" content=\"https:\/\/svenskateatern.fi\/fi\/valiaikatarjoilut\/\" \/>\n<meta property=\"og:site_name\" content=\"Svenska Teatern\" \/>\n<meta property=\"article:modified_time\" content=\"2025-10-23T05:44:06+00:00\" \/>\n<meta property=\"og:image\" content=\"https:\/\/svenskateatern.fi\/wp-content\/uploads\/2024\/04\/Kaffe_kaka.jpg\" \/>\n\t<meta property=\"og:image:width\" content=\"1500\" \/>\n\t<meta property=\"og:image:height\" content=\"999\" \/>\n\t<meta property=\"og:image:type\" content=\"image\/jpeg\" \/>\n<meta name=\"twitter:card\" content=\"summary_large_image\" \/>\n<meta name=\"twitter:label1\" content=\"Arvioitu lukuaika\" \/>\n\t<meta name=\"twitter:data1\" content=\"3 minuuttia\" \/>\n<script type=\"application\/ld+json\" class=\"yoast-schema-graph\">{\"@context\":\"https:\/\/schema.org\",\"@graph\":[{\"@type\":\"WebPage\",\"@id\":\"https:\/\/svenskateatern.fi\/fi\/valiaikatarjoilut\/\",\"url\":\"https:\/\/svenskateatern.fi\/fi\/valiaikatarjoilut\/\",\"name\":\"Ruoka & juoma - Svenska Teatern\",\"isPartOf\":{\"@id\":\"https:\/\/svenskateatern.fi\/fi\/#website\"},\"primaryImageOfPage\":{\"@id\":\"https:\/\/svenskateatern.fi\/fi\/valiaikatarjoilut\/#primaryimage\"},\"image\":{\"@id\":\"https:\/\/svenskateatern.fi\/fi\/valiaikatarjoilut\/#primaryimage\"},\"thumbnailUrl\":\"https:\/\/svenskateatern.fi\/wp-content\/uploads\/2024\/04\/Kaffe_kaka.jpg\",\"datePublished\":\"2022-02-15T08:19:13+00:00\",\"dateModified\":\"2025-10-23T05:44:06+00:00\",\"description\":\"Tervetuloa Din Krog-ravintolaan, joka sijaitsee erinomaisella paikalla Svenska Teaternin yhteydess\u00e4. Meilt\u00e4 l\u00f6yd\u00e4t herkullisia ruokia, jotka voit nauttia katsellen kaupungin sykkeeseen. Sujuvan ja miellytt\u00e4v\u00e4n teatterik\u00e4ynnin varmistamiseksi suosittelemme, ett\u00e4 varaat v\u00e4liaikatarjoilun etuk\u00e4teen.\",\"breadcrumb\":{\"@id\":\"https:\/\/svenskateatern.fi\/fi\/valiaikatarjoilut\/#breadcrumb\"},\"inLanguage\":\"fi\",\"potentialAction\":[{\"@type\":\"ReadAction\",\"target\":[\"https:\/\/svenskateatern.fi\/fi\/valiaikatarjoilut\/\"]}]},{\"@type\":\"ImageObject\",\"inLanguage\":\"fi\",\"@id\":\"https:\/\/svenskateatern.fi\/fi\/valiaikatarjoilut\/#primaryimage\",\"url\":\"https:\/\/svenskateatern.fi\/wp-content\/uploads\/2024\/04\/Kaffe_kaka.jpg\",\"contentUrl\":\"https:\/\/svenskateatern.fi\/wp-content\/uploads\/2024\/04\/Kaffe_kaka.jpg\",\"width\":1500,\"height\":999,\"caption\":\"kahvia ja kakkua\"},{\"@type\":\"BreadcrumbList\",\"@id\":\"https:\/\/svenskateatern.fi\/fi\/valiaikatarjoilut\/#breadcrumb\",\"itemListElement\":[{\"@type\":\"ListItem\",\"position\":1,\"name\":\"Etusivu\",\"item\":\"https:\/\/svenskateatern.fi\/fi\/\"},{\"@type\":\"ListItem\",\"position\":2,\"name\":\"Ruoka &#038; juoma\"}]},{\"@type\":\"WebSite\",\"@id\":\"https:\/\/svenskateatern.fi\/fi\/#website\",\"url\":\"https:\/\/svenskateatern.fi\/fi\/\",\"name\":\"Svenska Teatern\",\"description\":\"\",\"potentialAction\":[{\"@type\":\"SearchAction\",\"target\":{\"@type\":\"EntryPoint\",\"urlTemplate\":\"https:\/\/svenskateatern.fi\/fi\/?s={search_term_string}\"},\"query-input\":{\"@type\":\"PropertyValueSpecification\",\"valueRequired\":true,\"valueName\":\"search_term_string\"}}],\"inLanguage\":\"fi\"}]}<\/script>\n<!-- \/ Yoast SEO plugin. -->","yoast_head_json":{"title":"Ruoka & juoma - Svenska Teatern","description":"Tervetuloa Din Krog-ravintolaan, joka sijaitsee erinomaisella paikalla Svenska Teaternin yhteydess\u00e4. Meilt\u00e4 l\u00f6yd\u00e4t herkullisia ruokia, jotka voit nauttia katsellen kaupungin sykkeeseen. Sujuvan ja miellytt\u00e4v\u00e4n teatterik\u00e4ynnin varmistamiseksi suosittelemme, ett\u00e4 varaat v\u00e4liaikatarjoilun etuk\u00e4teen.","robots":{"index":"index","follow":"follow","max-snippet":"max-snippet:-1","max-image-preview":"max-image-preview:large","max-video-preview":"max-video-preview:-1"},"canonical":"https:\/\/svenskateatern.fi\/fi\/valiaikatarjoilut\/","og_locale":"fi_FI","og_type":"article","og_title":"Teatteriravintola DinKrog","og_description":"Tervetuloa Din Krog-ravintolaan, joka sijaitsee erinomaisella paikalla Svenska Teaternin yhteydess\u00e4. Meilt\u00e4 l\u00f6yd\u00e4t herkullisia ruokia, jotka voit nauttia katsellen kaupungin sykkeeseen. Sujuvan ja miellytt\u00e4v\u00e4n teatterik\u00e4ynnin varmistamiseksi suosittelemme, ett\u00e4 varaat v\u00e4liaikatarjoilun etuk\u00e4teen.","og_url":"https:\/\/svenskateatern.fi\/fi\/valiaikatarjoilut\/","og_site_name":"Svenska Teatern","article_modified_time":"2025-10-23T05:44:06+00:00","og_image":[{"width":1500,"height":999,"url":"https:\/\/svenskateatern.fi\/wp-content\/uploads\/2024\/04\/Kaffe_kaka.jpg","type":"image\/jpeg"}],"twitter_card":"summary_large_image","twitter_misc":{"Arvioitu lukuaika":"3 minuuttia"},"schema":{"@context":"https:\/\/schema.org","@graph":[{"@type":"WebPage","@id":"https:\/\/svenskateatern.fi\/fi\/valiaikatarjoilut\/","url":"https:\/\/svenskateatern.fi\/fi\/valiaikatarjoilut\/","name":"Ruoka & juoma - Svenska Teatern","isPartOf":{"@id":"https:\/\/svenskateatern.fi\/fi\/#website"},"primaryImageOfPage":{"@id":"https:\/\/svenskateatern.fi\/fi\/valiaikatarjoilut\/#primaryimage"},"image":{"@id":"https:\/\/svenskateatern.fi\/fi\/valiaikatarjoilut\/#primaryimage"},"thumbnailUrl":"https:\/\/svenskateatern.fi\/wp-content\/uploads\/2024\/04\/Kaffe_kaka.jpg","datePublished":"2022-02-15T08:19:13+00:00","dateModified":"2025-10-23T05:44:06+00:00","description":"Tervetuloa Din Krog-ravintolaan, joka sijaitsee erinomaisella paikalla Svenska Teaternin yhteydess\u00e4. Meilt\u00e4 l\u00f6yd\u00e4t herkullisia ruokia, jotka voit nauttia katsellen kaupungin sykkeeseen. Sujuvan ja miellytt\u00e4v\u00e4n teatterik\u00e4ynnin varmistamiseksi suosittelemme, ett\u00e4 varaat v\u00e4liaikatarjoilun etuk\u00e4teen.","breadcrumb":{"@id":"https:\/\/svenskateatern.fi\/fi\/valiaikatarjoilut\/#breadcrumb"},"inLanguage":"fi","potentialAction":[{"@type":"ReadAction","target":["https:\/\/svenskateatern.fi\/fi\/valiaikatarjoilut\/"]}]},{"@type":"ImageObject","inLanguage":"fi","@id":"https:\/\/svenskateatern.fi\/fi\/valiaikatarjoilut\/#primaryimage","url":"https:\/\/svenskateatern.fi\/wp-content\/uploads\/2024\/04\/Kaffe_kaka.jpg","contentUrl":"https:\/\/svenskateatern.fi\/wp-content\/uploads\/2024\/04\/Kaffe_kaka.jpg","width":1500,"height":999,"caption":"kahvia ja kakkua"},{"@type":"BreadcrumbList","@id":"https:\/\/svenskateatern.fi\/fi\/valiaikatarjoilut\/#breadcrumb","itemListElement":[{"@type":"ListItem","position":1,"name":"Etusivu","item":"https:\/\/svenskateatern.fi\/fi\/"},{"@type":"ListItem","position":2,"name":"Ruoka &#038; juoma"}]},{"@type":"WebSite","@id":"https:\/\/svenskateatern.fi\/fi\/#website","url":"https:\/\/svenskateatern.fi\/fi\/","name":"Svenska Teatern","description":"","potentialAction":[{"@type":"SearchAction","target":{"@type":"EntryPoint","urlTemplate":"https:\/\/svenskateatern.fi\/fi\/?s={search_term_string}"},"query-input":{"@type":"PropertyValueSpecification","valueRequired":true,"valueName":"search_term_string"}}],"inLanguage":"fi"}]}},"_links":{"self":[{"href":"https:\/\/svenskateatern.fi\/fi\/wp-json\/wp\/v2\/pages\/814","targetHints":{"allow":["GET"]}}],"collection":[{"href":"https:\/\/svenskateatern.fi\/fi\/wp-json\/wp\/v2\/pages"}],"about":[{"href":"https:\/\/svenskateatern.fi\/fi\/wp-json\/wp\/v2\/types\/page"}],"author":[{"embeddable":true,"href":"https:\/\/svenskateatern.fi\/fi\/wp-json\/wp\/v2\/users\/3"}],"replies":[{"embeddable":true,"href":"https:\/\/svenskateatern.fi\/fi\/wp-json\/wp\/v2\/comments?post=814"}],"version-history":[{"count":15,"href":"https:\/\/svenskateatern.fi\/fi\/wp-json\/wp\/v2\/pages\/814\/revisions"}],"predecessor-version":[{"id":31638,"href":"https:\/\/svenskateatern.fi\/fi\/wp-json\/wp\/v2\/pages\/814\/revisions\/31638"}],"wp:featuredmedia":[{"embeddable":true,"href":"https:\/\/svenskateatern.fi\/fi\/wp-json\/wp\/v2\/media\/20245"}],"wp:attachment":[{"href":"https:\/\/svenskateatern.fi\/fi\/wp-json\/wp\/v2\/media?parent=814"}],"curies":[{"name":"wp","href":"https:\/\/api.w.org\/{rel}","templated":true}]}}