{"id":812,"date":"2022-02-15T08:18:54","date_gmt":"2022-02-15T08:18:54","guid":{"rendered":"https:\/\/svenskateatern.azurewebsites.net?page_id=812"},"modified":"2026-03-16T16:08:08","modified_gmt":"2026-03-16T13:08:08","slug":"tekstitys","status":"publish","type":"page","link":"https:\/\/svenskateatern.fi\/fi\/tekstitys\/","title":{"rendered":"Tekstitys"},"content":{"rendered":"<section id=\"block_840fa2c2576b92bf30a6102c319a6863_69d4174f3ca06\" class=\"block block-content-wrapper container-fluid bg-white container-fluid\">\n\t<div class=\"container\n\t\t\tshow-all\"\n\t\t>\n\t\t<div class=\"row\">\n\t\t\t<div class=\"col-12 col-lg-8 offset-lg-2 col-hd-6 offset-hd-3\">\n\t\t\t\t<main class=\"entry-content\">\n\t\t\t\t\t\n\n<h1 class=\"wp-block-heading\" id=\"tekstitys\">Tekstitys<\/h1>\n\n\n\n<p class=\"is-style-lead\">Tiesitk\u00f6 ett\u00e4 meill\u00e4 on suomenkielinen tekstitys kaikissa esityksiss\u00e4? Tekstitys tapahtuu omassa \u00e4lypuhelimessasi Subtitle Mobile -nimisell\u00e4 sovelluksella. Suurella n\u00e4ytt\u00e4m\u00f6ll\u00e4 osasta katsomoa n\u00e4kee my\u00f6s n\u00e4ytt\u00e4m\u00f6n yl\u00e4puolella olevan suomenkielisen tekstityksen.<\/p>\n\n\n\n<h2 class=\"wp-block-heading\">Suurella n\u00e4ytt\u00e4m\u00f6ll\u00e4<\/h2>\n\n\n\n<p>Ensisijainen tekstitystapa on mobiilisovelluksen kautta, sill\u00e4 se toimii kaikilla paikoilla Suurella n\u00e4ytt\u00e4m\u00f6ll\u00e4.<\/p>\n\n\n\n<p class=\"is-style-default\">Suurella n\u00e4ytt\u00e4m\u00f6ll\u00e4 n\u00e4ytt\u00e4m\u00f6n yl\u00e4puolella olevan tekstityksen n\u00e4et parhaiten permannon taaimmilta riveilt\u00e4 sek\u00e4 rivien keskelt\u00e4 ensimm\u00e4isell\u00e4, toisella ja kolmannella parvella (riveilt\u00e4 1-3).<\/p>\n\n\n\n<div class=\"wp-block-button\"><a class=\"wp-block-button__link wp-element-button\" href=\"https:\/\/svenskateatern.fi\/wp-content\/uploads\/2025\/11\/Textningsremsa-A4.pdf\" target=\"_blank\" rel=\"noreferrer noopener\">katso kartta<\/a><\/div>\n\n\n\n<p class=\"is-style-default\"> <br>Lis\u00e4tietoja n\u00e4kyvyydest\u00e4 saat asiakaspalvelustamme.<\/p>\n\n\n\n<h2 class=\"wp-block-heading\">Mobiilisovelluksella<\/h2>\n\n\n\n<p>Alla on tarkempia ohjeita Subtitle Mobile -mobiilisovelluksen k\u00e4ytt\u00f6\u00f6notosta ja k\u00e4yt\u00f6st\u00e4. Jos et pysty lataamaan sovellusta omaan puhelimeesi, voit lainata&nbsp;laitteen teatterilta&nbsp;(rajoitettu m\u00e4\u00e4r\u00e4).&nbsp;<\/p>\n\n\n\n<figure class=\"wp-block-image size-large\"><img loading=\"lazy\" decoding=\"async\" width=\"1024\" height=\"538\" src=\"https:\/\/svenskateatern.fi\/wp-content\/uploads\/2022\/06\/textning-some-1024x538.jpg\" alt=\"\" class=\"wp-image-3617\" srcset=\"https:\/\/svenskateatern.fi\/wp-content\/uploads\/2022\/06\/textning-some-1024x538.jpg 1024w, https:\/\/svenskateatern.fi\/wp-content\/uploads\/2022\/06\/textning-some-300x158.jpg 300w, https:\/\/svenskateatern.fi\/wp-content\/uploads\/2022\/06\/textning-some-768x403.jpg 768w, https:\/\/svenskateatern.fi\/wp-content\/uploads\/2022\/06\/textning-some.jpg 1200w\" sizes=\"auto, (max-width: 575px) 100vw, (max-width: 767px) 510px, (max-width: 991px) 290px, (max-width: 1199px) 530px, 840px\" \/><\/figure>\n\n\n\t\t\t\t<\/main>\n\t\t\t<\/div>\n\t\t<\/div>\n\n\t\t\n\t<\/div>\n<\/section>\n\n\n\n<section class=\"block block-accordion bg-black container-fluid\">\n\t<div class=\"container\">\n\t\t<div class=\"row justify-content-center\">\n\t\t\t<div class=\"col-12 col-lg-6\">\n\t\t\t\t<div class=\"above-content entry-content\">\n\t\t\t\t\t\n\n<h2 class=\"wp-block-heading\">N\u00e4in Subtitle Mobile tekstitys toimii<\/h2>\n\n\n\n<p>Lataa\u202ftekstityssovellus\u202fomaan puhelimeesi\u202fennen\u202fesityst\u00e4.<\/p>\n\n\n\t\t\t\t<\/div>\n\n\t\t\t\t<div class=\"accordion\">\n\t\t\t\t\t\t\t\t\t\t\t\t\t\t\t\t\t\t<div class=\"accordion-item\">\n\t\t\t\t\t\t\t\t<div class=\"accordion-item-header\">\n\t\t\t\t\t\t\t\t\t<button\n\t\t\t\t\t\t\t\t\t\tid=\"accordion-block_5a4562ce8b8dfad6cb1d6eaa1ef9ad01-1-button\"\n\t\t\t\t\t\t\t\t\t\tclass=\"accordion-btn collapsed\"\n\t\t\t\t\t\t\t\t\t\ttype=\"button\"\n\t\t\t\t\t\t\t\t\t\taria-expanded=\"false\"\n\t\t\t\t\t\t\t\t\t\taria-controls=\"accordion-block_5a4562ce8b8dfad6cb1d6eaa1ef9ad01-1-panel\"\n\t\t\t\t\t\t\t\t\t>\n\t\t\t\t\t\t\t\t\t\t<h3>Ennen esityst\u00e4<\/h3>\n\t\t\t\t\t\t\t\t\t<\/button>\n\t\t\t\t\t\t\t\t<\/div>\n\n\t\t\t\t\t\t\t\t<div\n\t\t\t\t\t\t\t\t\tid=\"accordion-block_5a4562ce8b8dfad6cb1d6eaa1ef9ad01-1-panel\"\n\t\t\t\t\t\t\t\t\tclass=\"accordion-content collapsed\"\n\t\t\t\t\t\t\t\t\trole=\"region\"\n\t\t\t\t\t\t\t\t\taria-labelledby=\"accordion-block_5a4562ce8b8dfad6cb1d6eaa1ef9ad01-1-button\"\n\t\t\t\t\t\t\t\t\thidden\n\t\t\t\t\t\t\t\t>\n\t\t\t\t\t\t\t\t\t<div class=\"accordion-item-body\">\n\t\t\t\t\t\t\t\t\t\t<ol>\n<li>Lataa maksuton <strong>Subtitle Mobile\u00a0<\/strong>(Loitsut Oy) sovellus <a href=\"https:\/\/apps.apple.com\/fi\/app\/subtitle-mobile\/id1530264110?l=fi\" target=\"_blank\" rel=\"noopener\">App Storesta<\/a>\u00a0tai\u00a0<a href=\"https:\/\/play.google.com\/store\/apps\/details?id=com.loitsut.subtitle&amp;hl=fi\" target=\"_blank\" rel=\"noopener\">Google Playst\u00e4<\/a><\/li>\n<li>Muista ladata puhelimen akku, sill\u00e4 tekstitysohjelma kuluttaa akkua.<\/li>\n<\/ol>\n\t\t\t\t\t\t\t\t\t<\/div>\n\t\t\t\t\t\t\t\t<\/div>\n\t\t\t\t\t\t\t<\/div>\n\t\t\t\t\t\t\t\t\t\t\t\t\t<div class=\"accordion-item\">\n\t\t\t\t\t\t\t\t<div class=\"accordion-item-header\">\n\t\t\t\t\t\t\t\t\t<button\n\t\t\t\t\t\t\t\t\t\tid=\"accordion-block_5a4562ce8b8dfad6cb1d6eaa1ef9ad01-2-button\"\n\t\t\t\t\t\t\t\t\t\tclass=\"accordion-btn collapsed\"\n\t\t\t\t\t\t\t\t\t\ttype=\"button\"\n\t\t\t\t\t\t\t\t\t\taria-expanded=\"false\"\n\t\t\t\t\t\t\t\t\t\taria-controls=\"accordion-block_5a4562ce8b8dfad6cb1d6eaa1ef9ad01-2-panel\"\n\t\t\t\t\t\t\t\t\t>\n\t\t\t\t\t\t\t\t\t\t<h3>Teatterissa, toimi n\u00e4in<\/h3>\n\t\t\t\t\t\t\t\t\t<\/button>\n\t\t\t\t\t\t\t\t<\/div>\n\n\t\t\t\t\t\t\t\t<div\n\t\t\t\t\t\t\t\t\tid=\"accordion-block_5a4562ce8b8dfad6cb1d6eaa1ef9ad01-2-panel\"\n\t\t\t\t\t\t\t\t\tclass=\"accordion-content collapsed\"\n\t\t\t\t\t\t\t\t\trole=\"region\"\n\t\t\t\t\t\t\t\t\taria-labelledby=\"accordion-block_5a4562ce8b8dfad6cb1d6eaa1ef9ad01-2-button\"\n\t\t\t\t\t\t\t\t\thidden\n\t\t\t\t\t\t\t\t>\n\t\t\t\t\t\t\t\t\t<div class=\"accordion-item-body\">\n\t\t\t\t\t\t\t\t\t\t<ol>\n<li>Aseta puhelin \u00e4\u00e4nett\u00f6m\u00e4lle<\/li>\n<li>Seuraa sovelluksen ohjeita ja sy\u00f6t\u00e4 n\u00e4ytelm\u00e4n 4-merkkinen koodi tai skannaa QR-koodi. Koodin l\u00f6yd\u00e4t salin ovelta, lipusta tai kysym\u00e4ll\u00e4 yleis\u00f6vastaavilta<\/li>\n<li>Valitse haluamasi tekstityskieli ja odota esityksen alkua<\/li>\n<li>Nyt n\u00e4yt\u00f6ss\u00e4 n\u00e4kyy n\u00e4ytelm\u00e4n nimi ja tekstitys alkaa esityksen alkaessa automaattisesti<\/li>\n<li>Suosittelemme, ett\u00e4 s\u00e4\u00e4d\u00e4t n\u00e4yt\u00f6n kirkkauden matalaksi, kun k\u00e4yt\u00e4t tekstityssovellusta. Voit s\u00e4\u00e4t\u00e4\u00e4 n\u00e4yt\u00f6n kirkkautta koskettamalla n\u00e4ytt\u00f6\u00e4 ja siirt\u00e4m\u00e4ll\u00e4 yl\u00e4reunassa olevaa s\u00e4\u00e4dint\u00e4<\/li>\n<li>Voit my\u00f6s vaihtaa kielt\u00e4 oikean yl\u00e4reunan valikosta<\/li>\n<li>Voit poistua tekstitysn\u00e4kym\u00e4st\u00e4 painamalla vasemman yl\u00e4reunan X symbolia<\/li>\n<li>Esityksen loputtua sammuta ohjelma<\/li>\n<\/ol>\n\t\t\t\t\t\t\t\t\t<\/div>\n\t\t\t\t\t\t\t\t<\/div>\n\t\t\t\t\t\t\t<\/div>\n\t\t\t\t\t\t\t\t\t\t\t\n\t\t\t<\/div>\n\t\t<\/div>\n\t<\/div>\n<\/section>\n\n\n\n<section class=\"block block-reviews-carousel bg-cream\">\n\t<div class=\"container-fluid\">\n\t\t<div class=\"carousel-wrapper\">\n\t\t\t\t\t\t\t<div class=\"carousel\n\t\t\t\t\t\t\t\t\">\n\t\t\t\t\t\t\t\t\t\t\t\t\t\t\t\t\t<div class=\"slider\">\n\t\t\t\t\t\t\t\n\t\t\t\t\t\t\t<div class=\"review-content\">\n\t\t\t\t\t\t\t\t<p><span data-teams=\"true\">&#8221;Todella hauska esitys, jota huonosti ruotsia ymm\u00e4rt\u00e4v\u00e4kin pystyi seuraamaan hyvin tekstitys appin avulla. Tekstitys toimi hyvin eik\u00e4 appin k\u00e4ytt\u00f6 ollut vaikeaa!&#8221;<\/span><\/p>\n\t\t\t\t\t\t\t<\/div>\n\n\t\t\t\t\t\t\t<div class=\"reviewer-name\n\t\t\t\t\t\t\t\t\t\t\t\t\t\t\">\n\t\t\t\t\t\t\t\t&#8211; Merja \t\t\t\t\t\t\t<\/div>\n\t\t\t\t\t\t<\/div>\n\t\t\t\t\t\t\t\t\t\t\t\t\t\t\t\t\t<div class=\"slider\">\n\t\t\t\t\t\t\t\n\t\t\t\t\t\t\t<div class=\"review-content\">\n\t\t\t\t\t\t\t\t<p><span data-teams=\"true\">&#8221;T\u00e4llaista koulun pakkoruotsi taustaista katsojaa Subtitle mobile applikaatio auttoi todella paljon. Siit\u00e4 saattoi katsoa niit\u00e4 sanoja joita ei ymm\u00e4rt\u00e4nyt. Oli helppo k\u00e4ytt\u00e4\u00e4 ja pit\u00e4\u00e4 puhelinta syliss\u00e4.&#8221;<\/span><\/p>\n\t\t\t\t\t\t\t<\/div>\n\n\t\t\t\t\t\t\t<div class=\"reviewer-name\n\t\t\t\t\t\t\t\t\t\t\t\t\t\t\">\n\t\t\t\t\t\t\t\t&#8211; Annariitta\t\t\t\t\t\t\t<\/div>\n\t\t\t\t\t\t<\/div>\n\t\t\t\t\t\t\t\t\t<\/div>\n\t\t\t\n\t\t\t\t\t\t\t\t\t\t\t<div class=\"Slick-Navigation\">\n\t\t\t\t<\/div>\n\t\t\t\t\t\t\t\n\t\t<\/div>\n\t<\/div>\n<\/section>\n","protected":false},"excerpt":{"rendered":"","protected":false},"author":8,"featured_media":0,"parent":0,"menu_order":0,"comment_status":"closed","ping_status":"closed","template":"","meta":{"_acf_changed":false,"_relevanssi_hide_post":"","_relevanssi_hide_content":"","_relevanssi_pin_for_all":"","_relevanssi_pin_keywords":"","_relevanssi_unpin_keywords":"","_relevanssi_related_keywords":"","_relevanssi_related_include_ids":"","_relevanssi_related_exclude_ids":"","_relevanssi_related_no_append":"","_relevanssi_related_not_related":"","_relevanssi_related_posts":"620,598,618,170,603,614","_relevanssi_noindex_reason":"","footnotes":""},"class_list":["post-812","page","type-page","status-publish","hentry"],"acf":[],"yoast_head":"<!-- This site is optimized with the Yoast SEO plugin v27.0 - https:\/\/yoast.com\/product\/yoast-seo-wordpress\/ -->\n<title>Tekstitys - Svenska Teatern<\/title>\n<meta name=\"description\" content=\"Suomenkielinen tekstitys kaikissa esityksiss\u00e4. Subtitle mobile mobiilisovelluksella ja Suurella n\u00e4ytt\u00e4m\u00f6ll\u00e4 tekstitys projisoidaan my\u00f6s n\u00e4ytt\u00e4m\u00f6n yl\u00e4puolelle.\" \/>\n<meta name=\"robots\" content=\"index, follow, max-snippet:-1, max-image-preview:large, max-video-preview:-1\" \/>\n<link rel=\"canonical\" href=\"https:\/\/svenskateatern.fi\/fi\/tekstitys\/\" \/>\n<meta property=\"og:locale\" content=\"fi_FI\" \/>\n<meta property=\"og:type\" content=\"article\" \/>\n<meta property=\"og:title\" content=\"Tekstitys - Svenska Teatern\" \/>\n<meta property=\"og:description\" content=\"Suomenkielinen tekstitys kaikissa esityksiss\u00e4. Subtitle mobile mobiilisovelluksella ja Suurella n\u00e4ytt\u00e4m\u00f6ll\u00e4 tekstitys projisoidaan my\u00f6s n\u00e4ytt\u00e4m\u00f6n yl\u00e4puolelle.\" \/>\n<meta property=\"og:url\" content=\"https:\/\/svenskateatern.fi\/fi\/tekstitys\/\" \/>\n<meta property=\"og:site_name\" content=\"Svenska Teatern\" \/>\n<meta property=\"article:modified_time\" content=\"2026-03-16T13:08:08+00:00\" \/>\n<meta property=\"og:image\" content=\"https:\/\/svenskateatern.fi\/wp-content\/uploads\/2022\/06\/textning-some.jpg\" \/>\n\t<meta property=\"og:image:width\" content=\"1200\" \/>\n\t<meta property=\"og:image:height\" content=\"630\" \/>\n\t<meta property=\"og:image:type\" content=\"image\/jpeg\" \/>\n<meta name=\"twitter:card\" content=\"summary_large_image\" \/>\n<meta name=\"twitter:label1\" content=\"Arvioitu lukuaika\" \/>\n\t<meta name=\"twitter:data1\" content=\"3 minuuttia\" \/>\n<script type=\"application\/ld+json\" class=\"yoast-schema-graph\">{\"@context\":\"https:\/\/schema.org\",\"@graph\":[{\"@type\":\"WebPage\",\"@id\":\"https:\/\/svenskateatern.fi\/fi\/tekstitys\/\",\"url\":\"https:\/\/svenskateatern.fi\/fi\/tekstitys\/\",\"name\":\"Tekstitys - Svenska Teatern\",\"isPartOf\":{\"@id\":\"https:\/\/svenskateatern.fi\/fi\/#website\"},\"primaryImageOfPage\":{\"@id\":\"https:\/\/svenskateatern.fi\/fi\/tekstitys\/#primaryimage\"},\"image\":{\"@id\":\"https:\/\/svenskateatern.fi\/fi\/tekstitys\/#primaryimage\"},\"thumbnailUrl\":\"https:\/\/svenskateatern.fi\/wp-content\/uploads\/2022\/06\/textning-some-1024x538.jpg\",\"datePublished\":\"2022-02-15T08:18:54+00:00\",\"dateModified\":\"2026-03-16T13:08:08+00:00\",\"description\":\"Suomenkielinen tekstitys kaikissa esityksiss\u00e4. Subtitle mobile mobiilisovelluksella ja Suurella n\u00e4ytt\u00e4m\u00f6ll\u00e4 tekstitys projisoidaan my\u00f6s n\u00e4ytt\u00e4m\u00f6n yl\u00e4puolelle.\",\"breadcrumb\":{\"@id\":\"https:\/\/svenskateatern.fi\/fi\/tekstitys\/#breadcrumb\"},\"inLanguage\":\"fi\",\"potentialAction\":[{\"@type\":\"ReadAction\",\"target\":[\"https:\/\/svenskateatern.fi\/fi\/tekstitys\/\"]}]},{\"@type\":\"ImageObject\",\"inLanguage\":\"fi\",\"@id\":\"https:\/\/svenskateatern.fi\/fi\/tekstitys\/#primaryimage\",\"url\":\"https:\/\/svenskateatern.fi\/wp-content\/uploads\/2022\/06\/textning-some-1024x538.jpg\",\"contentUrl\":\"https:\/\/svenskateatern.fi\/wp-content\/uploads\/2022\/06\/textning-some-1024x538.jpg\"},{\"@type\":\"BreadcrumbList\",\"@id\":\"https:\/\/svenskateatern.fi\/fi\/tekstitys\/#breadcrumb\",\"itemListElement\":[{\"@type\":\"ListItem\",\"position\":1,\"name\":\"Etusivu\",\"item\":\"https:\/\/svenskateatern.fi\/fi\/\"},{\"@type\":\"ListItem\",\"position\":2,\"name\":\"Tekstitys\"}]},{\"@type\":\"WebSite\",\"@id\":\"https:\/\/svenskateatern.fi\/fi\/#website\",\"url\":\"https:\/\/svenskateatern.fi\/fi\/\",\"name\":\"Svenska Teatern\",\"description\":\"\",\"potentialAction\":[{\"@type\":\"SearchAction\",\"target\":{\"@type\":\"EntryPoint\",\"urlTemplate\":\"https:\/\/svenskateatern.fi\/fi\/?s={search_term_string}\"},\"query-input\":{\"@type\":\"PropertyValueSpecification\",\"valueRequired\":true,\"valueName\":\"search_term_string\"}}],\"inLanguage\":\"fi\"}]}<\/script>\n<!-- \/ Yoast SEO plugin. -->","yoast_head_json":{"title":"Tekstitys - Svenska Teatern","description":"Suomenkielinen tekstitys kaikissa esityksiss\u00e4. Subtitle mobile mobiilisovelluksella ja Suurella n\u00e4ytt\u00e4m\u00f6ll\u00e4 tekstitys projisoidaan my\u00f6s n\u00e4ytt\u00e4m\u00f6n yl\u00e4puolelle.","robots":{"index":"index","follow":"follow","max-snippet":"max-snippet:-1","max-image-preview":"max-image-preview:large","max-video-preview":"max-video-preview:-1"},"canonical":"https:\/\/svenskateatern.fi\/fi\/tekstitys\/","og_locale":"fi_FI","og_type":"article","og_title":"Tekstitys - Svenska Teatern","og_description":"Suomenkielinen tekstitys kaikissa esityksiss\u00e4. Subtitle mobile mobiilisovelluksella ja Suurella n\u00e4ytt\u00e4m\u00f6ll\u00e4 tekstitys projisoidaan my\u00f6s n\u00e4ytt\u00e4m\u00f6n yl\u00e4puolelle.","og_url":"https:\/\/svenskateatern.fi\/fi\/tekstitys\/","og_site_name":"Svenska Teatern","article_modified_time":"2026-03-16T13:08:08+00:00","og_image":[{"width":1200,"height":630,"url":"https:\/\/svenskateatern.fi\/wp-content\/uploads\/2022\/06\/textning-some.jpg","type":"image\/jpeg"}],"twitter_card":"summary_large_image","twitter_misc":{"Arvioitu lukuaika":"3 minuuttia"},"schema":{"@context":"https:\/\/schema.org","@graph":[{"@type":"WebPage","@id":"https:\/\/svenskateatern.fi\/fi\/tekstitys\/","url":"https:\/\/svenskateatern.fi\/fi\/tekstitys\/","name":"Tekstitys - Svenska Teatern","isPartOf":{"@id":"https:\/\/svenskateatern.fi\/fi\/#website"},"primaryImageOfPage":{"@id":"https:\/\/svenskateatern.fi\/fi\/tekstitys\/#primaryimage"},"image":{"@id":"https:\/\/svenskateatern.fi\/fi\/tekstitys\/#primaryimage"},"thumbnailUrl":"https:\/\/svenskateatern.fi\/wp-content\/uploads\/2022\/06\/textning-some-1024x538.jpg","datePublished":"2022-02-15T08:18:54+00:00","dateModified":"2026-03-16T13:08:08+00:00","description":"Suomenkielinen tekstitys kaikissa esityksiss\u00e4. Subtitle mobile mobiilisovelluksella ja Suurella n\u00e4ytt\u00e4m\u00f6ll\u00e4 tekstitys projisoidaan my\u00f6s n\u00e4ytt\u00e4m\u00f6n yl\u00e4puolelle.","breadcrumb":{"@id":"https:\/\/svenskateatern.fi\/fi\/tekstitys\/#breadcrumb"},"inLanguage":"fi","potentialAction":[{"@type":"ReadAction","target":["https:\/\/svenskateatern.fi\/fi\/tekstitys\/"]}]},{"@type":"ImageObject","inLanguage":"fi","@id":"https:\/\/svenskateatern.fi\/fi\/tekstitys\/#primaryimage","url":"https:\/\/svenskateatern.fi\/wp-content\/uploads\/2022\/06\/textning-some-1024x538.jpg","contentUrl":"https:\/\/svenskateatern.fi\/wp-content\/uploads\/2022\/06\/textning-some-1024x538.jpg"},{"@type":"BreadcrumbList","@id":"https:\/\/svenskateatern.fi\/fi\/tekstitys\/#breadcrumb","itemListElement":[{"@type":"ListItem","position":1,"name":"Etusivu","item":"https:\/\/svenskateatern.fi\/fi\/"},{"@type":"ListItem","position":2,"name":"Tekstitys"}]},{"@type":"WebSite","@id":"https:\/\/svenskateatern.fi\/fi\/#website","url":"https:\/\/svenskateatern.fi\/fi\/","name":"Svenska Teatern","description":"","potentialAction":[{"@type":"SearchAction","target":{"@type":"EntryPoint","urlTemplate":"https:\/\/svenskateatern.fi\/fi\/?s={search_term_string}"},"query-input":{"@type":"PropertyValueSpecification","valueRequired":true,"valueName":"search_term_string"}}],"inLanguage":"fi"}]}},"_links":{"self":[{"href":"https:\/\/svenskateatern.fi\/fi\/wp-json\/wp\/v2\/pages\/812","targetHints":{"allow":["GET"]}}],"collection":[{"href":"https:\/\/svenskateatern.fi\/fi\/wp-json\/wp\/v2\/pages"}],"about":[{"href":"https:\/\/svenskateatern.fi\/fi\/wp-json\/wp\/v2\/types\/page"}],"author":[{"embeddable":true,"href":"https:\/\/svenskateatern.fi\/fi\/wp-json\/wp\/v2\/users\/8"}],"replies":[{"embeddable":true,"href":"https:\/\/svenskateatern.fi\/fi\/wp-json\/wp\/v2\/comments?post=812"}],"version-history":[{"count":10,"href":"https:\/\/svenskateatern.fi\/fi\/wp-json\/wp\/v2\/pages\/812\/revisions"}],"predecessor-version":[{"id":35470,"href":"https:\/\/svenskateatern.fi\/fi\/wp-json\/wp\/v2\/pages\/812\/revisions\/35470"}],"wp:attachment":[{"href":"https:\/\/svenskateatern.fi\/fi\/wp-json\/wp\/v2\/media?parent=812"}],"curies":[{"name":"wp","href":"https:\/\/api.w.org\/{rel}","templated":true}]}}