{"id":770,"date":"2022-02-07T10:51:34","date_gmt":"2022-02-07T10:51:34","guid":{"rendered":"https:\/\/svenskateatern.azurewebsites.net?page_id=770"},"modified":"2024-08-06T16:13:52","modified_gmt":"2024-08-06T13:13:52","slug":"medialle","status":"publish","type":"page","link":"https:\/\/svenskateatern.fi\/fi\/medialle\/","title":{"rendered":"Medialle"},"content":{"rendered":"<section id=\"block_93f2c30c32d341c86cbefdb544aa0ebb_6a074c689daa0\" class=\"block block-content-wrapper container-fluid bg-white container-fluid\">\n\t<div class=\"container\n\t\t\tshow-all\"\n\t\t>\n\t\t<div class=\"row\">\n\t\t\t<div class=\"col-12 col-lg-8 offset-lg-2 col-hd-6 offset-hd-3\">\n\t\t\t\t<main class=\"entry-content\">\n\t\t\t\t\t\n\n<h1 class=\"wp-block-heading\">Media<\/h1>\n\n\n\n<h2 class=\"wp-block-heading\">Lehdist\u00f6kuvat<\/h2>\n\n\n\n<p>Media voi k\u00e4ytt\u00e4\u00e4 lehdist\u00f6kuvia vapaasti. Valokuvaajan nimi on aina mainittava.<\/p>\n\n\n\n<div class=\"wp-block-button\"><a class=\"wp-block-button__link wp-element-button\" href=\"https:\/\/www.flickr.com\/photos\/139425672@N05\/albums\/with\/72157716207960047\">Lehdist\u00f6kuvat<\/a><\/div>\n\n\n\n<h2 class=\"wp-block-heading\">Lehdist\u00f6<\/h2>\n\n\n\n<p>Haastatteluihin, lehdist\u00f6lippuihin ja lehdist\u00f6kuviin liittyvi\u00e4 kysymyksi\u00e4 ota yhteytt\u00e4 teatterin tiedottajaan:<\/p>\n\n\n\n<p>David Lindstr\u00f6m<br>david.lindstrom (a) svenskateatern.fi<\/p>\n\n\n\t\t\t\t<\/main>\n\t\t\t<\/div>\n\t\t<\/div>\n\n\t\t\n\t<\/div>\n<\/section>\n\n\n\n<section class=\"block block-article-highlights container-fluid bg-white\">\n\t<div class=\"container\">\n\t\t\t\t<div class=\"row align-items-center header-row\">\n\t\t\t<div class=\"col\">\n\t\t\t\t\t\t\t\t<h2 class=\"block-title\">Lehdist\u00f6tiedotteet<\/h2>\n\t\t\t\t\t\t\t<\/div>\n\t\t\t<div class=\"col d-none d-md-block desktop-links\">\n\t\t\t\t\t\t\t<\/div>\n\t\t<\/div>\n\t\t\n\t\t<div class=\"row highlights\">\n\t\t\t\t\t\t\t\t\t\t\t<div class=\"col col-12 col-md-4\">\n\t\t\t\t\t\n<a class=\"card\" href=\"https:\/\/svenskateatern.fi\/fi\/svenska-teatern-saa-uuden-hallintojohtajan\/\" rel=\"no-opener\">\n\t<div class=\"image\" aria-hidden=\"true\">\n\t\t\t\t\t<img decoding=\"async\" src=\"https:\/\/svenskateatern.fi\/wp-content\/uploads\/2026\/05\/Tuija-Lofgren-1-PNG-1920x1280.jpg\" alt=\"Svenska Teatern saa uuden hallintojohtajan\">\n\t\t\t<\/div>\n\t<div class=\"meta\">\n\t\t\t\t\t<span class=\"main-category\">Tiedotteet<\/span>\n\t\t\t\t<span class=\"date\">4.5.2026<\/span>\n\t<\/div>\n\t<h3 class=\"post-title\">Svenska Teatern saa uuden hallintojohtajan<\/h3>\n<\/a>\n<div class=\"excerpt\">Svenska Teatern on nimitt\u00e4nyt Tuija L\u00f6fgr\u00e9nin uudeksi hallintojohtajakseen. Teatterin nykyinen hallintojohtaja Stina\u202fLindroos j\u00e4\u00e4 el\u00e4kkeelle syksyll\u00e4 2026. Lindroos jatkaa teatterissa konsulttina ja neuvonantajana\u00a030. syyskuuta 2026 asti.<\/div>\t\t\t\t<\/div>\n\t\t\t\t\t\t\t\t<div class=\"col col-12 col-md-4\">\n\t\t\t\t\t\n<a class=\"card\" href=\"https:\/\/svenskateatern.fi\/fi\/onko-taalla-kuuma-anna-hultinin-kehuttu-vaihdevuosimonologi-nyt-suomeksi\/\" rel=\"no-opener\">\n\t<div class=\"image\" aria-hidden=\"true\">\n\t\t\t\t\t<img decoding=\"async\" src=\"https:\/\/svenskateatern.fi\/wp-content\/uploads\/2026\/04\/Ar_det-hett_har.jpg\" alt=\"Onko t\u00e4\u00e4ll\u00e4 kuuma? \u2013 Anna Hultinin kehuttu vaihdevuosimonologi nyt suomeksi\">\n\t\t\t<\/div>\n\t<div class=\"meta\">\n\t\t\t\t\t<span class=\"main-category\">Tiedotteet<\/span>\n\t\t\t\t<span class=\"date\">29.4.2026<\/span>\n\t<\/div>\n\t<h3 class=\"post-title\">Onko t\u00e4\u00e4ll\u00e4 kuuma? \u2013 Anna Hultinin kehuttu vaihdevuosimonologi nyt suomeksi<\/h3>\n<\/a>\n<div class=\"excerpt\">Svenska Teatern tuo syksyll\u00e4 n\u00e4ytt\u00e4m\u00f6lle Anna Hultinin kehutun vaihdevuosimonologin Onko t\u00e4\u00e4ll\u00e4 kuuma? \u2013 teoksen, jolla on vahva tunnistettavuus ja joka on jo viiden vuoden ajan saanut runsaasti kiitosta sek\u00e4 Suomessa ett\u00e4 Ruotsissa nimell\u00e4 \u00c4r det hett h\u00e4r?. Esitys n\u00e4hd\u00e4\u00e4n nyt ensimm\u00e4ist\u00e4 kertaa suomeksi Helsingiss\u00e4.<\/div>\t\t\t\t<\/div>\n\t\t\t\t\t\t\t\t<div class=\"col col-12 col-md-4\">\n\t\t\t\t\t\n<a class=\"card\" href=\"https:\/\/svenskateatern.fi\/fi\/svenska-teatern-sanker-barnpriset-till-familjeforestallningen-pelle-svanslos\/\" rel=\"no-opener\">\n\t<div class=\"image\" aria-hidden=\"true\">\n\t\t\t\t\t<img decoding=\"async\" src=\"https:\/\/svenskateatern.fi\/wp-content\/uploads\/2026\/02\/Pelle-Svanslos-artikel-NL.png\" alt=\"Svenska Teatern alentaa koko perheen Pelle Svansl\u00f6s -n\u00e4ytelm\u00e4n lastenlipun hintaa\">\n\t\t\t<\/div>\n\t<div class=\"meta\">\n\t\t\t\t\t<span class=\"main-category\">Tiedotteet<\/span>\n\t\t\t\t<span class=\"date\">17.4.2026<\/span>\n\t<\/div>\n\t<h3 class=\"post-title\">Svenska Teatern alentaa koko perheen Pelle Svansl\u00f6s -n\u00e4ytelm\u00e4n lastenlipun hintaa<\/h3>\n<\/a>\n<div class=\"excerpt\">Svenska Teatern on p\u00e4\u00e4tt\u00e4nyt alentaa koko perheen Pekka T\u00f6p\u00f6h\u00e4nt\u00e4 -n\u00e4ytelm\u00e4n lasten, nuorten ja koululuokkien lippujen hintoja puoleen normaalihinnasta. Tavoitteena on, ett\u00e4 mahdollisimman monet lapset saisivat tilaisuuden k\u00e4yd\u00e4 teatterissa perheen tilanteesta tai taloudellisista olosuhteista riippumatta.<\/div>\t\t\t\t<\/div>\n\t\t\t\t\t\t\t\t\t<\/div>\n\n\t\t<div class=\"row d-block d-md-none mobile-links\">\n\t\t\t<div class=\"col\">\n\t\t\t\t\t\t\t<\/div>\n\t\t<\/div>\n\t<\/div>\n<\/section>\n","protected":false},"excerpt":{"rendered":"","protected":false},"author":3,"featured_media":0,"parent":0,"menu_order":0,"comment_status":"closed","ping_status":"closed","template":"","meta":{"_acf_changed":false,"_relevanssi_hide_post":"","_relevanssi_hide_content":"","_relevanssi_pin_for_all":"","_relevanssi_pin_keywords":"","_relevanssi_unpin_keywords":"","_relevanssi_related_keywords":"","_relevanssi_related_include_ids":"","_relevanssi_related_exclude_ids":"","_relevanssi_related_no_append":"","_relevanssi_related_not_related":"","_relevanssi_related_posts":"598,603,620,614,618,170","_relevanssi_noindex_reason":"","footnotes":""},"class_list":["post-770","page","type-page","status-publish","hentry"],"acf":[],"yoast_head":"<!-- This site is optimized with the Yoast SEO plugin v27.5 - https:\/\/yoast.com\/product\/yoast-seo-wordpress\/ -->\n<title>Medialle - Svenska Teatern<\/title>\n<meta name=\"robots\" content=\"index, follow, max-snippet:-1, max-image-preview:large, max-video-preview:-1\" \/>\n<link rel=\"canonical\" href=\"https:\/\/svenskateatern.fi\/fi\/medialle\/\" \/>\n<meta property=\"og:locale\" content=\"fi_FI\" \/>\n<meta property=\"og:type\" content=\"article\" \/>\n<meta property=\"og:title\" content=\"Medialle - Svenska Teatern\" \/>\n<meta property=\"og:url\" content=\"https:\/\/svenskateatern.fi\/fi\/medialle\/\" \/>\n<meta property=\"og:site_name\" content=\"Svenska Teatern\" \/>\n<meta property=\"article:modified_time\" content=\"2024-08-06T13:13:52+00:00\" \/>\n<meta property=\"og:image\" content=\"https:\/\/svenskateatern.fi\/wp-content\/uploads\/2022\/08\/svenska-some.png\" \/>\n\t<meta property=\"og:image:width\" content=\"1200\" \/>\n\t<meta property=\"og:image:height\" content=\"630\" \/>\n\t<meta property=\"og:image:type\" content=\"image\/png\" \/>\n<meta name=\"twitter:card\" content=\"summary_large_image\" \/>\n<meta name=\"twitter:label1\" content=\"Arvioitu lukuaika\" \/>\n\t<meta name=\"twitter:data1\" content=\"2 minuuttia\" \/>\n<script type=\"application\/ld+json\" class=\"yoast-schema-graph\">{\"@context\":\"https:\\\/\\\/schema.org\",\"@graph\":[{\"@type\":\"WebPage\",\"@id\":\"https:\\\/\\\/svenskateatern.fi\\\/fi\\\/medialle\\\/\",\"url\":\"https:\\\/\\\/svenskateatern.fi\\\/fi\\\/medialle\\\/\",\"name\":\"Medialle - Svenska Teatern\",\"isPartOf\":{\"@id\":\"https:\\\/\\\/svenskateatern.fi\\\/fi\\\/#website\"},\"datePublished\":\"2022-02-07T10:51:34+00:00\",\"dateModified\":\"2024-08-06T13:13:52+00:00\",\"breadcrumb\":{\"@id\":\"https:\\\/\\\/svenskateatern.fi\\\/fi\\\/medialle\\\/#breadcrumb\"},\"inLanguage\":\"fi\",\"potentialAction\":[{\"@type\":\"ReadAction\",\"target\":[\"https:\\\/\\\/svenskateatern.fi\\\/fi\\\/medialle\\\/\"]}]},{\"@type\":\"BreadcrumbList\",\"@id\":\"https:\\\/\\\/svenskateatern.fi\\\/fi\\\/medialle\\\/#breadcrumb\",\"itemListElement\":[{\"@type\":\"ListItem\",\"position\":1,\"name\":\"Etusivu\",\"item\":\"https:\\\/\\\/svenskateatern.fi\\\/fi\\\/\"},{\"@type\":\"ListItem\",\"position\":2,\"name\":\"Medialle\"}]},{\"@type\":\"WebSite\",\"@id\":\"https:\\\/\\\/svenskateatern.fi\\\/fi\\\/#website\",\"url\":\"https:\\\/\\\/svenskateatern.fi\\\/fi\\\/\",\"name\":\"Svenska Teatern\",\"description\":\"\",\"potentialAction\":[{\"@type\":\"SearchAction\",\"target\":{\"@type\":\"EntryPoint\",\"urlTemplate\":\"https:\\\/\\\/svenskateatern.fi\\\/fi\\\/?s={search_term_string}\"},\"query-input\":{\"@type\":\"PropertyValueSpecification\",\"valueRequired\":true,\"valueName\":\"search_term_string\"}}],\"inLanguage\":\"fi\"}]}<\/script>\n<!-- \/ Yoast SEO plugin. -->","yoast_head_json":{"title":"Medialle - Svenska Teatern","robots":{"index":"index","follow":"follow","max-snippet":"max-snippet:-1","max-image-preview":"max-image-preview:large","max-video-preview":"max-video-preview:-1"},"canonical":"https:\/\/svenskateatern.fi\/fi\/medialle\/","og_locale":"fi_FI","og_type":"article","og_title":"Medialle - Svenska Teatern","og_url":"https:\/\/svenskateatern.fi\/fi\/medialle\/","og_site_name":"Svenska Teatern","article_modified_time":"2024-08-06T13:13:52+00:00","og_image":[{"width":1200,"height":630,"url":"https:\/\/svenskateatern.fi\/wp-content\/uploads\/2022\/08\/svenska-some.png","type":"image\/png"}],"twitter_card":"summary_large_image","twitter_misc":{"Arvioitu lukuaika":"2 minuuttia"},"schema":{"@context":"https:\/\/schema.org","@graph":[{"@type":"WebPage","@id":"https:\/\/svenskateatern.fi\/fi\/medialle\/","url":"https:\/\/svenskateatern.fi\/fi\/medialle\/","name":"Medialle - Svenska Teatern","isPartOf":{"@id":"https:\/\/svenskateatern.fi\/fi\/#website"},"datePublished":"2022-02-07T10:51:34+00:00","dateModified":"2024-08-06T13:13:52+00:00","breadcrumb":{"@id":"https:\/\/svenskateatern.fi\/fi\/medialle\/#breadcrumb"},"inLanguage":"fi","potentialAction":[{"@type":"ReadAction","target":["https:\/\/svenskateatern.fi\/fi\/medialle\/"]}]},{"@type":"BreadcrumbList","@id":"https:\/\/svenskateatern.fi\/fi\/medialle\/#breadcrumb","itemListElement":[{"@type":"ListItem","position":1,"name":"Etusivu","item":"https:\/\/svenskateatern.fi\/fi\/"},{"@type":"ListItem","position":2,"name":"Medialle"}]},{"@type":"WebSite","@id":"https:\/\/svenskateatern.fi\/fi\/#website","url":"https:\/\/svenskateatern.fi\/fi\/","name":"Svenska Teatern","description":"","potentialAction":[{"@type":"SearchAction","target":{"@type":"EntryPoint","urlTemplate":"https:\/\/svenskateatern.fi\/fi\/?s={search_term_string}"},"query-input":{"@type":"PropertyValueSpecification","valueRequired":true,"valueName":"search_term_string"}}],"inLanguage":"fi"}]}},"_links":{"self":[{"href":"https:\/\/svenskateatern.fi\/fi\/wp-json\/wp\/v2\/pages\/770","targetHints":{"allow":["GET"]}}],"collection":[{"href":"https:\/\/svenskateatern.fi\/fi\/wp-json\/wp\/v2\/pages"}],"about":[{"href":"https:\/\/svenskateatern.fi\/fi\/wp-json\/wp\/v2\/types\/page"}],"author":[{"embeddable":true,"href":"https:\/\/svenskateatern.fi\/fi\/wp-json\/wp\/v2\/users\/3"}],"replies":[{"embeddable":true,"href":"https:\/\/svenskateatern.fi\/fi\/wp-json\/wp\/v2\/comments?post=770"}],"version-history":[{"count":1,"href":"https:\/\/svenskateatern.fi\/fi\/wp-json\/wp\/v2\/pages\/770\/revisions"}],"predecessor-version":[{"id":21440,"href":"https:\/\/svenskateatern.fi\/fi\/wp-json\/wp\/v2\/pages\/770\/revisions\/21440"}],"wp:attachment":[{"href":"https:\/\/svenskateatern.fi\/fi\/wp-json\/wp\/v2\/media?parent=770"}],"curies":[{"name":"wp","href":"https:\/\/api.w.org\/{rel}","templated":true}]}}