{"id":5835,"date":"2022-08-24T13:57:29","date_gmt":"2022-08-24T10:57:29","guid":{"rendered":"https:\/\/svenskateatern.fi\/?page_id=5835"},"modified":"2025-11-25T15:14:00","modified_gmt":"2025-11-25T12:14:00","slug":"tietoa-verkkomaksuista","status":"publish","type":"page","link":"https:\/\/svenskateatern.fi\/fi\/tietoa-verkkomaksuista\/","title":{"rendered":"Tietoa verkkomaksuista"},"content":{"rendered":"<section id=\"block_5da88264580ea43ac44883f71acad03c_69f5a234dbf73\" class=\"block block-content-wrapper container-fluid bg-white container-fluid\">\n\t<div class=\"container\n\t\t\tshow-all\"\n\t\t>\n\t\t<div class=\"row\">\n\t\t\t<div class=\"col-12 col-lg-8 offset-lg-2 col-hd-6 offset-hd-3\">\n\t\t\t\t<main class=\"entry-content\">\n\t\t\t\t\t\n\n<h1 class=\"wp-block-heading\">Tietoa verkkomaksuista<\/h1>\n\n\n\n<h2 class=\"wp-block-heading\">Maksupalvelutarjoaja<\/h2>\n\n\n\n<p>Maksunv\u00e4lityspalvelun toteuttajana ja maksupalveluntarjoajana toimii&nbsp;Paytrail&nbsp;Oyj (2122839-7) yhteisty\u00f6ss\u00e4 suomalaisten pankkien ja luottolaitosten kanssa.&nbsp;Paytrail&nbsp;Oyj n\u00e4kyy maksun saajana tiliotteella tai korttilaskulla ja v\u00e4litt\u00e4\u00e4 maksun kauppiaalle.&nbsp;Paytrail&nbsp;Oyj:ll\u00e4 on maksulaitoksen toimilupa. Reklamaatiotapauksissa pyyd\u00e4mme ottamaan ensisijaisesti yhteytt\u00e4 tuotteen toimittajaan.<\/p>\n\n\n\n<p>Paytrail&nbsp;Oyj<br>Y-tunnus: 2122839-7<br>Innova 2<br>Lutakonaukio 7<br>40100 Jyv\u00e4skyl\u00e4<br>www.paytrail.com<\/p>\n\n\n\n<h2 class=\"wp-block-heading\"><strong>V\u00e4liaikatarjoilun toimitusehdot<\/strong><\/h2>\n\n\n\n<p>Verkkokaupassa tehdyn tilauksen voi peruuttaa kuluitta, jos peruutus tehd\u00e4\u00e4n 24 tuntia ennen esityksen alkua. Peruaksesi varauksen, ota yhteytt\u00e4 Din Krog -ravintolaan:<\/p>\n\n\n\n<p><strong>S\u00e4hk\u00f6posti<\/strong>&nbsp;paus@dinkrog.fi<\/p>\n\n\n\n<p><strong>Puhelin<\/strong>&nbsp;+358 40 172 0056<\/p>\n\n\n\n<p>Palautamme peruutetun tilauksen maksun 14 p\u00e4iv\u00e4n kuluessa k\u00e4ytetylle maksutavalle.<\/p>\n\n\n\n<p>Pid\u00e4t\u00e4mme oikeuden muutoksiin.<\/p>\n\n\n\n<h2 class=\"wp-block-heading\">Teatterin asiakaspalvelu<\/h2>\n\n\n\n<p>+358 9 6162 1411<br>biljetter@svenskateatern.fi<br><br><strong>Svenska Teatern<\/strong><br>Pohjoisesplanadi 2<br>00130 Helsinki<br>Y-tunnus: 0211103-8<\/p>\n\n\n\n<h2 class=\"wp-block-heading\">Tietosuojaseloste<\/h2>\n\n\n\n<p>Voit lukea Svenska Teaternin tietosuojaselosteen <a href=\"https:\/\/svenskateatern.fi\/fi\/rekisteri-ja-tietosuojaseloste\/\">t\u00e4\u00e4lt\u00e4.<\/a><\/p>\n\n\n\t\t\t\t<\/main>\n\t\t\t<\/div>\n\t\t<\/div>\n\n\t\t\n\t<\/div>\n<\/section>\n","protected":false},"excerpt":{"rendered":"","protected":false},"author":6,"featured_media":0,"parent":0,"menu_order":0,"comment_status":"closed","ping_status":"closed","template":"","meta":{"_acf_changed":false,"_relevanssi_hide_post":"","_relevanssi_hide_content":"","_relevanssi_pin_for_all":"","_relevanssi_pin_keywords":"","_relevanssi_unpin_keywords":"","_relevanssi_related_keywords":"","_relevanssi_related_include_ids":"","_relevanssi_related_exclude_ids":"","_relevanssi_related_no_append":"","_relevanssi_related_not_related":"","_relevanssi_related_posts":"620,614","_relevanssi_noindex_reason":"","footnotes":""},"class_list":["post-5835","page","type-page","status-publish","hentry"],"acf":[],"yoast_head":"<!-- This site is optimized with the Yoast SEO plugin v27.0 - https:\/\/yoast.com\/product\/yoast-seo-wordpress\/ -->\n<title>Tietoa verkkomaksuista - Svenska Teatern<\/title>\n<meta name=\"robots\" content=\"index, follow, max-snippet:-1, max-image-preview:large, max-video-preview:-1\" \/>\n<link rel=\"canonical\" href=\"https:\/\/svenskateatern.fi\/fi\/tietoa-verkkomaksuista\/\" \/>\n<meta property=\"og:locale\" content=\"fi_FI\" \/>\n<meta property=\"og:type\" content=\"article\" \/>\n<meta property=\"og:title\" content=\"Tietoa verkkomaksuista - Svenska Teatern\" \/>\n<meta property=\"og:url\" content=\"https:\/\/svenskateatern.fi\/fi\/tietoa-verkkomaksuista\/\" \/>\n<meta property=\"og:site_name\" content=\"Svenska Teatern\" \/>\n<meta property=\"article:modified_time\" content=\"2025-11-25T12:14:00+00:00\" \/>\n<meta property=\"og:image\" content=\"https:\/\/svenskateatern.fi\/wp-content\/uploads\/2022\/08\/svenska-some.png\" \/>\n\t<meta property=\"og:image:width\" content=\"1200\" \/>\n\t<meta property=\"og:image:height\" content=\"630\" \/>\n\t<meta property=\"og:image:type\" content=\"image\/png\" \/>\n<meta name=\"twitter:card\" content=\"summary_large_image\" \/>\n<meta name=\"twitter:label1\" content=\"Arvioitu lukuaika\" \/>\n\t<meta name=\"twitter:data1\" content=\"2 minuuttia\" \/>\n<script type=\"application\/ld+json\" class=\"yoast-schema-graph\">{\"@context\":\"https:\/\/schema.org\",\"@graph\":[{\"@type\":\"WebPage\",\"@id\":\"https:\/\/svenskateatern.fi\/fi\/tietoa-verkkomaksuista\/\",\"url\":\"https:\/\/svenskateatern.fi\/fi\/tietoa-verkkomaksuista\/\",\"name\":\"Tietoa verkkomaksuista - Svenska Teatern\",\"isPartOf\":{\"@id\":\"https:\/\/svenskateatern.fi\/fi\/#website\"},\"datePublished\":\"2022-08-24T10:57:29+00:00\",\"dateModified\":\"2025-11-25T12:14:00+00:00\",\"breadcrumb\":{\"@id\":\"https:\/\/svenskateatern.fi\/fi\/tietoa-verkkomaksuista\/#breadcrumb\"},\"inLanguage\":\"fi\",\"potentialAction\":[{\"@type\":\"ReadAction\",\"target\":[\"https:\/\/svenskateatern.fi\/fi\/tietoa-verkkomaksuista\/\"]}]},{\"@type\":\"BreadcrumbList\",\"@id\":\"https:\/\/svenskateatern.fi\/fi\/tietoa-verkkomaksuista\/#breadcrumb\",\"itemListElement\":[{\"@type\":\"ListItem\",\"position\":1,\"name\":\"Etusivu\",\"item\":\"https:\/\/svenskateatern.fi\/fi\/\"},{\"@type\":\"ListItem\",\"position\":2,\"name\":\"Tietoa verkkomaksuista\"}]},{\"@type\":\"WebSite\",\"@id\":\"https:\/\/svenskateatern.fi\/fi\/#website\",\"url\":\"https:\/\/svenskateatern.fi\/fi\/\",\"name\":\"Svenska Teatern\",\"description\":\"\",\"potentialAction\":[{\"@type\":\"SearchAction\",\"target\":{\"@type\":\"EntryPoint\",\"urlTemplate\":\"https:\/\/svenskateatern.fi\/fi\/?s={search_term_string}\"},\"query-input\":{\"@type\":\"PropertyValueSpecification\",\"valueRequired\":true,\"valueName\":\"search_term_string\"}}],\"inLanguage\":\"fi\"}]}<\/script>\n<!-- \/ Yoast SEO plugin. -->","yoast_head_json":{"title":"Tietoa verkkomaksuista - Svenska Teatern","robots":{"index":"index","follow":"follow","max-snippet":"max-snippet:-1","max-image-preview":"max-image-preview:large","max-video-preview":"max-video-preview:-1"},"canonical":"https:\/\/svenskateatern.fi\/fi\/tietoa-verkkomaksuista\/","og_locale":"fi_FI","og_type":"article","og_title":"Tietoa verkkomaksuista - Svenska Teatern","og_url":"https:\/\/svenskateatern.fi\/fi\/tietoa-verkkomaksuista\/","og_site_name":"Svenska Teatern","article_modified_time":"2025-11-25T12:14:00+00:00","og_image":[{"width":1200,"height":630,"url":"https:\/\/svenskateatern.fi\/wp-content\/uploads\/2022\/08\/svenska-some.png","type":"image\/png"}],"twitter_card":"summary_large_image","twitter_misc":{"Arvioitu lukuaika":"2 minuuttia"},"schema":{"@context":"https:\/\/schema.org","@graph":[{"@type":"WebPage","@id":"https:\/\/svenskateatern.fi\/fi\/tietoa-verkkomaksuista\/","url":"https:\/\/svenskateatern.fi\/fi\/tietoa-verkkomaksuista\/","name":"Tietoa verkkomaksuista - Svenska Teatern","isPartOf":{"@id":"https:\/\/svenskateatern.fi\/fi\/#website"},"datePublished":"2022-08-24T10:57:29+00:00","dateModified":"2025-11-25T12:14:00+00:00","breadcrumb":{"@id":"https:\/\/svenskateatern.fi\/fi\/tietoa-verkkomaksuista\/#breadcrumb"},"inLanguage":"fi","potentialAction":[{"@type":"ReadAction","target":["https:\/\/svenskateatern.fi\/fi\/tietoa-verkkomaksuista\/"]}]},{"@type":"BreadcrumbList","@id":"https:\/\/svenskateatern.fi\/fi\/tietoa-verkkomaksuista\/#breadcrumb","itemListElement":[{"@type":"ListItem","position":1,"name":"Etusivu","item":"https:\/\/svenskateatern.fi\/fi\/"},{"@type":"ListItem","position":2,"name":"Tietoa verkkomaksuista"}]},{"@type":"WebSite","@id":"https:\/\/svenskateatern.fi\/fi\/#website","url":"https:\/\/svenskateatern.fi\/fi\/","name":"Svenska Teatern","description":"","potentialAction":[{"@type":"SearchAction","target":{"@type":"EntryPoint","urlTemplate":"https:\/\/svenskateatern.fi\/fi\/?s={search_term_string}"},"query-input":{"@type":"PropertyValueSpecification","valueRequired":true,"valueName":"search_term_string"}}],"inLanguage":"fi"}]}},"_links":{"self":[{"href":"https:\/\/svenskateatern.fi\/fi\/wp-json\/wp\/v2\/pages\/5835","targetHints":{"allow":["GET"]}}],"collection":[{"href":"https:\/\/svenskateatern.fi\/fi\/wp-json\/wp\/v2\/pages"}],"about":[{"href":"https:\/\/svenskateatern.fi\/fi\/wp-json\/wp\/v2\/types\/page"}],"author":[{"embeddable":true,"href":"https:\/\/svenskateatern.fi\/fi\/wp-json\/wp\/v2\/users\/6"}],"replies":[{"embeddable":true,"href":"https:\/\/svenskateatern.fi\/fi\/wp-json\/wp\/v2\/comments?post=5835"}],"version-history":[{"count":2,"href":"https:\/\/svenskateatern.fi\/fi\/wp-json\/wp\/v2\/pages\/5835\/revisions"}],"predecessor-version":[{"id":32574,"href":"https:\/\/svenskateatern.fi\/fi\/wp-json\/wp\/v2\/pages\/5835\/revisions\/32574"}],"wp:attachment":[{"href":"https:\/\/svenskateatern.fi\/fi\/wp-json\/wp\/v2\/media?parent=5835"}],"curies":[{"name":"wp","href":"https:\/\/api.w.org\/{rel}","templated":true}]}}