{"id":5325,"date":"2022-08-17T08:44:59","date_gmt":"2022-08-17T08:44:59","guid":{"rendered":"https:\/\/svenskateatern.fi\/?page_id=5325"},"modified":"2024-08-07T13:24:33","modified_gmt":"2024-08-07T10:24:33","slug":"saavutettavuusseloste","status":"publish","type":"page","link":"https:\/\/svenskateatern.fi\/fi\/saavutettavuusseloste\/","title":{"rendered":"Saavutettavuusseloste"},"content":{"rendered":"<section id=\"block_bbdb8cc714d4a5f0137c43bd1335ea3a_69d00cffd83ef\" class=\"block block-content-wrapper container-fluid bg-white container-fluid\">\n\t<div class=\"container\n\t\t\tshow-all\"\n\t\t>\n\t\t<div class=\"row\">\n\t\t\t<div class=\"col-12 col-lg-8 offset-lg-2 col-hd-6 offset-hd-3\">\n\t\t\t\t<main class=\"entry-content\">\n\t\t\t\t\t\n\n<h1 class=\"wp-block-heading\"><strong>T\u00e4m\u00e4 on organisaation Garantif\u00f6reningen f\u00f6r Svenska Teatern rf saavutettavuusseloste<\/strong><\/h1>\n\n\n\n<p><br>T\u00e4m\u00e4 saavutettavuusseloste koskee palvelua www.svenskateatern.fi ja on laadittu \/ p\u00e4ivitetty 26.07.2024. Palvelua koskee laki digitaalisten palvelujen tarjoamisesta, jossa edellytet\u00e4\u00e4n, ett\u00e4 julkisten verkkopalvelujen on oltava saavutettavia.<\/p>\n\n\n\n<p>Palvelun saavutettavuuden on arvioinut ulkopuolinen asiantuntijaorganisaatio<\/p>\n\n\n\n<h2 class=\"wp-block-heading\">Digipalvelun saavutettavuuden tila<\/h2>\n\n\n\n<p>Verkkosivusto t\u00e4ytt\u00e4\u00e4 saavutettavuusvaatimukset eik\u00e4 sivustolla ole kriittisi\u00e4 saavutettavuuspuutteita.<\/p>\n\n\n\n<h2 class=\"wp-block-heading\">Palaute ja yhteystiedot<\/h2>\n\n\n\n<p>Huomasitko saavutettavuuspuutteen digipalvelussamme? Kerro se meille ja teemme parhaamme puutteen korjaamiseksi<\/p>\n\n\n\n<p><strong>Verkkolomakkeella: <\/strong><a href=\"https:\/\/svenskateatern.fi\/fi\/palaute\/\">https:\/\/svenskateatern.fi\/fi\/palaute\/<\/a><\/p>\n\n\n\n<p><strong>S\u00e4hk\u00f6postilla: <\/strong><a href=\"mailto:info@svenskateatern.fi\">info@svenskateatern.fi<\/a><\/p>\n\n\n\n<h2 class=\"wp-block-heading\"><strong>Valvontaviranomainen<\/strong><\/h2>\n\n\n\n<p>Jos huomaat sivustolla saavutettavuusongelmia, anna ensin palautetta meille eli sivuston yll\u00e4pit\u00e4j\u00e4lle. Vastauksessa voi menn\u00e4 14 p\u00e4iv\u00e4\u00e4. Jos et ole tyytyv\u00e4inen saamaasi vastaukseen tai et saa vastausta lainkaan kahden viikon aikana, <a href=\"https:\/\/www.saavutettavuusvaatimukset.fi\/oikeutesi\/\" target=\"_blank\" rel=\"noreferrer noopener\">voit tehd\u00e4 ilmoituksen Etel\u00e4-Suomen aluehallintovirastoon Avautuu uuteen ikkunaan<\/a>. Etel\u00e4-Suomen aluehallintoviraston sivulla kerrotaan tarkasti, miten ilmoituksen voi tehd\u00e4 ja miten asia k\u00e4sitell\u00e4\u00e4n<\/p>\n\n\n\n<h2 class=\"wp-block-heading\"><strong>Valvontaviranomaisen yhteystiedot<\/strong><\/h2>\n\n\n\n<p>Etel\u00e4-Suomen aluehallintovirasto<br>Saavutettavuuden valvonnan yksikk\u00f6<br>www.saavutettavuusvaatimukset.fi<br>saavutettavuus(at)avi.fi<br>puhelinnumero vaihde 0295 016 000<\/p>\n\n\n\t\t\t\t<\/main>\n\t\t\t<\/div>\n\t\t<\/div>\n\n\t\t\n\t<\/div>\n<\/section>\n","protected":false},"excerpt":{"rendered":"","protected":false},"author":3,"featured_media":0,"parent":0,"menu_order":0,"comment_status":"closed","ping_status":"closed","template":"","meta":{"_acf_changed":false,"_relevanssi_hide_post":"","_relevanssi_hide_content":"","_relevanssi_pin_for_all":"","_relevanssi_pin_keywords":"","_relevanssi_unpin_keywords":"","_relevanssi_related_keywords":"","_relevanssi_related_include_ids":"","_relevanssi_related_exclude_ids":"","_relevanssi_related_no_append":"","_relevanssi_related_not_related":"","_relevanssi_related_posts":"614,620","_relevanssi_noindex_reason":"","footnotes":""},"class_list":["post-5325","page","type-page","status-publish","hentry"],"acf":[],"yoast_head":"<!-- This site is optimized with the Yoast SEO plugin v27.0 - https:\/\/yoast.com\/product\/yoast-seo-wordpress\/ -->\n<title>Saavutettavuusseloste - Svenska Teatern<\/title>\n<meta name=\"robots\" content=\"index, follow, max-snippet:-1, max-image-preview:large, max-video-preview:-1\" \/>\n<link rel=\"canonical\" href=\"https:\/\/svenskateatern.fi\/fi\/saavutettavuusseloste\/\" \/>\n<meta property=\"og:locale\" content=\"fi_FI\" \/>\n<meta property=\"og:type\" content=\"article\" \/>\n<meta property=\"og:title\" content=\"Saavutettavuusseloste - Svenska Teatern\" \/>\n<meta property=\"og:url\" content=\"https:\/\/svenskateatern.fi\/fi\/saavutettavuusseloste\/\" \/>\n<meta property=\"og:site_name\" content=\"Svenska Teatern\" \/>\n<meta property=\"article:modified_time\" content=\"2024-08-07T10:24:33+00:00\" \/>\n<meta property=\"og:image\" content=\"https:\/\/svenskateatern.fi\/wp-content\/uploads\/2022\/08\/svenska-some.png\" \/>\n\t<meta property=\"og:image:width\" content=\"1200\" \/>\n\t<meta property=\"og:image:height\" content=\"630\" \/>\n\t<meta property=\"og:image:type\" content=\"image\/png\" \/>\n<meta name=\"twitter:card\" content=\"summary_large_image\" \/>\n<meta name=\"twitter:label1\" content=\"Arvioitu lukuaika\" \/>\n\t<meta name=\"twitter:data1\" content=\"2 minuuttia\" \/>\n<script type=\"application\/ld+json\" class=\"yoast-schema-graph\">{\"@context\":\"https:\/\/schema.org\",\"@graph\":[{\"@type\":\"WebPage\",\"@id\":\"https:\/\/svenskateatern.fi\/fi\/saavutettavuusseloste\/\",\"url\":\"https:\/\/svenskateatern.fi\/fi\/saavutettavuusseloste\/\",\"name\":\"Saavutettavuusseloste - Svenska Teatern\",\"isPartOf\":{\"@id\":\"https:\/\/svenskateatern.fi\/fi\/#website\"},\"datePublished\":\"2022-08-17T08:44:59+00:00\",\"dateModified\":\"2024-08-07T10:24:33+00:00\",\"breadcrumb\":{\"@id\":\"https:\/\/svenskateatern.fi\/fi\/saavutettavuusseloste\/#breadcrumb\"},\"inLanguage\":\"fi\",\"potentialAction\":[{\"@type\":\"ReadAction\",\"target\":[\"https:\/\/svenskateatern.fi\/fi\/saavutettavuusseloste\/\"]}]},{\"@type\":\"BreadcrumbList\",\"@id\":\"https:\/\/svenskateatern.fi\/fi\/saavutettavuusseloste\/#breadcrumb\",\"itemListElement\":[{\"@type\":\"ListItem\",\"position\":1,\"name\":\"Etusivu\",\"item\":\"https:\/\/svenskateatern.fi\/fi\/\"},{\"@type\":\"ListItem\",\"position\":2,\"name\":\"Saavutettavuusseloste\"}]},{\"@type\":\"WebSite\",\"@id\":\"https:\/\/svenskateatern.fi\/fi\/#website\",\"url\":\"https:\/\/svenskateatern.fi\/fi\/\",\"name\":\"Svenska Teatern\",\"description\":\"\",\"potentialAction\":[{\"@type\":\"SearchAction\",\"target\":{\"@type\":\"EntryPoint\",\"urlTemplate\":\"https:\/\/svenskateatern.fi\/fi\/?s={search_term_string}\"},\"query-input\":{\"@type\":\"PropertyValueSpecification\",\"valueRequired\":true,\"valueName\":\"search_term_string\"}}],\"inLanguage\":\"fi\"}]}<\/script>\n<!-- \/ Yoast SEO plugin. -->","yoast_head_json":{"title":"Saavutettavuusseloste - Svenska Teatern","robots":{"index":"index","follow":"follow","max-snippet":"max-snippet:-1","max-image-preview":"max-image-preview:large","max-video-preview":"max-video-preview:-1"},"canonical":"https:\/\/svenskateatern.fi\/fi\/saavutettavuusseloste\/","og_locale":"fi_FI","og_type":"article","og_title":"Saavutettavuusseloste - Svenska Teatern","og_url":"https:\/\/svenskateatern.fi\/fi\/saavutettavuusseloste\/","og_site_name":"Svenska Teatern","article_modified_time":"2024-08-07T10:24:33+00:00","og_image":[{"width":1200,"height":630,"url":"https:\/\/svenskateatern.fi\/wp-content\/uploads\/2022\/08\/svenska-some.png","type":"image\/png"}],"twitter_card":"summary_large_image","twitter_misc":{"Arvioitu lukuaika":"2 minuuttia"},"schema":{"@context":"https:\/\/schema.org","@graph":[{"@type":"WebPage","@id":"https:\/\/svenskateatern.fi\/fi\/saavutettavuusseloste\/","url":"https:\/\/svenskateatern.fi\/fi\/saavutettavuusseloste\/","name":"Saavutettavuusseloste - Svenska Teatern","isPartOf":{"@id":"https:\/\/svenskateatern.fi\/fi\/#website"},"datePublished":"2022-08-17T08:44:59+00:00","dateModified":"2024-08-07T10:24:33+00:00","breadcrumb":{"@id":"https:\/\/svenskateatern.fi\/fi\/saavutettavuusseloste\/#breadcrumb"},"inLanguage":"fi","potentialAction":[{"@type":"ReadAction","target":["https:\/\/svenskateatern.fi\/fi\/saavutettavuusseloste\/"]}]},{"@type":"BreadcrumbList","@id":"https:\/\/svenskateatern.fi\/fi\/saavutettavuusseloste\/#breadcrumb","itemListElement":[{"@type":"ListItem","position":1,"name":"Etusivu","item":"https:\/\/svenskateatern.fi\/fi\/"},{"@type":"ListItem","position":2,"name":"Saavutettavuusseloste"}]},{"@type":"WebSite","@id":"https:\/\/svenskateatern.fi\/fi\/#website","url":"https:\/\/svenskateatern.fi\/fi\/","name":"Svenska Teatern","description":"","potentialAction":[{"@type":"SearchAction","target":{"@type":"EntryPoint","urlTemplate":"https:\/\/svenskateatern.fi\/fi\/?s={search_term_string}"},"query-input":{"@type":"PropertyValueSpecification","valueRequired":true,"valueName":"search_term_string"}}],"inLanguage":"fi"}]}},"_links":{"self":[{"href":"https:\/\/svenskateatern.fi\/fi\/wp-json\/wp\/v2\/pages\/5325","targetHints":{"allow":["GET"]}}],"collection":[{"href":"https:\/\/svenskateatern.fi\/fi\/wp-json\/wp\/v2\/pages"}],"about":[{"href":"https:\/\/svenskateatern.fi\/fi\/wp-json\/wp\/v2\/types\/page"}],"author":[{"embeddable":true,"href":"https:\/\/svenskateatern.fi\/fi\/wp-json\/wp\/v2\/users\/3"}],"replies":[{"embeddable":true,"href":"https:\/\/svenskateatern.fi\/fi\/wp-json\/wp\/v2\/comments?post=5325"}],"version-history":[{"count":5,"href":"https:\/\/svenskateatern.fi\/fi\/wp-json\/wp\/v2\/pages\/5325\/revisions"}],"predecessor-version":[{"id":21519,"href":"https:\/\/svenskateatern.fi\/fi\/wp-json\/wp\/v2\/pages\/5325\/revisions\/21519"}],"wp:attachment":[{"href":"https:\/\/svenskateatern.fi\/fi\/wp-json\/wp\/v2\/media?parent=5325"}],"curies":[{"name":"wp","href":"https:\/\/api.w.org\/{rel}","templated":true}]}}