{"id":4811,"date":"2022-02-15T08:19:32","date_gmt":"2022-02-15T08:19:32","guid":{"rendered":"https:\/\/svenskateatern.fi\/tillganglighet\/"},"modified":"2026-02-26T12:29:14","modified_gmt":"2026-02-26T09:29:14","slug":"saavutettavuus","status":"publish","type":"page","link":"https:\/\/svenskateatern.fi\/fi\/saavutettavuus\/","title":{"rendered":"Saavutettavuus"},"content":{"rendered":"<section id=\"block_a6dd8648629bab0bd237e8bc0a77c126_69cff6537a933\" class=\"block block-content-wrapper container-fluid bg-white container-fluid\">\n\t<div class=\"container\n\t\t\tshow-all\"\n\t\t>\n\t\t<div class=\"row\">\n\t\t\t<div class=\"col-12 col-lg-8 offset-lg-2 col-hd-6 offset-hd-3\">\n\t\t\t\t<main class=\"entry-content\">\n\t\t\t\t\t\n\n<h1 class=\"wp-block-heading\"><strong>Saavutettavuus ja esteett\u00f6myys<\/strong><\/h1>\n\n\n\n<p class=\"is-style-lead\">Teatteritalo ja kaikki teatterin n\u00e4ytt\u00e4m\u00f6t ovat esteett\u00f6mi\u00e4 tiloja. Teatterin esteet\u00f6n sis\u00e4\u00e4nk\u00e4ynti sijaitsee Erottajan puolella teatterin oikeanpuoleisella sis\u00e4\u00e4nk\u00e4ynnill\u00e4.&nbsp;<\/p>\n\n\n\n<h2 class=\"wp-block-heading is-style-default\">Py\u00f6r\u00e4tuolipaikat ja saavutettavuus teatteritalossa<\/h2>\n\n\n\n<p>Suuren n\u00e4ytt\u00e4m\u00f6n kuusi&nbsp;py\u00f6r\u00e4tuolipaikkaa&nbsp;ovat ensimm\u00e4isell\u00e4 parvella.&nbsp;<\/p>\n\n\n\n<p>Suosittelemme ett\u00e4 varaatte liput ensimm\u00e4iselle parvelle, rivit 1-3. N\u00e4iden penkkirivien p\u00e4\u00e4tyihin p\u00e4\u00e4see kulkemaan esteett\u00f6m\u00e4sti. Rollaattorilla p\u00e4\u00e4see saliin saakka (matkan varrella ei ole kynnyksi\u00e4 eik\u00e4 portaita ja hissill\u00e4 p\u00e4\u00e4see parvelle). Turvallisuussyist\u00e4 rollaattori siirret\u00e4\u00e4n esityksen ajaksi parvelle viev\u00e4lle k\u00e4yt\u00e4v\u00e4lle. Yleis\u00f6vastaavamme auttavat teatterillamme tarvittaessa.<\/p>\n\n\n\n<p>AMOS-n\u00e4ytt\u00e4m\u00f6ll\u00e4 on yksi&nbsp;py\u00f6r\u00e4tuolipaikka. <br>NICKEN-n\u00e4ytt\u00e4m\u00f6ll\u00e4 on yksi py\u00f6r\u00e4tuolipaikka.<\/p>\n\n\n\n<p>Talossa on kaksi hissi\u00e4. Niin teatterin oikealta (Erottajan) kuin vasemmalta (Pohoisesplanadin) p\u00e4\u00e4sis\u00e4\u00e4nk\u00e4ynnilt\u00e4 on&nbsp;hissiyhteys Suuren&nbsp;n\u00e4ytt\u00e4m\u00f6n parvekkeille.&nbsp;AMOS- ja NICKEN-n\u00e4ytt\u00e4m\u00f6ille p\u00e4\u00e4see hissill\u00e4 teatterin vasemmalta puolelta, Pohjoisesplanadin puolella.&nbsp;<\/p>\n\n\n\n<h2 class=\"wp-block-heading\"><strong><strong>Esteett\u00f6m\u00e4t WC<\/strong>:t<\/strong><\/h2>\n\n\n\n<p>Esteett\u00f6m\u00e4t WC:t l\u00f6ytyv\u00e4t katutasosta lipunmyynti\u00e4 vastap\u00e4\u00e4t\u00e4 sek\u00e4 AMOS ja NICKEN n\u00e4ytt\u00e4m\u00f6iden yhteydest\u00e4.<\/p>\n\n\n\n<h2 class=\"wp-block-heading is-style-default\">Induktiosilmukka<\/h2>\n\n\n\n<p>Kaikilla teatterin n\u00e4ytt\u00e4m\u00f6ill\u00e4 on k\u00e4yt\u00f6ss\u00e4&nbsp;induktiosilmukka.&nbsp;Lis\u00e4tietoja kuuluvuudesta voi kysy\u00e4 asiakaspalvelusta.<\/p>\n\n\n\n<p><a href=\"https:\/\/svenskateatern.fi\/wp-content\/uploads\/2025\/09\/SvenskaTeatern_Amos_portrait-h.pdf\">Kuuluvuus AMOS-n\u00e4ytt\u00e4m\u00f6ll\u00e4<\/a><\/p>\n\n\n\n<p><a href=\"https:\/\/svenskateatern.fi\/wp-content\/uploads\/2025\/09\/SvenskaTeatern_Parkett_landscape-v.pdf\">Kuuluvuus permannolla, Suurella n\u00e4ytt\u00e4m\u00f6ll\u00e4<\/a><\/p>\n\n\n\n<p><a href=\"https:\/\/svenskateatern.fi\/wp-content\/uploads\/2025\/09\/SvenskaTeatern_Balkong1_landscape-v.pdf\">Kuuluvuus 1. parveke, Suurella n\u00e4ytt\u00e4m\u00f6ll\u00e4<\/a><\/p>\n\n\n\n<p><a href=\"https:\/\/svenskateatern.fi\/wp-content\/uploads\/2025\/09\/SvenkaTeatern_Balkong2_landscape-v.pdf\">Kuuluvuus 2. parveke, Suurella n\u00e4ytt\u00e4m\u00f6ll\u00e4<\/a><\/p>\n\n\n\n<p><a href=\"https:\/\/svenskateatern.fi\/wp-content\/uploads\/2025\/09\/SvenskaTeatern_Balkong3_landscape-v.pdf\">Kuuluvuus 3. parveke, Suurella n\u00e4ytt\u00e4m\u00f6ll\u00e4<\/a><\/p>\n\n\n\n<h2 class=\"wp-block-heading\">Tekstitys<\/h2>\n\n\n\n<p>Kaikki Svenska Teaternin omat&nbsp;n\u00e4ytelm\u00e4t teksitet\u00e4\u00e4n&nbsp;suomeksi sek\u00e4 ruotsiksi ja osa englanniksi. Tuotantokohtaiset tiedot l\u00f6ytyv\u00e4t aina n\u00e4ytelm\u00e4n omalta sivulta.<\/p>\n\n\n\n<p><a href=\"https:\/\/svenskateatern.fi\/fi\/tekstitys\/\">Lue lis\u00e4\u00e4 tekstityksest\u00e4 t\u00e4ss\u00e4<\/a><\/p>\n\n\n\n<h2 class=\"wp-block-heading\">Apuv\u00e4linelaukku<\/h2>\n\n\n\n<p>Teatterilta voi&nbsp;lainata&nbsp;apuv\u00e4linelaukun,&nbsp;joka sis\u00e4lt\u00e4\u00e4&nbsp;keskittymist\u00e4 sek\u00e4 n\u00e4yt\u00f6ksen seuraamista tukevia esineit\u00e4. Laukuissa on m.m. kuulosuojaimet, tasapainotyyny, Tangle -n\u00e4pertelyleluja sek\u00e4 Time Timer kello ajankulun visualisointiin.<\/p>\n\n\n\n<p>Laukkuja on yhteens\u00e4 kolme (3) kappaletta.<\/p>\n\n\n\n<p>Laukun voi varata etuk\u00e4teen teatterin lipunmyynnist\u00e4&nbsp;ja sen saa maksutta&nbsp;lainaan&nbsp;n\u00e4yt\u00f6ksen ajaksi.<\/p>\n\n\n\n<h2 class=\"wp-block-heading\">Kuvakommunikaatiokartta<\/h2>\n\n\n\n<p>Lippukassalla sek\u00e4 aulapalveluhenkil\u00f6kunnalla on k\u00e4yt\u00f6ss\u00e4\u00e4n kuvakommunikaatiokarttoja sek\u00e4 kuvakommunikaation apuv\u00e4lineit\u00e4.<\/p>\n\n\n\n<h2 class=\"wp-block-heading\"><strong><strong>Avustaja mukana esityksess\u00e4<\/strong><\/strong><\/h2>\n\n\n\n<p>Tarvitsetko mukaasi henkil\u00f6kohtaisen avustajan? Avustajalle voi varata maksuttoman paikan lipunmyynnist\u00e4mme. Kysy lis\u00e4tietoja lipun oston yhteydess\u00e4.&nbsp;<\/p>\n\n\n\n<h3 class=\"wp-block-heading\"><strong><strong>Lis\u00e4tietoja saavutettavuudesta ja esteett\u00f6myydest\u00e4<\/strong><\/strong><\/h3>\n\n\n\n<p>Asiakaspalvelumme auttaa kaikissa lis\u00e4kysymyksiss\u00e4.<\/p>\n\n\n\n<h3 class=\"wp-block-heading\"><strong>Saavutettavuusseloste<\/strong><\/h3>\n\n\n\n<p>Svenska Teaternin verkkosivujen saavutettavuusseloste <a href=\"https:\/\/svenskateatern.fi\/fi\/saavutettavuusseloste\/\">l\u00f6ytyy t\u00e4st\u00e4<\/a><a href=\"https:\/\/svenskateatern.fi\/Site\/Data\/2315\/Files\/Kommunikationskarta%20Svenska%20teatern%2023_10_.pdf\" target=\"_blank\" rel=\"noreferrer noopener\"><\/a><\/p>\n\n\n\t\t\t\t<\/main>\n\t\t\t<\/div>\n\t\t<\/div>\n\n\t\t\n\t<\/div>\n<\/section>\n\n\n\n\n","protected":false},"excerpt":{"rendered":"","protected":false},"author":3,"featured_media":0,"parent":0,"menu_order":0,"comment_status":"closed","ping_status":"closed","template":"","meta":{"_acf_changed":false,"_relevanssi_hide_post":"","_relevanssi_hide_content":"","_relevanssi_pin_for_all":"","_relevanssi_pin_keywords":"","_relevanssi_unpin_keywords":"","_relevanssi_related_keywords":"","_relevanssi_related_include_ids":"","_relevanssi_related_exclude_ids":"","_relevanssi_related_no_append":"","_relevanssi_related_not_related":"","_relevanssi_related_posts":"620,603,598,170,618,614","_relevanssi_noindex_reason":"","footnotes":""},"class_list":["post-4811","page","type-page","status-publish","hentry"],"acf":[],"yoast_head":"<!-- This site is optimized with the Yoast SEO plugin v27.0 - https:\/\/yoast.com\/product\/yoast-seo-wordpress\/ -->\n<title>Saavutettavuus - Svenska Teatern<\/title>\n<meta name=\"description\" content=\"Teatteritalo ja kaikki teatterin n\u00e4ytt\u00e4m\u00f6t ovat esteett\u00f6mi\u00e4 tiloja. Teatterin esteet\u00f6n sis\u00e4\u00e4nk\u00e4ynti sijaitsee Erottajan puolella teatterin oikeanpuoleisella sis\u00e4\u00e4nk\u00e4ynnill\u00e4.\u00a0\" \/>\n<meta name=\"robots\" content=\"index, follow, max-snippet:-1, max-image-preview:large, max-video-preview:-1\" \/>\n<link rel=\"canonical\" href=\"https:\/\/svenskateatern.fi\/fi\/saavutettavuus\/\" \/>\n<meta property=\"og:locale\" content=\"fi_FI\" \/>\n<meta property=\"og:type\" content=\"article\" \/>\n<meta property=\"og:title\" content=\"Tillg\u00e4nglighet i teaterhuset och till scenerna\" \/>\n<meta property=\"og:description\" content=\"Information om tillg\u00e4ngligheten till teaterhuset och scenerna, samt information om h\u00f6rselslinga, textning, toaletter och f\u00f6ljeslagare.\" \/>\n<meta property=\"og:url\" content=\"https:\/\/svenskateatern.fi\/fi\/saavutettavuus\/\" \/>\n<meta property=\"og:site_name\" content=\"Svenska Teatern\" \/>\n<meta property=\"article:modified_time\" content=\"2026-02-26T09:29:14+00:00\" \/>\n<meta property=\"og:image\" content=\"https:\/\/svenskateatern.fi\/wp-content\/uploads\/2022\/06\/tillganglighet-hiss.jpg\" \/>\n\t<meta property=\"og:image:width\" content=\"480\" \/>\n\t<meta property=\"og:image:height\" content=\"480\" \/>\n\t<meta property=\"og:image:type\" content=\"image\/jpeg\" \/>\n<meta name=\"twitter:card\" content=\"summary_large_image\" \/>\n<meta name=\"twitter:label1\" content=\"Arvioitu lukuaika\" \/>\n\t<meta name=\"twitter:data1\" content=\"8 minuuttia\" \/>\n<script type=\"application\/ld+json\" class=\"yoast-schema-graph\">{\"@context\":\"https:\/\/schema.org\",\"@graph\":[{\"@type\":\"WebPage\",\"@id\":\"https:\/\/svenskateatern.fi\/fi\/saavutettavuus\/\",\"url\":\"https:\/\/svenskateatern.fi\/fi\/saavutettavuus\/\",\"name\":\"Saavutettavuus - Svenska Teatern\",\"isPartOf\":{\"@id\":\"https:\/\/svenskateatern.fi\/fi\/#website\"},\"primaryImageOfPage\":{\"@id\":\"https:\/\/svenskateatern.fi\/fi\/saavutettavuus\/#primaryimage\"},\"image\":{\"@id\":\"https:\/\/svenskateatern.fi\/fi\/saavutettavuus\/#primaryimage\"},\"thumbnailUrl\":\"https:\/\/svenskateatern.fi\/wp-content\/uploads\/2022\/06\/tillganglighet-hiss.jpg\",\"datePublished\":\"2022-02-15T08:19:32+00:00\",\"dateModified\":\"2026-02-26T09:29:14+00:00\",\"description\":\"Teatteritalo ja kaikki teatterin n\u00e4ytt\u00e4m\u00f6t ovat esteett\u00f6mi\u00e4 tiloja. Teatterin esteet\u00f6n sis\u00e4\u00e4nk\u00e4ynti sijaitsee Erottajan puolella teatterin oikeanpuoleisella sis\u00e4\u00e4nk\u00e4ynnill\u00e4.\u00a0\",\"breadcrumb\":{\"@id\":\"https:\/\/svenskateatern.fi\/fi\/saavutettavuus\/#breadcrumb\"},\"inLanguage\":\"fi\",\"potentialAction\":[{\"@type\":\"ReadAction\",\"target\":[\"https:\/\/svenskateatern.fi\/fi\/saavutettavuus\/\"]}]},{\"@type\":\"ImageObject\",\"inLanguage\":\"fi\",\"@id\":\"https:\/\/svenskateatern.fi\/fi\/saavutettavuus\/#primaryimage\",\"url\":\"https:\/\/svenskateatern.fi\/wp-content\/uploads\/2022\/06\/tillganglighet-hiss.jpg\",\"contentUrl\":\"https:\/\/svenskateatern.fi\/wp-content\/uploads\/2022\/06\/tillganglighet-hiss.jpg\"},{\"@type\":\"BreadcrumbList\",\"@id\":\"https:\/\/svenskateatern.fi\/fi\/saavutettavuus\/#breadcrumb\",\"itemListElement\":[{\"@type\":\"ListItem\",\"position\":1,\"name\":\"Etusivu\",\"item\":\"https:\/\/svenskateatern.fi\/fi\/\"},{\"@type\":\"ListItem\",\"position\":2,\"name\":\"Saavutettavuus\"}]},{\"@type\":\"WebSite\",\"@id\":\"https:\/\/svenskateatern.fi\/fi\/#website\",\"url\":\"https:\/\/svenskateatern.fi\/fi\/\",\"name\":\"Svenska Teatern\",\"description\":\"\",\"potentialAction\":[{\"@type\":\"SearchAction\",\"target\":{\"@type\":\"EntryPoint\",\"urlTemplate\":\"https:\/\/svenskateatern.fi\/fi\/?s={search_term_string}\"},\"query-input\":{\"@type\":\"PropertyValueSpecification\",\"valueRequired\":true,\"valueName\":\"search_term_string\"}}],\"inLanguage\":\"fi\"}]}<\/script>\n<!-- \/ Yoast SEO plugin. -->","yoast_head_json":{"title":"Saavutettavuus - Svenska Teatern","description":"Teatteritalo ja kaikki teatterin n\u00e4ytt\u00e4m\u00f6t ovat esteett\u00f6mi\u00e4 tiloja. Teatterin esteet\u00f6n sis\u00e4\u00e4nk\u00e4ynti sijaitsee Erottajan puolella teatterin oikeanpuoleisella sis\u00e4\u00e4nk\u00e4ynnill\u00e4.\u00a0","robots":{"index":"index","follow":"follow","max-snippet":"max-snippet:-1","max-image-preview":"max-image-preview:large","max-video-preview":"max-video-preview:-1"},"canonical":"https:\/\/svenskateatern.fi\/fi\/saavutettavuus\/","og_locale":"fi_FI","og_type":"article","og_title":"Tillg\u00e4nglighet i teaterhuset och till scenerna","og_description":"Information om tillg\u00e4ngligheten till teaterhuset och scenerna, samt information om h\u00f6rselslinga, textning, toaletter och f\u00f6ljeslagare.","og_url":"https:\/\/svenskateatern.fi\/fi\/saavutettavuus\/","og_site_name":"Svenska Teatern","article_modified_time":"2026-02-26T09:29:14+00:00","og_image":[{"width":480,"height":480,"url":"https:\/\/svenskateatern.fi\/wp-content\/uploads\/2022\/06\/tillganglighet-hiss.jpg","type":"image\/jpeg"}],"twitter_card":"summary_large_image","twitter_misc":{"Arvioitu lukuaika":"8 minuuttia"},"schema":{"@context":"https:\/\/schema.org","@graph":[{"@type":"WebPage","@id":"https:\/\/svenskateatern.fi\/fi\/saavutettavuus\/","url":"https:\/\/svenskateatern.fi\/fi\/saavutettavuus\/","name":"Saavutettavuus - Svenska Teatern","isPartOf":{"@id":"https:\/\/svenskateatern.fi\/fi\/#website"},"primaryImageOfPage":{"@id":"https:\/\/svenskateatern.fi\/fi\/saavutettavuus\/#primaryimage"},"image":{"@id":"https:\/\/svenskateatern.fi\/fi\/saavutettavuus\/#primaryimage"},"thumbnailUrl":"https:\/\/svenskateatern.fi\/wp-content\/uploads\/2022\/06\/tillganglighet-hiss.jpg","datePublished":"2022-02-15T08:19:32+00:00","dateModified":"2026-02-26T09:29:14+00:00","description":"Teatteritalo ja kaikki teatterin n\u00e4ytt\u00e4m\u00f6t ovat esteett\u00f6mi\u00e4 tiloja. Teatterin esteet\u00f6n sis\u00e4\u00e4nk\u00e4ynti sijaitsee Erottajan puolella teatterin oikeanpuoleisella sis\u00e4\u00e4nk\u00e4ynnill\u00e4.\u00a0","breadcrumb":{"@id":"https:\/\/svenskateatern.fi\/fi\/saavutettavuus\/#breadcrumb"},"inLanguage":"fi","potentialAction":[{"@type":"ReadAction","target":["https:\/\/svenskateatern.fi\/fi\/saavutettavuus\/"]}]},{"@type":"ImageObject","inLanguage":"fi","@id":"https:\/\/svenskateatern.fi\/fi\/saavutettavuus\/#primaryimage","url":"https:\/\/svenskateatern.fi\/wp-content\/uploads\/2022\/06\/tillganglighet-hiss.jpg","contentUrl":"https:\/\/svenskateatern.fi\/wp-content\/uploads\/2022\/06\/tillganglighet-hiss.jpg"},{"@type":"BreadcrumbList","@id":"https:\/\/svenskateatern.fi\/fi\/saavutettavuus\/#breadcrumb","itemListElement":[{"@type":"ListItem","position":1,"name":"Etusivu","item":"https:\/\/svenskateatern.fi\/fi\/"},{"@type":"ListItem","position":2,"name":"Saavutettavuus"}]},{"@type":"WebSite","@id":"https:\/\/svenskateatern.fi\/fi\/#website","url":"https:\/\/svenskateatern.fi\/fi\/","name":"Svenska Teatern","description":"","potentialAction":[{"@type":"SearchAction","target":{"@type":"EntryPoint","urlTemplate":"https:\/\/svenskateatern.fi\/fi\/?s={search_term_string}"},"query-input":{"@type":"PropertyValueSpecification","valueRequired":true,"valueName":"search_term_string"}}],"inLanguage":"fi"}]}},"_links":{"self":[{"href":"https:\/\/svenskateatern.fi\/fi\/wp-json\/wp\/v2\/pages\/4811","targetHints":{"allow":["GET"]}}],"collection":[{"href":"https:\/\/svenskateatern.fi\/fi\/wp-json\/wp\/v2\/pages"}],"about":[{"href":"https:\/\/svenskateatern.fi\/fi\/wp-json\/wp\/v2\/types\/page"}],"author":[{"embeddable":true,"href":"https:\/\/svenskateatern.fi\/fi\/wp-json\/wp\/v2\/users\/3"}],"replies":[{"embeddable":true,"href":"https:\/\/svenskateatern.fi\/fi\/wp-json\/wp\/v2\/comments?post=4811"}],"version-history":[{"count":12,"href":"https:\/\/svenskateatern.fi\/fi\/wp-json\/wp\/v2\/pages\/4811\/revisions"}],"predecessor-version":[{"id":34913,"href":"https:\/\/svenskateatern.fi\/fi\/wp-json\/wp\/v2\/pages\/4811\/revisions\/34913"}],"wp:attachment":[{"href":"https:\/\/svenskateatern.fi\/fi\/wp-json\/wp\/v2\/media?parent=4811"}],"curies":[{"name":"wp","href":"https:\/\/api.w.org\/{rel}","templated":true}]}}