{"id":32949,"date":"2025-12-05T12:09:44","date_gmt":"2025-12-05T09:09:44","guid":{"rendered":"https:\/\/svenskateatern.fi\/?page_id=32949"},"modified":"2026-01-22T14:23:41","modified_gmt":"2026-01-22T11:23:41","slug":"ilmaiseksi-teatteriin","status":"publish","type":"page","link":"https:\/\/svenskateatern.fi\/fi\/ilmaiseksi-teatteriin\/","title":{"rendered":"Ilmaiseksi teatteriin"},"content":{"rendered":"<section id=\"block_124ebaf2aedef41f9396c0cfb6f4cb2e_69f22d8b4425b\" class=\"block block-content-wrapper container-fluid bg-black container-fluid is-style-wide\">\n\t<div class=\"container\n\t\t\tshow-all\"\n\t\t>\n\t\t<div class=\"row\">\n\t\t\t<div class=\"col col-12\">\n\t\t\t\t<main class=\"entry-content\">\n\t\t\t\t\t\n\n<figure class=\"wp-block-embed is-type-video is-provider-youtube wp-block-embed-youtube wp-embed-aspect-16-9 wp-has-aspect-ratio\"><div class=\"wp-block-embed__wrapper\">\n<div class=\"oembed oembed-youtube\">  <div class='consent-placeholder cookieconsent-optout-marketing' onclick='Cookiebot.renew()'>  <img src='https:\/\/i.ytimg.com\/vi\/UvX9GSK_WkM\/hqdefault.jpg' alt=''>  <div class='text-and-button'>  <p class='consent-text'><\/p>  <button type='button' class='wp-block-button__link'><\/button>  <\/div>  <\/div><iframe title=\"Ronja R\u00f6vardotter p\u00e5 Svenska Teatern!\" width=\"840\" height=\"473\" data-cookieblock-src=\"https:\/\/www.youtube.com\/embed\/UvX9GSK_WkM?feature=oembed&#038;autoplay=1&#038;mute=1\" data-cookieconsent=\"marketing\" frameborder=\"0\" allow=\"accelerometer; autoplay; clipboard-write; encrypted-media; gyroscope; picture-in-picture; web-share\" referrerpolicy=\"strict-origin-when-cross-origin\" allowfullscreen><\/iframe><\/div>\n<\/div><\/figure>\n\n\n\t\t\t\t<\/main>\n\t\t\t<\/div>\n\t\t<\/div>\n\n\t\t\n\t<\/div>\n<\/section>\n\n\n<section id=\"block_bcd7d72aa93135b0aeff78adc83d9785_69f22d8b47359\" class=\"block block-content-wrapper container-fluid bg-white container-fluid\">\n\t<div class=\"container\n\t\t\tshow-all\"\n\t\t>\n\t\t<div class=\"row\">\n\t\t\t<div class=\"col-12 col-lg-8 offset-lg-2 col-hd-6 offset-hd-3\">\n\t\t\t\t<main class=\"entry-content\">\n\t\t\t\t\t\n\n<h1 class=\"wp-block-heading\">Kiva ett\u00e4 l\u00f6ysit t\u00e4nne!<\/h1>\n\n\n\n<p class=\"is-style-lead\">Kiva ett\u00e4 haluut olla mukana tekem\u00e4ssa teatterista monipuolisempaa! Svenska Teatern jakaa lippuja Ronja R\u00f6vardotter-n\u00e4ytelm\u00e4\u00e4n &#8211; ja kyll\u00e4, saat ILMAISEN lipun! <\/p>\n\n\n\n<p>Ainoa mit\u00e4 sinun tarvitsee tehd\u00e4: k\u00e4y katsomassa n\u00e4yt\u00f6s ja vastaa sen j\u00e4lkeen asiakaskyselyn muutamaan kysymykseen. Asiakaskysely tulee suoraan s\u00e4hk\u00f6postiosoitteesi. Vastaukset ovat anonyymej\u00e4, joten ei stressi\u00e4. Projekti keskittyy lis\u00e4\u00e4m\u00e4\u00e4n monimuotoisuutta sek\u00e4 lavalla ett\u00e4 yleis\u00f6ss\u00e4 \u2013 ja sinun mielipiteesi on t\u00e4rke\u00e4!<\/p>\n\n\n\n<p>Esityskieli on ruotsi mutta huolehdimme siit\u00e4 ett\u00e4 n\u00e4et hyvin tekstityksen n\u00e4ytt\u00e4m\u00f6n yl\u00e4puolella.<\/p>\n\n\n\n<p>Vinkkaa my\u00f6s kaverille, joka haluaisi n\u00e4hd\u00e4 t\u00e4m\u00e4n super suositun esityksen!<\/p>\n\n\n\n\n\t\t\t\t<\/main>\n\t\t\t<\/div>\n\t\t<\/div>\n\n\t\t\n\t<\/div>\n<\/section>\n\n\n\n<section class=\"block block-image-beside-content container-fluid container-fluid bg-white\">\n    <div class=\"container\">\n        <div class=\"row\">\n            <div class=\"col-12 col-md-6 image-col\">\n                <div class=\"align-items-center\">\n                                            <img decoding=\"async\" src=\"https:\/\/svenskateatern.fi\/wp-content\/uploads\/2023\/09\/Ronja-Rovardotter-Cirko-039-v2.jpg\" width=\"1607\" height=\"2048\" alt=\"\" loading=\"lazy\">                                    <\/div>\n            <\/div>\n            <div class=\"col-12 col-md-6 text-col\">\n                <div class=\"align-items-center\">\n                    <main class=\"entry-content\">\n                        \n\n<h2 class=\"wp-block-heading\">Miten voin valmistautua?<\/h2>\n\n\n\n<p class=\"is-style-lead\">T\u00e4\u00e4ll\u00e4 kerromme, mit\u00e4 on hyv\u00e4 tiet\u00e4\u00e4 ennen teatteriin tuloa, madallamme kynnyst\u00e4 \u2013 t\u00e4nne on helppo tulla ja olet tervetullut juuri sellaisena kuin olet. Katso my\u00f6s UKK.<\/p>\n\n\n\n<ul class=\"wp-block-list\">\n<li><strong>Miten pukeutua?<\/strong> Ei huolta \u2013 olet tervetullut sellaisena kuin olet, kunhan olet pukeutunut.<\/li>\n\n\n\n<li><strong>Milloin kannattaa tulla?<\/strong> Suosittelemme tulemaan ajoissa, niin ehdit tutustua upeaan teatterirakennukseen. Ovet avataan 45 min ennen ja salin ovet noin 10 min ennen esityst\u00e4 (kuuluu kuulutus).<\/li>\n\n\n\n<li><strong>Mit\u00e4 tehd\u00e4 v\u00e4liajalla?<\/strong> K\u00e4y katsomassa yksi Helsingin kauneimmista vessoista, tilaa jotain hyv\u00e4\u00e4 kahvilasta tai nappaa selfie! Jos jaat kuvia, t\u00e4g\u00e4\u00e4 meid\u00e4t: @svenskateatern #svenskateatern.<\/li>\n<\/ul>\n\n\n                    <\/main>\n                <\/div>\n            <\/div>\n        <\/div>\n    <\/div>\n<\/section>\n\n\n<section id=\"block_071db4be15800854637ff13f1d6c268c_69f22d8b47f51\" class=\"block block-content-wrapper container-fluid bg-cream container-fluid\">\n\t<div class=\"container\n\t\t\tshow-all\"\n\t\t>\n\t\t<div class=\"row\">\n\t\t\t<div class=\"col-12 col-lg-8 offset-lg-2 col-hd-6 offset-hd-3\">\n\t\t\t\t<main class=\"entry-content\">\n\t\t\t\t\t\n\n<h2 class=\"wp-block-heading\">Projektista<\/h2>\n\n\n\n<p>Maailma on yh\u00e4 monimuotoisempi &#8211; ja teatterin pit\u00e4\u00e4 pysy\u00e4 mukana! \ud83c\udfad Svenska Teatern toteuttaa hankkeen, jonka tavoitteena on tehd\u00e4 lavasta ja yleis\u00f6st\u00e4 entist\u00e4 inklusiivisempi. Hanke haastaa vanhat normit, kuten valkoisuuden normin, heteronormatiivisuuden, oletuksen \u00e4idinkielest\u00e4 (ruotsi\/suomi) ja korkeasta koulutuksesta.<\/p>\n\n\n\n<p><strong>Tavoite?<\/strong> Kest\u00e4v\u00e4mpi teatteri, joka rakentuu kolmelle peruspilarille: <strong>Yleis\u00f6, Taide ja Ty\u00f6yhteis\u00f6<\/strong>.<br>Tutkimushanke kest\u00e4\u00e4 kolme vuotta ja sit\u00e4 tukee Jane ja Aatos Erkon s\u00e4\u00e4ti\u00f6.<\/p>\n\n\n\n<p>Lue lis\u00e4\u00e4: <a href=\"https:\/\/jaes.fi\/aihealueet\/taide-ja-kulttuuri\/yhteiskunnan-peilia-puhdistamassa\/\">Yhteiskunnan peili\u00e4 puhdistamassa &#8211; Jane ja Aatos Erkon s\u00e4\u00e4ti\u00f6<\/a><\/p>\n\n\n\t\t\t\t<\/main>\n\t\t\t<\/div>\n\t\t<\/div>\n\n\t\t\n\t<\/div>\n<\/section>\n","protected":false},"excerpt":{"rendered":"","protected":false},"author":29,"featured_media":0,"parent":0,"menu_order":0,"comment_status":"closed","ping_status":"closed","template":"","meta":{"_acf_changed":false,"_relevanssi_hide_post":"","_relevanssi_hide_content":"","_relevanssi_pin_for_all":"","_relevanssi_pin_keywords":"","_relevanssi_unpin_keywords":"","_relevanssi_related_keywords":"","_relevanssi_related_include_ids":"","_relevanssi_related_exclude_ids":"","_relevanssi_related_no_append":"","_relevanssi_related_not_related":"","_relevanssi_related_posts":"11423,12188,9233,30236,12764,9519","_relevanssi_noindex_reason":"","footnotes":""},"class_list":["post-32949","page","type-page","status-publish","hentry"],"acf":[],"yoast_head":"<!-- This site is optimized with the Yoast SEO plugin v27.0 - https:\/\/yoast.com\/product\/yoast-seo-wordpress\/ -->\n<title>Ilmaiseksi teatteriin - Svenska Teatern<\/title>\n<meta name=\"robots\" content=\"index, follow, max-snippet:-1, max-image-preview:large, max-video-preview:-1\" \/>\n<link rel=\"canonical\" href=\"https:\/\/svenskateatern.fi\/fi\/ilmaiseksi-teatteriin\/\" \/>\n<meta property=\"og:locale\" content=\"fi_FI\" \/>\n<meta property=\"og:type\" content=\"article\" \/>\n<meta property=\"og:title\" content=\"Ilmaiseksi teatteriin - Svenska Teatern\" \/>\n<meta property=\"og:url\" content=\"https:\/\/svenskateatern.fi\/fi\/ilmaiseksi-teatteriin\/\" \/>\n<meta property=\"og:site_name\" content=\"Svenska Teatern\" \/>\n<meta property=\"article:modified_time\" content=\"2026-01-22T11:23:41+00:00\" \/>\n<meta property=\"og:image\" content=\"https:\/\/svenskateatern.fi\/wp-content\/uploads\/2022\/08\/svenska-some.png\" \/>\n\t<meta property=\"og:image:width\" content=\"1200\" \/>\n\t<meta property=\"og:image:height\" content=\"630\" \/>\n\t<meta property=\"og:image:type\" content=\"image\/png\" \/>\n<meta name=\"twitter:card\" content=\"summary_large_image\" \/>\n<meta name=\"twitter:label1\" content=\"Arvioitu lukuaika\" \/>\n\t<meta name=\"twitter:data1\" content=\"3 minuuttia\" \/>\n<script type=\"application\/ld+json\" class=\"yoast-schema-graph\">{\"@context\":\"https:\/\/schema.org\",\"@graph\":[{\"@type\":\"WebPage\",\"@id\":\"https:\/\/svenskateatern.fi\/fi\/ilmaiseksi-teatteriin\/\",\"url\":\"https:\/\/svenskateatern.fi\/fi\/ilmaiseksi-teatteriin\/\",\"name\":\"Ilmaiseksi teatteriin - Svenska Teatern\",\"isPartOf\":{\"@id\":\"https:\/\/svenskateatern.fi\/fi\/#website\"},\"datePublished\":\"2025-12-05T09:09:44+00:00\",\"dateModified\":\"2026-01-22T11:23:41+00:00\",\"breadcrumb\":{\"@id\":\"https:\/\/svenskateatern.fi\/fi\/ilmaiseksi-teatteriin\/#breadcrumb\"},\"inLanguage\":\"fi\",\"potentialAction\":[{\"@type\":\"ReadAction\",\"target\":[\"https:\/\/svenskateatern.fi\/fi\/ilmaiseksi-teatteriin\/\"]}]},{\"@type\":\"BreadcrumbList\",\"@id\":\"https:\/\/svenskateatern.fi\/fi\/ilmaiseksi-teatteriin\/#breadcrumb\",\"itemListElement\":[{\"@type\":\"ListItem\",\"position\":1,\"name\":\"Etusivu\",\"item\":\"https:\/\/svenskateatern.fi\/fi\/\"},{\"@type\":\"ListItem\",\"position\":2,\"name\":\"Ilmaiseksi teatteriin\"}]},{\"@type\":\"WebSite\",\"@id\":\"https:\/\/svenskateatern.fi\/fi\/#website\",\"url\":\"https:\/\/svenskateatern.fi\/fi\/\",\"name\":\"Svenska Teatern\",\"description\":\"\",\"potentialAction\":[{\"@type\":\"SearchAction\",\"target\":{\"@type\":\"EntryPoint\",\"urlTemplate\":\"https:\/\/svenskateatern.fi\/fi\/?s={search_term_string}\"},\"query-input\":{\"@type\":\"PropertyValueSpecification\",\"valueRequired\":true,\"valueName\":\"search_term_string\"}}],\"inLanguage\":\"fi\"}]}<\/script>\n<!-- \/ Yoast SEO plugin. -->","yoast_head_json":{"title":"Ilmaiseksi teatteriin - Svenska Teatern","robots":{"index":"index","follow":"follow","max-snippet":"max-snippet:-1","max-image-preview":"max-image-preview:large","max-video-preview":"max-video-preview:-1"},"canonical":"https:\/\/svenskateatern.fi\/fi\/ilmaiseksi-teatteriin\/","og_locale":"fi_FI","og_type":"article","og_title":"Ilmaiseksi teatteriin - Svenska Teatern","og_url":"https:\/\/svenskateatern.fi\/fi\/ilmaiseksi-teatteriin\/","og_site_name":"Svenska Teatern","article_modified_time":"2026-01-22T11:23:41+00:00","og_image":[{"width":1200,"height":630,"url":"https:\/\/svenskateatern.fi\/wp-content\/uploads\/2022\/08\/svenska-some.png","type":"image\/png"}],"twitter_card":"summary_large_image","twitter_misc":{"Arvioitu lukuaika":"3 minuuttia"},"schema":{"@context":"https:\/\/schema.org","@graph":[{"@type":"WebPage","@id":"https:\/\/svenskateatern.fi\/fi\/ilmaiseksi-teatteriin\/","url":"https:\/\/svenskateatern.fi\/fi\/ilmaiseksi-teatteriin\/","name":"Ilmaiseksi teatteriin - Svenska Teatern","isPartOf":{"@id":"https:\/\/svenskateatern.fi\/fi\/#website"},"datePublished":"2025-12-05T09:09:44+00:00","dateModified":"2026-01-22T11:23:41+00:00","breadcrumb":{"@id":"https:\/\/svenskateatern.fi\/fi\/ilmaiseksi-teatteriin\/#breadcrumb"},"inLanguage":"fi","potentialAction":[{"@type":"ReadAction","target":["https:\/\/svenskateatern.fi\/fi\/ilmaiseksi-teatteriin\/"]}]},{"@type":"BreadcrumbList","@id":"https:\/\/svenskateatern.fi\/fi\/ilmaiseksi-teatteriin\/#breadcrumb","itemListElement":[{"@type":"ListItem","position":1,"name":"Etusivu","item":"https:\/\/svenskateatern.fi\/fi\/"},{"@type":"ListItem","position":2,"name":"Ilmaiseksi teatteriin"}]},{"@type":"WebSite","@id":"https:\/\/svenskateatern.fi\/fi\/#website","url":"https:\/\/svenskateatern.fi\/fi\/","name":"Svenska Teatern","description":"","potentialAction":[{"@type":"SearchAction","target":{"@type":"EntryPoint","urlTemplate":"https:\/\/svenskateatern.fi\/fi\/?s={search_term_string}"},"query-input":{"@type":"PropertyValueSpecification","valueRequired":true,"valueName":"search_term_string"}}],"inLanguage":"fi"}]}},"_links":{"self":[{"href":"https:\/\/svenskateatern.fi\/fi\/wp-json\/wp\/v2\/pages\/32949","targetHints":{"allow":["GET"]}}],"collection":[{"href":"https:\/\/svenskateatern.fi\/fi\/wp-json\/wp\/v2\/pages"}],"about":[{"href":"https:\/\/svenskateatern.fi\/fi\/wp-json\/wp\/v2\/types\/page"}],"author":[{"embeddable":true,"href":"https:\/\/svenskateatern.fi\/fi\/wp-json\/wp\/v2\/users\/29"}],"replies":[{"embeddable":true,"href":"https:\/\/svenskateatern.fi\/fi\/wp-json\/wp\/v2\/comments?post=32949"}],"version-history":[{"count":14,"href":"https:\/\/svenskateatern.fi\/fi\/wp-json\/wp\/v2\/pages\/32949\/revisions"}],"predecessor-version":[{"id":33942,"href":"https:\/\/svenskateatern.fi\/fi\/wp-json\/wp\/v2\/pages\/32949\/revisions\/33942"}],"wp:attachment":[{"href":"https:\/\/svenskateatern.fi\/fi\/wp-json\/wp\/v2\/media?parent=32949"}],"curies":[{"name":"wp","href":"https:\/\/api.w.org\/{rel}","templated":true}]}}