{"id":32224,"date":"2025-11-13T13:55:43","date_gmt":"2025-11-13T10:55:43","guid":{"rendered":"https:\/\/svenskateatern.fi\/?page_id=32224"},"modified":"2026-04-17T13:28:06","modified_gmt":"2026-04-17T10:28:06","slug":"neuloen-nayttamolle","status":"publish","type":"page","link":"https:\/\/svenskateatern.fi\/fi\/neuloen-nayttamolle\/","title":{"rendered":"neuloen n\u00e4ytt\u00e4m\u00f6lle"},"content":{"rendered":"<section id=\"block_cf3bd8a7182d9a73f28995e620833005_69f7ff0507cce\" class=\"block block-content-wrapper container-fluid bg-white container-fluid\">\n\t<div class=\"container\n\t\t\tshow-all\"\n\t\t>\n\t\t<div class=\"row\">\n\t\t\t<div class=\"col-12 col-lg-8 offset-lg-2 col-hd-6 offset-hd-3\">\n\t\t\t\t<main class=\"entry-content\">\n\t\t\t\t\t\n\n<figure class=\"wp-block-image size-large\"><img loading=\"lazy\" decoding=\"async\" width=\"1024\" height=\"640\" src=\"https:\/\/svenskateatern.fi\/wp-content\/uploads\/2025\/11\/Angla-stickasticka-artikel_02fin-1024x640.png\" alt=\"\" class=\"wp-image-32204\" srcset=\"https:\/\/svenskateatern.fi\/wp-content\/uploads\/2025\/11\/Angla-stickasticka-artikel_02fin-1024x640.png 1024w, https:\/\/svenskateatern.fi\/wp-content\/uploads\/2025\/11\/Angla-stickasticka-artikel_02fin-300x188.png 300w, https:\/\/svenskateatern.fi\/wp-content\/uploads\/2025\/11\/Angla-stickasticka-artikel_02fin-768x480.png 768w, https:\/\/svenskateatern.fi\/wp-content\/uploads\/2025\/11\/Angla-stickasticka-artikel_02fin.png 1200w\" sizes=\"auto, (max-width: 575px) 100vw, (max-width: 767px) 510px, (max-width: 991px) 290px, (max-width: 1199px) 530px, 840px\" \/><\/figure>\n\n\n\n<p><\/p>\n\n\n\n<p class=\"is-style-lead\">\u00c4nglag\u00e5rd-musikaalin yleis\u00f6ty\u00f6projekti\u00a0kutsuttiin mukaan neulomaan teatteriin!\u00a0<\/p>\n\n\n\n<p>Svenska Teaternin seuraava musikaali on\u202f<em>\u00c4nglag\u00e5rd,<\/em>\u202fjonka Suomen kantaesitys on syyskuussa 2026. Tiesitk\u00f6, ett\u00e4 musikaalissa neulotaan lavalla ja neulomisen terapeuttiselle vaikutukselle on omistettu my\u00f6s oma laulunumero? Esitys perustuu Colin&nbsp;Nutleyn&nbsp;legendaariseen ruotsalaiseen menestyselokuvaan vuodelta 1992, ja ys\u00e4rilt\u00e4 tutut pastelliv\u00e4rit tulevat n\u00e4kym\u00e4\u00e4n lavalla yhteis\u00f6llisen\u00e4 neuletaideteoksena.\u202f\u202f&nbsp;<\/p>\n\n\n\n<p>Projekti on p\u00e4\u00e4ttynyt.&nbsp;Tutustu Svenska&nbsp;YLE:n&nbsp;uutisjuttuihin Neuloen n\u00e4ytt\u00e4m\u00f6lle -projektista (ruotsiksi):&nbsp;<\/p>\n\n\n\n<p><a href=\"https:\/\/areena.yle.fi\/1-77301855?seek=1800\" type=\"link\" id=\"https:\/\/areena.yle.fi\/1-77301855?seek=1800\">KUUNTELE<\/a><\/p>\n\n\n\n<p><a href=\"https:\/\/yle.fi\/a\/7-10094032\" type=\"link\" id=\"https:\/\/yle.fi\/a\/7-10094032\">LUE ARTIKKELI<\/a><\/p>\n\n\n\n<p><strong>Suuret kiitokset kaikille innokkaille neulojille!<\/strong>&nbsp;<br>&nbsp;<br>Yhdess\u00e4 neulominen on todella t\u00e4ytt\u00e4nyt talomme l\u00e4mm\u00f6ll\u00e4, yhteis\u00f6llisyydell\u00e4 ja ilolla.&nbsp;Viel\u00e4 on aikaa 30.4. asti neuloa tapaamisissa saatu lanka loppuun&nbsp;ja palauttaa&nbsp;valmiit neuleet&nbsp;teatterille.&nbsp;<\/p>\n\n\n\t\t\t\t<\/main>\n\t\t\t<\/div>\n\t\t<\/div>\n\n\t\t\n\t<\/div>\n<\/section>\n\n\n<section id=\"block_ecf61413e54c03555d662b28050464b5_69f7ff050803e\" class=\"block block-content-wrapper container-fluid bg-cream container-fluid\">\n\t<div class=\"container\n\t\t\tshow-all\"\n\t\t>\n\t\t<div class=\"row\">\n\t\t\t<div class=\"col-12 col-lg-8 offset-lg-2 col-hd-6 offset-hd-3\">\n\t\t\t\t<main class=\"entry-content\">\n\t\t\t\t\t\n\n<h3 class=\"wp-block-heading\"><strong>Neuleiden&nbsp;palautus&nbsp;30.4. menness\u00e4<\/strong><\/h3>\n\n\n\n<ul class=\"wp-block-list\">\n<li>Neulo&nbsp;saamasi&nbsp;ker\u00e4 loppuun ja p\u00e4\u00e4ttele neule tavalliseen tapaan. Katso ohjevideo p\u00e4\u00e4ttelyst\u00e4 t\u00e4\u00e4lt\u00e4:&nbsp;<em>linkki.&nbsp;<\/em>Palauta neulety\u00f6 teatterin lipunmyyntikassalle.&nbsp;<\/li>\n<\/ul>\n\n\n\n<ul class=\"wp-block-list\">\n<li>Pyyd\u00e4mme yst\u00e4v\u00e4llisesti, ett\u00e4 valmiit neuleet palautetaan viimeist\u00e4\u00e4n&nbsp;<strong>torstaina 30.4.<\/strong>&nbsp;<\/li>\n<\/ul>\n\n\n\n<ul class=\"wp-block-list\">\n<li>Palauta valmis neulety\u00f6&nbsp;Svenska Teaternin lipunmyyntikassalle sen aukioloaikoina&nbsp;(ti-pe&nbsp;klo 12.00-18.00. Lippukassa on auki my\u00f6s lauantaisin esitysp\u00e4ivin\u00e4.&nbsp;T\u00e4ll\u00f6in kassa avataan 1 t&nbsp;ennen ensimm\u00e4isen esityksen alkua ja suljetaan viimeisen esityksen alettua.&nbsp;&nbsp;<\/li>\n<\/ul>\n\n\n\n<ul class=\"wp-block-list\">\n<li>Jos et pysty tuomaan neuletta teatterille paikan p\u00e4\u00e4lle esimerkiksi pitk\u00e4n matkan vuoksi, ota yhteytt\u00e4 teatteripedagogi Iiris Autioon, iiris.autio@svenskateatern.fi.&nbsp;<\/li>\n<\/ul>\n\n\n\t\t\t\t<\/main>\n\t\t\t<\/div>\n\t\t<\/div>\n\n\t\t\n\t<\/div>\n<\/section>\n\n\n\n\n<section id=\"block_f8e44bec42c0b9d47fae250729817221_69f7ff0508915\" class=\"block block-content-wrapper container-fluid bg-cream container-fluid\">\n\t<div class=\"container\n\t\t\tshow-all\"\n\t\t>\n\t\t<div class=\"row\">\n\t\t\t<div class=\"col-12 col-lg-8 offset-lg-2 col-hd-6 offset-hd-3\">\n\t\t\t\t<main class=\"entry-content\">\n\t\t\t\t\t\n\n<iframe data-testid=\"embed-iframe\" style=\"border-radius:12px\" data-cookieconsent=\"statistics, marketing\" data-src=\"https:\/\/open.spotify.com\/embed\/track\/3vlwbze34xPZqiwCMNRavv?utm_source=generator&#038;theme=0\" width=\"100%\" height=\"352\" frameBorder=\"0\" allowfullscreen=\"\" allow=\"autoplay; clipboard-write; encrypted-media; fullscreen; picture-in-picture\" loading=\"lazy\"><\/iframe><div class=\"cookieconsent-optout-statistics cookieconsent-optout-marketing\">Hyv\u00e4ksy <a href=\"javascript:Cookiebot.renew()\">statistics, marketing<\/a> ev\u00e4steet, jotta voit katsoa t\u00e4m\u00e4n videon. <\/div>\n\n\n\t\t\t\t<\/main>\n\t\t\t<\/div>\n\t\t<\/div>\n\n\t\t\n\t<\/div>\n<\/section>\n\n\n\n<section class=\"block block-title-beside-content bg-cream container-fluid \">\n    <div class=\"container\">\n        <div class=\"row\">\n            <div class=\"col-12 col-md-6\">\n                                <div class=\"title\">\n                    <h2>Pssst&#8230;.<\/h2>\n                <\/div>\n                            <\/div>\n            <div class=\"col-12 col-md-6\">\n                <div class=\"align-items\">\n                    <main class=\"entry-content\">\n                        \n\n<p>Neuloen n\u00e4ytt\u00e4m\u00f6lle on osa Svenska Teaternin monipuolista yleis\u00f6ty\u00f6t\u00e4. Yleis\u00f6ty\u00f6n tavoitteena on syvent\u00e4\u00e4 teatteriel\u00e4myst\u00e4 ja luoda dialogia taiteen ja yleis\u00f6n v\u00e4lille. Lue lis\u00e4\u00e4 Svenska Teaternin yleis\u00f6ty\u00f6st\u00e4 <a href=\"https:\/\/svenskateatern.fi\/fi\/yleisotyo\/\">t\u00e4\u00e4ll\u00e4.<\/a><\/p>\n\n\n                    <\/main>\n                <\/div>\n            <\/div>\n        <\/div>\n<\/section>","protected":false},"excerpt":{"rendered":"","protected":false},"author":18,"featured_media":32204,"parent":0,"menu_order":0,"comment_status":"closed","ping_status":"closed","template":"","meta":{"_acf_changed":false,"_relevanssi_hide_post":"","_relevanssi_hide_content":"","_relevanssi_pin_for_all":"","_relevanssi_pin_keywords":"","_relevanssi_unpin_keywords":"","_relevanssi_related_keywords":"","_relevanssi_related_include_ids":"","_relevanssi_related_exclude_ids":"","_relevanssi_related_no_append":"","_relevanssi_related_not_related":"","_relevanssi_related_posts":"26507,26564,27463,32031,6847,28811","_relevanssi_noindex_reason":"","footnotes":""},"class_list":["post-32224","page","type-page","status-publish","has-post-thumbnail","hentry"],"acf":[],"yoast_head":"<!-- This site is optimized with the Yoast SEO plugin v27.0 - https:\/\/yoast.com\/product\/yoast-seo-wordpress\/ -->\n<title>neuloen n\u00e4ytt\u00e4m\u00f6lle - Svenska Teatern<\/title>\n<meta name=\"description\" content=\"Nyt etsimme innokkaita neulojia mukaan luomaan \u00c4nglag\u00e5rd-esityksess\u00e4 tarvittavia neuleita yhdess\u00e4 Svenska Teaternin kanssa.\" \/>\n<meta name=\"robots\" content=\"index, follow, max-snippet:-1, max-image-preview:large, max-video-preview:-1\" \/>\n<link rel=\"canonical\" href=\"https:\/\/svenskateatern.fi\/fi\/neuloen-nayttamolle\/\" \/>\n<meta property=\"og:locale\" content=\"fi_FI\" \/>\n<meta property=\"og:type\" content=\"article\" \/>\n<meta property=\"og:title\" content=\"Neuloen n\u00e4ytt\u00e4m\u00f6lle!\" \/>\n<meta property=\"og:description\" content=\"Nyt etsimme innokkaita neulojia mukaan luomaan \u00c4nglag\u00e5rd-esityksess\u00e4 tarvittavia neuleita yhdess\u00e4 Svenska Teaternin kanssa.\" \/>\n<meta property=\"og:url\" content=\"https:\/\/svenskateatern.fi\/fi\/neuloen-nayttamolle\/\" \/>\n<meta property=\"og:site_name\" content=\"Svenska Teatern\" \/>\n<meta property=\"article:modified_time\" content=\"2026-04-17T10:28:06+00:00\" \/>\n<meta property=\"og:image\" content=\"https:\/\/svenskateatern.fi\/wp-content\/uploads\/2025\/11\/Angla-stickasticka-artikel_02fin.png\" \/>\n\t<meta property=\"og:image:width\" content=\"1200\" \/>\n\t<meta property=\"og:image:height\" content=\"750\" \/>\n\t<meta property=\"og:image:type\" content=\"image\/png\" \/>\n<meta name=\"twitter:card\" content=\"summary_large_image\" \/>\n<meta name=\"twitter:label1\" content=\"Arvioitu lukuaika\" \/>\n\t<meta name=\"twitter:data1\" content=\"6 minuuttia\" \/>\n<script type=\"application\/ld+json\" class=\"yoast-schema-graph\">{\"@context\":\"https:\/\/schema.org\",\"@graph\":[{\"@type\":\"WebPage\",\"@id\":\"https:\/\/svenskateatern.fi\/fi\/neuloen-nayttamolle\/\",\"url\":\"https:\/\/svenskateatern.fi\/fi\/neuloen-nayttamolle\/\",\"name\":\"neuloen n\u00e4ytt\u00e4m\u00f6lle - Svenska Teatern\",\"isPartOf\":{\"@id\":\"https:\/\/svenskateatern.fi\/fi\/#website\"},\"primaryImageOfPage\":{\"@id\":\"https:\/\/svenskateatern.fi\/fi\/neuloen-nayttamolle\/#primaryimage\"},\"image\":{\"@id\":\"https:\/\/svenskateatern.fi\/fi\/neuloen-nayttamolle\/#primaryimage\"},\"thumbnailUrl\":\"https:\/\/svenskateatern.fi\/wp-content\/uploads\/2025\/11\/Angla-stickasticka-artikel_02fin.png\",\"datePublished\":\"2025-11-13T10:55:43+00:00\",\"dateModified\":\"2026-04-17T10:28:06+00:00\",\"description\":\"Nyt etsimme innokkaita neulojia mukaan luomaan \u00c4nglag\u00e5rd-esityksess\u00e4 tarvittavia neuleita yhdess\u00e4 Svenska Teaternin kanssa.\",\"breadcrumb\":{\"@id\":\"https:\/\/svenskateatern.fi\/fi\/neuloen-nayttamolle\/#breadcrumb\"},\"inLanguage\":\"fi\",\"potentialAction\":[{\"@type\":\"ReadAction\",\"target\":[\"https:\/\/svenskateatern.fi\/fi\/neuloen-nayttamolle\/\"]}]},{\"@type\":\"ImageObject\",\"inLanguage\":\"fi\",\"@id\":\"https:\/\/svenskateatern.fi\/fi\/neuloen-nayttamolle\/#primaryimage\",\"url\":\"https:\/\/svenskateatern.fi\/wp-content\/uploads\/2025\/11\/Angla-stickasticka-artikel_02fin.png\",\"contentUrl\":\"https:\/\/svenskateatern.fi\/wp-content\/uploads\/2025\/11\/Angla-stickasticka-artikel_02fin.png\",\"width\":1200,\"height\":750},{\"@type\":\"BreadcrumbList\",\"@id\":\"https:\/\/svenskateatern.fi\/fi\/neuloen-nayttamolle\/#breadcrumb\",\"itemListElement\":[{\"@type\":\"ListItem\",\"position\":1,\"name\":\"Etusivu\",\"item\":\"https:\/\/svenskateatern.fi\/fi\/\"},{\"@type\":\"ListItem\",\"position\":2,\"name\":\"neuloen n\u00e4ytt\u00e4m\u00f6lle\"}]},{\"@type\":\"WebSite\",\"@id\":\"https:\/\/svenskateatern.fi\/fi\/#website\",\"url\":\"https:\/\/svenskateatern.fi\/fi\/\",\"name\":\"Svenska Teatern\",\"description\":\"\",\"potentialAction\":[{\"@type\":\"SearchAction\",\"target\":{\"@type\":\"EntryPoint\",\"urlTemplate\":\"https:\/\/svenskateatern.fi\/fi\/?s={search_term_string}\"},\"query-input\":{\"@type\":\"PropertyValueSpecification\",\"valueRequired\":true,\"valueName\":\"search_term_string\"}}],\"inLanguage\":\"fi\"}]}<\/script>\n<!-- \/ Yoast SEO plugin. -->","yoast_head_json":{"title":"neuloen n\u00e4ytt\u00e4m\u00f6lle - Svenska Teatern","description":"Nyt etsimme innokkaita neulojia mukaan luomaan \u00c4nglag\u00e5rd-esityksess\u00e4 tarvittavia neuleita yhdess\u00e4 Svenska Teaternin kanssa.","robots":{"index":"index","follow":"follow","max-snippet":"max-snippet:-1","max-image-preview":"max-image-preview:large","max-video-preview":"max-video-preview:-1"},"canonical":"https:\/\/svenskateatern.fi\/fi\/neuloen-nayttamolle\/","og_locale":"fi_FI","og_type":"article","og_title":"Neuloen n\u00e4ytt\u00e4m\u00f6lle!","og_description":"Nyt etsimme innokkaita neulojia mukaan luomaan \u00c4nglag\u00e5rd-esityksess\u00e4 tarvittavia neuleita yhdess\u00e4 Svenska Teaternin kanssa.","og_url":"https:\/\/svenskateatern.fi\/fi\/neuloen-nayttamolle\/","og_site_name":"Svenska Teatern","article_modified_time":"2026-04-17T10:28:06+00:00","og_image":[{"width":1200,"height":750,"url":"https:\/\/svenskateatern.fi\/wp-content\/uploads\/2025\/11\/Angla-stickasticka-artikel_02fin.png","type":"image\/png"}],"twitter_card":"summary_large_image","twitter_misc":{"Arvioitu lukuaika":"6 minuuttia"},"schema":{"@context":"https:\/\/schema.org","@graph":[{"@type":"WebPage","@id":"https:\/\/svenskateatern.fi\/fi\/neuloen-nayttamolle\/","url":"https:\/\/svenskateatern.fi\/fi\/neuloen-nayttamolle\/","name":"neuloen n\u00e4ytt\u00e4m\u00f6lle - Svenska Teatern","isPartOf":{"@id":"https:\/\/svenskateatern.fi\/fi\/#website"},"primaryImageOfPage":{"@id":"https:\/\/svenskateatern.fi\/fi\/neuloen-nayttamolle\/#primaryimage"},"image":{"@id":"https:\/\/svenskateatern.fi\/fi\/neuloen-nayttamolle\/#primaryimage"},"thumbnailUrl":"https:\/\/svenskateatern.fi\/wp-content\/uploads\/2025\/11\/Angla-stickasticka-artikel_02fin.png","datePublished":"2025-11-13T10:55:43+00:00","dateModified":"2026-04-17T10:28:06+00:00","description":"Nyt etsimme innokkaita neulojia mukaan luomaan \u00c4nglag\u00e5rd-esityksess\u00e4 tarvittavia neuleita yhdess\u00e4 Svenska Teaternin kanssa.","breadcrumb":{"@id":"https:\/\/svenskateatern.fi\/fi\/neuloen-nayttamolle\/#breadcrumb"},"inLanguage":"fi","potentialAction":[{"@type":"ReadAction","target":["https:\/\/svenskateatern.fi\/fi\/neuloen-nayttamolle\/"]}]},{"@type":"ImageObject","inLanguage":"fi","@id":"https:\/\/svenskateatern.fi\/fi\/neuloen-nayttamolle\/#primaryimage","url":"https:\/\/svenskateatern.fi\/wp-content\/uploads\/2025\/11\/Angla-stickasticka-artikel_02fin.png","contentUrl":"https:\/\/svenskateatern.fi\/wp-content\/uploads\/2025\/11\/Angla-stickasticka-artikel_02fin.png","width":1200,"height":750},{"@type":"BreadcrumbList","@id":"https:\/\/svenskateatern.fi\/fi\/neuloen-nayttamolle\/#breadcrumb","itemListElement":[{"@type":"ListItem","position":1,"name":"Etusivu","item":"https:\/\/svenskateatern.fi\/fi\/"},{"@type":"ListItem","position":2,"name":"neuloen n\u00e4ytt\u00e4m\u00f6lle"}]},{"@type":"WebSite","@id":"https:\/\/svenskateatern.fi\/fi\/#website","url":"https:\/\/svenskateatern.fi\/fi\/","name":"Svenska Teatern","description":"","potentialAction":[{"@type":"SearchAction","target":{"@type":"EntryPoint","urlTemplate":"https:\/\/svenskateatern.fi\/fi\/?s={search_term_string}"},"query-input":{"@type":"PropertyValueSpecification","valueRequired":true,"valueName":"search_term_string"}}],"inLanguage":"fi"}]}},"_links":{"self":[{"href":"https:\/\/svenskateatern.fi\/fi\/wp-json\/wp\/v2\/pages\/32224","targetHints":{"allow":["GET"]}}],"collection":[{"href":"https:\/\/svenskateatern.fi\/fi\/wp-json\/wp\/v2\/pages"}],"about":[{"href":"https:\/\/svenskateatern.fi\/fi\/wp-json\/wp\/v2\/types\/page"}],"author":[{"embeddable":true,"href":"https:\/\/svenskateatern.fi\/fi\/wp-json\/wp\/v2\/users\/18"}],"replies":[{"embeddable":true,"href":"https:\/\/svenskateatern.fi\/fi\/wp-json\/wp\/v2\/comments?post=32224"}],"version-history":[{"count":15,"href":"https:\/\/svenskateatern.fi\/fi\/wp-json\/wp\/v2\/pages\/32224\/revisions"}],"predecessor-version":[{"id":36006,"href":"https:\/\/svenskateatern.fi\/fi\/wp-json\/wp\/v2\/pages\/32224\/revisions\/36006"}],"wp:featuredmedia":[{"embeddable":true,"href":"https:\/\/svenskateatern.fi\/fi\/wp-json\/wp\/v2\/media\/32204"}],"wp:attachment":[{"href":"https:\/\/svenskateatern.fi\/fi\/wp-json\/wp\/v2\/media?parent=32224"}],"curies":[{"name":"wp","href":"https:\/\/api.w.org\/{rel}","templated":true}]}}