{"id":31781,"date":"2025-11-03T17:17:47","date_gmt":"2025-11-03T14:17:47","guid":{"rendered":"https:\/\/svenskateatern.fi\/?page_id=31781"},"modified":"2025-11-03T17:19:07","modified_gmt":"2025-11-03T14:19:07","slug":"ilmoittautuminen-ensi-iltaan-forgat-mig","status":"publish","type":"page","link":"https:\/\/svenskateatern.fi\/fi\/ilmoittautuminen-ensi-iltaan-forgat-mig\/","title":{"rendered":"Ilmoittautuminen ensi-iltaan F\u00f6rg\u00e4t mig"},"content":{"rendered":"<section id=\"block_6ea7434dd7412b25c4114ba543c05ec5_69e73b6362d28\" class=\"block block-content-wrapper container-fluid bg-white container-fluid\">\n\t<div class=\"container\n\t\t\tshow-all\"\n\t\t>\n\t\t<div class=\"row\">\n\t\t\t<div class=\"col-12 col-lg-8 offset-lg-2 col-hd-6 offset-hd-3\">\n\t\t\t\t<main class=\"entry-content\">\n\t\t\t\t\t\n\n<h1 class=\"wp-block-heading\">F\u00f6rg\u00e4t mig ensi-ilta<br>3.12.2025 klo 19<\/h1>\n\n\n\n<p>Svenska Teaternilla on ilo kutsua sinut&nbsp;ensi-iltaan<\/p>\n\n\n\n<p><strong>F\u00f6rg\u00e4t mig<\/strong><br><br>Ilmoittaudu<strong>\u00a0maanantaina 24.11.<\/strong> menness\u00e4.<br>Rajattu m\u00e4\u00e4r\u00e4 paikkoja.\u00a0<\/p>\n\n\n\n<p>Esitys tekstitet\u00e4\u00e4n suomeksi ja ruotsiksi sek\u00e4 kuvailutulkitaan ruotsiksi.<\/p>\n\n\n\n<p>L\u00e4mpim\u00e4sti tervetuloa!<\/p>\n\n\n\n\n\t\t\t\t<\/main>\n\t\t\t<\/div>\n\t\t<\/div>\n\n\t\t\n\t<\/div>\n<\/section>\n","protected":false},"excerpt":{"rendered":"","protected":false},"author":29,"featured_media":0,"parent":0,"menu_order":0,"comment_status":"closed","ping_status":"closed","template":"","meta":{"_acf_changed":false,"_relevanssi_hide_post":"","_relevanssi_hide_content":"","_relevanssi_pin_for_all":"","_relevanssi_pin_keywords":"","_relevanssi_unpin_keywords":"","_relevanssi_related_keywords":"","_relevanssi_related_include_ids":"","_relevanssi_related_exclude_ids":"","_relevanssi_related_no_append":"","_relevanssi_related_not_related":"","_relevanssi_related_posts":"7057,13233,27846,18305,13617,24538","_relevanssi_noindex_reason":"","footnotes":""},"class_list":["post-31781","page","type-page","status-publish","hentry"],"acf":[],"yoast_head":"<!-- This site is optimized with the Yoast SEO plugin v27.0 - https:\/\/yoast.com\/product\/yoast-seo-wordpress\/ -->\n<title>Ilmoittautuminen ensi-iltaan F\u00f6rg\u00e4t mig - Svenska Teatern<\/title>\n<meta name=\"robots\" content=\"index, follow, max-snippet:-1, max-image-preview:large, max-video-preview:-1\" \/>\n<link rel=\"canonical\" href=\"https:\/\/svenskateatern.fi\/fi\/ilmoittautuminen-ensi-iltaan-forgat-mig\/\" \/>\n<meta property=\"og:locale\" content=\"fi_FI\" \/>\n<meta property=\"og:type\" content=\"article\" \/>\n<meta property=\"og:title\" content=\"Ilmoittautuminen ensi-iltaan F\u00f6rg\u00e4t mig - Svenska Teatern\" \/>\n<meta property=\"og:url\" content=\"https:\/\/svenskateatern.fi\/fi\/ilmoittautuminen-ensi-iltaan-forgat-mig\/\" \/>\n<meta property=\"og:site_name\" content=\"Svenska Teatern\" \/>\n<meta property=\"article:modified_time\" content=\"2025-11-03T14:19:07+00:00\" \/>\n<meta property=\"og:image\" content=\"https:\/\/svenskateatern.fi\/wp-content\/uploads\/2022\/08\/svenska-some.png\" \/>\n\t<meta property=\"og:image:width\" content=\"1200\" \/>\n\t<meta property=\"og:image:height\" content=\"630\" \/>\n\t<meta property=\"og:image:type\" content=\"image\/png\" \/>\n<meta name=\"twitter:card\" content=\"summary_large_image\" \/>\n<meta name=\"twitter:label1\" content=\"Arvioitu lukuaika\" \/>\n\t<meta name=\"twitter:data1\" content=\"2 minuuttia\" \/>\n<script type=\"application\/ld+json\" class=\"yoast-schema-graph\">{\"@context\":\"https:\/\/schema.org\",\"@graph\":[{\"@type\":\"WebPage\",\"@id\":\"https:\/\/svenskateatern.fi\/fi\/ilmoittautuminen-ensi-iltaan-forgat-mig\/\",\"url\":\"https:\/\/svenskateatern.fi\/fi\/ilmoittautuminen-ensi-iltaan-forgat-mig\/\",\"name\":\"Ilmoittautuminen ensi-iltaan F\u00f6rg\u00e4t mig - Svenska Teatern\",\"isPartOf\":{\"@id\":\"https:\/\/svenskateatern.fi\/fi\/#website\"},\"datePublished\":\"2025-11-03T14:17:47+00:00\",\"dateModified\":\"2025-11-03T14:19:07+00:00\",\"breadcrumb\":{\"@id\":\"https:\/\/svenskateatern.fi\/fi\/ilmoittautuminen-ensi-iltaan-forgat-mig\/#breadcrumb\"},\"inLanguage\":\"fi\",\"potentialAction\":[{\"@type\":\"ReadAction\",\"target\":[\"https:\/\/svenskateatern.fi\/fi\/ilmoittautuminen-ensi-iltaan-forgat-mig\/\"]}]},{\"@type\":\"BreadcrumbList\",\"@id\":\"https:\/\/svenskateatern.fi\/fi\/ilmoittautuminen-ensi-iltaan-forgat-mig\/#breadcrumb\",\"itemListElement\":[{\"@type\":\"ListItem\",\"position\":1,\"name\":\"Etusivu\",\"item\":\"https:\/\/svenskateatern.fi\/fi\/\"},{\"@type\":\"ListItem\",\"position\":2,\"name\":\"Ilmoittautuminen ensi-iltaan F\u00f6rg\u00e4t mig\"}]},{\"@type\":\"WebSite\",\"@id\":\"https:\/\/svenskateatern.fi\/fi\/#website\",\"url\":\"https:\/\/svenskateatern.fi\/fi\/\",\"name\":\"Svenska Teatern\",\"description\":\"\",\"potentialAction\":[{\"@type\":\"SearchAction\",\"target\":{\"@type\":\"EntryPoint\",\"urlTemplate\":\"https:\/\/svenskateatern.fi\/fi\/?s={search_term_string}\"},\"query-input\":{\"@type\":\"PropertyValueSpecification\",\"valueRequired\":true,\"valueName\":\"search_term_string\"}}],\"inLanguage\":\"fi\"}]}<\/script>\n<!-- \/ Yoast SEO plugin. -->","yoast_head_json":{"title":"Ilmoittautuminen ensi-iltaan F\u00f6rg\u00e4t mig - Svenska Teatern","robots":{"index":"index","follow":"follow","max-snippet":"max-snippet:-1","max-image-preview":"max-image-preview:large","max-video-preview":"max-video-preview:-1"},"canonical":"https:\/\/svenskateatern.fi\/fi\/ilmoittautuminen-ensi-iltaan-forgat-mig\/","og_locale":"fi_FI","og_type":"article","og_title":"Ilmoittautuminen ensi-iltaan F\u00f6rg\u00e4t mig - Svenska Teatern","og_url":"https:\/\/svenskateatern.fi\/fi\/ilmoittautuminen-ensi-iltaan-forgat-mig\/","og_site_name":"Svenska Teatern","article_modified_time":"2025-11-03T14:19:07+00:00","og_image":[{"width":1200,"height":630,"url":"https:\/\/svenskateatern.fi\/wp-content\/uploads\/2022\/08\/svenska-some.png","type":"image\/png"}],"twitter_card":"summary_large_image","twitter_misc":{"Arvioitu lukuaika":"2 minuuttia"},"schema":{"@context":"https:\/\/schema.org","@graph":[{"@type":"WebPage","@id":"https:\/\/svenskateatern.fi\/fi\/ilmoittautuminen-ensi-iltaan-forgat-mig\/","url":"https:\/\/svenskateatern.fi\/fi\/ilmoittautuminen-ensi-iltaan-forgat-mig\/","name":"Ilmoittautuminen ensi-iltaan F\u00f6rg\u00e4t mig - Svenska Teatern","isPartOf":{"@id":"https:\/\/svenskateatern.fi\/fi\/#website"},"datePublished":"2025-11-03T14:17:47+00:00","dateModified":"2025-11-03T14:19:07+00:00","breadcrumb":{"@id":"https:\/\/svenskateatern.fi\/fi\/ilmoittautuminen-ensi-iltaan-forgat-mig\/#breadcrumb"},"inLanguage":"fi","potentialAction":[{"@type":"ReadAction","target":["https:\/\/svenskateatern.fi\/fi\/ilmoittautuminen-ensi-iltaan-forgat-mig\/"]}]},{"@type":"BreadcrumbList","@id":"https:\/\/svenskateatern.fi\/fi\/ilmoittautuminen-ensi-iltaan-forgat-mig\/#breadcrumb","itemListElement":[{"@type":"ListItem","position":1,"name":"Etusivu","item":"https:\/\/svenskateatern.fi\/fi\/"},{"@type":"ListItem","position":2,"name":"Ilmoittautuminen ensi-iltaan F\u00f6rg\u00e4t mig"}]},{"@type":"WebSite","@id":"https:\/\/svenskateatern.fi\/fi\/#website","url":"https:\/\/svenskateatern.fi\/fi\/","name":"Svenska Teatern","description":"","potentialAction":[{"@type":"SearchAction","target":{"@type":"EntryPoint","urlTemplate":"https:\/\/svenskateatern.fi\/fi\/?s={search_term_string}"},"query-input":{"@type":"PropertyValueSpecification","valueRequired":true,"valueName":"search_term_string"}}],"inLanguage":"fi"}]}},"_links":{"self":[{"href":"https:\/\/svenskateatern.fi\/fi\/wp-json\/wp\/v2\/pages\/31781","targetHints":{"allow":["GET"]}}],"collection":[{"href":"https:\/\/svenskateatern.fi\/fi\/wp-json\/wp\/v2\/pages"}],"about":[{"href":"https:\/\/svenskateatern.fi\/fi\/wp-json\/wp\/v2\/types\/page"}],"author":[{"embeddable":true,"href":"https:\/\/svenskateatern.fi\/fi\/wp-json\/wp\/v2\/users\/29"}],"replies":[{"embeddable":true,"href":"https:\/\/svenskateatern.fi\/fi\/wp-json\/wp\/v2\/comments?post=31781"}],"version-history":[{"count":2,"href":"https:\/\/svenskateatern.fi\/fi\/wp-json\/wp\/v2\/pages\/31781\/revisions"}],"predecessor-version":[{"id":31786,"href":"https:\/\/svenskateatern.fi\/fi\/wp-json\/wp\/v2\/pages\/31781\/revisions\/31786"}],"wp:attachment":[{"href":"https:\/\/svenskateatern.fi\/fi\/wp-json\/wp\/v2\/media?parent=31781"}],"curies":[{"name":"wp","href":"https:\/\/api.w.org\/{rel}","templated":true}]}}