{"id":29377,"date":"2025-06-19T11:37:02","date_gmt":"2025-06-19T08:37:02","guid":{"rendered":"https:\/\/svenskateatern.fi\/?page_id=29377"},"modified":"2025-08-21T14:56:15","modified_gmt":"2025-08-21T11:56:15","slug":"yleisotyo","status":"publish","type":"page","link":"https:\/\/svenskateatern.fi\/fi\/yleisotyo\/","title":{"rendered":"Yleis\u00f6ty\u00f6"},"content":{"rendered":"<section id=\"block_7df0ea4014249122a7f34ad2599188e2_69ea93574c73c\" class=\"block block-content-wrapper container-fluid bg-white container-fluid\">\n\t<div class=\"container\n\t\t\tshow-all\"\n\t\t>\n\t\t<div class=\"row\">\n\t\t\t<div class=\"col-12 col-lg-8 offset-lg-2 col-hd-6 offset-hd-3\">\n\t\t\t\t<main class=\"entry-content\">\n\t\t\t\t\t\n\n<h1 class=\"wp-block-heading\"><strong>Tutustu teatteritaiteeseen<\/strong><\/h1>\n\n\n\n<p class=\"is-style-lead\">Haluatko syvent\u00e4\u00e4 teatterikokemustasi? Ota osaa yleis\u00f6ty\u00f6h\u00f6n! Svenska Teaternin maailmaan voi sukeltaa my\u00f6s suomeksi tai useammalla kielell\u00e4.&nbsp;Yleis\u00f6ty\u00f6n tapahtumat ovat tarkoitettu ihan kaikille, niin ensikertalaisille kuin teatterikonkareille, yksin tai yhdess\u00e4. J\u00e4rjest\u00e4mme tilaisuuksia&nbsp;kaikilla kolmella n\u00e4ytt\u00e4m\u00f6ll\u00e4mme. Ajankohtaiset tiedot tulevista tapahtumista l\u00f6ytyv\u00e4t ohjelmisto- ja uutissivuiltamme.&nbsp;<br><br>Lue lis\u00e4\u00e4 yleis\u00f6ty\u00f6mme muodoista alta.<\/p>\n\n\n\t\t\t\t<\/main>\n\t\t\t<\/div>\n\t\t<\/div>\n\n\t\t\n\t<\/div>\n<\/section>\n\n\n\n<section class=\"block block-image-beside-content container-fluid container-fluid bg-white\">\n    <div class=\"container\">\n        <div class=\"row\">\n            <div class=\"col-12 col-md-6 image-col\">\n                <div class=\"align-items-center\">\n                                            <img decoding=\"async\" src=\"https:\/\/svenskateatern.fi\/wp-content\/uploads\/2024\/11\/Hamlet-Kasper-Dalkarl-19.jpg\" width=\"2048\" height=\"1536\" alt=\"\" loading=\"lazy\">                                    <\/div>\n            <\/div>\n            <div class=\"col-12 col-md-6 text-col\">\n                <div class=\"align-items-center\">\n                    <main class=\"entry-content\">\n                        \n\n<h2 class=\"wp-block-heading\">Teosesittely<\/h2>\n\n\n\n<p>Tarjoamme jokaiseen omaan tuotantoomme 2\u20134 teosesittely\u00e4 esityskauden aikana. Teosesittelyss\u00e4 kuulet lis\u00e4\u00e4 teoksen taustasta ja syntyprosessista. Esittelyj\u00e4 j\u00e4rjestet\u00e4\u00e4n suomeksi ja ruotsiksi. Teosesittelyt ovat maksuttomia eiv\u00e4tk\u00e4 vaadi ilmoittautumista ennakkoon.&nbsp;<\/p>\n\n\n\n<p>Ryhm\u00e4t voivat varata tilauksesta&nbsp;oman teosesittelyn et\u00e4yhteydell\u00e4. Lis\u00e4tietoja hinnoista ja varaamisesta saat osoitteesta <a href=\"mailto:biljetter@svenskateatern.fi\" target=\"_blank\" rel=\"noreferrer noopener\">biljetter@svenskateatern.fi<\/a>.<\/p>\n\n\n                    <\/main>\n                <\/div>\n            <\/div>\n        <\/div>\n    <\/div>\n<\/section>\n\n\n\n<section class=\"block block-image-beside-content container-fluid container-fluid bg-white\">\n    <div class=\"container\">\n        <div class=\"row\">\n            <div class=\"col-12 col-md-6 image-col\">\n                <div class=\"align-items-center\">\n                                            <img decoding=\"async\" src=\"https:\/\/svenskateatern.fi\/wp-content\/uploads\/2025\/06\/20250520-DSC00426.jpg\" width=\"9504\" height=\"6336\" alt=\"\" loading=\"lazy\">                                    <\/div>\n            <\/div>\n            <div class=\"col-12 col-md-6 text-col\">\n                <div class=\"align-items-center\">\n                    <main class=\"entry-content\">\n                        \n\n<h2 class=\"wp-block-heading\">Taiteilijatapaaminen&nbsp;<\/h2>\n\n\n\n<p>Tarjoamme jokaiseen omaan tuotantoomme 2\u20133 taiteilijatapaamista, jotka j\u00e4rjestet\u00e4\u00e4n heti esityksen j\u00e4lkeen samassa teatterisalissa. Taiteilijatapaamisessa kuulet taiteellisen henkil\u00f6kuntamme ajatuksia esityksen valmistamisesta ja n\u00e4ytelm\u00e4n&nbsp;aiheista. Yleis\u00f6 saa my\u00f6s esitt\u00e4\u00e4 kysymyksi\u00e4 keskustelupaneelin j\u00e4senille. Taiteilijatapaamisia j\u00e4rjestet\u00e4\u00e4n suomeksi ja ruotsiksi. Ne ovat maksuttomia eiv\u00e4tk\u00e4 vaadi ilmoittautumista ennakkoon.&nbsp;<\/p>\n\n\n                    <\/main>\n                <\/div>\n            <\/div>\n        <\/div>\n    <\/div>\n<\/section>\n\n\n\n<section class=\"block block-image-beside-content container-fluid container-fluid bg-white\">\n    <div class=\"container\">\n        <div class=\"row\">\n            <div class=\"col-12 col-md-6 image-col\">\n                <div class=\"align-items-center\">\n                                            <img decoding=\"async\" src=\"https:\/\/svenskateatern.fi\/wp-content\/uploads\/2025\/06\/1935produktbild.png\" width=\"1536\" height=\"1101\" alt=\"Karyatiderna flyttades fr\u00e5n Svenska Teatern till S\u00f6derl\u00e5ngvik g\u00e5rd i samband med renoveringen p\u00e5 1930-talet.\" loading=\"lazy\">                                    <\/div>\n            <\/div>\n            <div class=\"col-12 col-md-6 text-col\">\n                <div class=\"align-items-center\">\n                    <main class=\"entry-content\">\n                        \n\n<h2 class=\"wp-block-heading\">Opastus<\/h2>\n\n\n\n<p>Tutustu upeaan ja historialliseen teatteritaloomme! Opastuksen aikana&nbsp;p\u00e4\u00e4st\u00e4\u00e4n kurkistamaan kulissien taakse tiloihin, joihin yleis\u00f6ll\u00e4 ei tavallisesti ole p\u00e4\u00e4sy\u00e4. Opastuksen sis\u00e4lt\u00f6 voidaan r\u00e4\u00e4t\u00e4l\u00f6id\u00e4 sopimaan ryhm\u00e4n tarpeisiin. Kiinnostaako eniten teatterin lavastamo? Tai ehk\u00e4 puvustamo? Ent\u00e4p\u00e4 hallinto- ja markkinointiosastot?&nbsp;<\/p>\n\n\n\n<p><strong>Hinta: <\/strong>Ota yhteytt\u00e4 lipunmyyntiin tarkempia hinta- ja varaustietoja varten.&nbsp;<br><strong>Ryhm\u00e4koko: <\/strong>v\u00e4hint\u00e4\u00e4n 5, enint\u00e4\u00e4n 25 osallistujaa&nbsp;<br><strong>Kesto:<\/strong> 75 min&nbsp;<br><strong>Kielet: <\/strong>Suomi, ruotsi tai englanti. Opastus onnistuu my\u00f6s selkosuomeksi tai \u2013ruotsiksi.&nbsp;&nbsp;<\/p>\n\n\n                    <\/main>\n                <\/div>\n            <\/div>\n        <\/div>\n    <\/div>\n<\/section>\n\n\n\n<section class=\"block block-title-beside-content bg-cream container-fluid \">\n    <div class=\"container\">\n        <div class=\"row\">\n            <div class=\"col-12 col-md-6\">\n                                <div class=\"title\">\n                    <h2>Mik\u00e4 yleis\u00f6ty\u00f6?<\/h2>\n                <\/div>\n                            <\/div>\n            <div class=\"col-12 col-md-6\">\n                <div class=\"align-items\">\n                    <main class=\"entry-content\">\n                        \n\n<p>Tutustu yleis\u00f6ty\u00f6n k\u00e4sitteeseen ja taustaan Suomessa sek\u00e4 lue lis\u00e4\u00e4 eri keinoista syvent\u00e4\u00e4 taidekokemusta <a href=\"https:\/\/fi.wikipedia.org\/wiki\/Yleis%C3%B6ty%C3%B6\">t\u00e4st\u00e4 Wikipedia-artikkelista.<\/a><\/p>\n\n\n                    <\/main>\n                <\/div>\n            <\/div>\n        <\/div>\n<\/section>\n\n\n<section class=\"block block-image-beside-content container-fluid container-fluid bg-white\">\n    <div class=\"container\">\n        <div class=\"row\">\n            <div class=\"col-12 col-md-6 image-col\">\n                <div class=\"align-items-center\">\n                                            <img decoding=\"async\" src=\"https:\/\/svenskateatern.fi\/wp-content\/uploads\/2024\/12\/Kostymprovning-w8-25-repertoar.png\" width=\"900\" height=\"600\" alt=\"\" loading=\"lazy\">                                    <\/div>\n            <\/div>\n            <div class=\"col-12 col-md-6 text-col\">\n                <div class=\"align-items-center\">\n                    <main class=\"entry-content\">\n                        \n\n<h2 class=\"wp-block-heading\">Pukusovitus<\/h2>\n\n\n\n<p>Svenska Teaternin puvustamo on vuosien varrella ommellut upeita, uniikkeja teatteripukuja lukemattomiin tuotantoihin. Valikoima mit\u00e4 erityisimpi\u00e4 pukuja on saatavilla yleis\u00f6n sovitettavaksi. Pukuja on my\u00f6s eri-ik\u00e4isille lapsille! Seuraa teatterin ajankohtaisia tapahtumia tai tilaa ryhm\u00e4llesi oma vuoro esitysvierailun tai kulissikierroksen yhteyteen. &nbsp;<\/p>\n\n\n                    <\/main>\n                <\/div>\n            <\/div>\n        <\/div>\n    <\/div>\n<\/section>\n\n\n\n<section class=\"block block-image-beside-content container-fluid container-fluid bg-white\">\n    <div class=\"container\">\n        <div class=\"row\">\n            <div class=\"col-12 col-md-6 image-col\">\n                <div class=\"align-items-center\">\n                                                                                <\/div>\n            <\/div>\n            <div class=\"col-12 col-md-6 text-col\">\n                <div class=\"align-items-center\">\n                    <main class=\"entry-content\">\n                        \n\n<h2 class=\"wp-block-heading\"><strong>Teatterity\u00f6paja<\/strong><\/h2>\n\n\n\n<p>Ryhmille on saatavilla teatterity\u00f6pajoja, joiden l\u00e4ht\u00f6kohtana voi olla tietty n\u00e4ytelm\u00e4 tai teatteritaide yleisesti. Osallistujat p\u00e4\u00e4sev\u00e4t kokeilemaan erilaisia improvisaatio- ja draamaharjoituksia matalalla kynnyksell\u00e4 turvallisessa ymp\u00e4rist\u00f6ss\u00e4. Ty\u00f6pajat sovitetaan kunkin ryhm\u00e4n tarpeisiin, ja niiss\u00e4 voi olla eri painotuksia, kuten ilmaisu- ja esiintymistaito, kielenoppiminen tai ryhm\u00e4dynamiikkaan keskittyminen.&nbsp; &nbsp;&nbsp;<\/p>\n\n\n                    <\/main>\n                <\/div>\n            <\/div>\n        <\/div>\n    <\/div>\n<\/section>\n\n\n<section id=\"block_7df0ea4014249122a7f34ad2599188e2_69ea9357501da\" class=\"block block-content-wrapper container-fluid bg-white container-fluid\">\n\t<div class=\"container\n\t\t\tshow-all\"\n\t\t>\n\t\t<div class=\"row\">\n\t\t\t<div class=\"col-12 col-lg-8 offset-lg-2 col-hd-6 offset-hd-3\">\n\t\t\t\t<main class=\"entry-content\">\n\t\t\t\t\t\n\n<figure class=\"wp-block-image size-large\"><img loading=\"lazy\" decoding=\"async\" width=\"683\" height=\"1024\" src=\"https:\/\/svenskateatern.fi\/wp-content\/uploads\/2025\/02\/Noona_teater-8-1-683x1024.jpg\" alt=\"V\u00e5ra teaterpedoger Iiris Autio och Noona Leppinen\" class=\"wp-image-27565\" srcset=\"https:\/\/svenskateatern.fi\/wp-content\/uploads\/2025\/02\/Noona_teater-8-1-683x1024.jpg 683w, https:\/\/svenskateatern.fi\/wp-content\/uploads\/2025\/02\/Noona_teater-8-1-200x300.jpg 200w, https:\/\/svenskateatern.fi\/wp-content\/uploads\/2025\/02\/Noona_teater-8-1-768x1151.jpg 768w, https:\/\/svenskateatern.fi\/wp-content\/uploads\/2025\/02\/Noona_teater-8-1-1025x1536.jpg 1025w, https:\/\/svenskateatern.fi\/wp-content\/uploads\/2025\/02\/Noona_teater-8-1.jpg 1366w\" sizes=\"auto, (max-width: 575px) 100vw, (max-width: 767px) 510px, (max-width: 991px) 290px, (max-width: 1199px) 530px, 683px\" \/><figcaption class=\"wp-element-caption\">Teatterilla on kaksi yleis\u00f6ty\u00f6ntekij\u00e4\u00e4, Iiris Autio ja Noona Leppinen.&nbsp;<br><\/figcaption><\/figure>\n\n\n\t\t\t\t<\/main>\n\t\t\t<\/div>\n\t\t<\/div>\n\n\t\t\n\t<\/div>\n<\/section>\n\n\n\n<section class=\"block block-title-beside-content bg-cream container-fluid \">\n    <div class=\"container\">\n        <div class=\"row\">\n            <div class=\"col-12 col-md-6\">\n                                <div class=\"title\">\n                    <h2>Yhteystiedot<\/h2>\n                <\/div>\n                            <\/div>\n            <div class=\"col-12 col-md-6\">\n                <div class=\"align-items\">\n                    <main class=\"entry-content\">\n                        \n\n<p><strong><strong>Haluatko varata ty\u00f6pajan tai opastuksen erillisen\u00e4 ohjelmanumerona?<\/strong><\/strong><br><br>Teatterilla on kaksi yleis\u00f6ty\u00f6ntekij\u00e4\u00e4, Iiris Autio ja Noona Leppinen.&nbsp;<br><br>Ota rohkeasti yhteytt\u00e4 s\u00e4hk\u00f6postitse etunimi.sukunimi(a)svenskateatern.fi tai&nbsp;teatterin vaihteen kautta 09-616 211.&nbsp;<br><br><em>Jos sinulla on jo lippuvaraus, jonka yhteyteen toivot ohjelmaa yleis\u00f6ty\u00f6n valikoimasta, ole yhteydess\u00e4 asiakaspalveluun.<\/em><\/p>\n\n\n                    <\/main>\n                <\/div>\n            <\/div>\n        <\/div>\n<\/section>","protected":false},"excerpt":{"rendered":"","protected":false},"author":18,"featured_media":29361,"parent":0,"menu_order":0,"comment_status":"closed","ping_status":"closed","template":"","meta":{"_acf_changed":false,"_relevanssi_hide_post":"","_relevanssi_hide_content":"","_relevanssi_pin_for_all":"","_relevanssi_pin_keywords":"","_relevanssi_unpin_keywords":"","_relevanssi_related_keywords":"","_relevanssi_related_include_ids":"","_relevanssi_related_exclude_ids":"","_relevanssi_related_no_append":"","_relevanssi_related_not_related":"","_relevanssi_related_posts":"","_relevanssi_noindex_reason":"","footnotes":""},"class_list":["post-29377","page","type-page","status-publish","has-post-thumbnail","hentry"],"acf":[],"yoast_head":"<!-- This site is optimized with the Yoast SEO plugin v27.0 - https:\/\/yoast.com\/product\/yoast-seo-wordpress\/ -->\n<title>Yleis\u00f6ty\u00f6 - Svenska Teatern<\/title>\n<meta name=\"description\" content=\"Haluatko syvent\u00e4\u00e4 teatterikokemustasi? Ota osaa yleis\u00f6ty\u00f6h\u00f6n! Svenska Teaternin maailmaan voi sukeltaa my\u00f6s suomeksi tai useammalla kielell\u00e4.\u00a0Yleis\u00f6ty\u00f6n tapahtumat ovat tarkoitettu ihan kaikille, niin ensikertalaisille kuin teatterikonkareille, yksin tai yhdess\u00e4. Ajankohtaiset tiedot tulevista tapahtumista l\u00f6ytyv\u00e4t ohjelmisto- ja uutissivuiltamme.\u00a0\" \/>\n<meta name=\"robots\" content=\"index, follow, max-snippet:-1, max-image-preview:large, max-video-preview:-1\" \/>\n<link rel=\"canonical\" href=\"https:\/\/svenskateatern.fi\/fi\/yleisotyo\/\" \/>\n<meta property=\"og:locale\" content=\"fi_FI\" \/>\n<meta property=\"og:type\" content=\"article\" \/>\n<meta property=\"og:title\" content=\"Tutustu teatteritaiteeseen\" \/>\n<meta property=\"og:description\" content=\"Haluatko syvent\u00e4\u00e4 teatterikokemustasi? Ota osaa yleis\u00f6ty\u00f6h\u00f6n! Svenska Teaternin maailmaan voi sukeltaa my\u00f6s suomeksi tai useammalla kielell\u00e4.\u00a0Yleis\u00f6ty\u00f6n tapahtumat ovat tarkoitettu ihan kaikille, niin ensikertalaisille kuin teatterikonkareille, yksin tai yhdess\u00e4. Ajankohtaiset tiedot tulevista tapahtumista l\u00f6ytyv\u00e4t ohjelmisto- ja uutissivuiltamme.\u00a0\" \/>\n<meta property=\"og:url\" content=\"https:\/\/svenskateatern.fi\/fi\/yleisotyo\/\" \/>\n<meta property=\"og:site_name\" content=\"Svenska Teatern\" \/>\n<meta property=\"article:modified_time\" content=\"2025-08-21T11:56:15+00:00\" \/>\n<meta property=\"og:image\" content=\"https:\/\/svenskateatern.fi\/wp-content\/uploads\/2024\/11\/Hamlet-Kasper-Dalkarl-19.jpg\" \/>\n\t<meta property=\"og:image:width\" content=\"2048\" \/>\n\t<meta property=\"og:image:height\" content=\"1536\" \/>\n\t<meta property=\"og:image:type\" content=\"image\/jpeg\" \/>\n<meta name=\"twitter:card\" content=\"summary_large_image\" \/>\n<meta name=\"twitter:label1\" content=\"Arvioitu lukuaika\" \/>\n\t<meta name=\"twitter:data1\" content=\"5 minuuttia\" \/>\n<script type=\"application\/ld+json\" class=\"yoast-schema-graph\">{\"@context\":\"https:\/\/schema.org\",\"@graph\":[{\"@type\":\"WebPage\",\"@id\":\"https:\/\/svenskateatern.fi\/fi\/yleisotyo\/\",\"url\":\"https:\/\/svenskateatern.fi\/fi\/yleisotyo\/\",\"name\":\"Yleis\u00f6ty\u00f6 - Svenska Teatern\",\"isPartOf\":{\"@id\":\"https:\/\/svenskateatern.fi\/fi\/#website\"},\"primaryImageOfPage\":{\"@id\":\"https:\/\/svenskateatern.fi\/fi\/yleisotyo\/#primaryimage\"},\"image\":{\"@id\":\"https:\/\/svenskateatern.fi\/fi\/yleisotyo\/#primaryimage\"},\"thumbnailUrl\":\"https:\/\/svenskateatern.fi\/wp-content\/uploads\/2025\/06\/20250520-DSC00426.jpg\",\"datePublished\":\"2025-06-19T08:37:02+00:00\",\"dateModified\":\"2025-08-21T11:56:15+00:00\",\"description\":\"Haluatko syvent\u00e4\u00e4 teatterikokemustasi? Ota osaa yleis\u00f6ty\u00f6h\u00f6n! Svenska Teaternin maailmaan voi sukeltaa my\u00f6s suomeksi tai useammalla kielell\u00e4.\u00a0Yleis\u00f6ty\u00f6n tapahtumat ovat tarkoitettu ihan kaikille, niin ensikertalaisille kuin teatterikonkareille, yksin tai yhdess\u00e4. Ajankohtaiset tiedot tulevista tapahtumista l\u00f6ytyv\u00e4t ohjelmisto- ja uutissivuiltamme.\u00a0\",\"breadcrumb\":{\"@id\":\"https:\/\/svenskateatern.fi\/fi\/yleisotyo\/#breadcrumb\"},\"inLanguage\":\"fi\",\"potentialAction\":[{\"@type\":\"ReadAction\",\"target\":[\"https:\/\/svenskateatern.fi\/fi\/yleisotyo\/\"]}]},{\"@type\":\"ImageObject\",\"inLanguage\":\"fi\",\"@id\":\"https:\/\/svenskateatern.fi\/fi\/yleisotyo\/#primaryimage\",\"url\":\"https:\/\/svenskateatern.fi\/wp-content\/uploads\/2025\/06\/20250520-DSC00426.jpg\",\"contentUrl\":\"https:\/\/svenskateatern.fi\/wp-content\/uploads\/2025\/06\/20250520-DSC00426.jpg\",\"width\":9504,\"height\":6336},{\"@type\":\"BreadcrumbList\",\"@id\":\"https:\/\/svenskateatern.fi\/fi\/yleisotyo\/#breadcrumb\",\"itemListElement\":[{\"@type\":\"ListItem\",\"position\":1,\"name\":\"Etusivu\",\"item\":\"https:\/\/svenskateatern.fi\/fi\/\"},{\"@type\":\"ListItem\",\"position\":2,\"name\":\"Yleis\u00f6ty\u00f6\"}]},{\"@type\":\"WebSite\",\"@id\":\"https:\/\/svenskateatern.fi\/fi\/#website\",\"url\":\"https:\/\/svenskateatern.fi\/fi\/\",\"name\":\"Svenska Teatern\",\"description\":\"\",\"potentialAction\":[{\"@type\":\"SearchAction\",\"target\":{\"@type\":\"EntryPoint\",\"urlTemplate\":\"https:\/\/svenskateatern.fi\/fi\/?s={search_term_string}\"},\"query-input\":{\"@type\":\"PropertyValueSpecification\",\"valueRequired\":true,\"valueName\":\"search_term_string\"}}],\"inLanguage\":\"fi\"}]}<\/script>\n<!-- \/ Yoast SEO plugin. -->","yoast_head_json":{"title":"Yleis\u00f6ty\u00f6 - Svenska Teatern","description":"Haluatko syvent\u00e4\u00e4 teatterikokemustasi? Ota osaa yleis\u00f6ty\u00f6h\u00f6n! Svenska Teaternin maailmaan voi sukeltaa my\u00f6s suomeksi tai useammalla kielell\u00e4.\u00a0Yleis\u00f6ty\u00f6n tapahtumat ovat tarkoitettu ihan kaikille, niin ensikertalaisille kuin teatterikonkareille, yksin tai yhdess\u00e4. Ajankohtaiset tiedot tulevista tapahtumista l\u00f6ytyv\u00e4t ohjelmisto- ja uutissivuiltamme.\u00a0","robots":{"index":"index","follow":"follow","max-snippet":"max-snippet:-1","max-image-preview":"max-image-preview:large","max-video-preview":"max-video-preview:-1"},"canonical":"https:\/\/svenskateatern.fi\/fi\/yleisotyo\/","og_locale":"fi_FI","og_type":"article","og_title":"Tutustu teatteritaiteeseen","og_description":"Haluatko syvent\u00e4\u00e4 teatterikokemustasi? Ota osaa yleis\u00f6ty\u00f6h\u00f6n! Svenska Teaternin maailmaan voi sukeltaa my\u00f6s suomeksi tai useammalla kielell\u00e4.\u00a0Yleis\u00f6ty\u00f6n tapahtumat ovat tarkoitettu ihan kaikille, niin ensikertalaisille kuin teatterikonkareille, yksin tai yhdess\u00e4. Ajankohtaiset tiedot tulevista tapahtumista l\u00f6ytyv\u00e4t ohjelmisto- ja uutissivuiltamme.\u00a0","og_url":"https:\/\/svenskateatern.fi\/fi\/yleisotyo\/","og_site_name":"Svenska Teatern","article_modified_time":"2025-08-21T11:56:15+00:00","og_image":[{"width":2048,"height":1536,"url":"https:\/\/svenskateatern.fi\/wp-content\/uploads\/2024\/11\/Hamlet-Kasper-Dalkarl-19.jpg","type":"image\/jpeg"}],"twitter_card":"summary_large_image","twitter_misc":{"Arvioitu lukuaika":"5 minuuttia"},"schema":{"@context":"https:\/\/schema.org","@graph":[{"@type":"WebPage","@id":"https:\/\/svenskateatern.fi\/fi\/yleisotyo\/","url":"https:\/\/svenskateatern.fi\/fi\/yleisotyo\/","name":"Yleis\u00f6ty\u00f6 - Svenska Teatern","isPartOf":{"@id":"https:\/\/svenskateatern.fi\/fi\/#website"},"primaryImageOfPage":{"@id":"https:\/\/svenskateatern.fi\/fi\/yleisotyo\/#primaryimage"},"image":{"@id":"https:\/\/svenskateatern.fi\/fi\/yleisotyo\/#primaryimage"},"thumbnailUrl":"https:\/\/svenskateatern.fi\/wp-content\/uploads\/2025\/06\/20250520-DSC00426.jpg","datePublished":"2025-06-19T08:37:02+00:00","dateModified":"2025-08-21T11:56:15+00:00","description":"Haluatko syvent\u00e4\u00e4 teatterikokemustasi? Ota osaa yleis\u00f6ty\u00f6h\u00f6n! Svenska Teaternin maailmaan voi sukeltaa my\u00f6s suomeksi tai useammalla kielell\u00e4.\u00a0Yleis\u00f6ty\u00f6n tapahtumat ovat tarkoitettu ihan kaikille, niin ensikertalaisille kuin teatterikonkareille, yksin tai yhdess\u00e4. Ajankohtaiset tiedot tulevista tapahtumista l\u00f6ytyv\u00e4t ohjelmisto- ja uutissivuiltamme.\u00a0","breadcrumb":{"@id":"https:\/\/svenskateatern.fi\/fi\/yleisotyo\/#breadcrumb"},"inLanguage":"fi","potentialAction":[{"@type":"ReadAction","target":["https:\/\/svenskateatern.fi\/fi\/yleisotyo\/"]}]},{"@type":"ImageObject","inLanguage":"fi","@id":"https:\/\/svenskateatern.fi\/fi\/yleisotyo\/#primaryimage","url":"https:\/\/svenskateatern.fi\/wp-content\/uploads\/2025\/06\/20250520-DSC00426.jpg","contentUrl":"https:\/\/svenskateatern.fi\/wp-content\/uploads\/2025\/06\/20250520-DSC00426.jpg","width":9504,"height":6336},{"@type":"BreadcrumbList","@id":"https:\/\/svenskateatern.fi\/fi\/yleisotyo\/#breadcrumb","itemListElement":[{"@type":"ListItem","position":1,"name":"Etusivu","item":"https:\/\/svenskateatern.fi\/fi\/"},{"@type":"ListItem","position":2,"name":"Yleis\u00f6ty\u00f6"}]},{"@type":"WebSite","@id":"https:\/\/svenskateatern.fi\/fi\/#website","url":"https:\/\/svenskateatern.fi\/fi\/","name":"Svenska Teatern","description":"","potentialAction":[{"@type":"SearchAction","target":{"@type":"EntryPoint","urlTemplate":"https:\/\/svenskateatern.fi\/fi\/?s={search_term_string}"},"query-input":{"@type":"PropertyValueSpecification","valueRequired":true,"valueName":"search_term_string"}}],"inLanguage":"fi"}]}},"_links":{"self":[{"href":"https:\/\/svenskateatern.fi\/fi\/wp-json\/wp\/v2\/pages\/29377","targetHints":{"allow":["GET"]}}],"collection":[{"href":"https:\/\/svenskateatern.fi\/fi\/wp-json\/wp\/v2\/pages"}],"about":[{"href":"https:\/\/svenskateatern.fi\/fi\/wp-json\/wp\/v2\/types\/page"}],"author":[{"embeddable":true,"href":"https:\/\/svenskateatern.fi\/fi\/wp-json\/wp\/v2\/users\/18"}],"replies":[{"embeddable":true,"href":"https:\/\/svenskateatern.fi\/fi\/wp-json\/wp\/v2\/comments?post=29377"}],"version-history":[{"count":9,"href":"https:\/\/svenskateatern.fi\/fi\/wp-json\/wp\/v2\/pages\/29377\/revisions"}],"predecessor-version":[{"id":30183,"href":"https:\/\/svenskateatern.fi\/fi\/wp-json\/wp\/v2\/pages\/29377\/revisions\/30183"}],"wp:featuredmedia":[{"embeddable":true,"href":"https:\/\/svenskateatern.fi\/fi\/wp-json\/wp\/v2\/media\/29361"}],"wp:attachment":[{"href":"https:\/\/svenskateatern.fi\/fi\/wp-json\/wp\/v2\/media?parent=29377"}],"curies":[{"name":"wp","href":"https:\/\/api.w.org\/{rel}","templated":true}]}}