{"id":26685,"date":"2025-01-24T15:33:57","date_gmt":"2025-01-24T12:33:57","guid":{"rendered":"https:\/\/svenskateatern.fi\/?page_id=26685"},"modified":"2025-01-24T15:34:24","modified_gmt":"2025-01-24T12:34:24","slug":"flersprakigt-formular-exempel","status":"publish","type":"page","link":"https:\/\/svenskateatern.fi\/fi\/flersprakigt-formular-exempel\/","title":{"rendered":"Flerspr\u00e5kigt formul\u00e4r &#8211; exempel"},"content":{"rendered":"<section id=\"block_9d775e695f8d154c76d70261bf368405_69dea63090c12\" class=\"block block-content-wrapper container-fluid bg-white container-fluid\">\n\t<div class=\"container\n\t\t\tshow-all\"\n\t\t>\n\t\t<div class=\"row\">\n\t\t\t<div class=\"col-12 col-lg-8 offset-lg-2 col-hd-6 offset-hd-3\">\n\t\t\t\t<main class=\"entry-content\">\n\t\t\t\t\t\n\n<h1 class=\"wp-block-heading\">Flerspr\u00e5kigt formul\u00e4r &#8211; exempel<\/h1>\n\n\n<script type=\"text\/javascript\">\n\/* <![CDATA[ *\/\nvar gform;gform||(document.addEventListener(\"gform_main_scripts_loaded\",function(){gform.scriptsLoaded=!0}),document.addEventListener(\"gform\/theme\/scripts_loaded\",function(){gform.themeScriptsLoaded=!0}),window.addEventListener(\"DOMContentLoaded\",function(){gform.domLoaded=!0}),gform={domLoaded:!1,scriptsLoaded:!1,themeScriptsLoaded:!1,isFormEditor:()=>\"function\"==typeof InitializeEditor,callIfLoaded:function(o){return!(!gform.domLoaded||!gform.scriptsLoaded||!gform.themeScriptsLoaded&&!gform.isFormEditor()||(gform.isFormEditor()&&console.warn(\"The use of gform.initializeOnLoaded() is deprecated in the form editor context and will be removed in Gravity Forms 3.1.\"),o(),0))},initializeOnLoaded:function(o){gform.callIfLoaded(o)||(document.addEventListener(\"gform_main_scripts_loaded\",()=>{gform.scriptsLoaded=!0,gform.callIfLoaded(o)}),document.addEventListener(\"gform\/theme\/scripts_loaded\",()=>{gform.themeScriptsLoaded=!0,gform.callIfLoaded(o)}),window.addEventListener(\"DOMContentLoaded\",()=>{gform.domLoaded=!0,gform.callIfLoaded(o)}))},hooks:{action:{},filter:{}},addAction:function(o,r,e,t){gform.addHook(\"action\",o,r,e,t)},addFilter:function(o,r,e,t){gform.addHook(\"filter\",o,r,e,t)},doAction:function(o){gform.doHook(\"action\",o,arguments)},applyFilters:function(o){return gform.doHook(\"filter\",o,arguments)},removeAction:function(o,r){gform.removeHook(\"action\",o,r)},removeFilter:function(o,r,e){gform.removeHook(\"filter\",o,r,e)},addHook:function(o,r,e,t,n){null==gform.hooks[o][r]&&(gform.hooks[o][r]=[]);var d=gform.hooks[o][r];null==n&&(n=r+\"_\"+d.length),gform.hooks[o][r].push({tag:n,callable:e,priority:t=null==t?10:t})},doHook:function(r,o,e){var t;if(e=Array.prototype.slice.call(e,1),null!=gform.hooks[r][o]&&((o=gform.hooks[r][o]).sort(function(o,r){return o.priority-r.priority}),o.forEach(function(o){\"function\"!=typeof(t=o.callable)&&(t=window[t]),\"action\"==r?t.apply(null,e):e[0]=t.apply(null,e)})),\"filter\"==r)return e[0]},removeHook:function(o,r,t,n){var e;null!=gform.hooks[o][r]&&(e=(e=gform.hooks[o][r]).filter(function(o,r,e){return!!(null!=n&&n!=o.tag||null!=t&&t!=o.priority)}),gform.hooks[o][r]=e)}});\n\/* ]]> *\/\n<\/script>\n\n                <div class='gf_browser_gecko gform_wrapper gravity-theme gform-theme--no-framework' data-form-theme='gravity-theme' data-form-index='0' id='gform_wrapper_134' >\n                        <div class='gform_heading'>\n                            <h2 class=\"gform_title\">Yleis\u00f6kommentti &#8211; Exempel<\/h2>\n                            <p class='gform_description'>Kerro meille mit\u00e4 mielt\u00e4 olit esityksest\u00e4 jonka n\u00e4it.<\/p>\n                        <\/div><form method='post' enctype='multipart\/form-data'  id='gform_134'  action='\/fi\/wp-json\/wp\/v2\/pages\/26685' data-formid='134' novalidate>\n                        <div class='gform-body gform_body'><div id='gform_fields_134' class='gform_fields top_label form_sublabel_below description_below validation_below'><div id=\"field_134_7\" class=\"gfield gfield--type-section gfield--input-type-section gsection field_sublabel_below gfield--has-description field_description_below field_validation_below gfield_visibility_visible\"  ><h3 class=\"gsection_title\">Huomioi<\/h3><div class='gsection_description' id='gfield_description_134_7'>T\u00e4yt\u00e4 vain jos j\u00e4t\u00e4t kommentin koskien esityst\u00e4 jonka n\u00e4it. Yleis\u00f6kommentit ovat aina anonyymej\u00e4. Muun palautteen vaastaanottamme palautelomakkeen kautta.<\/div><\/div><div id=\"field_134_4\" class=\"gfield gfield--type-select gfield--input-type-select gfield--width-full gfield_contains_required field_sublabel_below gfield--no-description field_description_below field_validation_below gfield_visibility_visible\"  ><label class='gfield_label gform-field-label' for='input_134_4'>N\u00e4ytelm\u00e4<span class=\"gfield_required\"><span class=\"gfield_required gfield_required_text\">(Pakollinen)<\/span><\/span><\/label><div class='ginput_container ginput_container_select'><select name='input_4' id='input_134_4' class='large gfield_select'    aria-required=\"true\" aria-invalid=\"false\" ><option value='' selected='selected' class='gf_placeholder'>Valitse<\/option><option value='Matilda' >Matilda<\/option><option value='Hamlet' >Hamlet<\/option><option value='En lysande id\u00e9' >En lysande id\u00e9<\/option><option value='Topelius och teatern' >Topelius och teatern<\/option><option value='Under attack' >Under attack<\/option><option value='Raka R\u00f6r!' >Raka R\u00f6r!<\/option><option value='Litteraturfestivalen Gr\u00e4nsl\u00f6st - Mellanrum' >Litteraturfestivalen Gr\u00e4nsl\u00f6st &#8211; Mellanrum<\/option><option value='Humorlandskampen' >Humorlandskampen<\/option><option value='Muu tilaisuus' >Muu tilaisuus<\/option><\/select><\/div><\/div><div id=\"field_134_5\" class=\"gfield gfield--type-textarea gfield--input-type-textarea gfield--width-full gfield_contains_required field_sublabel_below gfield--no-description field_description_below field_validation_below gfield_visibility_visible\"  ><label class='gfield_label gform-field-label' for='input_134_5'>Viesti<span class=\"gfield_required\"><span class=\"gfield_required gfield_required_text\">(Pakollinen)<\/span><\/span><\/label><div class='ginput_container ginput_container_textarea'><textarea name='input_5' id='input_134_5' class='textarea large'   maxlength='500'  aria-required=\"true\" aria-invalid=\"false\"   rows='10' cols='50'><\/textarea><\/div><\/div><\/div><\/div>\n        <div class='gform-footer gform_footer top_label'> <input type='submit' id='gform_submit_button_134' class='gform_button button' onclick='gform.submission.handleButtonClick(this);' data-submission-type='submit' value='L\u00e4het\u00e4'  \/> \n            <input type='hidden' class='gform_hidden' name='gform_submission_method' data-js='gform_submission_method_134' value='postback' \/>\n            <input type='hidden' class='gform_hidden' name='gform_theme' data-js='gform_theme_134' id='gform_theme_134' value='gravity-theme' \/>\n            <input type='hidden' class='gform_hidden' name='gform_style_settings' data-js='gform_style_settings_134' id='gform_style_settings_134' value='{&quot;inputPrimaryColor&quot;:&quot;#204ce5&quot;}' \/>\n            <input type='hidden' class='gform_hidden' name='is_submit_134' value='1' \/>\n            <input type='hidden' class='gform_hidden' name='gform_submit' value='134' \/>\n            \n            <input type='hidden' class='gform_hidden' name='gform_currency' data-currency='EUR' value='ehC1A1cCj8eVDV2Q7V+t9oON7wA\/+VnJxkl7UYeuxgxJBhZoHG3p+9NlnFzlgLoCMOLd9xiauBCeqs8VWe\/JuPFE8NQpqYDoHFj4W6\/MW4MHiD0=' \/>\n            <input type='hidden' class='gform_hidden' name='gform_unique_id' value='' \/>\n            <input type='hidden' class='gform_hidden' name='state_134' value='WyJ7XCI0XCI6W1wiZGU4MzEzYjMzZTk5MDM0ZmY2MjVlMTE5OTgzYTJhZDZcIixcIjlmNmNmYzNkZWUyNGYwN2FlMjA2YjQ0Y2MwMDk3YjU2XCIsXCIwZGRmOWE1YWIwMzUwYjZhMDYzNDljZmI5ZjViYjgwMVwiLFwiMjQzYzgxNmU4ZDAwNDlmM2VmMWE0N2QxN2Q5YWY1OWJcIixcImVlMzMwMTM0YzM2NGJlMmU4Njg5Yjk4MDM1Yzg4MTIyXCIsXCIwYjQyYzZjYjA2MjRlZTU1Zjg4OWYwMzA1NTliNGJjOVwiLFwiY2U4YmYxYzMzNWVkNzkxYTQ0MzZkOTBjOTVkM2I3YzFcIixcIjMwOTllZDUyYTdiNmIyNTk5OTMzNDQwODQ0MjJlODZkXCIsXCI4NTgyZDgyNjlkNDdjM2I3ZGNjZDk0NWMxNTdmMDdkY1wiXX0iLCI4YWRlYjlmNDZiZDI0OGUwMGU2ZTA5NjI3NmFjNzE4NSJd' \/>\n            <input type='hidden' autocomplete='off' class='gform_hidden' name='gform_target_page_number_134' id='gform_target_page_number_134' value='0' \/>\n            <input type='hidden' autocomplete='off' class='gform_hidden' name='gform_source_page_number_134' id='gform_source_page_number_134' value='1' \/>\n            <input type='hidden' name='gform_field_values' value='' \/>\n            \n        <\/div>\n                        <\/form>\n                        <\/div><script type=\"text\/javascript\">\n\/* <![CDATA[ *\/\n gform.initializeOnLoaded( function() {gformInitSpinner( 134, 'https:\/\/svenskateatern.fi\/wp-content\/plugins\/gravityforms\/images\/spinner.svg', true );jQuery('#gform_ajax_frame_134').on('load',function(){var contents = jQuery(this).contents().find('*').html();var is_postback = contents.indexOf('GF_AJAX_POSTBACK') >= 0;if(!is_postback){return;}var form_content = jQuery(this).contents().find('#gform_wrapper_134');var is_confirmation = jQuery(this).contents().find('#gform_confirmation_wrapper_134').length > 0;var is_redirect = contents.indexOf('gformRedirect(){') >= 0;var is_form = form_content.length > 0 && ! is_redirect && ! is_confirmation;var mt = parseInt(jQuery('html').css('margin-top'), 10) + parseInt(jQuery('body').css('margin-top'), 10) + 100;if(is_form){jQuery('#gform_wrapper_134').html(form_content.html());if(form_content.hasClass('gform_validation_error')){jQuery('#gform_wrapper_134').addClass('gform_validation_error');} else {jQuery('#gform_wrapper_134').removeClass('gform_validation_error');}setTimeout( function() { \/* delay the scroll by 50 milliseconds to fix a bug in chrome *\/  }, 50 );if(window['gformInitDatepicker']) {gformInitDatepicker();}if(window['gformInitPriceFields']) {gformInitPriceFields();}var current_page = jQuery('#gform_source_page_number_134').val();gformInitSpinner( 134, 'https:\/\/svenskateatern.fi\/wp-content\/plugins\/gravityforms\/images\/spinner.svg', true );jQuery(document).trigger('gform_page_loaded', [134, current_page]);window['gf_submitting_134'] = false;}else if(!is_redirect){var confirmation_content = jQuery(this).contents().find('.GF_AJAX_POSTBACK').html();if(!confirmation_content){confirmation_content = contents;}jQuery('#gform_wrapper_134').replaceWith(confirmation_content);jQuery(document).trigger('gform_confirmation_loaded', [134]);window['gf_submitting_134'] = false;wp.a11y.speak(jQuery('#gform_confirmation_message_134').text());}else{jQuery('#gform_134').append(contents);if(window['gformRedirect']) {gformRedirect();}}jQuery(document).trigger(\"gform_pre_post_render\", [{ formId: \"134\", currentPage: \"current_page\", abort: function() { this.preventDefault(); } }]);        if (event && event.defaultPrevented) {                return;        }        const gformWrapperDiv = document.getElementById( \"gform_wrapper_134\" );        if ( gformWrapperDiv ) {            const visibilitySpan = document.createElement( \"span\" );            visibilitySpan.id = \"gform_visibility_test_134\";            gformWrapperDiv.insertAdjacentElement( \"afterend\", visibilitySpan );        }        const visibilityTestDiv = document.getElementById( \"gform_visibility_test_134\" );        let postRenderFired = false;        function triggerPostRender() {            if ( postRenderFired ) {                return;            }            postRenderFired = true;            gform.core.triggerPostRenderEvents( 134, current_page );            if ( visibilityTestDiv ) {                visibilityTestDiv.parentNode.removeChild( visibilityTestDiv );            }        }        function debounce( func, wait, immediate ) {            var timeout;            return function() {                var context = this, args = arguments;                var later = function() {                    timeout = null;                    if ( !immediate ) func.apply( context, args );                };                var callNow = immediate && !timeout;                clearTimeout( timeout );                timeout = setTimeout( later, wait );                if ( callNow ) func.apply( context, args );            };        }        const debouncedTriggerPostRender = debounce( function() {            triggerPostRender();        }, 200 );        if ( visibilityTestDiv && visibilityTestDiv.offsetParent === null ) {            const observer = new MutationObserver( ( mutations ) => {                mutations.forEach( ( mutation ) => {                    if ( mutation.type === 'attributes' && visibilityTestDiv.offsetParent !== null ) {                        debouncedTriggerPostRender();                        observer.disconnect();                    }                });            });            observer.observe( document.body, {                attributes: true,                childList: false,                subtree: true,                attributeFilter: [ 'style', 'class' ],            });        } else {            triggerPostRender();        }    } );} ); \n\/* ]]> *\/\n<\/script>\n\n\n\t\t\t\t<\/main>\n\t\t\t<\/div>\n\t\t<\/div>\n\n\t\t\n\t<\/div>\n<\/section>\n","protected":false},"excerpt":{"rendered":"","protected":false},"author":19,"featured_media":0,"parent":0,"menu_order":0,"comment_status":"closed","ping_status":"closed","template":"","meta":{"_acf_changed":false,"_relevanssi_hide_post":"","_relevanssi_hide_content":"","_relevanssi_pin_for_all":"","_relevanssi_pin_keywords":"","_relevanssi_unpin_keywords":"","_relevanssi_related_keywords":"","_relevanssi_related_include_ids":"","_relevanssi_related_exclude_ids":"","_relevanssi_related_no_append":"","_relevanssi_related_not_related":"","_relevanssi_related_posts":"25070,11423,14766,6847,25801,15521","_relevanssi_noindex_reason":"","footnotes":""},"class_list":["post-26685","page","type-page","status-publish","hentry"],"acf":[],"yoast_head":"<!-- This site is optimized with the Yoast SEO plugin v27.0 - https:\/\/yoast.com\/product\/yoast-seo-wordpress\/ -->\n<title>Flerspr\u00e5kigt formul\u00e4r - exempel - Svenska Teatern<\/title>\n<meta name=\"robots\" content=\"index, follow, max-snippet:-1, max-image-preview:large, max-video-preview:-1\" \/>\n<link rel=\"canonical\" href=\"https:\/\/svenskateatern.fi\/fi\/flersprakigt-formular-exempel\/\" \/>\n<meta property=\"og:locale\" content=\"fi_FI\" \/>\n<meta property=\"og:type\" content=\"article\" \/>\n<meta property=\"og:title\" content=\"Flerspr\u00e5kigt formul\u00e4r - exempel - Svenska Teatern\" \/>\n<meta property=\"og:url\" content=\"https:\/\/svenskateatern.fi\/fi\/flersprakigt-formular-exempel\/\" \/>\n<meta property=\"og:site_name\" content=\"Svenska Teatern\" \/>\n<meta property=\"article:modified_time\" content=\"2025-01-24T12:34:24+00:00\" \/>\n<meta property=\"og:image\" content=\"https:\/\/svenskateatern.fi\/wp-content\/uploads\/2022\/08\/svenska-some.png\" \/>\n\t<meta property=\"og:image:width\" content=\"1200\" \/>\n\t<meta property=\"og:image:height\" content=\"630\" \/>\n\t<meta property=\"og:image:type\" content=\"image\/png\" \/>\n<meta name=\"twitter:card\" content=\"summary_large_image\" \/>\n<meta name=\"twitter:label1\" content=\"Arvioitu lukuaika\" \/>\n\t<meta name=\"twitter:data1\" content=\"1 minuutti\" \/>\n<script type=\"application\/ld+json\" class=\"yoast-schema-graph\">{\"@context\":\"https:\/\/schema.org\",\"@graph\":[{\"@type\":\"WebPage\",\"@id\":\"https:\/\/svenskateatern.fi\/fi\/flersprakigt-formular-exempel\/\",\"url\":\"https:\/\/svenskateatern.fi\/fi\/flersprakigt-formular-exempel\/\",\"name\":\"Flerspr\u00e5kigt formul\u00e4r - exempel - Svenska Teatern\",\"isPartOf\":{\"@id\":\"https:\/\/svenskateatern.fi\/fi\/#website\"},\"datePublished\":\"2025-01-24T12:33:57+00:00\",\"dateModified\":\"2025-01-24T12:34:24+00:00\",\"breadcrumb\":{\"@id\":\"https:\/\/svenskateatern.fi\/fi\/flersprakigt-formular-exempel\/#breadcrumb\"},\"inLanguage\":\"fi\",\"potentialAction\":[{\"@type\":\"ReadAction\",\"target\":[\"https:\/\/svenskateatern.fi\/fi\/flersprakigt-formular-exempel\/\"]}]},{\"@type\":\"BreadcrumbList\",\"@id\":\"https:\/\/svenskateatern.fi\/fi\/flersprakigt-formular-exempel\/#breadcrumb\",\"itemListElement\":[{\"@type\":\"ListItem\",\"position\":1,\"name\":\"Etusivu\",\"item\":\"https:\/\/svenskateatern.fi\/fi\/\"},{\"@type\":\"ListItem\",\"position\":2,\"name\":\"Flerspr\u00e5kigt formul\u00e4r &#8211; exempel\"}]},{\"@type\":\"WebSite\",\"@id\":\"https:\/\/svenskateatern.fi\/fi\/#website\",\"url\":\"https:\/\/svenskateatern.fi\/fi\/\",\"name\":\"Svenska Teatern\",\"description\":\"\",\"potentialAction\":[{\"@type\":\"SearchAction\",\"target\":{\"@type\":\"EntryPoint\",\"urlTemplate\":\"https:\/\/svenskateatern.fi\/fi\/?s={search_term_string}\"},\"query-input\":{\"@type\":\"PropertyValueSpecification\",\"valueRequired\":true,\"valueName\":\"search_term_string\"}}],\"inLanguage\":\"fi\"}]}<\/script>\n<!-- \/ Yoast SEO plugin. -->","yoast_head_json":{"title":"Flerspr\u00e5kigt formul\u00e4r - exempel - Svenska Teatern","robots":{"index":"index","follow":"follow","max-snippet":"max-snippet:-1","max-image-preview":"max-image-preview:large","max-video-preview":"max-video-preview:-1"},"canonical":"https:\/\/svenskateatern.fi\/fi\/flersprakigt-formular-exempel\/","og_locale":"fi_FI","og_type":"article","og_title":"Flerspr\u00e5kigt formul\u00e4r - exempel - Svenska Teatern","og_url":"https:\/\/svenskateatern.fi\/fi\/flersprakigt-formular-exempel\/","og_site_name":"Svenska Teatern","article_modified_time":"2025-01-24T12:34:24+00:00","og_image":[{"width":1200,"height":630,"url":"https:\/\/svenskateatern.fi\/wp-content\/uploads\/2022\/08\/svenska-some.png","type":"image\/png"}],"twitter_card":"summary_large_image","twitter_misc":{"Arvioitu lukuaika":"1 minuutti"},"schema":{"@context":"https:\/\/schema.org","@graph":[{"@type":"WebPage","@id":"https:\/\/svenskateatern.fi\/fi\/flersprakigt-formular-exempel\/","url":"https:\/\/svenskateatern.fi\/fi\/flersprakigt-formular-exempel\/","name":"Flerspr\u00e5kigt formul\u00e4r - exempel - Svenska Teatern","isPartOf":{"@id":"https:\/\/svenskateatern.fi\/fi\/#website"},"datePublished":"2025-01-24T12:33:57+00:00","dateModified":"2025-01-24T12:34:24+00:00","breadcrumb":{"@id":"https:\/\/svenskateatern.fi\/fi\/flersprakigt-formular-exempel\/#breadcrumb"},"inLanguage":"fi","potentialAction":[{"@type":"ReadAction","target":["https:\/\/svenskateatern.fi\/fi\/flersprakigt-formular-exempel\/"]}]},{"@type":"BreadcrumbList","@id":"https:\/\/svenskateatern.fi\/fi\/flersprakigt-formular-exempel\/#breadcrumb","itemListElement":[{"@type":"ListItem","position":1,"name":"Etusivu","item":"https:\/\/svenskateatern.fi\/fi\/"},{"@type":"ListItem","position":2,"name":"Flerspr\u00e5kigt formul\u00e4r &#8211; exempel"}]},{"@type":"WebSite","@id":"https:\/\/svenskateatern.fi\/fi\/#website","url":"https:\/\/svenskateatern.fi\/fi\/","name":"Svenska Teatern","description":"","potentialAction":[{"@type":"SearchAction","target":{"@type":"EntryPoint","urlTemplate":"https:\/\/svenskateatern.fi\/fi\/?s={search_term_string}"},"query-input":{"@type":"PropertyValueSpecification","valueRequired":true,"valueName":"search_term_string"}}],"inLanguage":"fi"}]}},"_links":{"self":[{"href":"https:\/\/svenskateatern.fi\/fi\/wp-json\/wp\/v2\/pages\/26685","targetHints":{"allow":["GET"]}}],"collection":[{"href":"https:\/\/svenskateatern.fi\/fi\/wp-json\/wp\/v2\/pages"}],"about":[{"href":"https:\/\/svenskateatern.fi\/fi\/wp-json\/wp\/v2\/types\/page"}],"author":[{"embeddable":true,"href":"https:\/\/svenskateatern.fi\/fi\/wp-json\/wp\/v2\/users\/19"}],"replies":[{"embeddable":true,"href":"https:\/\/svenskateatern.fi\/fi\/wp-json\/wp\/v2\/comments?post=26685"}],"version-history":[{"count":1,"href":"https:\/\/svenskateatern.fi\/fi\/wp-json\/wp\/v2\/pages\/26685\/revisions"}],"predecessor-version":[{"id":26686,"href":"https:\/\/svenskateatern.fi\/fi\/wp-json\/wp\/v2\/pages\/26685\/revisions\/26686"}],"wp:attachment":[{"href":"https:\/\/svenskateatern.fi\/fi\/wp-json\/wp\/v2\/media?parent=26685"}],"curies":[{"name":"wp","href":"https:\/\/api.w.org\/{rel}","templated":true}]}}