{"id":24426,"date":"2024-10-25T10:23:26","date_gmt":"2024-10-25T07:23:26","guid":{"rendered":"https:\/\/svenskateatern.fi\/?page_id=24426"},"modified":"2026-02-02T14:11:03","modified_gmt":"2026-02-02T11:11:03","slug":"monimuotoisuuden-vaikutus-teatterin-kestavassa-kehityksessa","status":"publish","type":"page","link":"https:\/\/svenskateatern.fi\/fi\/monimuotoisuuden-vaikutus-teatterin-kestavassa-kehityksessa\/","title":{"rendered":"Monimuotoisuuden vaikutus teatterin kest\u00e4v\u00e4ss\u00e4 kehityksess\u00e4"},"content":{"rendered":"\n<section class=\"block block-hero-image\">\n    <div class=\"image\">\n                    <img decoding=\"async\" src=\"https:\/\/svenskateatern.fi\/wp-content\/uploads\/2024\/01\/Stora-scenen-DT.jpg\" width=\"2520\" height=\"1080\" class=\"desktop-image\" alt=\"Svenska teaterns salong.\" loading=\"lazy\">        \n                    <img decoding=\"async\" src=\"https:\/\/svenskateatern.fi\/wp-content\/uploads\/2024\/01\/Stora-scenen-DT.jpg\" width=\"2520\" height=\"1080\" class=\"mobile-image\" alt=\"Svenska teaterns salong.\" loading=\"lazy\">            <\/div>\n<\/section>\n\n\n<section id=\"block_fa16b2ccacc2baa8bb3bc38ccb364bbf_69d4b6f377525\" class=\"block block-content-wrapper container-fluid bg-cream container-fluid is-style-default\">\n\t<div class=\"container\n\t\t\tshow-all\"\n\t\t>\n\t\t<div class=\"row\">\n\t\t\t<div class=\"col-12 col-lg-8 offset-lg-2 col-hd-6 offset-hd-3\">\n\t\t\t\t<main class=\"entry-content\">\n\t\t\t\t\t\n\n<h1 class=\"wp-block-heading\">Tutki meid\u00e4n kanssamme monimuotoisuuden vaikutus teatteriin<em> <\/em><\/h1>\n\n\n\n<p>Osallistu referenssiryhm\u00e4\u00e4n ja auta meit\u00e4 rakentamaan moninaisempaa teatteria!<\/p>\n\n\n\n<p><strong>Referenssiryhm\u00e4<\/strong><\/p>\n\n\n\n<p>Ilmoittaudu referenssiryhm\u00e4\u00e4n t\u00e4ytt\u00e4m\u00e4ll\u00e4 t\u00e4m\u00e4n ilmoittautumislomakkeen voit p\u00e4\u00e4st\u00e4 katsomaan&nbsp;<strong>maksutta<\/strong>&nbsp;n\u00e4ytelmi\u00e4mme! Saat esityksen j\u00e4lkeen linkin kyselyyn, johon vastaamalla osallistut&nbsp;tutkimushankkeeseemme, jonka tavoitteena on lis\u00e4t\u00e4 monimuotoisuutta n\u00e4ytt\u00e4m\u00f6ll\u00e4 ja yleis\u00f6ss\u00e4. Kaikki vastaukset anonymisoidaan tutkimuksen aikana.<\/p>\n\n\n\n<p><strong>Refenssiryhm\u00e4lle jaetaan <em>Ronja Ry\u00f6v\u00e4rintyt\u00e4r <\/em>ja <em>F\u00f6rg\u00e4t mig<\/em> lippuja<\/strong><br>Rajattu m\u00e4\u00e4r\u00e4 lippuja per tuotanto.<\/p>\n\n\n\n<p><strong>Ronja Ry\u00f6v\u00e4rintyt\u00e4r<\/strong><\/p>\n\n\n\n<ul class=\"wp-block-list\">\n<li><strong>Kaikki liput t\u00e4h\u00e4n tuotantoon ovat jaettu.<\/strong><\/li>\n\n\n\n<li>Uusintaensi-ilta 1.10.2025<\/li>\n\n\n\n<li>Lippuja jaetaan valituille esitysp\u00e4iville 2.10.2025\u201323.5.2025<\/li>\n\n\n\n<li>Esityskieli on ruotsi. Tekstitys suomeksi ja englanniksi.<br><\/li>\n<\/ul>\n\n\n\n<p><strong>F\u00f6rg\u00e4t mig<\/strong> (Unohda minut)<\/p>\n\n\n\n<ul class=\"wp-block-list\">\n<li><strong>Kaikki liput t\u00e4h\u00e4n tuotantoon ovat jaettu.<\/strong><\/li>\n\n\n\n<li>Ensi-ilta 3.12.2025<\/li>\n\n\n\n<li>Lippuja jaetaan valituille esitysp\u00e4iville 9.12.2025\u201328.3.2026<\/li>\n\n\n\n<li>Esityskieli on ruotsi. Tekstitys suomeksi ja englanniksi.<\/li>\n<\/ul>\n\n\n\n\n\n<p><\/p>\n\n\n\n<p><\/p>\n\n\n\n<p>Svenska Teatern on k\u00e4ynnist\u00e4nyt kolmivuotisen tutkimushankkeen nimelt\u00e4 &#8221;<em>Monimuotoisuuden vaikutus teatterin kest\u00e4v\u00e4ss\u00e4 kehityksess\u00e4<\/em>&#8221;<\/p>\n\n\n\n<p><strong>Lyhyesti hankkeesta:<\/strong><\/p>\n\n\n\n<p>Moninaistuva ja monikulttuurisempi yhteiskunta haastaa teatteria yhteiskunnallisena vaikuttajana, yleis\u00f6suhteessa, ammattiyhteis\u00f6n\u00e4 ja taiteellisen ohjelmiston kehitt\u00e4j\u00e4n\u00e4. Hankkeessa tutkitaan, etsit\u00e4\u00e4n ja kokeillaan tapoja, joilla lis\u00e4tt\u00e4isiin ep\u00e4normatiivisen kulttuurisen p\u00e4\u00e4omaa edustavien osuutta teatterin yleis\u00f6iss\u00e4 ja henkil\u00f6kunnassa. Ep\u00e4normatiivisella kulttuurisella p\u00e4\u00e4omalla tarkoitetaan t\u00e4ss\u00e4 tapauksessa sellaista kulttuurista p\u00e4\u00e4omaa, joka eroaa normeista, joita on historiallisesti liitetty Svenska Teaternin toimintaan. N\u00e4m\u00e4 normit ovat mm. valkoisuus, keskiluokkaisuus, ruotsinkielisyys ja suomenkielisyys, korkeakoulutustausta sek\u00e4 heteronormatiivisuus. Kolmivuotisen projektin tarkoituksena on rakentaa kest\u00e4v\u00e4mp\u00e4\u00e4 teatteria sen kolmessa tukipilarissa: Yleis\u00f6, Taide ja Ty\u00f6yhteis\u00f6.<\/p>\n\n\n\n<p>Hanke on Jane ja Aatos Erkon s\u00e4\u00e4ti\u00f6n tukema.<\/p>\n\n\n\n<p>Lue lis\u00e4\u00e4 aiheesta: <a href=\"https:\/\/jaes.fi\/aihealueet\/taide-ja-kulttuuri\/yhteiskunnan-peilia-puhdistamassa\/\">Yhteiskunnan peili\u00e4 puhdistamassa &#8211; Jane ja Aatos Erkon s\u00e4\u00e4ti\u00f6<\/a><\/p>\n\n\n\n<p>Esityksen j\u00e4lkeen pyyd\u00e4mme sinua vastaamaan tutkimuskyselyyn.<\/p>\n\n\n\n\n\t\t\t\t<\/main>\n\t\t\t<\/div>\n\t\t<\/div>\n\n\t\t\n\t<\/div>\n<\/section>\n","protected":false},"excerpt":{"rendered":"","protected":false},"author":29,"featured_media":0,"parent":0,"menu_order":0,"comment_status":"closed","ping_status":"closed","template":"","meta":{"_acf_changed":false,"_relevanssi_hide_post":"","_relevanssi_hide_content":"","_relevanssi_pin_for_all":"","_relevanssi_pin_keywords":"","_relevanssi_unpin_keywords":"","_relevanssi_related_keywords":"","_relevanssi_related_include_ids":"","_relevanssi_related_exclude_ids":"","_relevanssi_related_no_append":"","_relevanssi_related_not_related":"","_relevanssi_related_posts":"7346,6847,22720,20404,19932,13617","_relevanssi_noindex_reason":"","footnotes":""},"class_list":["post-24426","page","type-page","status-publish","hentry"],"acf":[],"yoast_head":"<!-- This site is optimized with the Yoast SEO plugin v27.0 - https:\/\/yoast.com\/product\/yoast-seo-wordpress\/ -->\n<title>Monimuotoisuuden vaikutus teatterin kest\u00e4v\u00e4ss\u00e4 kehityksess\u00e4 - Svenska Teatern<\/title>\n<meta name=\"robots\" content=\"index, follow, max-snippet:-1, max-image-preview:large, max-video-preview:-1\" \/>\n<link rel=\"canonical\" href=\"https:\/\/svenskateatern.fi\/fi\/monimuotoisuuden-vaikutus-teatterin-kestavassa-kehityksessa\/\" \/>\n<meta property=\"og:locale\" content=\"fi_FI\" \/>\n<meta property=\"og:type\" content=\"article\" \/>\n<meta property=\"og:title\" content=\"Monimuotoisuuden vaikutus teatterin kest\u00e4v\u00e4ss\u00e4 kehityksess\u00e4 - Svenska Teatern\" \/>\n<meta property=\"og:url\" content=\"https:\/\/svenskateatern.fi\/fi\/monimuotoisuuden-vaikutus-teatterin-kestavassa-kehityksessa\/\" \/>\n<meta property=\"og:site_name\" content=\"Svenska Teatern\" \/>\n<meta property=\"article:modified_time\" content=\"2026-02-02T11:11:03+00:00\" \/>\n<meta property=\"og:image\" content=\"https:\/\/svenskateatern.fi\/wp-content\/uploads\/2022\/08\/svenska-some.png\" \/>\n\t<meta property=\"og:image:width\" content=\"1200\" \/>\n\t<meta property=\"og:image:height\" content=\"630\" \/>\n\t<meta property=\"og:image:type\" content=\"image\/png\" \/>\n<meta name=\"twitter:card\" content=\"summary_large_image\" \/>\n<meta name=\"twitter:label1\" content=\"Arvioitu lukuaika\" \/>\n\t<meta name=\"twitter:data1\" content=\"4 minuuttia\" \/>\n<script type=\"application\/ld+json\" class=\"yoast-schema-graph\">{\"@context\":\"https:\/\/schema.org\",\"@graph\":[{\"@type\":\"WebPage\",\"@id\":\"https:\/\/svenskateatern.fi\/fi\/monimuotoisuuden-vaikutus-teatterin-kestavassa-kehityksessa\/\",\"url\":\"https:\/\/svenskateatern.fi\/fi\/monimuotoisuuden-vaikutus-teatterin-kestavassa-kehityksessa\/\",\"name\":\"Monimuotoisuuden vaikutus teatterin kest\u00e4v\u00e4ss\u00e4 kehityksess\u00e4 - Svenska Teatern\",\"isPartOf\":{\"@id\":\"https:\/\/svenskateatern.fi\/fi\/#website\"},\"datePublished\":\"2024-10-25T07:23:26+00:00\",\"dateModified\":\"2026-02-02T11:11:03+00:00\",\"breadcrumb\":{\"@id\":\"https:\/\/svenskateatern.fi\/fi\/monimuotoisuuden-vaikutus-teatterin-kestavassa-kehityksessa\/#breadcrumb\"},\"inLanguage\":\"fi\",\"potentialAction\":[{\"@type\":\"ReadAction\",\"target\":[\"https:\/\/svenskateatern.fi\/fi\/monimuotoisuuden-vaikutus-teatterin-kestavassa-kehityksessa\/\"]}]},{\"@type\":\"BreadcrumbList\",\"@id\":\"https:\/\/svenskateatern.fi\/fi\/monimuotoisuuden-vaikutus-teatterin-kestavassa-kehityksessa\/#breadcrumb\",\"itemListElement\":[{\"@type\":\"ListItem\",\"position\":1,\"name\":\"Etusivu\",\"item\":\"https:\/\/svenskateatern.fi\/fi\/\"},{\"@type\":\"ListItem\",\"position\":2,\"name\":\"Monimuotoisuuden vaikutus teatterin kest\u00e4v\u00e4ss\u00e4 kehityksess\u00e4\"}]},{\"@type\":\"WebSite\",\"@id\":\"https:\/\/svenskateatern.fi\/fi\/#website\",\"url\":\"https:\/\/svenskateatern.fi\/fi\/\",\"name\":\"Svenska Teatern\",\"description\":\"\",\"potentialAction\":[{\"@type\":\"SearchAction\",\"target\":{\"@type\":\"EntryPoint\",\"urlTemplate\":\"https:\/\/svenskateatern.fi\/fi\/?s={search_term_string}\"},\"query-input\":{\"@type\":\"PropertyValueSpecification\",\"valueRequired\":true,\"valueName\":\"search_term_string\"}}],\"inLanguage\":\"fi\"}]}<\/script>\n<!-- \/ Yoast SEO plugin. -->","yoast_head_json":{"title":"Monimuotoisuuden vaikutus teatterin kest\u00e4v\u00e4ss\u00e4 kehityksess\u00e4 - Svenska Teatern","robots":{"index":"index","follow":"follow","max-snippet":"max-snippet:-1","max-image-preview":"max-image-preview:large","max-video-preview":"max-video-preview:-1"},"canonical":"https:\/\/svenskateatern.fi\/fi\/monimuotoisuuden-vaikutus-teatterin-kestavassa-kehityksessa\/","og_locale":"fi_FI","og_type":"article","og_title":"Monimuotoisuuden vaikutus teatterin kest\u00e4v\u00e4ss\u00e4 kehityksess\u00e4 - Svenska Teatern","og_url":"https:\/\/svenskateatern.fi\/fi\/monimuotoisuuden-vaikutus-teatterin-kestavassa-kehityksessa\/","og_site_name":"Svenska Teatern","article_modified_time":"2026-02-02T11:11:03+00:00","og_image":[{"width":1200,"height":630,"url":"https:\/\/svenskateatern.fi\/wp-content\/uploads\/2022\/08\/svenska-some.png","type":"image\/png"}],"twitter_card":"summary_large_image","twitter_misc":{"Arvioitu lukuaika":"4 minuuttia"},"schema":{"@context":"https:\/\/schema.org","@graph":[{"@type":"WebPage","@id":"https:\/\/svenskateatern.fi\/fi\/monimuotoisuuden-vaikutus-teatterin-kestavassa-kehityksessa\/","url":"https:\/\/svenskateatern.fi\/fi\/monimuotoisuuden-vaikutus-teatterin-kestavassa-kehityksessa\/","name":"Monimuotoisuuden vaikutus teatterin kest\u00e4v\u00e4ss\u00e4 kehityksess\u00e4 - Svenska Teatern","isPartOf":{"@id":"https:\/\/svenskateatern.fi\/fi\/#website"},"datePublished":"2024-10-25T07:23:26+00:00","dateModified":"2026-02-02T11:11:03+00:00","breadcrumb":{"@id":"https:\/\/svenskateatern.fi\/fi\/monimuotoisuuden-vaikutus-teatterin-kestavassa-kehityksessa\/#breadcrumb"},"inLanguage":"fi","potentialAction":[{"@type":"ReadAction","target":["https:\/\/svenskateatern.fi\/fi\/monimuotoisuuden-vaikutus-teatterin-kestavassa-kehityksessa\/"]}]},{"@type":"BreadcrumbList","@id":"https:\/\/svenskateatern.fi\/fi\/monimuotoisuuden-vaikutus-teatterin-kestavassa-kehityksessa\/#breadcrumb","itemListElement":[{"@type":"ListItem","position":1,"name":"Etusivu","item":"https:\/\/svenskateatern.fi\/fi\/"},{"@type":"ListItem","position":2,"name":"Monimuotoisuuden vaikutus teatterin kest\u00e4v\u00e4ss\u00e4 kehityksess\u00e4"}]},{"@type":"WebSite","@id":"https:\/\/svenskateatern.fi\/fi\/#website","url":"https:\/\/svenskateatern.fi\/fi\/","name":"Svenska Teatern","description":"","potentialAction":[{"@type":"SearchAction","target":{"@type":"EntryPoint","urlTemplate":"https:\/\/svenskateatern.fi\/fi\/?s={search_term_string}"},"query-input":{"@type":"PropertyValueSpecification","valueRequired":true,"valueName":"search_term_string"}}],"inLanguage":"fi"}]}},"_links":{"self":[{"href":"https:\/\/svenskateatern.fi\/fi\/wp-json\/wp\/v2\/pages\/24426","targetHints":{"allow":["GET"]}}],"collection":[{"href":"https:\/\/svenskateatern.fi\/fi\/wp-json\/wp\/v2\/pages"}],"about":[{"href":"https:\/\/svenskateatern.fi\/fi\/wp-json\/wp\/v2\/types\/page"}],"author":[{"embeddable":true,"href":"https:\/\/svenskateatern.fi\/fi\/wp-json\/wp\/v2\/users\/29"}],"replies":[{"embeddable":true,"href":"https:\/\/svenskateatern.fi\/fi\/wp-json\/wp\/v2\/comments?post=24426"}],"version-history":[{"count":15,"href":"https:\/\/svenskateatern.fi\/fi\/wp-json\/wp\/v2\/pages\/24426\/revisions"}],"predecessor-version":[{"id":34196,"href":"https:\/\/svenskateatern.fi\/fi\/wp-json\/wp\/v2\/pages\/24426\/revisions\/34196"}],"wp:attachment":[{"href":"https:\/\/svenskateatern.fi\/fi\/wp-json\/wp\/v2\/media?parent=24426"}],"curies":[{"name":"wp","href":"https:\/\/api.w.org\/{rel}","templated":true}]}}