{"id":23921,"date":"2024-10-09T10:52:13","date_gmt":"2024-10-09T07:52:13","guid":{"rendered":"https:\/\/svenskateatern.fi\/?page_id=23921"},"modified":"2024-11-01T13:31:50","modified_gmt":"2024-11-01T10:31:50","slug":"toihin-meille","status":"publish","type":"page","link":"https:\/\/svenskateatern.fi\/fi\/toihin-meille\/","title":{"rendered":"T\u00f6ihin meille"},"content":{"rendered":"<section id=\"block_3c81fb8acd09e372ad8a40bdbe673f1a_69ef2a853dbf7\" class=\"block block-content-wrapper container-fluid bg-white container-fluid\">\n\t<div class=\"container\n\t\t\tshow-all\"\n\t\t>\n\t\t<div class=\"row\">\n\t\t\t<div class=\"col-12 col-lg-8 offset-lg-2 col-hd-6 offset-hd-3\">\n\t\t\t\t<main class=\"entry-content\">\n\t\t\t\t\t\n\n<h1 class=\"wp-block-heading\" id=\"rekrytointi\">Kiinnostaisiko sinua ty\u00f6skennell\u00e4 kanssamme?<\/h1>\n\n\n\n<p class=\"is-style-lead\">Svenska Teatern \u2013 Suomen ruotsinkielinen&nbsp;kansallisteatteri on nimens\u00e4 mukaisesti kansallisn\u00e4ytt\u00e4m\u00f6, jonka esityskieli on ruotsi. Svenska Teatern tuottaa vuosittain keskim\u00e4\u00e4rin 8-10 n\u00e4ytelm\u00e4\u00e4. Svenska Teaternin henkil\u00f6kunta; taiteellinen, tekninen ja hallinnollinen osa, koostuu noin 100 ty\u00f6ntekij\u00e4st\u00e4. T\u00e4m\u00e4n lis\u00e4ksi kanssamme ty\u00f6skentelee vuosittain 150-200 freelanceria eri produktioissa.<\/p>\n\n\n\n<p><strong>Teht\u00e4v\u00e4mme on harjoittaa ja kehitt\u00e4\u00e4 n\u00e4ytt\u00e4m\u00f6taidetta ruotsiksi osana pohjoismaista kulttuuria. Ty\u00f6skentelemme n\u00e4ytt\u00e4m\u00f6taiteen korkeimmalla osaamisella. Ty\u00f6tapamme on innovatiivinen, perustuen vahvasti kokemukseen ja tietotaitoon. Ohjelmistomme on osallistava ja teemme teatterista saavutettavan kaikille.<\/strong><\/p>\n\n\n\n<p>\u2022 Kannustamme henkil\u00f6st\u00f6\u00e4 ottamaan vastuuta omasta ja muiden hyvinvoinnista ty\u00f6paikalla<\/p>\n\n\n\n<p>\u2022 Tuemme henkil\u00f6st\u00f6\u00e4 kehitt\u00e4m\u00e4\u00e4n jatkuvasti omaa osaamistaan<\/p>\n\n\n\n<p>\u2022 Varmistamme osallistavan ja tasa-arvoisen ty\u00f6ymp\u00e4rist\u00f6n, jossa kunnioitamme toisiamme<\/p>\n\n\n\n<p>\u2022 Teemme yhteisty\u00f6t\u00e4 johtavien toimijoiden kanssa sek\u00e4 kansallisesti ett\u00e4 kansainv\u00e4lisesti<\/p>\n\n\n\n<h4 class=\"wp-block-heading\">Arvomme ovat vastuullisuus, rohkaiseminen, yhteis\u00f6llisyys, luottamus, rehellisyys ja kunnioitus.<\/h4>\n\n\n\n<figure class=\"wp-block-embed is-type-video is-provider-youtube wp-block-embed-youtube wp-embed-aspect-16-9 wp-has-aspect-ratio\"><div class=\"wp-block-embed__wrapper\">\n<div class=\"oembed oembed-youtube\">  <div class='consent-placeholder cookieconsent-optout-marketing' onclick='Cookiebot.renew()'>  <img src='https:\/\/i.ytimg.com\/vi\/yBL9pWrQYBs\/hqdefault.jpg' alt=''>  <div class='text-and-button'>  <p class='consent-text'><\/p>  <button type='button' class='wp-block-button__link'><\/button>  <\/div>  <\/div><iframe title=\"Making of - Hans och Greta - premi\u00e4r 27.10.2018 p\u00e5 Svenska Teatern\" width=\"840\" height=\"473\" data-cookieblock-src=\"https:\/\/www.youtube.com\/embed\/yBL9pWrQYBs?feature=oembed&#038;autoplay=1&#038;mute=1\" data-cookieconsent=\"marketing\" frameborder=\"0\" allow=\"accelerometer; autoplay; clipboard-write; encrypted-media; gyroscope; picture-in-picture; web-share\" referrerpolicy=\"strict-origin-when-cross-origin\" allowfullscreen><\/iframe><\/div>\n<\/div><\/figure>\n\n\n\t\t\t\t<\/main>\n\t\t\t<\/div>\n\t\t<\/div>\n\n\t\t\n\t<\/div>\n<\/section>\n\n\n<section id=\"block_3c81fb8acd09e372ad8a40bdbe673f1a_69ef2a853e4b8\" class=\"block block-content-wrapper container-fluid bg-white container-fluid\">\n\t<div class=\"container\n\t\t\tshow-all\"\n\t\t>\n\t\t<div class=\"row\">\n\t\t\t<div class=\"col-12 col-lg-8 offset-lg-2 col-hd-6 offset-hd-3\">\n\t\t\t\t<main class=\"entry-content\">\n\t\t\t\t\t\n\n<h2 class=\"wp-block-heading\">Avoimet ty\u00f6paikat tai avoin hakemus?<\/h2>\n\n\n\n<p class=\"is-style-lead\">Hienoa, ett\u00e4 haluat liitty\u00e4 joukkoomme! N\u00e4hd\u00e4ksesi, onko meill\u00e4 t\u00e4ll\u00e4 hetkell\u00e4 avoimia teht\u00e4vi\u00e4 tai jos haluat l\u00e4hett\u00e4\u00e4 meille avoimen hakemuksen, vierailethan urasivuillamme.<\/p>\n\n\n\n<div class=\"wp-block-button\"><a class=\"wp-block-button__link wp-element-button\" href=\"https:\/\/rekry.svenskateatern.fi\/sv\" target=\"_blank\" rel=\"noreferrer noopener\">Urasivulle<\/a><\/div>\n\n\n\t\t\t\t<\/main>\n\t\t\t<\/div>\n\t\t<\/div>\n\n\t\t\n\t<\/div>\n<\/section>\n","protected":false},"excerpt":{"rendered":"","protected":false},"author":8,"featured_media":0,"parent":0,"menu_order":0,"comment_status":"closed","ping_status":"closed","template":"","meta":{"_acf_changed":false,"_relevanssi_hide_post":"","_relevanssi_hide_content":"","_relevanssi_pin_for_all":"","_relevanssi_pin_keywords":"","_relevanssi_unpin_keywords":"","_relevanssi_related_keywords":"","_relevanssi_related_include_ids":"","_relevanssi_related_exclude_ids":"","_relevanssi_related_no_append":"","_relevanssi_related_not_related":"","_relevanssi_related_posts":"18305,7346,13650,23650,10706,14766","_relevanssi_noindex_reason":"","footnotes":""},"class_list":["post-23921","page","type-page","status-publish","hentry"],"acf":[],"yoast_head":"<!-- This site is optimized with the Yoast SEO plugin v27.0 - https:\/\/yoast.com\/product\/yoast-seo-wordpress\/ -->\n<title>T\u00f6ihin meille - Svenska Teatern<\/title>\n<meta name=\"robots\" content=\"index, follow, max-snippet:-1, max-image-preview:large, max-video-preview:-1\" \/>\n<link rel=\"canonical\" href=\"https:\/\/svenskateatern.fi\/fi\/toihin-meille\/\" \/>\n<meta property=\"og:locale\" content=\"fi_FI\" \/>\n<meta property=\"og:type\" content=\"article\" \/>\n<meta property=\"og:title\" content=\"T\u00f6ihin meille - Svenska Teatern\" \/>\n<meta property=\"og:url\" content=\"https:\/\/svenskateatern.fi\/fi\/toihin-meille\/\" \/>\n<meta property=\"og:site_name\" content=\"Svenska Teatern\" \/>\n<meta property=\"article:modified_time\" content=\"2024-11-01T10:31:50+00:00\" \/>\n<meta property=\"og:image\" content=\"https:\/\/svenskateatern.fi\/wp-content\/uploads\/2022\/08\/svenska-some.png\" \/>\n\t<meta property=\"og:image:width\" content=\"1200\" \/>\n\t<meta property=\"og:image:height\" content=\"630\" \/>\n\t<meta property=\"og:image:type\" content=\"image\/png\" \/>\n<meta name=\"twitter:card\" content=\"summary_large_image\" \/>\n<meta name=\"twitter:label1\" content=\"Arvioitu lukuaika\" \/>\n\t<meta name=\"twitter:data1\" content=\"2 minuuttia\" \/>\n<script type=\"application\/ld+json\" class=\"yoast-schema-graph\">{\"@context\":\"https:\/\/schema.org\",\"@graph\":[{\"@type\":\"WebPage\",\"@id\":\"https:\/\/svenskateatern.fi\/fi\/toihin-meille\/\",\"url\":\"https:\/\/svenskateatern.fi\/fi\/toihin-meille\/\",\"name\":\"T\u00f6ihin meille - Svenska Teatern\",\"isPartOf\":{\"@id\":\"https:\/\/svenskateatern.fi\/fi\/#website\"},\"datePublished\":\"2024-10-09T07:52:13+00:00\",\"dateModified\":\"2024-11-01T10:31:50+00:00\",\"breadcrumb\":{\"@id\":\"https:\/\/svenskateatern.fi\/fi\/toihin-meille\/#breadcrumb\"},\"inLanguage\":\"fi\",\"potentialAction\":[{\"@type\":\"ReadAction\",\"target\":[\"https:\/\/svenskateatern.fi\/fi\/toihin-meille\/\"]}]},{\"@type\":\"BreadcrumbList\",\"@id\":\"https:\/\/svenskateatern.fi\/fi\/toihin-meille\/#breadcrumb\",\"itemListElement\":[{\"@type\":\"ListItem\",\"position\":1,\"name\":\"Etusivu\",\"item\":\"https:\/\/svenskateatern.fi\/fi\/\"},{\"@type\":\"ListItem\",\"position\":2,\"name\":\"T\u00f6ihin meille\"}]},{\"@type\":\"WebSite\",\"@id\":\"https:\/\/svenskateatern.fi\/fi\/#website\",\"url\":\"https:\/\/svenskateatern.fi\/fi\/\",\"name\":\"Svenska Teatern\",\"description\":\"\",\"potentialAction\":[{\"@type\":\"SearchAction\",\"target\":{\"@type\":\"EntryPoint\",\"urlTemplate\":\"https:\/\/svenskateatern.fi\/fi\/?s={search_term_string}\"},\"query-input\":{\"@type\":\"PropertyValueSpecification\",\"valueRequired\":true,\"valueName\":\"search_term_string\"}}],\"inLanguage\":\"fi\"}]}<\/script>\n<!-- \/ Yoast SEO plugin. -->","yoast_head_json":{"title":"T\u00f6ihin meille - Svenska Teatern","robots":{"index":"index","follow":"follow","max-snippet":"max-snippet:-1","max-image-preview":"max-image-preview:large","max-video-preview":"max-video-preview:-1"},"canonical":"https:\/\/svenskateatern.fi\/fi\/toihin-meille\/","og_locale":"fi_FI","og_type":"article","og_title":"T\u00f6ihin meille - Svenska Teatern","og_url":"https:\/\/svenskateatern.fi\/fi\/toihin-meille\/","og_site_name":"Svenska Teatern","article_modified_time":"2024-11-01T10:31:50+00:00","og_image":[{"width":1200,"height":630,"url":"https:\/\/svenskateatern.fi\/wp-content\/uploads\/2022\/08\/svenska-some.png","type":"image\/png"}],"twitter_card":"summary_large_image","twitter_misc":{"Arvioitu lukuaika":"2 minuuttia"},"schema":{"@context":"https:\/\/schema.org","@graph":[{"@type":"WebPage","@id":"https:\/\/svenskateatern.fi\/fi\/toihin-meille\/","url":"https:\/\/svenskateatern.fi\/fi\/toihin-meille\/","name":"T\u00f6ihin meille - Svenska Teatern","isPartOf":{"@id":"https:\/\/svenskateatern.fi\/fi\/#website"},"datePublished":"2024-10-09T07:52:13+00:00","dateModified":"2024-11-01T10:31:50+00:00","breadcrumb":{"@id":"https:\/\/svenskateatern.fi\/fi\/toihin-meille\/#breadcrumb"},"inLanguage":"fi","potentialAction":[{"@type":"ReadAction","target":["https:\/\/svenskateatern.fi\/fi\/toihin-meille\/"]}]},{"@type":"BreadcrumbList","@id":"https:\/\/svenskateatern.fi\/fi\/toihin-meille\/#breadcrumb","itemListElement":[{"@type":"ListItem","position":1,"name":"Etusivu","item":"https:\/\/svenskateatern.fi\/fi\/"},{"@type":"ListItem","position":2,"name":"T\u00f6ihin meille"}]},{"@type":"WebSite","@id":"https:\/\/svenskateatern.fi\/fi\/#website","url":"https:\/\/svenskateatern.fi\/fi\/","name":"Svenska Teatern","description":"","potentialAction":[{"@type":"SearchAction","target":{"@type":"EntryPoint","urlTemplate":"https:\/\/svenskateatern.fi\/fi\/?s={search_term_string}"},"query-input":{"@type":"PropertyValueSpecification","valueRequired":true,"valueName":"search_term_string"}}],"inLanguage":"fi"}]}},"_links":{"self":[{"href":"https:\/\/svenskateatern.fi\/fi\/wp-json\/wp\/v2\/pages\/23921","targetHints":{"allow":["GET"]}}],"collection":[{"href":"https:\/\/svenskateatern.fi\/fi\/wp-json\/wp\/v2\/pages"}],"about":[{"href":"https:\/\/svenskateatern.fi\/fi\/wp-json\/wp\/v2\/types\/page"}],"author":[{"embeddable":true,"href":"https:\/\/svenskateatern.fi\/fi\/wp-json\/wp\/v2\/users\/8"}],"replies":[{"embeddable":true,"href":"https:\/\/svenskateatern.fi\/fi\/wp-json\/wp\/v2\/comments?post=23921"}],"version-history":[{"count":3,"href":"https:\/\/svenskateatern.fi\/fi\/wp-json\/wp\/v2\/pages\/23921\/revisions"}],"predecessor-version":[{"id":24653,"href":"https:\/\/svenskateatern.fi\/fi\/wp-json\/wp\/v2\/pages\/23921\/revisions\/24653"}],"wp:attachment":[{"href":"https:\/\/svenskateatern.fi\/fi\/wp-json\/wp\/v2\/media?parent=23921"}],"curies":[{"name":"wp","href":"https:\/\/api.w.org\/{rel}","templated":true}]}}