{"id":23914,"date":"2024-10-09T10:33:22","date_gmt":"2024-10-09T07:33:22","guid":{"rendered":"https:\/\/svenskateatern.fi\/?page_id=23914"},"modified":"2025-01-08T10:46:27","modified_gmt":"2025-01-08T07:46:27","slug":"ekokompassi","status":"publish","type":"page","link":"https:\/\/svenskateatern.fi\/fi\/ekokompassi\/","title":{"rendered":"Ekokompassi"},"content":{"rendered":"<section id=\"block_2376f2e476bd1850b37290ad08d663b3_69d34e426de2e\" class=\"block block-content-wrapper container-fluid bg-white container-fluid\">\n\t<div class=\"container\n\t\t\tshow-all\"\n\t\t>\n\t\t<div class=\"row\">\n\t\t\t<div class=\"col-12 col-lg-8 offset-lg-2 col-hd-6 offset-hd-3\">\n\t\t\t\t<main class=\"entry-content\">\n\t\t\t\t\t\n\n<h1 class=\"wp-block-heading\"><strong>Ekokompassi-sertifioitu<\/strong><\/h1>\n\n\n\n<p class=\"is-style-lead\">Kev\u00e4\u00e4ll\u00e4 2021 toimintaamme tarkasteltiin perusteellisesti ymp\u00e4rist\u00f6n\u00e4k\u00f6kulmasta, ja meid\u00e4t sertifioitiin Ekokompassilla. Ekokompassi on rekister\u00f6ity tavaramerkki, jonka omistaa Suomen luonnonsuojeluliitto, Suomen vanhin ja suurin luonnonsuojeluj\u00e4rjest\u00f6.<\/p>\n\n\n\n<p>Ekokompassin avulla Svenska Teatern haluaa korostaa perustellun ymp\u00e4rist\u00f6politiikan merkityst\u00e4. Konkreettisten toimenpiteiden ja sitovien tavoitteiden kautta haluamme kehitty\u00e4 pitk\u00e4j\u00e4nteisesti ja jatkuvasti kest\u00e4v\u00e4mp\u00e4\u00e4n suuntaan, yksi tavoite kerrallaan.<\/p>\n\n\n\n<p>Tavoitteenamme on, ett\u00e4 ty\u00f6mme, korkeatasoisen ja ajankohtaisen n\u00e4ytt\u00e4m\u00f6taiteen muodossa, on linjassa kest\u00e4v\u00e4n kehityksen kanssa teatterissa. Haluamme olla uskottava inspiraation l\u00e4hde ja ajankohtainen keskustelija, joka edist\u00e4\u00e4 uusia normeja ilmastoajattelussa yhteiskunnassamme.<\/p>\n\n\n\n<p>Haluamme rohkaista ja kehitt\u00e4\u00e4 henkil\u00f6kuntaamme toimimaan uskottavina ymp\u00e4rist\u00f6toimijoina p\u00e4ivitt\u00e4isess\u00e4 ty\u00f6ss\u00e4\u00e4n ja pitk\u00e4ll\u00e4 aikav\u00e4lill\u00e4 toimimaan ymp\u00e4rist\u00f6l\u00e4hettil\u00e4in\u00e4 omilla erikoisaloillaan teatterin ulkopuolella.<\/p>\n\n\n\n<p>Teatterimme merkitt\u00e4vin ymp\u00e4rist\u00f6vaikutus liittyy toisaalta n\u00e4ytelmien konkreettiseen suunnitteluun, mukaan lukien lavastusten rakentaminen, puvut, hiukset ja maski, valaistus ja markkinointi, ja toisaalta p\u00e4ivitt\u00e4iseen hallinnolliseen ty\u00f6h\u00f6n.<\/p>\n\n\n\n<p>Kolme t\u00e4rkeint\u00e4 ymp\u00e4rist\u00f6toimenpidett\u00e4, joihin olemme keskittyneet, ovat:<\/p>\n\n\n\n<ul class=\"wp-block-list\">\n<li>j\u00e4tteen v\u00e4hent\u00e4minen ja lajittelu<\/li>\n\n\n\n<li>vastuulliset hankinnat ja ostot<\/li>\n\n\n\n<li>viestinn\u00e4n parantaminen yleis\u00f6n ja yhteisty\u00f6kumppaneidemme kanssa sek\u00e4 vaikutuksemme lis\u00e4\u00e4minen<\/li>\n<\/ul>\n\n\n\n<p>Olemme my\u00f6s valinneet noudattaa asteittain &#8221;Theatre Green Book&#8221; -ohjeistuksen vaiheita kest\u00e4vien tuotantojen luomiseksi. Lue lis\u00e4\u00e4 siit\u00e4 englanniksi <a href=\"https:\/\/theatregreenbook.com\/\">t\u00e4\u00e4ll\u00e4<\/a>. STEFI (Suomen Teatterit ry) on my\u00f6s <a href=\"https:\/\/theatregreenbook.com\/other-languages-finnish\/\">k\u00e4\u00e4nt\u00e4nyt ohjeistuksen suomeksi.<\/a><\/p>\n\n\n\n<p>Ekokompassin ohjauksen avulla asetamme selkeit\u00e4 ja mitattavia ymp\u00e4rist\u00f6standardeja, ja n\u00e4iden pohjalta ymp\u00e4rist\u00f6yst\u00e4v\u00e4lliset ja kest\u00e4v\u00e4t hankinnat asetetaan etusijalle. T\u00e4m\u00e4 kaikki on osa Svenska Teaternin ymp\u00e4rist\u00f6lupausta, jossa haluamme motivoida henkil\u00f6st\u00f6\u00e4, asiakkaita ja yhteisty\u00f6kumppaneita sitoutumaan kiihtyv\u00e4\u00e4 ilmastonmuutosta vastaan.<\/p>\n\n\n\n<figure class=\"wp-block-image size-full\"><img loading=\"lazy\" decoding=\"async\" width=\"1001\" height=\"323\" src=\"https:\/\/svenskateatern.fi\/wp-content\/uploads\/2024\/05\/Ekokompassi_logo_web.png\" alt=\"\" class=\"wp-image-20349\" srcset=\"https:\/\/svenskateatern.fi\/wp-content\/uploads\/2024\/05\/Ekokompassi_logo_web.png 1001w, https:\/\/svenskateatern.fi\/wp-content\/uploads\/2024\/05\/Ekokompassi_logo_web-300x97.png 300w, https:\/\/svenskateatern.fi\/wp-content\/uploads\/2024\/05\/Ekokompassi_logo_web-768x248.png 768w\" sizes=\"auto, (max-width: 575px) 100vw, (max-width: 767px) 510px, (max-width: 991px) 290px, (max-width: 1199px) 530px, 840px\" \/><\/figure>\n\n\n\t\t\t\t<\/main>\n\t\t\t<\/div>\n\t\t<\/div>\n\n\t\t\n\t<\/div>\n<\/section>\n\n\n<section id=\"block_2376f2e476bd1850b37290ad08d663b3_69d34e426e092\" class=\"block block-content-wrapper container-fluid bg-white container-fluid\">\n\t<div class=\"container\n\t\t\tshow-all\"\n\t\t>\n\t\t<div class=\"row\">\n\t\t\t<div class=\"col-12 col-lg-8 offset-lg-2 col-hd-6 offset-hd-3\">\n\t\t\t\t<main class=\"entry-content\">\n\t\t\t\t\t\n\n<h3 class=\"wp-block-heading\"><strong>Mit\u00e4 teemme v\u00e4hent\u00e4\u00e4ksemme ymp\u00e4rist\u00f6vaikutuksiamme?<\/strong><\/h3>\n\n\n\n<ul class=\"wp-block-list\">\n<li>kehit\u00e4mme digitaalisia k\u00e4siohjelmia<\/li>\n\n\n\n<li>v\u00e4henn\u00e4mme painotuotteiden m\u00e4\u00e4r\u00e4\u00e4, joilla on lyhyt k\u00e4ytt\u00f6ik\u00e4<\/li>\n<\/ul>\n\n\n\t\t\t\t<\/main>\n\t\t\t<\/div>\n\t\t<\/div>\n\n\t\t\n\t<\/div>\n<\/section>\n\n\n<section id=\"block_2376f2e476bd1850b37290ad08d663b3_69d34e426e265\" class=\"block block-content-wrapper container-fluid bg-white container-fluid\">\n\t<div class=\"container\n\t\t\tshow-all\"\n\t\t>\n\t\t<div class=\"row\">\n\t\t\t<div class=\"col-12 col-lg-8 offset-lg-2 col-hd-6 offset-hd-3\">\n\t\t\t\t<main class=\"entry-content\">\n\t\t\t\t\t\n\n<h3 class=\"wp-block-heading\"><strong>Mit\u00e4 yleis\u00f6 voi tehd\u00e4 v\u00e4hent\u00e4\u00e4kseen omaa vaikutustaan?<\/strong><\/h3>\n\n\n\n<ul class=\"wp-block-list\">\n<li>Valitse joukkoliikenne! Keskeinen sijaintimme mahdollistaa helpon saapumisen bussilla, raitiovaunulla tai junalla. Selvit\u00e4mme my\u00f6s erilaisia yhteisty\u00f6muotoja HSLn kanssa, ja kerromme lis\u00e4\u00e4 heti, kun se on mahdollista.<\/li>\n\n\n\n<li>Lajittele enemm\u00e4n! Painetut paperituotteemme tuotetaan vastuullisesti ja painetaan paikallisessa Nordprint-painossa Arabianrannassa. Kaikki tuotteet on merkitty lajitteluohjeilla, noudata niit\u00e4!<\/li>\n<\/ul>\n\n\n\t\t\t\t<\/main>\n\t\t\t<\/div>\n\t\t<\/div>\n\n\t\t\n\t<\/div>\n<\/section>\n","protected":false},"excerpt":{"rendered":"","protected":false},"author":8,"featured_media":0,"parent":0,"menu_order":0,"comment_status":"closed","ping_status":"closed","template":"","meta":{"_acf_changed":false,"_relevanssi_hide_post":"","_relevanssi_hide_content":"","_relevanssi_pin_for_all":"","_relevanssi_pin_keywords":"","_relevanssi_unpin_keywords":"","_relevanssi_related_keywords":"","_relevanssi_related_include_ids":"","_relevanssi_related_exclude_ids":"","_relevanssi_related_no_append":"","_relevanssi_related_not_related":"","_relevanssi_related_posts":"23650,18050,18305,13650,10926,20063","_relevanssi_noindex_reason":"","footnotes":""},"class_list":["post-23914","page","type-page","status-publish","hentry"],"acf":[],"yoast_head":"<!-- This site is optimized with the Yoast SEO plugin v27.0 - https:\/\/yoast.com\/product\/yoast-seo-wordpress\/ -->\n<title>Ekokompassi - Svenska Teatern<\/title>\n<meta name=\"robots\" content=\"index, follow, max-snippet:-1, max-image-preview:large, max-video-preview:-1\" \/>\n<link rel=\"canonical\" href=\"https:\/\/svenskateatern.fi\/fi\/ekokompassi\/\" \/>\n<meta property=\"og:locale\" content=\"fi_FI\" \/>\n<meta property=\"og:type\" content=\"article\" \/>\n<meta property=\"og:title\" content=\"Ekokompassi - Svenska Teatern\" \/>\n<meta property=\"og:url\" content=\"https:\/\/svenskateatern.fi\/fi\/ekokompassi\/\" \/>\n<meta property=\"og:site_name\" content=\"Svenska Teatern\" \/>\n<meta property=\"article:modified_time\" content=\"2025-01-08T07:46:27+00:00\" \/>\n<meta property=\"og:image\" content=\"https:\/\/svenskateatern.fi\/wp-content\/uploads\/2024\/05\/Ekokompassi_logo_web.png\" \/>\n\t<meta property=\"og:image:width\" content=\"1001\" \/>\n\t<meta property=\"og:image:height\" content=\"323\" \/>\n\t<meta property=\"og:image:type\" content=\"image\/png\" \/>\n<meta name=\"twitter:card\" content=\"summary_large_image\" \/>\n<meta name=\"twitter:label1\" content=\"Arvioitu lukuaika\" \/>\n\t<meta name=\"twitter:data1\" content=\"3 minuuttia\" \/>\n<script type=\"application\/ld+json\" class=\"yoast-schema-graph\">{\"@context\":\"https:\/\/schema.org\",\"@graph\":[{\"@type\":\"WebPage\",\"@id\":\"https:\/\/svenskateatern.fi\/fi\/ekokompassi\/\",\"url\":\"https:\/\/svenskateatern.fi\/fi\/ekokompassi\/\",\"name\":\"Ekokompassi - Svenska Teatern\",\"isPartOf\":{\"@id\":\"https:\/\/svenskateatern.fi\/fi\/#website\"},\"primaryImageOfPage\":{\"@id\":\"https:\/\/svenskateatern.fi\/fi\/ekokompassi\/#primaryimage\"},\"image\":{\"@id\":\"https:\/\/svenskateatern.fi\/fi\/ekokompassi\/#primaryimage\"},\"thumbnailUrl\":\"https:\/\/svenskateatern.fi\/wp-content\/uploads\/2024\/05\/Ekokompassi_logo_web.png\",\"datePublished\":\"2024-10-09T07:33:22+00:00\",\"dateModified\":\"2025-01-08T07:46:27+00:00\",\"breadcrumb\":{\"@id\":\"https:\/\/svenskateatern.fi\/fi\/ekokompassi\/#breadcrumb\"},\"inLanguage\":\"fi\",\"potentialAction\":[{\"@type\":\"ReadAction\",\"target\":[\"https:\/\/svenskateatern.fi\/fi\/ekokompassi\/\"]}]},{\"@type\":\"ImageObject\",\"inLanguage\":\"fi\",\"@id\":\"https:\/\/svenskateatern.fi\/fi\/ekokompassi\/#primaryimage\",\"url\":\"https:\/\/svenskateatern.fi\/wp-content\/uploads\/2024\/05\/Ekokompassi_logo_web.png\",\"contentUrl\":\"https:\/\/svenskateatern.fi\/wp-content\/uploads\/2024\/05\/Ekokompassi_logo_web.png\"},{\"@type\":\"BreadcrumbList\",\"@id\":\"https:\/\/svenskateatern.fi\/fi\/ekokompassi\/#breadcrumb\",\"itemListElement\":[{\"@type\":\"ListItem\",\"position\":1,\"name\":\"Etusivu\",\"item\":\"https:\/\/svenskateatern.fi\/fi\/\"},{\"@type\":\"ListItem\",\"position\":2,\"name\":\"Ekokompassi\"}]},{\"@type\":\"WebSite\",\"@id\":\"https:\/\/svenskateatern.fi\/fi\/#website\",\"url\":\"https:\/\/svenskateatern.fi\/fi\/\",\"name\":\"Svenska Teatern\",\"description\":\"\",\"potentialAction\":[{\"@type\":\"SearchAction\",\"target\":{\"@type\":\"EntryPoint\",\"urlTemplate\":\"https:\/\/svenskateatern.fi\/fi\/?s={search_term_string}\"},\"query-input\":{\"@type\":\"PropertyValueSpecification\",\"valueRequired\":true,\"valueName\":\"search_term_string\"}}],\"inLanguage\":\"fi\"}]}<\/script>\n<!-- \/ Yoast SEO plugin. -->","yoast_head_json":{"title":"Ekokompassi - Svenska Teatern","robots":{"index":"index","follow":"follow","max-snippet":"max-snippet:-1","max-image-preview":"max-image-preview:large","max-video-preview":"max-video-preview:-1"},"canonical":"https:\/\/svenskateatern.fi\/fi\/ekokompassi\/","og_locale":"fi_FI","og_type":"article","og_title":"Ekokompassi - Svenska Teatern","og_url":"https:\/\/svenskateatern.fi\/fi\/ekokompassi\/","og_site_name":"Svenska Teatern","article_modified_time":"2025-01-08T07:46:27+00:00","og_image":[{"width":1001,"height":323,"url":"https:\/\/svenskateatern.fi\/wp-content\/uploads\/2024\/05\/Ekokompassi_logo_web.png","type":"image\/png"}],"twitter_card":"summary_large_image","twitter_misc":{"Arvioitu lukuaika":"3 minuuttia"},"schema":{"@context":"https:\/\/schema.org","@graph":[{"@type":"WebPage","@id":"https:\/\/svenskateatern.fi\/fi\/ekokompassi\/","url":"https:\/\/svenskateatern.fi\/fi\/ekokompassi\/","name":"Ekokompassi - Svenska Teatern","isPartOf":{"@id":"https:\/\/svenskateatern.fi\/fi\/#website"},"primaryImageOfPage":{"@id":"https:\/\/svenskateatern.fi\/fi\/ekokompassi\/#primaryimage"},"image":{"@id":"https:\/\/svenskateatern.fi\/fi\/ekokompassi\/#primaryimage"},"thumbnailUrl":"https:\/\/svenskateatern.fi\/wp-content\/uploads\/2024\/05\/Ekokompassi_logo_web.png","datePublished":"2024-10-09T07:33:22+00:00","dateModified":"2025-01-08T07:46:27+00:00","breadcrumb":{"@id":"https:\/\/svenskateatern.fi\/fi\/ekokompassi\/#breadcrumb"},"inLanguage":"fi","potentialAction":[{"@type":"ReadAction","target":["https:\/\/svenskateatern.fi\/fi\/ekokompassi\/"]}]},{"@type":"ImageObject","inLanguage":"fi","@id":"https:\/\/svenskateatern.fi\/fi\/ekokompassi\/#primaryimage","url":"https:\/\/svenskateatern.fi\/wp-content\/uploads\/2024\/05\/Ekokompassi_logo_web.png","contentUrl":"https:\/\/svenskateatern.fi\/wp-content\/uploads\/2024\/05\/Ekokompassi_logo_web.png"},{"@type":"BreadcrumbList","@id":"https:\/\/svenskateatern.fi\/fi\/ekokompassi\/#breadcrumb","itemListElement":[{"@type":"ListItem","position":1,"name":"Etusivu","item":"https:\/\/svenskateatern.fi\/fi\/"},{"@type":"ListItem","position":2,"name":"Ekokompassi"}]},{"@type":"WebSite","@id":"https:\/\/svenskateatern.fi\/fi\/#website","url":"https:\/\/svenskateatern.fi\/fi\/","name":"Svenska Teatern","description":"","potentialAction":[{"@type":"SearchAction","target":{"@type":"EntryPoint","urlTemplate":"https:\/\/svenskateatern.fi\/fi\/?s={search_term_string}"},"query-input":{"@type":"PropertyValueSpecification","valueRequired":true,"valueName":"search_term_string"}}],"inLanguage":"fi"}]}},"_links":{"self":[{"href":"https:\/\/svenskateatern.fi\/fi\/wp-json\/wp\/v2\/pages\/23914","targetHints":{"allow":["GET"]}}],"collection":[{"href":"https:\/\/svenskateatern.fi\/fi\/wp-json\/wp\/v2\/pages"}],"about":[{"href":"https:\/\/svenskateatern.fi\/fi\/wp-json\/wp\/v2\/types\/page"}],"author":[{"embeddable":true,"href":"https:\/\/svenskateatern.fi\/fi\/wp-json\/wp\/v2\/users\/8"}],"replies":[{"embeddable":true,"href":"https:\/\/svenskateatern.fi\/fi\/wp-json\/wp\/v2\/comments?post=23914"}],"version-history":[{"count":4,"href":"https:\/\/svenskateatern.fi\/fi\/wp-json\/wp\/v2\/pages\/23914\/revisions"}],"predecessor-version":[{"id":26335,"href":"https:\/\/svenskateatern.fi\/fi\/wp-json\/wp\/v2\/pages\/23914\/revisions\/26335"}],"wp:attachment":[{"href":"https:\/\/svenskateatern.fi\/fi\/wp-json\/wp\/v2\/media?parent=23914"}],"curies":[{"name":"wp","href":"https:\/\/api.w.org\/{rel}","templated":true}]}}