{"id":23911,"date":"2024-10-09T10:23:35","date_gmt":"2024-10-09T07:23:35","guid":{"rendered":"https:\/\/svenskateatern.fi\/?page_id=23911"},"modified":"2024-10-09T10:25:00","modified_gmt":"2024-10-09T07:25:00","slug":"organisaatio","status":"publish","type":"page","link":"https:\/\/svenskateatern.fi\/fi\/organisaatio\/","title":{"rendered":"Organisaatio"},"content":{"rendered":"<section id=\"block_cf5b89fe3d7c0645bc6a5beba2c9ed42_69e3c5b1490f0\" class=\"block block-content-wrapper container-fluid bg-white container-fluid\">\n\t<div class=\"container\n\t\t\tshow-all\"\n\t\t>\n\t\t<div class=\"row\">\n\t\t\t<div class=\"col-12 col-lg-8 offset-lg-2 col-hd-6 offset-hd-3\">\n\t\t\t\t<main class=\"entry-content\">\n\t\t\t\t\t\n\n<h1 class=\"wp-block-heading\">Organisaatio<\/h1>\n\n\n\n<h2 class=\"wp-block-heading\">Garantif\u00f6reningen f\u00f6r Svenska Teatern rf<\/h2>\n\n\n\n<p>Joakim \u00c5berg, ordf\u00f6rande\/puheenjohtaja&nbsp;<br>Ville Sandqvist, vice ordf\u00f6rande\/varapuheenjohtaja&nbsp;<br>Alexander Bargum&nbsp;<br>Patrick Henriksen (Artistf\u00f6reningens representant\/edustaja)&nbsp;<br>Inka Hietala Sadian&nbsp;<br>Astrid Huopalainen<br>Sami Kallinen&nbsp;<br>Anna Pashley (Artistf\u00f6reningens representant\/edustaja)&nbsp;<br>Dimitri Qvintus<br><\/p>\n\n\n\n<p><strong>Adjungerade ledam\u00f6ter\/Lis\u00e4j\u00e4senet:&nbsp;<\/strong><br>Lina Jonasson (Backstage representant\/edustaja)&nbsp;<br>Anne Kaukonen (Backstage representant\/edustaja)&nbsp;<\/p>\n\n\n\n<h2 class=\"wp-block-heading\">S\u00e4\u00e4ti\u00f6n hallitus<\/h2>\n\n\n\n<p>Johan Aalto, ordf\u00f6rande\/puheenjohtaja&nbsp;<br>Eduard Paulig, vice ordf\u00f6rande\/varapuheenjohtaja&nbsp;<br>Christian Borgstr\u00f6m<br>Kaj Hedvall<br>Alexandra Therman-Lond\u00e9n<br><\/p>\n\n\n\t\t\t\t<\/main>\n\t\t\t<\/div>\n\t\t<\/div>\n\n\t\t\n\t<\/div>\n<\/section>\n","protected":false},"excerpt":{"rendered":"","protected":false},"author":8,"featured_media":0,"parent":0,"menu_order":0,"comment_status":"closed","ping_status":"closed","template":"","meta":{"_acf_changed":false,"_relevanssi_hide_post":"","_relevanssi_hide_content":"","_relevanssi_pin_for_all":"","_relevanssi_pin_keywords":"","_relevanssi_unpin_keywords":"","_relevanssi_related_keywords":"","_relevanssi_related_include_ids":"","_relevanssi_related_exclude_ids":"","_relevanssi_related_no_append":"","_relevanssi_related_not_related":"","_relevanssi_related_posts":"20256,13650,12188,17412,11252,9233","_relevanssi_noindex_reason":"","footnotes":""},"class_list":["post-23911","page","type-page","status-publish","hentry"],"acf":[],"yoast_head":"<!-- This site is optimized with the Yoast SEO plugin v27.0 - https:\/\/yoast.com\/product\/yoast-seo-wordpress\/ -->\n<title>Organisaatio - Svenska Teatern<\/title>\n<meta name=\"robots\" content=\"index, follow, max-snippet:-1, max-image-preview:large, max-video-preview:-1\" \/>\n<link rel=\"canonical\" href=\"https:\/\/svenskateatern.fi\/fi\/organisaatio\/\" \/>\n<meta property=\"og:locale\" content=\"fi_FI\" \/>\n<meta property=\"og:type\" content=\"article\" \/>\n<meta property=\"og:title\" content=\"Organisaatio - Svenska Teatern\" \/>\n<meta property=\"og:url\" content=\"https:\/\/svenskateatern.fi\/fi\/organisaatio\/\" \/>\n<meta property=\"og:site_name\" content=\"Svenska Teatern\" \/>\n<meta property=\"article:modified_time\" content=\"2024-10-09T07:25:00+00:00\" \/>\n<meta property=\"og:image\" content=\"https:\/\/svenskateatern.fi\/wp-content\/uploads\/2022\/08\/svenska-some.png\" \/>\n\t<meta property=\"og:image:width\" content=\"1200\" \/>\n\t<meta property=\"og:image:height\" content=\"630\" \/>\n\t<meta property=\"og:image:type\" content=\"image\/png\" \/>\n<meta name=\"twitter:card\" content=\"summary_large_image\" \/>\n<meta name=\"twitter:label1\" content=\"Arvioitu lukuaika\" \/>\n\t<meta name=\"twitter:data1\" content=\"1 minuutti\" \/>\n<script type=\"application\/ld+json\" class=\"yoast-schema-graph\">{\"@context\":\"https:\/\/schema.org\",\"@graph\":[{\"@type\":\"WebPage\",\"@id\":\"https:\/\/svenskateatern.fi\/fi\/organisaatio\/\",\"url\":\"https:\/\/svenskateatern.fi\/fi\/organisaatio\/\",\"name\":\"Organisaatio - Svenska Teatern\",\"isPartOf\":{\"@id\":\"https:\/\/svenskateatern.fi\/fi\/#website\"},\"datePublished\":\"2024-10-09T07:23:35+00:00\",\"dateModified\":\"2024-10-09T07:25:00+00:00\",\"breadcrumb\":{\"@id\":\"https:\/\/svenskateatern.fi\/fi\/organisaatio\/#breadcrumb\"},\"inLanguage\":\"fi\",\"potentialAction\":[{\"@type\":\"ReadAction\",\"target\":[\"https:\/\/svenskateatern.fi\/fi\/organisaatio\/\"]}]},{\"@type\":\"BreadcrumbList\",\"@id\":\"https:\/\/svenskateatern.fi\/fi\/organisaatio\/#breadcrumb\",\"itemListElement\":[{\"@type\":\"ListItem\",\"position\":1,\"name\":\"Etusivu\",\"item\":\"https:\/\/svenskateatern.fi\/fi\/\"},{\"@type\":\"ListItem\",\"position\":2,\"name\":\"Organisaatio\"}]},{\"@type\":\"WebSite\",\"@id\":\"https:\/\/svenskateatern.fi\/fi\/#website\",\"url\":\"https:\/\/svenskateatern.fi\/fi\/\",\"name\":\"Svenska Teatern\",\"description\":\"\",\"potentialAction\":[{\"@type\":\"SearchAction\",\"target\":{\"@type\":\"EntryPoint\",\"urlTemplate\":\"https:\/\/svenskateatern.fi\/fi\/?s={search_term_string}\"},\"query-input\":{\"@type\":\"PropertyValueSpecification\",\"valueRequired\":true,\"valueName\":\"search_term_string\"}}],\"inLanguage\":\"fi\"}]}<\/script>\n<!-- \/ Yoast SEO plugin. -->","yoast_head_json":{"title":"Organisaatio - Svenska Teatern","robots":{"index":"index","follow":"follow","max-snippet":"max-snippet:-1","max-image-preview":"max-image-preview:large","max-video-preview":"max-video-preview:-1"},"canonical":"https:\/\/svenskateatern.fi\/fi\/organisaatio\/","og_locale":"fi_FI","og_type":"article","og_title":"Organisaatio - Svenska Teatern","og_url":"https:\/\/svenskateatern.fi\/fi\/organisaatio\/","og_site_name":"Svenska Teatern","article_modified_time":"2024-10-09T07:25:00+00:00","og_image":[{"width":1200,"height":630,"url":"https:\/\/svenskateatern.fi\/wp-content\/uploads\/2022\/08\/svenska-some.png","type":"image\/png"}],"twitter_card":"summary_large_image","twitter_misc":{"Arvioitu lukuaika":"1 minuutti"},"schema":{"@context":"https:\/\/schema.org","@graph":[{"@type":"WebPage","@id":"https:\/\/svenskateatern.fi\/fi\/organisaatio\/","url":"https:\/\/svenskateatern.fi\/fi\/organisaatio\/","name":"Organisaatio - Svenska Teatern","isPartOf":{"@id":"https:\/\/svenskateatern.fi\/fi\/#website"},"datePublished":"2024-10-09T07:23:35+00:00","dateModified":"2024-10-09T07:25:00+00:00","breadcrumb":{"@id":"https:\/\/svenskateatern.fi\/fi\/organisaatio\/#breadcrumb"},"inLanguage":"fi","potentialAction":[{"@type":"ReadAction","target":["https:\/\/svenskateatern.fi\/fi\/organisaatio\/"]}]},{"@type":"BreadcrumbList","@id":"https:\/\/svenskateatern.fi\/fi\/organisaatio\/#breadcrumb","itemListElement":[{"@type":"ListItem","position":1,"name":"Etusivu","item":"https:\/\/svenskateatern.fi\/fi\/"},{"@type":"ListItem","position":2,"name":"Organisaatio"}]},{"@type":"WebSite","@id":"https:\/\/svenskateatern.fi\/fi\/#website","url":"https:\/\/svenskateatern.fi\/fi\/","name":"Svenska Teatern","description":"","potentialAction":[{"@type":"SearchAction","target":{"@type":"EntryPoint","urlTemplate":"https:\/\/svenskateatern.fi\/fi\/?s={search_term_string}"},"query-input":{"@type":"PropertyValueSpecification","valueRequired":true,"valueName":"search_term_string"}}],"inLanguage":"fi"}]}},"_links":{"self":[{"href":"https:\/\/svenskateatern.fi\/fi\/wp-json\/wp\/v2\/pages\/23911","targetHints":{"allow":["GET"]}}],"collection":[{"href":"https:\/\/svenskateatern.fi\/fi\/wp-json\/wp\/v2\/pages"}],"about":[{"href":"https:\/\/svenskateatern.fi\/fi\/wp-json\/wp\/v2\/types\/page"}],"author":[{"embeddable":true,"href":"https:\/\/svenskateatern.fi\/fi\/wp-json\/wp\/v2\/users\/8"}],"replies":[{"embeddable":true,"href":"https:\/\/svenskateatern.fi\/fi\/wp-json\/wp\/v2\/comments?post=23911"}],"version-history":[{"count":2,"href":"https:\/\/svenskateatern.fi\/fi\/wp-json\/wp\/v2\/pages\/23911\/revisions"}],"predecessor-version":[{"id":23913,"href":"https:\/\/svenskateatern.fi\/fi\/wp-json\/wp\/v2\/pages\/23911\/revisions\/23913"}],"wp:attachment":[{"href":"https:\/\/svenskateatern.fi\/fi\/wp-json\/wp\/v2\/media?parent=23911"}],"curies":[{"name":"wp","href":"https:\/\/api.w.org\/{rel}","templated":true}]}}