{"id":23909,"date":"2024-10-09T10:21:30","date_gmt":"2024-10-09T07:21:30","guid":{"rendered":"https:\/\/svenskateatern.fi\/?page_id=23909"},"modified":"2024-10-11T11:57:11","modified_gmt":"2024-10-11T08:57:11","slug":"rekisteri-ja-tietosuojaseloste","status":"publish","type":"page","link":"https:\/\/svenskateatern.fi\/fi\/rekisteri-ja-tietosuojaseloste\/","title":{"rendered":"Rekisteri- ja tietosuojaseloste"},"content":{"rendered":"<section id=\"block_04330e27866ffb9b1c92b99c0e17e100_69d3377ca4a54\" class=\"block block-content-wrapper container-fluid bg-white container-fluid\">\n\t<div class=\"container\n\t\t\tshow-all\"\n\t\t>\n\t\t<div class=\"row\">\n\t\t\t<div class=\"col-12 col-lg-8 offset-lg-2 col-hd-6 offset-hd-3\">\n\t\t\t\t<main class=\"entry-content\">\n\t\t\t\t\t\n\n<h1 class=\"wp-block-heading\"><strong>Svenska Teatern rf<\/strong>\u00a0<strong>rekisteri- ja tietosuojaseloste<\/strong>\u00a0<\/h1>\n\n\n\n<p class=\"is-style-lead\">T\u00e4m\u00e4 on\u00a0Svenska Teaternin henkil\u00f6tietolain (10\u00a7, 24\u00a7) ja EU:n yleisen tietosuoja-asetuksen (GDPR) mukainen rekisteri- ja tietosuojaseloste. P\u00e4ivitetty\u00a029.9.2021.<\/p>\n\n\n\n<ol class=\"wp-block-list\">\n<li><strong>REKISTERINPIT\u00c4J\u00c4<\/strong><\/li>\n<\/ol>\n\n\n\n<p>Svenska Teatern rf\u00a0(y-tunnus\u00a00211103-8), Pohjoisesplanadi 2, 00130 Helsinki,\u00a0<a href=\"https:\/\/svenskateatern.fi\/sv\/start\/\" target=\"_blank\" rel=\"noreferrer noopener\">svenskateatern.fi<\/a><\/p>\n\n\n\n<ol start=\"2\" class=\"wp-block-list\">\n<li><strong>REKISTERIST\u00c4 VASTAAVA YHTEYSHENKIL\u00d6<\/strong><\/li>\n<\/ol>\n\n\n\n<p>Stina Lindroos&nbsp;<\/p>\n\n\n\n<ol start=\"3\" class=\"wp-block-list\">\n<li><strong>REKISTERIN NIMI<\/strong><\/li>\n<\/ol>\n\n\n\n<p>Svenska Teatern asiakas- ja markkinointirekisteri<\/p>\n\n\n\n<ol start=\"4\" class=\"wp-block-list\">\n<li><strong>OIKEUSPERUSTE JA HENKIL\u00d6TIETOJEN K\u00c4SITTELYN TARKOITUS<br><\/strong><\/li>\n<\/ol>\n\n\n\n<p>EU:n yleisen tietosuoja-asetuksen mukainen oikeusperuste henkil\u00f6tietojen k\u00e4sittelylle on<br>\u2013 henkil\u00f6n suostumus (dokumentoitu, vapaaehtoinen, yksil\u00f6ity, tietoinen ja yksiselitteinen)<br>\u2013 sopimus, jossa rekister\u00f6ity on osapuolena<br>\u2013 rekisterinpit\u00e4j\u00e4n oikeutettu etu (esim. asiakassuhde, ty\u00f6suhde, j\u00e4senyys)<\/p>\n\n\n\n<p>Henkil\u00f6tietojen k\u00e4sittelyn tarkoituksena ovat asiakas- ja sidosryhm\u00e4suhteiden yll\u00e4pito, rekrytointi, markkinointi, palvelujen tuottaminen ja rekisterinpit\u00e4j\u00e4n lakis\u00e4\u00e4teisten velvollisuuksien tuottaminen. Tietoja voidaan k\u00e4ytt\u00e4\u00e4 my\u00f6s tutkimustoimintaan.<\/p>\n\n\n\n<ol start=\"5\" class=\"wp-block-list\">\n<li><strong>REKISTERIN TIETOSIS\u00c4LT\u00d6<\/strong><\/li>\n<\/ol>\n\n\n\n<p>Rekisteriin tallennettavia tietoja voivat olla:\u00a0henkil\u00f6n nimi, asema, yritys\/organisaatio, yhteystiedot (puhelinnumero, s\u00e4hk\u00f6postiosoite, osoite), verkkosivujen osoite, verkkoyhteyden IP-osoite, tiedot tilatuista palveluista ja tuotteista, niiden toimituksista tai niiden muutoksista, laskutustiedot, muut yleisesti saatavilla olevat luokittelutiedot, ev\u00e4steiden ja sosiaalisen median kautta ker\u00e4tyt tiedot, muut asiakassuhteeseen ja tilattuihin palvelujen toimittamiseen liittyv\u00e4t tiedot, rekrytointiprosessin edellytt\u00e4m\u00e4t ty\u00f6nhakijan antamat perustiedot sek\u00e4 muut mahdolliset, rekister\u00f6idyn suostumuksella ker\u00e4tt\u00e4v\u00e4t tiedot.<\/p>\n\n\n\n<ol start=\"6\" class=\"wp-block-list\">\n<li><strong>S\u00c4\u00c4NN\u00d6NMUKAISET TIETOL\u00c4HTEET<\/strong><\/li>\n<\/ol>\n\n\n\n<p>Rekisteriin tallennettavat tiedot saadaan mm. markkinoinnin automaatioj\u00e4rjestelm\u00e4n avulla, s\u00e4hk\u00f6isill\u00e4 lomakkeilla verkkosivuilta, sosiaalisten medioiden kautta, s\u00e4hk\u00f6postitse, puhelimitse, sopimuksista, asiakastapaamisista ja muista tilanteista, joissa asiakas, yhteisty\u00f6kumppani, ty\u00f6nhakija tai arvontaan tai kilpailuun osallistuva luovuttaa tietojaan.<\/p>\n\n\n\n<ol start=\"7\" class=\"wp-block-list\">\n<li><strong>TIETOJEN S\u00c4\u00c4NN\u00d6NMUKAISET LUOVUTUKSET JA TIETOJEN SIIRTO EU:N TAI ETA:N ULKOPUOLELLE<\/strong><\/li>\n<\/ol>\n\n\n\n<p>Tietoja ei luovuteta s\u00e4\u00e4nn\u00f6nmukaisesti ulkopuolelle. Tietoja&nbsp;voidaan julkaista silt\u00e4 osin kuin niin on sovittu tietojen luovuttajan kanssa.&nbsp;Joskus tietoja voidaan luovuttaa toimivaltaisen viranomaisen niin edellytt\u00e4ess\u00e4, sopimusvelvoitteiden t\u00e4ytt\u00e4miseksi, tai silt\u00e4 osin kuin siit\u00e4 on sovittu rekister\u00f6idyn kanssa. Rekister\u00f6ityjen tietoja saatetaan joissakin tilanteissa luovuttaa Rekisterinpit\u00e4j\u00e4n kumppaneille, jotka k\u00e4sittelev\u00e4t henkil\u00f6tietoja luottamuksellisesti ja erillisen kirjallisen sopimuksen perusteella Reksiterinpit\u00e4j\u00e4n tietoturvaohjeiden mukaisesti.&nbsp;<\/p>\n\n\n\n<p>Rekisterinpit\u00e4j\u00e4 voi luovuttaa tilastollista tai anonymisoitua tietoa, jota ei voida yhdist\u00e4\u00e4 rekister\u00f6ityyn, esimerkiksi tutkimusk\u00e4ytt\u00f6\u00f6n.<\/p>\n\n\n\n<ol start=\"8\" class=\"wp-block-list\">\n<li><strong>REKISTERIN SUOJAUKSEN PERIAATTEET<\/strong><\/li>\n<\/ol>\n\n\n\n<p>Rekisterin k\u00e4sittelyss\u00e4 noudatetaan huolellisuutta ja tietoj\u00e4rjestelmien avulla k\u00e4sitelt\u00e4v\u00e4t tiedot suojataan asianmukaisesti. Rekisterinpit\u00e4j\u00e4 huolehtii siit\u00e4, ett\u00e4 tallennettuja tietoja sek\u00e4 palvelimien k\u00e4ytt\u00f6oikeuksia ja muita henkil\u00f6tietojen turvallisuuden kannalta kriittisi\u00e4 tietoja k\u00e4sitell\u00e4\u00e4n luottamuksellisesti ja vain niiden kumppanien ja ty\u00f6ntekij\u00f6iden toimesta, joiden ty\u00f6nkuvaan se kuuluu.\u00a0\u00a0<\/p>\n\n\n\n<ol start=\"9\" class=\"wp-block-list\">\n<li><strong>TARKASTUSOIKEUS JA OIKEUS VAATIA TIEDON KORJAAMISTA<\/strong><\/li>\n<\/ol>\n\n\n\n<p>Jokaisella rekisteriss\u00e4 olevalla henkil\u00f6ll\u00e4 on oikeus tarkistaa rekisteriin tallennetut tietonsa ja vaatia mahdollisen virheellisen tiedon korjaamista tai puutteellisen tiedon t\u00e4ydent\u00e4mist\u00e4. Mik\u00e4li henkil\u00f6 haluaa tarkistaa h\u00e4nest\u00e4 tallennetut tiedot tai vaatia niihin oikaisua, pyynt\u00f6 tulee&nbsp;l\u00e4hett\u00e4\u00e4 kirjallisesti&nbsp;rekisterinpit\u00e4j\u00e4lle s\u00e4hk\u00f6postitse osoitteeseen&nbsp;<a href=\"mailto:stina.lindroos@svenskateatern.fi\" target=\"_blank\" rel=\"noreferrer noopener\">stina.lindroos@svenskateatern.fi<\/a><\/p>\n\n\n\n<p>Rekisterinpit\u00e4j\u00e4 voi pyyt\u00e4\u00e4 tarvittaessa pyynn\u00f6n esitt\u00e4j\u00e4\u00e4 todistamaan henkil\u00f6llisyytens\u00e4. Rekisterinpit\u00e4j\u00e4 vastaa asiakkaalle EU:n tietosuoja-asetuksessa s\u00e4\u00e4detyss\u00e4 ajassa (p\u00e4\u00e4s\u00e4\u00e4nt\u00f6isesti kuukauden kuluessa)..\u00a0<\/p>\n\n\n\n<ol start=\"10\" class=\"wp-block-list\">\n<li><strong>MUUT HENKIL\u00d6TIETOJEN K\u00c4SITTELYYN LIITTYV\u00c4T OIKEUDET<\/strong><\/li>\n<\/ol>\n\n\n\n<p>Rekisteriss\u00e4 olevalla henkil\u00f6ll\u00e4 on oikeus pyyt\u00e4\u00e4 h\u00e4nt\u00e4 koskevien henkil\u00f6tietojen poistamiseen rekisterist\u00e4. Niin ik\u00e4\u00e4n rekister\u00f6idyill\u00e4 on muut&nbsp;EU:n yleisen tietosuoja-asetuksen mukaiset oikeudet&nbsp;kuten henkil\u00f6tietojen k\u00e4sittelyn rajoittaminen tietyiss\u00e4 tilanteissa. Pyynn\u00f6t tulee&nbsp;l\u00e4hett\u00e4\u00e4 kirjallisesti&nbsp;rekisterinpit\u00e4j\u00e4lle s\u00e4hk\u00f6postitse osoitteeseen&nbsp;<a href=\"mailto:stina.lindroos@svenskateatern.fi\" target=\"_blank\" rel=\"noreferrer noopener\">stina.lindroos@svenskateatern.fi<\/a>.<\/p>\n\n\n\n<p>Rekisterinpit\u00e4j\u00e4 voi pyyt\u00e4\u00e4 tarvittaessa pyynn\u00f6n esitt\u00e4j\u00e4\u00e4 todistamaan henkil\u00f6llisyytens\u00e4. Rekisterinpit\u00e4j\u00e4 vastaa asiakkaalle EU:n tietosuoja-asetuksessa s\u00e4\u00e4detyss\u00e4 ajassa.<\/p>\n\n\n\t\t\t\t<\/main>\n\t\t\t<\/div>\n\t\t<\/div>\n\n\t\t\n\t<\/div>\n<\/section>\n","protected":false},"excerpt":{"rendered":"","protected":false},"author":8,"featured_media":0,"parent":0,"menu_order":0,"comment_status":"closed","ping_status":"closed","template":"","meta":{"_acf_changed":false,"_relevanssi_hide_post":"","_relevanssi_hide_content":"","_relevanssi_pin_for_all":"","_relevanssi_pin_keywords":"","_relevanssi_unpin_keywords":"","_relevanssi_related_keywords":"","_relevanssi_related_include_ids":"","_relevanssi_related_exclude_ids":"","_relevanssi_related_no_append":"","_relevanssi_related_not_related":"","_relevanssi_related_posts":"11252,19932,11423,17772,21922,11837","_relevanssi_noindex_reason":"","footnotes":""},"class_list":["post-23909","page","type-page","status-publish","hentry"],"acf":[],"yoast_head":"<!-- This site is optimized with the Yoast SEO plugin v27.0 - https:\/\/yoast.com\/product\/yoast-seo-wordpress\/ -->\n<title>Rekisteri- ja tietosuojaseloste - Svenska Teatern<\/title>\n<meta name=\"robots\" content=\"index, follow, max-snippet:-1, max-image-preview:large, max-video-preview:-1\" \/>\n<link rel=\"canonical\" href=\"https:\/\/svenskateatern.fi\/fi\/rekisteri-ja-tietosuojaseloste\/\" \/>\n<meta property=\"og:locale\" content=\"fi_FI\" \/>\n<meta property=\"og:type\" content=\"article\" \/>\n<meta property=\"og:title\" content=\"Rekisteri- ja tietosuojaseloste - Svenska Teatern\" \/>\n<meta property=\"og:url\" content=\"https:\/\/svenskateatern.fi\/fi\/rekisteri-ja-tietosuojaseloste\/\" \/>\n<meta property=\"og:site_name\" content=\"Svenska Teatern\" \/>\n<meta property=\"article:modified_time\" content=\"2024-10-11T08:57:11+00:00\" \/>\n<meta property=\"og:image\" content=\"https:\/\/svenskateatern.fi\/wp-content\/uploads\/2022\/08\/svenska-some.png\" \/>\n\t<meta property=\"og:image:width\" content=\"1200\" \/>\n\t<meta property=\"og:image:height\" content=\"630\" \/>\n\t<meta property=\"og:image:type\" content=\"image\/png\" \/>\n<meta name=\"twitter:card\" content=\"summary_large_image\" \/>\n<meta name=\"twitter:label1\" content=\"Arvioitu lukuaika\" \/>\n\t<meta name=\"twitter:data1\" content=\"5 minuuttia\" \/>\n<script type=\"application\/ld+json\" class=\"yoast-schema-graph\">{\"@context\":\"https:\/\/schema.org\",\"@graph\":[{\"@type\":\"WebPage\",\"@id\":\"https:\/\/svenskateatern.fi\/fi\/rekisteri-ja-tietosuojaseloste\/\",\"url\":\"https:\/\/svenskateatern.fi\/fi\/rekisteri-ja-tietosuojaseloste\/\",\"name\":\"Rekisteri- ja tietosuojaseloste - Svenska Teatern\",\"isPartOf\":{\"@id\":\"https:\/\/svenskateatern.fi\/fi\/#website\"},\"datePublished\":\"2024-10-09T07:21:30+00:00\",\"dateModified\":\"2024-10-11T08:57:11+00:00\",\"breadcrumb\":{\"@id\":\"https:\/\/svenskateatern.fi\/fi\/rekisteri-ja-tietosuojaseloste\/#breadcrumb\"},\"inLanguage\":\"fi\",\"potentialAction\":[{\"@type\":\"ReadAction\",\"target\":[\"https:\/\/svenskateatern.fi\/fi\/rekisteri-ja-tietosuojaseloste\/\"]}]},{\"@type\":\"BreadcrumbList\",\"@id\":\"https:\/\/svenskateatern.fi\/fi\/rekisteri-ja-tietosuojaseloste\/#breadcrumb\",\"itemListElement\":[{\"@type\":\"ListItem\",\"position\":1,\"name\":\"Etusivu\",\"item\":\"https:\/\/svenskateatern.fi\/fi\/\"},{\"@type\":\"ListItem\",\"position\":2,\"name\":\"Rekisteri- ja tietosuojaseloste\"}]},{\"@type\":\"WebSite\",\"@id\":\"https:\/\/svenskateatern.fi\/fi\/#website\",\"url\":\"https:\/\/svenskateatern.fi\/fi\/\",\"name\":\"Svenska Teatern\",\"description\":\"\",\"potentialAction\":[{\"@type\":\"SearchAction\",\"target\":{\"@type\":\"EntryPoint\",\"urlTemplate\":\"https:\/\/svenskateatern.fi\/fi\/?s={search_term_string}\"},\"query-input\":{\"@type\":\"PropertyValueSpecification\",\"valueRequired\":true,\"valueName\":\"search_term_string\"}}],\"inLanguage\":\"fi\"}]}<\/script>\n<!-- \/ Yoast SEO plugin. -->","yoast_head_json":{"title":"Rekisteri- ja tietosuojaseloste - Svenska Teatern","robots":{"index":"index","follow":"follow","max-snippet":"max-snippet:-1","max-image-preview":"max-image-preview:large","max-video-preview":"max-video-preview:-1"},"canonical":"https:\/\/svenskateatern.fi\/fi\/rekisteri-ja-tietosuojaseloste\/","og_locale":"fi_FI","og_type":"article","og_title":"Rekisteri- ja tietosuojaseloste - Svenska Teatern","og_url":"https:\/\/svenskateatern.fi\/fi\/rekisteri-ja-tietosuojaseloste\/","og_site_name":"Svenska Teatern","article_modified_time":"2024-10-11T08:57:11+00:00","og_image":[{"width":1200,"height":630,"url":"https:\/\/svenskateatern.fi\/wp-content\/uploads\/2022\/08\/svenska-some.png","type":"image\/png"}],"twitter_card":"summary_large_image","twitter_misc":{"Arvioitu lukuaika":"5 minuuttia"},"schema":{"@context":"https:\/\/schema.org","@graph":[{"@type":"WebPage","@id":"https:\/\/svenskateatern.fi\/fi\/rekisteri-ja-tietosuojaseloste\/","url":"https:\/\/svenskateatern.fi\/fi\/rekisteri-ja-tietosuojaseloste\/","name":"Rekisteri- ja tietosuojaseloste - Svenska Teatern","isPartOf":{"@id":"https:\/\/svenskateatern.fi\/fi\/#website"},"datePublished":"2024-10-09T07:21:30+00:00","dateModified":"2024-10-11T08:57:11+00:00","breadcrumb":{"@id":"https:\/\/svenskateatern.fi\/fi\/rekisteri-ja-tietosuojaseloste\/#breadcrumb"},"inLanguage":"fi","potentialAction":[{"@type":"ReadAction","target":["https:\/\/svenskateatern.fi\/fi\/rekisteri-ja-tietosuojaseloste\/"]}]},{"@type":"BreadcrumbList","@id":"https:\/\/svenskateatern.fi\/fi\/rekisteri-ja-tietosuojaseloste\/#breadcrumb","itemListElement":[{"@type":"ListItem","position":1,"name":"Etusivu","item":"https:\/\/svenskateatern.fi\/fi\/"},{"@type":"ListItem","position":2,"name":"Rekisteri- ja tietosuojaseloste"}]},{"@type":"WebSite","@id":"https:\/\/svenskateatern.fi\/fi\/#website","url":"https:\/\/svenskateatern.fi\/fi\/","name":"Svenska Teatern","description":"","potentialAction":[{"@type":"SearchAction","target":{"@type":"EntryPoint","urlTemplate":"https:\/\/svenskateatern.fi\/fi\/?s={search_term_string}"},"query-input":{"@type":"PropertyValueSpecification","valueRequired":true,"valueName":"search_term_string"}}],"inLanguage":"fi"}]}},"_links":{"self":[{"href":"https:\/\/svenskateatern.fi\/fi\/wp-json\/wp\/v2\/pages\/23909","targetHints":{"allow":["GET"]}}],"collection":[{"href":"https:\/\/svenskateatern.fi\/fi\/wp-json\/wp\/v2\/pages"}],"about":[{"href":"https:\/\/svenskateatern.fi\/fi\/wp-json\/wp\/v2\/types\/page"}],"author":[{"embeddable":true,"href":"https:\/\/svenskateatern.fi\/fi\/wp-json\/wp\/v2\/users\/8"}],"replies":[{"embeddable":true,"href":"https:\/\/svenskateatern.fi\/fi\/wp-json\/wp\/v2\/comments?post=23909"}],"version-history":[{"count":2,"href":"https:\/\/svenskateatern.fi\/fi\/wp-json\/wp\/v2\/pages\/23909\/revisions"}],"predecessor-version":[{"id":23993,"href":"https:\/\/svenskateatern.fi\/fi\/wp-json\/wp\/v2\/pages\/23909\/revisions\/23993"}],"wp:attachment":[{"href":"https:\/\/svenskateatern.fi\/fi\/wp-json\/wp\/v2\/media?parent=23909"}],"curies":[{"name":"wp","href":"https:\/\/api.w.org\/{rel}","templated":true}]}}