{"id":23890,"date":"2024-10-09T09:53:54","date_gmt":"2024-10-09T06:53:54","guid":{"rendered":"https:\/\/svenskateatern.fi\/?page_id=23890"},"modified":"2026-03-18T21:59:26","modified_gmt":"2026-03-18T18:59:26","slug":"katsomokartta","status":"publish","type":"page","link":"https:\/\/svenskateatern.fi\/fi\/katsomokartta\/","title":{"rendered":"Katsomokartta"},"content":{"rendered":"<section id=\"block_13645013a8278c6e893a0b9c36e72d9f_69d4185c72ce1\" class=\"block block-content-wrapper container-fluid bg-white container-fluid\">\n\t<div class=\"container\n\t\t\tshow-all\"\n\t\t>\n\t\t<div class=\"row\">\n\t\t\t<div class=\"col-12 col-lg-8 offset-lg-2 col-hd-6 offset-hd-3\">\n\t\t\t\t<main class=\"entry-content\">\n\t\t\t\t\t\n\n<h1 class=\"wp-block-heading\"><strong>Katsomokartta \u2013 Suuri n\u00e4ytt\u00e4m\u00f6<\/strong><\/h1>\n\n\n\n<p class=\"is-style-lead\">Kuvaus n\u00e4kyvyydest\u00e4 eri hintakategorioiden paikoista Suurella n\u00e4ytt\u00e4m\u00f6ll\u00e4:<\/p>\n\n\n\n<p><strong>A kategoria\u00a0<\/strong>\u2013 moitteeton n\u00e4k\u00f6yhteys n\u00e4ytt\u00e4m\u00f6lle<br><strong>B kategoria<\/strong>\u00a0\u2013 hyv\u00e4 n\u00e4k\u00f6yhteys n\u00e4ytt\u00e4m\u00f6lle, osa lavastuksesta\/ohjauksesta saattaa j\u00e4\u00e4d\u00e4 n\u00e4kym\u00e4tt\u00e4. <em>Huomiona,\u00a0ett\u00e4\u00a0permannon\u00a0taittotuolit\u00a0kuuluvat\u00a0t\u00e4h\u00e4n\u00a0hintakategoriaan.<br><\/em><strong>C kategoria<\/strong>\u00a0\u2013 eritt\u00e4in rajattu n\u00e4kyvyys n\u00e4ytt\u00e4m\u00f6lle<br><strong>T kategoria<\/strong>\u00a0\u2013 saavutettavat paikat py\u00f6r\u00e4tuoliasiakkaille, moitteeton n\u00e4k\u00f6yhteys n\u00e4ytt\u00e4m\u00f6lle<br><strong>F kategoria\u00a0<\/strong>\u2013 saattajan paikka, yhdess\u00e4 asiakkaan kanssa joka tarvitsee tukea<br><strong>P kategoria\u00a0<\/strong>\u2013 paikka pilarin takana, eritt\u00e4in rajattu n\u00e4kyvyys n\u00e4ytt\u00e4m\u00f6lle<br><strong>K kategoria<\/strong>\u00a0\u2013 taittotuoli, moitteeton n\u00e4k\u00f6yhteys n\u00e4ytt\u00e4m\u00f6lle<\/p>\n\n\n\n<figure class=\"wp-block-image size-large\"><a href=\"https:\/\/svenskateatern.fi\/wp-content\/uploads\/2024\/08\/Platskarta-24-25-A4.png\"><img decoding=\"async\" src=\"https:\/\/svenskateatern.fi\/wp-content\/uploads\/2024\/08\/Platskarta-24-25-A4.png\" alt=\"\"\/><\/a><\/figure>\n\n\n\n<div class=\"wp-block-button\"><a class=\"wp-block-button__link wp-element-button\" href=\"https:\/\/svenskateatern.fi\/wp-content\/uploads\/2024\/08\/Platskarta-24-25-A4.pdf\">T\u00e4st\u00e4 voit n\u00e4hd\u00e4 ja ladata katsomokartan pdf-muodossa<\/a><\/div>\n\n\n\n<h2 class=\"wp-block-heading\"><strong>Tekstitysn\u00e4ytt\u00f6 Suurella n\u00e4ytt\u00e4m\u00f6ll\u00e4<\/strong><\/h2>\n\n\n\n<p><strong>Kaikki teatterin omat tuotannot tekstitet\u00e4\u00e4n suomeksi ja ruotsiksi.<\/strong>&nbsp;Valituissa tuotannoissa on my\u00f6s kuvailutulkkaus ruotsiksi tai englanninkielinen tekstitys.<\/p>\n\n\n\n<p>N\u00e4ytelm\u00e4kohtaiset tiedot l\u00f6yd\u00e4t aina n\u00e4ytelm\u00e4sivuilta.<\/p>\n\n\n\n<p>Voit seurata tekstityst\u00e4 omalta \u00e4lypuhelimelta Subtitle Mobile sovelluksella. Suurella n\u00e4ytt\u00e4m\u00f6ll\u00e4 on lis\u00e4ksi tekstitysn\u00e4ytt\u00f6 n\u00e4ytt\u00e4m\u00f6n oikeassa yl\u00e4laidassa. Suomenkielinen tekstitys n\u00e4kyy vain tietyilt\u00e4 katsomoalueilta\/paikoilta. Alla oleva katsomokartta on suuntaa antava tekstitysn\u00e4yt\u00f6n n\u00e4kyvyydest\u00e4. Huomioithan ett\u00e4 ensisijainen tekstitystapa on mobiilisovelluksen kautta, sill\u00e4 se toimii kaikilla paikoilla Suurella n\u00e4ytt\u00e4m\u00f6ll\u00e4! Joten valmistaudu lataamalla Subtitle Mobile sovelluksen puhelimeesi.<\/p>\n\n\n\n<div class=\"wp-block-button\"><a class=\"wp-block-button__link wp-element-button\" href=\"https:\/\/svenskateatern.fi\/wp-content\/uploads\/2024\/08\/Textningsremsa-A4.pdf\">T\u00e4st\u00e4 l\u00f6yd\u00e4t tekstitysn\u00e4yt\u00f6n katsomokartan<\/a><\/div>\n\n\n\n<h2 class=\"wp-block-heading\"><strong>AMOS- ja<br>NICKEN-n\u00e4ytt\u00e4m\u00f6ill\u00e4 on numeroimattomat paikat<\/strong><\/h2>\n\n\n\n<p>Olethan yhteydess\u00e4 asiakaspalveluun, mik\u00e4li sinulla on toiveita tai erityistarpeita numeroimattomilla n\u00e4ytt\u00e4m\u00f6ill\u00e4mme, niin autamme sinua parhaamme mukaan!<\/p>\n\n\n\t\t\t\t<\/main>\n\t\t\t<\/div>\n\t\t<\/div>\n\n\t\t\n\t<\/div>\n<\/section>\n","protected":false},"excerpt":{"rendered":"","protected":false},"author":8,"featured_media":0,"parent":0,"menu_order":0,"comment_status":"closed","ping_status":"closed","template":"","meta":{"_acf_changed":false,"_relevanssi_hide_post":"","_relevanssi_hide_content":"","_relevanssi_pin_for_all":"","_relevanssi_pin_keywords":"","_relevanssi_unpin_keywords":"","_relevanssi_related_keywords":"","_relevanssi_related_include_ids":"","_relevanssi_related_exclude_ids":"","_relevanssi_related_no_append":"","_relevanssi_related_not_related":"","_relevanssi_related_posts":"17788,9519,13233,13650,17412,18902","_relevanssi_noindex_reason":"","footnotes":""},"class_list":["post-23890","page","type-page","status-publish","hentry"],"acf":[],"yoast_head":"<!-- This site is optimized with the Yoast SEO plugin v27.0 - https:\/\/yoast.com\/product\/yoast-seo-wordpress\/ -->\n<title>Katsomokartta - Svenska Teatern<\/title>\n<meta name=\"robots\" content=\"index, follow, max-snippet:-1, max-image-preview:large, max-video-preview:-1\" \/>\n<link rel=\"canonical\" href=\"https:\/\/svenskateatern.fi\/fi\/katsomokartta\/\" \/>\n<meta property=\"og:locale\" content=\"fi_FI\" \/>\n<meta property=\"og:type\" content=\"article\" \/>\n<meta property=\"og:title\" content=\"Katsomokartta - Svenska Teatern\" \/>\n<meta property=\"og:url\" content=\"https:\/\/svenskateatern.fi\/fi\/katsomokartta\/\" \/>\n<meta property=\"og:site_name\" content=\"Svenska Teatern\" \/>\n<meta property=\"article:modified_time\" content=\"2026-03-18T18:59:26+00:00\" \/>\n<meta property=\"og:image\" content=\"https:\/\/svenskateatern.fi\/wp-content\/uploads\/2024\/08\/Platskarta-24-25-A4.png\" \/>\n<meta name=\"twitter:card\" content=\"summary_large_image\" \/>\n<meta name=\"twitter:label1\" content=\"Arvioitu lukuaika\" \/>\n\t<meta name=\"twitter:data1\" content=\"3 minuuttia\" \/>\n<script type=\"application\/ld+json\" class=\"yoast-schema-graph\">{\"@context\":\"https:\/\/schema.org\",\"@graph\":[{\"@type\":\"WebPage\",\"@id\":\"https:\/\/svenskateatern.fi\/fi\/katsomokartta\/\",\"url\":\"https:\/\/svenskateatern.fi\/fi\/katsomokartta\/\",\"name\":\"Katsomokartta - Svenska Teatern\",\"isPartOf\":{\"@id\":\"https:\/\/svenskateatern.fi\/fi\/#website\"},\"primaryImageOfPage\":{\"@id\":\"https:\/\/svenskateatern.fi\/fi\/katsomokartta\/#primaryimage\"},\"image\":{\"@id\":\"https:\/\/svenskateatern.fi\/fi\/katsomokartta\/#primaryimage\"},\"thumbnailUrl\":\"https:\/\/svenskateatern.fi\/wp-content\/uploads\/2024\/08\/Platskarta-24-25-A4.png\",\"datePublished\":\"2024-10-09T06:53:54+00:00\",\"dateModified\":\"2026-03-18T18:59:26+00:00\",\"breadcrumb\":{\"@id\":\"https:\/\/svenskateatern.fi\/fi\/katsomokartta\/#breadcrumb\"},\"inLanguage\":\"fi\",\"potentialAction\":[{\"@type\":\"ReadAction\",\"target\":[\"https:\/\/svenskateatern.fi\/fi\/katsomokartta\/\"]}]},{\"@type\":\"ImageObject\",\"inLanguage\":\"fi\",\"@id\":\"https:\/\/svenskateatern.fi\/fi\/katsomokartta\/#primaryimage\",\"url\":\"https:\/\/svenskateatern.fi\/wp-content\/uploads\/2024\/08\/Platskarta-24-25-A4.png\",\"contentUrl\":\"https:\/\/svenskateatern.fi\/wp-content\/uploads\/2024\/08\/Platskarta-24-25-A4.png\"},{\"@type\":\"BreadcrumbList\",\"@id\":\"https:\/\/svenskateatern.fi\/fi\/katsomokartta\/#breadcrumb\",\"itemListElement\":[{\"@type\":\"ListItem\",\"position\":1,\"name\":\"Etusivu\",\"item\":\"https:\/\/svenskateatern.fi\/fi\/\"},{\"@type\":\"ListItem\",\"position\":2,\"name\":\"Katsomokartta\"}]},{\"@type\":\"WebSite\",\"@id\":\"https:\/\/svenskateatern.fi\/fi\/#website\",\"url\":\"https:\/\/svenskateatern.fi\/fi\/\",\"name\":\"Svenska Teatern\",\"description\":\"\",\"potentialAction\":[{\"@type\":\"SearchAction\",\"target\":{\"@type\":\"EntryPoint\",\"urlTemplate\":\"https:\/\/svenskateatern.fi\/fi\/?s={search_term_string}\"},\"query-input\":{\"@type\":\"PropertyValueSpecification\",\"valueRequired\":true,\"valueName\":\"search_term_string\"}}],\"inLanguage\":\"fi\"}]}<\/script>\n<!-- \/ Yoast SEO plugin. -->","yoast_head_json":{"title":"Katsomokartta - Svenska Teatern","robots":{"index":"index","follow":"follow","max-snippet":"max-snippet:-1","max-image-preview":"max-image-preview:large","max-video-preview":"max-video-preview:-1"},"canonical":"https:\/\/svenskateatern.fi\/fi\/katsomokartta\/","og_locale":"fi_FI","og_type":"article","og_title":"Katsomokartta - Svenska Teatern","og_url":"https:\/\/svenskateatern.fi\/fi\/katsomokartta\/","og_site_name":"Svenska Teatern","article_modified_time":"2026-03-18T18:59:26+00:00","og_image":[{"url":"https:\/\/svenskateatern.fi\/wp-content\/uploads\/2024\/08\/Platskarta-24-25-A4.png","type":"","width":"","height":""}],"twitter_card":"summary_large_image","twitter_misc":{"Arvioitu lukuaika":"3 minuuttia"},"schema":{"@context":"https:\/\/schema.org","@graph":[{"@type":"WebPage","@id":"https:\/\/svenskateatern.fi\/fi\/katsomokartta\/","url":"https:\/\/svenskateatern.fi\/fi\/katsomokartta\/","name":"Katsomokartta - Svenska Teatern","isPartOf":{"@id":"https:\/\/svenskateatern.fi\/fi\/#website"},"primaryImageOfPage":{"@id":"https:\/\/svenskateatern.fi\/fi\/katsomokartta\/#primaryimage"},"image":{"@id":"https:\/\/svenskateatern.fi\/fi\/katsomokartta\/#primaryimage"},"thumbnailUrl":"https:\/\/svenskateatern.fi\/wp-content\/uploads\/2024\/08\/Platskarta-24-25-A4.png","datePublished":"2024-10-09T06:53:54+00:00","dateModified":"2026-03-18T18:59:26+00:00","breadcrumb":{"@id":"https:\/\/svenskateatern.fi\/fi\/katsomokartta\/#breadcrumb"},"inLanguage":"fi","potentialAction":[{"@type":"ReadAction","target":["https:\/\/svenskateatern.fi\/fi\/katsomokartta\/"]}]},{"@type":"ImageObject","inLanguage":"fi","@id":"https:\/\/svenskateatern.fi\/fi\/katsomokartta\/#primaryimage","url":"https:\/\/svenskateatern.fi\/wp-content\/uploads\/2024\/08\/Platskarta-24-25-A4.png","contentUrl":"https:\/\/svenskateatern.fi\/wp-content\/uploads\/2024\/08\/Platskarta-24-25-A4.png"},{"@type":"BreadcrumbList","@id":"https:\/\/svenskateatern.fi\/fi\/katsomokartta\/#breadcrumb","itemListElement":[{"@type":"ListItem","position":1,"name":"Etusivu","item":"https:\/\/svenskateatern.fi\/fi\/"},{"@type":"ListItem","position":2,"name":"Katsomokartta"}]},{"@type":"WebSite","@id":"https:\/\/svenskateatern.fi\/fi\/#website","url":"https:\/\/svenskateatern.fi\/fi\/","name":"Svenska Teatern","description":"","potentialAction":[{"@type":"SearchAction","target":{"@type":"EntryPoint","urlTemplate":"https:\/\/svenskateatern.fi\/fi\/?s={search_term_string}"},"query-input":{"@type":"PropertyValueSpecification","valueRequired":true,"valueName":"search_term_string"}}],"inLanguage":"fi"}]}},"_links":{"self":[{"href":"https:\/\/svenskateatern.fi\/fi\/wp-json\/wp\/v2\/pages\/23890","targetHints":{"allow":["GET"]}}],"collection":[{"href":"https:\/\/svenskateatern.fi\/fi\/wp-json\/wp\/v2\/pages"}],"about":[{"href":"https:\/\/svenskateatern.fi\/fi\/wp-json\/wp\/v2\/types\/page"}],"author":[{"embeddable":true,"href":"https:\/\/svenskateatern.fi\/fi\/wp-json\/wp\/v2\/users\/8"}],"replies":[{"embeddable":true,"href":"https:\/\/svenskateatern.fi\/fi\/wp-json\/wp\/v2\/comments?post=23890"}],"version-history":[{"count":2,"href":"https:\/\/svenskateatern.fi\/fi\/wp-json\/wp\/v2\/pages\/23890\/revisions"}],"predecessor-version":[{"id":35512,"href":"https:\/\/svenskateatern.fi\/fi\/wp-json\/wp\/v2\/pages\/23890\/revisions\/35512"}],"wp:attachment":[{"href":"https:\/\/svenskateatern.fi\/fi\/wp-json\/wp\/v2\/media?parent=23890"}],"curies":[{"name":"wp","href":"https:\/\/api.w.org\/{rel}","templated":true}]}}