{"id":18542,"date":"2024-02-14T08:56:41","date_gmt":"2024-02-14T05:56:41","guid":{"rendered":"https:\/\/svenskateatern.fi\/?page_id=18542"},"modified":"2026-02-11T12:22:38","modified_gmt":"2026-02-11T09:22:38","slug":"ystavanpaiva","status":"publish","type":"page","link":"https:\/\/svenskateatern.fi\/fi\/ystavanpaiva\/","title":{"rendered":"yst\u00e4v\u00e4np\u00e4iv\u00e4"},"content":{"rendered":"<section id=\"block_793249d8911c13b3ecbfa978f9f7a40c_69d27d5ec83c7\" class=\"block block-content-wrapper container-fluid bg-white container-fluid\">\n\t<div class=\"container\n\t\t\tshow-all\"\n\t\t>\n\t\t<div class=\"row\">\n\t\t\t<div class=\"col-12 col-lg-8 offset-lg-2 col-hd-6 offset-hd-3\">\n\t\t\t\t<main class=\"entry-content\">\n\t\t\t\t\t\n\n<h1 class=\"wp-block-heading\"><strong>Yst\u00e4v\u00e4<\/strong>np\u00e4iv\u00e4tarjous<\/h1>\n\n\n\n<p class=\"is-style-lead\">Ota yst\u00e4v\u00e4 mukaan teatteriin! Saatte kaksi lippua yhden hinnalla valittuihin esityksiin! Kampanja on voimassa 12.-15.2.2026.<\/p>\n\n\n\t\t\t\t<\/main>\n\t\t\t<\/div>\n\t\t<\/div>\n\n\t\t\n\t<\/div>\n<\/section>\n\n\n\n<section class=\"block block-image-beside-content container-fluid container-fluid bg-white\">\n    <div class=\"container\">\n        <div class=\"row\">\n            <div class=\"col-12 col-md-6 image-col\">\n                <div class=\"align-items-center\">\n                                            <img decoding=\"async\" src=\"https:\/\/svenskateatern.fi\/wp-content\/uploads\/2026\/02\/AHD26-03-FM.png\" width=\"1080\" height=\"1350\" alt=\"Sk\u00e5despelaren Anna Hultin i f\u00f6rest\u00e4llningen F\u00f6rg\u00e4t mig sitter vid ett bord i ett m\u00f6rkt scenrum, omgiven av ett neonhj\u00e4rta.\" loading=\"lazy\">                                    <\/div>\n            <\/div>\n            <div class=\"col-12 col-md-6 text-col\">\n                <div class=\"align-items-center\">\n                    <main class=\"entry-content\">\n                        \n\n<h2 class=\"wp-block-heading\">F\u00f6rg\u00e4t mig<\/h2>\n\n\n\n<p class=\"is-style-lead\">\u201dMiksi minua kauhistuttaa ajatus, ett\u00e4 minut muistetaan?\u201d Koe Milja Sarkolan ajatuksia her\u00e4tt\u00e4v\u00e4 dokumentaarinen draama Gunnelista, joka haluaa tulla unohdetuksi.<\/p>\n\n\n\n<p class=\"is-style-default\">Hy\u00f6dynn\u00e4 yst\u00e4v\u00e4np\u00e4iv\u00e4tarjouksemme ja osta kaksi lippua yhden hinnalla valittuihin esityksiin maaliskuussa. Teksitys suomeksi, ruotsiksi ja englanniksi saatavilla.<\/p>\n\n\n\n<p><strong>Yst\u00e4v\u00e4np\u00e4iv\u00e4tarjous: 2 lippua yhteens\u00e4 42 \u20ac<\/strong> (norm. 82 \u20ac)<\/p>\n\n\n\n<div class=\"wp-block-button\"><a class=\"wp-block-button__link wp-element-button\" href=\"https:\/\/biljetter.svenskateatern.fi\/fi\/specialoffer\/pkj5vyhulupi6\">osta liput<\/a><\/div>\n\n\n\n<p><br><em>Kampanja koskee normaalihintaisia lippuja. Etuhinta on voimassa kun ostat kaksi tai nelj\u00e4 lippua.&nbsp;<\/em><\/p>\n\n\n                    <\/main>\n                <\/div>\n            <\/div>\n        <\/div>\n    <\/div>\n<\/section>\n\n\n\n<section class=\"block block-image-beside-content container-fluid container-fluid bg-white\">\n    <div class=\"container\">\n        <div class=\"row\">\n            <div class=\"col-12 col-md-6 image-col\">\n                <div class=\"align-items-center\">\n                                            <img decoding=\"async\" src=\"https:\/\/svenskateatern.fi\/wp-content\/uploads\/2026\/02\/AHD26-02-KB.png\" width=\"1080\" height=\"1350\" alt=\"Sk\u00e5despelaren Dennis Nylund i f\u00f6rest\u00e4llningen Kulturb\u00e4rarna, kl\u00e4dd i r\u00f6d v\u00e4st, r\u00e4cker fram f\u00e4rgglada blommor, inramad av ett neonhj\u00e4rta.\" loading=\"lazy\">                                    <\/div>\n            <\/div>\n            <div class=\"col-12 col-md-6 text-col\">\n                <div class=\"align-items-center\">\n                    <main class=\"entry-content\">\n                        \n\n<h2 class=\"wp-block-heading\">Kulturb\u00e4rarna<\/h2>\n\n\n\n<p class=\"is-style-lead\">Hupaisa ja lennokas n\u00e4ytelm\u00e4, joka nostaa l\u00e4mpim\u00e4ll\u00e4 otteella esiin kulttuuria kannattelevat ihmiset.<\/p>\n\n\n\n<p>Hy\u00f6dynn\u00e4 yst\u00e4v\u00e4np\u00e4iv\u00e4tarjouksemme ja osta 2 lippua 1 hinnalla valittuihin esityksiin helmi- ja maaliskuussa. Tekstitys suomeksi saatavilla.<\/p>\n\n\n\n<p><strong>Yst\u00e4v\u00e4np\u00e4iv\u00e4tarjous: 2 lippua yhteens\u00e4 45 \u20ac<\/strong> (norm. 90 \u20ac)<\/p>\n\n\n\n<div class=\"wp-block-button\"><a class=\"wp-block-button__link wp-element-button\" href=\"https:\/\/biljetter.svenskateatern.fi\/fi\/specialoffer\/pkj5vyhulupi6\">osta lippuja<\/a><\/div>\n\n\n\n<p><\/p>\n\n\n\n<p><em>Kampanja koskee normaalihintaisia lippuja. Etuhinta on voimassa kun ostat kaksi tai nelj\u00e4 lippua.&nbsp;<\/em><\/p>\n\n\n                    <\/main>\n                <\/div>\n            <\/div>\n        <\/div>\n    <\/div>\n<\/section>\n\n\n<section id=\"block_793249d8911c13b3ecbfa978f9f7a40c_69d27d5ec9b20\" class=\"block block-content-wrapper container-fluid bg-white container-fluid\">\n\t<div class=\"container\n\t\t\tshow-all\"\n\t\t>\n\t\t<div class=\"row\">\n\t\t\t<div class=\"col-12 col-lg-8 offset-lg-2 col-hd-6 offset-hd-3\">\n\t\t\t\t<main class=\"entry-content\">\n\t\t\t\t\t\n\n<p><em>Alennus my\u00f6nnet\u00e4\u00e4n valittuihin esityksiin tai tuotantoihin verkkokaupassa tai teatterin lipunmyynniss\u00e4. Alennuslippuja ei voi varata eik\u00e4 niihin sis\u00e4lly vaihto-oikeutta. Rajoitettu m\u00e4\u00e4r\u00e4 paikkoja. Kampanjahinnoista ei anneta alennusta el\u00e4kel\u00e4isille, lapsille tai nuorille. Svenska Teatern pid\u00e4tt\u00e4\u00e4 oikeuden muutoksiin ja painovirheisiin.&nbsp;&nbsp;<\/em><\/p>\n\n\n\t\t\t\t<\/main>\n\t\t\t<\/div>\n\t\t<\/div>\n\n\t\t\n\t<\/div>\n<\/section>\n","protected":false},"excerpt":{"rendered":"","protected":false},"author":18,"featured_media":34430,"parent":0,"menu_order":0,"comment_status":"closed","ping_status":"closed","template":"","meta":{"_acf_changed":false,"_relevanssi_hide_post":"","_relevanssi_hide_content":"","_relevanssi_pin_for_all":"","_relevanssi_pin_keywords":"","_relevanssi_unpin_keywords":"","_relevanssi_related_keywords":"","_relevanssi_related_include_ids":"","_relevanssi_related_exclude_ids":"","_relevanssi_related_no_append":"","_relevanssi_related_not_related":"","_relevanssi_related_posts":"614,620,6847,7057,7346,8390","_relevanssi_noindex_reason":"","footnotes":""},"class_list":["post-18542","page","type-page","status-publish","has-post-thumbnail","hentry"],"acf":[],"yoast_head":"<!-- This site is optimized with the Yoast SEO plugin v27.0 - https:\/\/yoast.com\/product\/yoast-seo-wordpress\/ -->\n<title>yst\u00e4v\u00e4np\u00e4iv\u00e4 - Svenska Teatern<\/title>\n<meta name=\"description\" content=\"Ota yst\u00e4v\u00e4 mukaan teatteriin! Saatte kaksi lippua yhden hinnalla valittuihin esityksiin! Kampanja on voimassa 12.-15.2.2026.\" \/>\n<meta name=\"robots\" content=\"index, follow, max-snippet:-1, max-image-preview:large, max-video-preview:-1\" \/>\n<link rel=\"canonical\" href=\"https:\/\/svenskateatern.fi\/fi\/ystavanpaiva\/\" \/>\n<meta property=\"og:locale\" content=\"fi_FI\" \/>\n<meta property=\"og:type\" content=\"article\" \/>\n<meta property=\"og:title\" content=\"Yst\u00e4v\u00e4np\u00e4iv\u00e4tarjous - kaksi lippua yhden hinnalla\" \/>\n<meta property=\"og:description\" content=\"Hyv\u00e4\u00e4 yst\u00e4v\u00e4np\u00e4iv\u00e4\u00e4! \ud83d\udc9b\ud83d\udc9b Ota yst\u00e4v\u00e4 mukaan teatteriin! Saatte kaksi lippua yhden hinnalla valittuihin esityksiin! Kampanja on voimassa 12.-15.2.2026.\" \/>\n<meta property=\"og:url\" content=\"https:\/\/svenskateatern.fi\/fi\/ystavanpaiva\/\" \/>\n<meta property=\"og:site_name\" content=\"Svenska Teatern\" \/>\n<meta property=\"article:modified_time\" content=\"2026-02-11T09:22:38+00:00\" \/>\n<meta property=\"og:image\" content=\"https:\/\/svenskateatern.fi\/wp-content\/uploads\/2026\/02\/AHD26-FByoast.png\" \/>\n\t<meta property=\"og:image:width\" content=\"1200\" \/>\n\t<meta property=\"og:image:height\" content=\"628\" \/>\n\t<meta property=\"og:image:type\" content=\"image\/png\" \/>\n<meta name=\"twitter:card\" content=\"summary_large_image\" \/>\n<meta name=\"twitter:label1\" content=\"Arvioitu lukuaika\" \/>\n\t<meta name=\"twitter:data1\" content=\"3 minuuttia\" \/>\n<script type=\"application\/ld+json\" class=\"yoast-schema-graph\">{\"@context\":\"https:\/\/schema.org\",\"@graph\":[{\"@type\":\"WebPage\",\"@id\":\"https:\/\/svenskateatern.fi\/fi\/ystavanpaiva\/\",\"url\":\"https:\/\/svenskateatern.fi\/fi\/ystavanpaiva\/\",\"name\":\"yst\u00e4v\u00e4np\u00e4iv\u00e4 - Svenska Teatern\",\"isPartOf\":{\"@id\":\"https:\/\/svenskateatern.fi\/fi\/#website\"},\"primaryImageOfPage\":{\"@id\":\"https:\/\/svenskateatern.fi\/fi\/ystavanpaiva\/#primaryimage\"},\"image\":{\"@id\":\"https:\/\/svenskateatern.fi\/fi\/ystavanpaiva\/#primaryimage\"},\"thumbnailUrl\":\"https:\/\/svenskateatern.fi\/wp-content\/uploads\/2026\/02\/AHD26-FByoast.png\",\"datePublished\":\"2024-02-14T05:56:41+00:00\",\"dateModified\":\"2026-02-11T09:22:38+00:00\",\"description\":\"Ota yst\u00e4v\u00e4 mukaan teatteriin! Saatte kaksi lippua yhden hinnalla valittuihin esityksiin! Kampanja on voimassa 12.-15.2.2026.\",\"breadcrumb\":{\"@id\":\"https:\/\/svenskateatern.fi\/fi\/ystavanpaiva\/#breadcrumb\"},\"inLanguage\":\"fi\",\"potentialAction\":[{\"@type\":\"ReadAction\",\"target\":[\"https:\/\/svenskateatern.fi\/fi\/ystavanpaiva\/\"]}]},{\"@type\":\"ImageObject\",\"inLanguage\":\"fi\",\"@id\":\"https:\/\/svenskateatern.fi\/fi\/ystavanpaiva\/#primaryimage\",\"url\":\"https:\/\/svenskateatern.fi\/wp-content\/uploads\/2026\/02\/AHD26-FByoast.png\",\"contentUrl\":\"https:\/\/svenskateatern.fi\/wp-content\/uploads\/2026\/02\/AHD26-FByoast.png\",\"width\":1200,\"height\":628,\"caption\":\"Sk\u00e5despelaren Dennis Nylund i Kulturb\u00e4rarna och Anna Hultin i F\u00f6rg\u00e4t migs scenografi, sida vid sida med ett stort neonhj\u00e4rta och texten \\\"2 f\u00f6r 1\\\".\"},{\"@type\":\"BreadcrumbList\",\"@id\":\"https:\/\/svenskateatern.fi\/fi\/ystavanpaiva\/#breadcrumb\",\"itemListElement\":[{\"@type\":\"ListItem\",\"position\":1,\"name\":\"Etusivu\",\"item\":\"https:\/\/svenskateatern.fi\/fi\/\"},{\"@type\":\"ListItem\",\"position\":2,\"name\":\"yst\u00e4v\u00e4np\u00e4iv\u00e4\"}]},{\"@type\":\"WebSite\",\"@id\":\"https:\/\/svenskateatern.fi\/fi\/#website\",\"url\":\"https:\/\/svenskateatern.fi\/fi\/\",\"name\":\"Svenska Teatern\",\"description\":\"\",\"potentialAction\":[{\"@type\":\"SearchAction\",\"target\":{\"@type\":\"EntryPoint\",\"urlTemplate\":\"https:\/\/svenskateatern.fi\/fi\/?s={search_term_string}\"},\"query-input\":{\"@type\":\"PropertyValueSpecification\",\"valueRequired\":true,\"valueName\":\"search_term_string\"}}],\"inLanguage\":\"fi\"}]}<\/script>\n<!-- \/ Yoast SEO plugin. -->","yoast_head_json":{"title":"yst\u00e4v\u00e4np\u00e4iv\u00e4 - Svenska Teatern","description":"Ota yst\u00e4v\u00e4 mukaan teatteriin! Saatte kaksi lippua yhden hinnalla valittuihin esityksiin! Kampanja on voimassa 12.-15.2.2026.","robots":{"index":"index","follow":"follow","max-snippet":"max-snippet:-1","max-image-preview":"max-image-preview:large","max-video-preview":"max-video-preview:-1"},"canonical":"https:\/\/svenskateatern.fi\/fi\/ystavanpaiva\/","og_locale":"fi_FI","og_type":"article","og_title":"Yst\u00e4v\u00e4np\u00e4iv\u00e4tarjous - kaksi lippua yhden hinnalla","og_description":"Hyv\u00e4\u00e4 yst\u00e4v\u00e4np\u00e4iv\u00e4\u00e4! \ud83d\udc9b\ud83d\udc9b Ota yst\u00e4v\u00e4 mukaan teatteriin! Saatte kaksi lippua yhden hinnalla valittuihin esityksiin! Kampanja on voimassa 12.-15.2.2026.","og_url":"https:\/\/svenskateatern.fi\/fi\/ystavanpaiva\/","og_site_name":"Svenska Teatern","article_modified_time":"2026-02-11T09:22:38+00:00","og_image":[{"width":1200,"height":628,"url":"https:\/\/svenskateatern.fi\/wp-content\/uploads\/2026\/02\/AHD26-FByoast.png","type":"image\/png"}],"twitter_card":"summary_large_image","twitter_misc":{"Arvioitu lukuaika":"3 minuuttia"},"schema":{"@context":"https:\/\/schema.org","@graph":[{"@type":"WebPage","@id":"https:\/\/svenskateatern.fi\/fi\/ystavanpaiva\/","url":"https:\/\/svenskateatern.fi\/fi\/ystavanpaiva\/","name":"yst\u00e4v\u00e4np\u00e4iv\u00e4 - Svenska Teatern","isPartOf":{"@id":"https:\/\/svenskateatern.fi\/fi\/#website"},"primaryImageOfPage":{"@id":"https:\/\/svenskateatern.fi\/fi\/ystavanpaiva\/#primaryimage"},"image":{"@id":"https:\/\/svenskateatern.fi\/fi\/ystavanpaiva\/#primaryimage"},"thumbnailUrl":"https:\/\/svenskateatern.fi\/wp-content\/uploads\/2026\/02\/AHD26-FByoast.png","datePublished":"2024-02-14T05:56:41+00:00","dateModified":"2026-02-11T09:22:38+00:00","description":"Ota yst\u00e4v\u00e4 mukaan teatteriin! Saatte kaksi lippua yhden hinnalla valittuihin esityksiin! Kampanja on voimassa 12.-15.2.2026.","breadcrumb":{"@id":"https:\/\/svenskateatern.fi\/fi\/ystavanpaiva\/#breadcrumb"},"inLanguage":"fi","potentialAction":[{"@type":"ReadAction","target":["https:\/\/svenskateatern.fi\/fi\/ystavanpaiva\/"]}]},{"@type":"ImageObject","inLanguage":"fi","@id":"https:\/\/svenskateatern.fi\/fi\/ystavanpaiva\/#primaryimage","url":"https:\/\/svenskateatern.fi\/wp-content\/uploads\/2026\/02\/AHD26-FByoast.png","contentUrl":"https:\/\/svenskateatern.fi\/wp-content\/uploads\/2026\/02\/AHD26-FByoast.png","width":1200,"height":628,"caption":"Sk\u00e5despelaren Dennis Nylund i Kulturb\u00e4rarna och Anna Hultin i F\u00f6rg\u00e4t migs scenografi, sida vid sida med ett stort neonhj\u00e4rta och texten \"2 f\u00f6r 1\"."},{"@type":"BreadcrumbList","@id":"https:\/\/svenskateatern.fi\/fi\/ystavanpaiva\/#breadcrumb","itemListElement":[{"@type":"ListItem","position":1,"name":"Etusivu","item":"https:\/\/svenskateatern.fi\/fi\/"},{"@type":"ListItem","position":2,"name":"yst\u00e4v\u00e4np\u00e4iv\u00e4"}]},{"@type":"WebSite","@id":"https:\/\/svenskateatern.fi\/fi\/#website","url":"https:\/\/svenskateatern.fi\/fi\/","name":"Svenska Teatern","description":"","potentialAction":[{"@type":"SearchAction","target":{"@type":"EntryPoint","urlTemplate":"https:\/\/svenskateatern.fi\/fi\/?s={search_term_string}"},"query-input":{"@type":"PropertyValueSpecification","valueRequired":true,"valueName":"search_term_string"}}],"inLanguage":"fi"}]}},"_links":{"self":[{"href":"https:\/\/svenskateatern.fi\/fi\/wp-json\/wp\/v2\/pages\/18542","targetHints":{"allow":["GET"]}}],"collection":[{"href":"https:\/\/svenskateatern.fi\/fi\/wp-json\/wp\/v2\/pages"}],"about":[{"href":"https:\/\/svenskateatern.fi\/fi\/wp-json\/wp\/v2\/types\/page"}],"author":[{"embeddable":true,"href":"https:\/\/svenskateatern.fi\/fi\/wp-json\/wp\/v2\/users\/18"}],"replies":[{"embeddable":true,"href":"https:\/\/svenskateatern.fi\/fi\/wp-json\/wp\/v2\/comments?post=18542"}],"version-history":[{"count":15,"href":"https:\/\/svenskateatern.fi\/fi\/wp-json\/wp\/v2\/pages\/18542\/revisions"}],"predecessor-version":[{"id":34493,"href":"https:\/\/svenskateatern.fi\/fi\/wp-json\/wp\/v2\/pages\/18542\/revisions\/34493"}],"wp:featuredmedia":[{"embeddable":true,"href":"https:\/\/svenskateatern.fi\/fi\/wp-json\/wp\/v2\/media\/34430"}],"wp:attachment":[{"href":"https:\/\/svenskateatern.fi\/fi\/wp-json\/wp\/v2\/media?parent=18542"}],"curies":[{"name":"wp","href":"https:\/\/api.w.org\/{rel}","templated":true}]}}