{"id":182,"date":"2022-01-05T08:14:41","date_gmt":"2022-01-05T08:14:41","guid":{"rendered":"http:\/\/localhost\/into\/svenskateatern\/?page_id=182"},"modified":"2026-03-28T21:19:25","modified_gmt":"2026-03-28T18:19:25","slug":"ohjelmisto","status":"publish","type":"page","link":"https:\/\/svenskateatern.fi\/fi\/ohjelmisto\/","title":{"rendered":"Ohjelmisto"},"content":{"rendered":"<section id=\"block_4979145077857a195ba6797c7f76b179_69de2b05e318d\" class=\"block block-content-wrapper container-fluid bg-white container-fluid mb-0 pb-2\">\n\t<div class=\"container\n\t\t\tshow-all\"\n\t\t>\n\t\t<div class=\"row\">\n\t\t\t<div class=\"col-12 col-lg-8 offset-lg-2 col-hd-6 offset-hd-3\">\n\t\t\t\t<main class=\"entry-content\">\n\t\t\t\t\t\n\n<h1 class=\"wp-block-heading has-text-align-center\">Ohjelmisto<\/h1>\n\n\n\n<p><\/p>\n\n\n\t\t\t\t<\/main>\n\t\t\t<\/div>\n\t\t<\/div>\n\n\t\t\n\t<\/div>\n<\/section>\n\n\n\n<section class=\"block block-shows-list container-fluid bg-white\">\n    <div class=\"container\">\n                <div class=\"row align-items-center header-row\">\n            <div class=\"col\">\n                                <h2 class=\"block-title\">Ohjelmisto<\/h2>\n                            <\/div>\n        <\/div>\n            \n\n        <div class=\"row highlights-row\">\n                        <div class=\"col col-12 col-md-4\">\n                \n<div class=\"card show-card\">\n\t<div>\n\t\t<a href=\"https:\/\/svenskateatern.fi\/fi\/ohjelmisto\/amos-a\/\" title=\"Amos A\">\n\t\t\t<div class=\"image\" aria-hidden=\"true\">\n\t\t\t\t\t\t\t\t\t<img decoding=\"async\" src=\"https:\/\/svenskateatern.fi\/wp-content\/uploads\/2024\/11\/Amos-A-repertoar.png\" alt=\"Amos A\">\n\t\t\t\t\t\t\t<\/div>\n\t\t<\/a>\n\t\t<h3 class=\"post-title\"><a href=\"https:\/\/svenskateatern.fi\/fi\/ohjelmisto\/amos-a\/\">Amos A<\/a><\/h3>\n\t\t<div class=\"excerpt\">Uusi n\u00e4ytelm\u00e4 Amos Andersonin uskomattomasta ja v\u00e4rikk\u00e4\u00e4st\u00e4 el\u00e4m\u00e4st\u00e4.<\/div>\n\t<\/div>\n\t<div>\n\t\t<div class=\"meta\">\n\t\t\t\t\t\t\t<span class=\"date-range\">\n\t\t\t\t\t9.1.2026 &#8211; 13.5.2026\t\t\t\t<\/span>\n\t\t\t\n\t\t\t\t\t\t\t<span class=\"venue\">Suuri n\u00e4ytt\u00e4m\u00f6<\/span>\n\t\t\t\t\t<\/div>\n\t\t<div class=\"links\">\n\t\t\t<a href=\"https:\/\/svenskateatern.fi\/fi\/ohjelmisto\/amos-a\/\" rel=\"no-opener\" class=\"button outline\">\n\t\t\t\t<span class=\"sr-only\">Amos A &#8211; <\/span>\n\t\t\t\tLue lis\u00e4\u00e4\t\t\t<\/a>\n\t\t\t\t\t\t\t<a href=\"https:\/\/biljetter.svenskateatern.fi\/fi\/buyingflow\/tickets\/12238\/\" rel=\"no-opener\" class=\"button\">\n\t\t\t\t\t<span class=\"sr-only\">Amos A &#8211; <\/span>\n\t\t\t\t\tOsta lippuja\t\t\t\t<\/a>\n\t\t\t\t\t<\/div>\n\t<\/div>\n<\/div>\n            <\/div>\n                        <div class=\"col col-12 col-md-4\">\n                \n<div class=\"card show-card\">\n\t<div>\n\t\t<a href=\"https:\/\/svenskateatern.fi\/fi\/ohjelmisto\/kulturbararna\/\" title=\"Kulturb\u00e4rarna\">\n\t\t\t<div class=\"image\" aria-hidden=\"true\">\n\t\t\t\t\t\t\t\t\t<img decoding=\"async\" src=\"https:\/\/svenskateatern.fi\/wp-content\/uploads\/2026\/02\/Kulturbararna-0226-repertoar.png\" alt=\"Kulturb\u00e4rarna\">\n\t\t\t\t\t\t\t<\/div>\n\t\t<\/a>\n\t\t<h3 class=\"post-title\"><a href=\"https:\/\/svenskateatern.fi\/fi\/ohjelmisto\/kulturbararna\/\">Kulturb\u00e4rarna<\/a><\/h3>\n\t\t<div class=\"excerpt\">Hupaisa ja lennokas n\u00e4ytelm\u00e4, joka nostaa l\u00e4mpim\u00e4ll\u00e4 otteella esiin kulttuuria kannattelevat ihmiset.<\/div>\n\t<\/div>\n\t<div>\n\t\t<div class=\"meta\">\n\t\t\t\t\t\t\t<span class=\"date-range\">\n\t\t\t\t\t4.2.2026 &#8211; 6.5.2026\t\t\t\t<\/span>\n\t\t\t\n\t\t\t\t\t\t\t<span class=\"venue\">Suuri n\u00e4ytt\u00e4m\u00f6<\/span>\n\t\t\t\t\t<\/div>\n\t\t<div class=\"links\">\n\t\t\t<a href=\"https:\/\/svenskateatern.fi\/fi\/ohjelmisto\/kulturbararna\/\" rel=\"no-opener\" class=\"button outline\">\n\t\t\t\t<span class=\"sr-only\">Kulturb\u00e4rarna &#8211; <\/span>\n\t\t\t\tLue lis\u00e4\u00e4\t\t\t<\/a>\n\t\t\t\t\t\t\t<a href=\"https:\/\/biljetter.svenskateatern.fi\/fi\/buyingflow\/tickets\/12244\/\" rel=\"no-opener\" class=\"button\">\n\t\t\t\t\t<span class=\"sr-only\">Kulturb\u00e4rarna &#8211; <\/span>\n\t\t\t\t\tOsta lippuja\t\t\t\t<\/a>\n\t\t\t\t\t<\/div>\n\t<\/div>\n<\/div>\n            <\/div>\n                        <div class=\"col col-12 col-md-4\">\n                \n<div class=\"card show-card\">\n\t<div>\n\t\t<a href=\"https:\/\/svenskateatern.fi\/fi\/ohjelmisto\/ronja-rovardotter\/\" title=\"Ronja R\u00f6vardotter\">\n\t\t\t<div class=\"image\" aria-hidden=\"true\">\n\t\t\t\t\t\t\t\t\t<img decoding=\"async\" src=\"https:\/\/svenskateatern.fi\/wp-content\/uploads\/2023\/09\/Ronja-varskrik-repertoar.jpg\" alt=\"Ronja R\u00f6vardotter\">\n\t\t\t\t\t\t\t<\/div>\n\t\t<\/a>\n\t\t<h3 class=\"post-title\"><a href=\"https:\/\/svenskateatern.fi\/fi\/ohjelmisto\/ronja-rovardotter\/\">Ronja R\u00f6vardotter<\/a><\/h3>\n\t\t<div class=\"excerpt\">Viimeinen mahdollisuus kokea Astrid Lindgrenin suurenmoinen seikkailu!<\/div>\n\t<\/div>\n\t<div>\n\t\t<div class=\"meta\">\n\t\t\t\t\t\t\t<span class=\"date-range\">\n\t\t\t\t\t2.1.2026 &#8211; 23.4.2026\t\t\t\t<\/span>\n\t\t\t\n\t\t\t\t\t\t\t<span class=\"venue\">Suuri n\u00e4ytt\u00e4m\u00f6<\/span>\n\t\t\t\t\t<\/div>\n\t\t<div class=\"links\">\n\t\t\t<a href=\"https:\/\/svenskateatern.fi\/fi\/ohjelmisto\/ronja-rovardotter\/\" rel=\"no-opener\" class=\"button outline\">\n\t\t\t\t<span class=\"sr-only\">Ronja R\u00f6vardotter &#8211; <\/span>\n\t\t\t\tLue lis\u00e4\u00e4\t\t\t<\/a>\n\t\t\t\t\t\t\t<a href=\"https:\/\/biljetter.svenskateatern.fi\/fi\/buyingflow\/tickets\/12006\/\" rel=\"no-opener\" class=\"button\">\n\t\t\t\t\t<span class=\"sr-only\">Ronja R\u00f6vardotter &#8211; <\/span>\n\t\t\t\t\tOsta lippuja\t\t\t\t<\/a>\n\t\t\t\t\t<\/div>\n\t<\/div>\n<\/div>\n            <\/div>\n                        <div class=\"col col-12 col-md-4\">\n                \n<div class=\"card show-card\">\n\t<div>\n\t\t<a href=\"https:\/\/svenskateatern.fi\/fi\/ohjelmisto\/topelius-och-teatern\/\" title=\"Topelius och teatern\">\n\t\t\t<div class=\"image\" aria-hidden=\"true\">\n\t\t\t\t\t\t\t\t\t<img decoding=\"async\" src=\"https:\/\/svenskateatern.fi\/wp-content\/uploads\/2022\/05\/Topelius-repertoar.jpg\" alt=\"Topelius och teatern\">\n\t\t\t\t\t\t\t<\/div>\n\t\t<\/a>\n\t\t<h3 class=\"post-title\"><a href=\"https:\/\/svenskateatern.fi\/fi\/ohjelmisto\/topelius-och-teatern\/\">Topelius och teatern<\/a><\/h3>\n\t\t<div class=\"excerpt\">Historiallinen k\u00e4velykierros, jossa 1860-luku kohtaa nykyp\u00e4iv\u00e4n.<\/div>\n\t<\/div>\n\t<div>\n\t\t<div class=\"meta\">\n\t\t\t\t\t\t\t<span class=\"date-range\">\n\t\t\t\t\t7.10.2025 &#8211; 22.4.2026\t\t\t\t<\/span>\n\t\t\t\n\t\t\t\t\t<\/div>\n\t\t<div class=\"links\">\n\t\t\t<a href=\"https:\/\/svenskateatern.fi\/fi\/ohjelmisto\/topelius-och-teatern\/\" rel=\"no-opener\" class=\"button outline\">\n\t\t\t\t<span class=\"sr-only\">Topelius och teatern &#8211; <\/span>\n\t\t\t\tLue lis\u00e4\u00e4\t\t\t<\/a>\n\t\t\t\t\t\t\t<a href=\"https:\/\/biljetter.svenskateatern.fi\/fi\/buyingflow\/tickets\/12017\/\" rel=\"no-opener\" class=\"button\">\n\t\t\t\t\t<span class=\"sr-only\">Topelius och teatern &#8211; <\/span>\n\t\t\t\t\tOsta lippuja\t\t\t\t<\/a>\n\t\t\t\t\t<\/div>\n\t<\/div>\n<\/div>\n            <\/div>\n                        <div class=\"col col-12 col-md-4\">\n                \n<div class=\"card show-card\">\n\t<div>\n\t\t<a href=\"https:\/\/svenskateatern.fi\/fi\/ohjelmisto\/gudarnas-vaktare\/\" title=\"Gudarnas v\u00e4ktare\">\n\t\t\t<div class=\"image\" aria-hidden=\"true\">\n\t\t\t\t\t\t\t\t\t<img decoding=\"async\" src=\"https:\/\/svenskateatern.fi\/wp-content\/uploads\/2026\/03\/gudarnas-vaktare-repertoar-26.jpg\" alt=\"Gudarnas v\u00e4ktare\">\n\t\t\t\t\t\t\t<\/div>\n\t\t<\/a>\n\t\t<h3 class=\"post-title\"><a href=\"https:\/\/svenskateatern.fi\/fi\/ohjelmisto\/gudarnas-vaktare\/\">Gudarnas v\u00e4ktare<\/a><\/h3>\n\t\t<div class=\"excerpt\">N\u00e4ytelm\u00e4 aikuisista, lapsille.<\/div>\n\t<\/div>\n\t<div>\n\t\t<div class=\"meta\">\n\t\t\t\t\t\t\t<span class=\"date-range\">\n\t\t\t\t\t2.9.2025 &#8211; 25.4.2026\t\t\t\t<\/span>\n\t\t\t\n\t\t\t\t\t\t\t<span class=\"venue\">NICKEN-n\u00e4ytt\u00e4m\u00f6<\/span>\n\t\t\t\t\t<\/div>\n\t\t<div class=\"links\">\n\t\t\t<a href=\"https:\/\/svenskateatern.fi\/fi\/ohjelmisto\/gudarnas-vaktare\/\" rel=\"no-opener\" class=\"button outline\">\n\t\t\t\t<span class=\"sr-only\">Gudarnas v\u00e4ktare &#8211; <\/span>\n\t\t\t\tLue lis\u00e4\u00e4\t\t\t<\/a>\n\t\t\t\t\t\t\t<a href=\"https:\/\/biljetter.svenskateatern.fi\/fi\/buyingflow\/tickets\/12240\/\" rel=\"no-opener\" class=\"button\">\n\t\t\t\t\t<span class=\"sr-only\">Gudarnas v\u00e4ktare &#8211; <\/span>\n\t\t\t\t\tOsta lippuja\t\t\t\t<\/a>\n\t\t\t\t\t<\/div>\n\t<\/div>\n<\/div>\n            <\/div>\n                        <div class=\"col col-12 col-md-4\">\n                \n<div class=\"card show-card\">\n\t<div>\n\t\t<a href=\"https:\/\/svenskateatern.fi\/fi\/ohjelmisto\/humorlandskampen\/\" title=\"Humorlandskampen\">\n\t\t\t<div class=\"image\" aria-hidden=\"true\">\n\t\t\t\t\t\t\t\t\t<img decoding=\"async\" src=\"https:\/\/svenskateatern.fi\/wp-content\/uploads\/2026\/01\/HLK_2026_repe.png\" alt=\"Humorlandskampen\">\n\t\t\t\t\t\t\t<\/div>\n\t\t<\/a>\n\t\t<h3 class=\"post-title\"><a href=\"https:\/\/svenskateatern.fi\/fi\/ohjelmisto\/humorlandskampen\/\">Humorlandskampen<\/a><\/h3>\n\t\t<div class=\"excerpt\">Ruotsinkielisen stand up -komiikan maaottelu.<\/div>\n\t<\/div>\n\t<div>\n\t\t<div class=\"meta\">\n\t\t\t\t\t\t\t<span class=\"date-range\">\n\t\t\t\t\t15.5.2026 &#8211; 16.5.2026\t\t\t\t<\/span>\n\t\t\t\n\t\t\t\t\t\t\t<span class=\"venue\">Suuri n\u00e4ytt\u00e4m\u00f6<\/span>\n\t\t\t\t\t<\/div>\n\t\t<div class=\"links\">\n\t\t\t<a href=\"https:\/\/svenskateatern.fi\/fi\/ohjelmisto\/humorlandskampen\/\" rel=\"no-opener\" class=\"button outline\">\n\t\t\t\t<span class=\"sr-only\">Humorlandskampen &#8211; <\/span>\n\t\t\t\tLue lis\u00e4\u00e4\t\t\t<\/a>\n\t\t\t\t\t\t\t<a href=\"https:\/\/biljetter.svenskateatern.fi\/fi\/buyingflow\/tickets\/12273\/\" rel=\"no-opener\" class=\"button\">\n\t\t\t\t\t<span class=\"sr-only\">Humorlandskampen &#8211; <\/span>\n\t\t\t\t\tOsta lippuja\t\t\t\t<\/a>\n\t\t\t\t\t<\/div>\n\t<\/div>\n<\/div>\n            <\/div>\n                        <div class=\"col col-12 col-md-4\">\n                \n<div class=\"card show-card\">\n\t<div>\n\t\t<a href=\"https:\/\/svenskateatern.fi\/fi\/ohjelmisto\/muumilaakson-satuhetki-maailman-viimeinen-lohikaarme\/\" title=\"Muumilaakson satuhetki: Maailman viimeinen lohik\u00e4\u00e4rme\u00a0\">\n\t\t\t<div class=\"image\" aria-hidden=\"true\">\n\t\t\t\t\t\t\t\t\t<img decoding=\"async\" src=\"https:\/\/svenskateatern.fi\/wp-content\/uploads\/2025\/06\/Mumin-Historien-om-sista-draken-repertoar.png\" alt=\"Muumilaakson satuhetki: Maailman viimeinen lohik\u00e4\u00e4rme\u00a0\">\n\t\t\t\t\t\t\t<\/div>\n\t\t<\/a>\n\t\t<h3 class=\"post-title\"><a href=\"https:\/\/svenskateatern.fi\/fi\/ohjelmisto\/muumilaakson-satuhetki-maailman-viimeinen-lohikaarme\/\">Muumilaakson satuhetki: Maailman viimeinen lohik\u00e4\u00e4rme\u00a0<\/a><\/h3>\n\t\t<div class=\"excerpt\">Satuhetki Helsingin kaupungin Kulttuurin kummilapsille.<\/div>\n\t<\/div>\n\t<div>\n\t\t<div class=\"meta\">\n\t\t\t\t\t\t\t<span class=\"date-range\">\n\t\t\t\t\t\t\t\t\t<\/span>\n\t\t\t\n\t\t\t\t\t\t\t<span class=\"venue\">NICKEN-n\u00e4ytt\u00e4m\u00f6<\/span>\n\t\t\t\t\t<\/div>\n\t\t<div class=\"links\">\n\t\t\t<a href=\"https:\/\/svenskateatern.fi\/fi\/ohjelmisto\/muumilaakson-satuhetki-maailman-viimeinen-lohikaarme\/\" rel=\"no-opener\" class=\"button outline\">\n\t\t\t\t<span class=\"sr-only\">Muumilaakson satuhetki: Maailman viimeinen lohik\u00e4\u00e4rme\u00a0 &#8211; <\/span>\n\t\t\t\tLue lis\u00e4\u00e4\t\t\t<\/a>\n\t\t\t\t\t<\/div>\n\t<\/div>\n<\/div>\n            <\/div>\n                        <div class=\"col col-12 col-md-4\">\n                \n<div class=\"card show-card\">\n\t<div>\n\t\t<a href=\"https:\/\/svenskateatern.fi\/fi\/ohjelmisto\/nattland\/\" title=\"Nattland\">\n\t\t\t<div class=\"image\" aria-hidden=\"true\">\n\t\t\t\t\t\t\t\t\t<img decoding=\"async\" src=\"https:\/\/svenskateatern.fi\/wp-content\/uploads\/2026\/03\/Nattland_repertoar.png\" alt=\"Nattland\">\n\t\t\t\t\t\t\t<\/div>\n\t\t<\/a>\n\t\t<h3 class=\"post-title\"><a href=\"https:\/\/svenskateatern.fi\/fi\/ohjelmisto\/nattland\/\">Nattland<\/a><\/h3>\n\t\t<div class=\"excerpt\">Marius von Mayenburgin musta komedia. Ensi-ilta 10.9. AMOS-n\u00e4ytt\u00e4m\u00f6ll\u00e4.<\/div>\n\t<\/div>\n\t<div>\n\t\t<div class=\"meta\">\n\t\t\t\t\t\t\t<span class=\"date-range\">\n\t\t\t\t\t10.9.2026 &#8211; 14.11.2026\t\t\t\t<\/span>\n\t\t\t\n\t\t\t\t\t\t\t<span class=\"venue\">AMOS-n\u00e4ytt\u00e4m\u00f6<\/span>\n\t\t\t\t\t<\/div>\n\t\t<div class=\"links\">\n\t\t\t<a href=\"https:\/\/svenskateatern.fi\/fi\/ohjelmisto\/nattland\/\" rel=\"no-opener\" class=\"button outline\">\n\t\t\t\t<span class=\"sr-only\">Nattland &#8211; <\/span>\n\t\t\t\tLue lis\u00e4\u00e4\t\t\t<\/a>\n\t\t\t\t\t\t\t<a href=\"https:\/\/biljetter.svenskateatern.fi\/fi\/buyingflow\/tickets\/12275\/\" rel=\"no-opener\" class=\"button\">\n\t\t\t\t\t<span class=\"sr-only\">Nattland &#8211; <\/span>\n\t\t\t\t\tOsta lippuja\t\t\t\t<\/a>\n\t\t\t\t\t<\/div>\n\t<\/div>\n<\/div>\n            <\/div>\n                        <div class=\"col col-12 col-md-4\">\n                \n<div class=\"card show-card\">\n\t<div>\n\t\t<a href=\"https:\/\/svenskateatern.fi\/fi\/ohjelmisto\/anglagard\/\" title=\"\u00c4nglag\u00e5rd\">\n\t\t\t<div class=\"image\" aria-hidden=\"true\">\n\t\t\t\t\t\t\t\t\t<img decoding=\"async\" src=\"https:\/\/svenskateatern.fi\/wp-content\/uploads\/2025\/11\/Anglagard-repertoar-1.png\" alt=\"\u00c4nglag\u00e5rd\">\n\t\t\t\t\t\t\t<\/div>\n\t\t<\/a>\n\t\t<h3 class=\"post-title\"><a href=\"https:\/\/svenskateatern.fi\/fi\/ohjelmisto\/anglagard\/\">\u00c4nglag\u00e5rd<\/a><\/h3>\n\t\t<div class=\"excerpt\">Ylistetty musikaali\u00a0\u00c4nglag\u00e5rd\u00a0on koskettava ja viihdytt\u00e4v\u00e4 tarina, joka sis\u00e4lt\u00e4\u00e4 loistavaa musiikkia ja v\u00e4rikk\u00e4it\u00e4 hahmoja. Ensi-ilta 17. syyskuuta Suurella n\u00e4ytt\u00e4m\u00f6ll\u00e4.<\/div>\n\t<\/div>\n\t<div>\n\t\t<div class=\"meta\">\n\t\t\t\t\t\t\t<span class=\"date-range\">\n\t\t\t\t\t17.9.2026 &#8211; 14.1.2027\t\t\t\t<\/span>\n\t\t\t\n\t\t\t\t\t\t\t<span class=\"venue\">Suuri n\u00e4ytt\u00e4m\u00f6<\/span>\n\t\t\t\t\t<\/div>\n\t\t<div class=\"links\">\n\t\t\t<a href=\"https:\/\/svenskateatern.fi\/fi\/ohjelmisto\/anglagard\/\" rel=\"no-opener\" class=\"button outline\">\n\t\t\t\t<span class=\"sr-only\">\u00c4nglag\u00e5rd &#8211; <\/span>\n\t\t\t\tLue lis\u00e4\u00e4\t\t\t<\/a>\n\t\t\t\t\t\t\t<a href=\"https:\/\/biljetter.svenskateatern.fi\/fi\/buyingflow\/tickets\/12264\/\" rel=\"no-opener\" class=\"button\">\n\t\t\t\t\t<span class=\"sr-only\">\u00c4nglag\u00e5rd &#8211; <\/span>\n\t\t\t\t\tOsta lippuja\t\t\t\t<\/a>\n\t\t\t\t\t<\/div>\n\t<\/div>\n<\/div>\n            <\/div>\n                        <div class=\"col col-12 col-md-4\">\n                \n<div class=\"card show-card\">\n\t<div>\n\t\t<a href=\"https:\/\/svenskateatern.fi\/fi\/ohjelmisto\/pelle-svanslos\/\" title=\"Pelle Svansl\u00f6s\">\n\t\t\t<div class=\"image\" aria-hidden=\"true\">\n\t\t\t\t\t\t\t\t\t<img decoding=\"async\" src=\"https:\/\/svenskateatern.fi\/wp-content\/uploads\/2026\/02\/Pelle-Svanslos-repertoar.png\" alt=\"Pelle Svansl\u00f6s\">\n\t\t\t\t\t\t\t<\/div>\n\t\t<\/a>\n\t\t<h3 class=\"post-title\"><a href=\"https:\/\/svenskateatern.fi\/fi\/ohjelmisto\/pelle-svanslos\/\">Pelle Svansl\u00f6s<\/a><\/h3>\n\t\t<div class=\"excerpt\">Koko perheen seikkailu, jossa ei ole p\u00e4\u00e4t\u00e4 eik\u00e4 h\u00e4nt\u00e4\u00e4. Ensi-ilta 26.11. Suurella n\u00e4ytt\u00e4m\u00f6ll\u00e4.<\/div>\n\t<\/div>\n\t<div>\n\t\t<div class=\"meta\">\n\t\t\t\t\t\t\t<span class=\"date-range\">\n\t\t\t\t\t26.11.2026 &#8211; 10.3.2027\t\t\t\t<\/span>\n\t\t\t\n\t\t\t\t\t\t\t<span class=\"venue\">Suuri n\u00e4ytt\u00e4m\u00f6<\/span>\n\t\t\t\t\t<\/div>\n\t\t<div class=\"links\">\n\t\t\t<a href=\"https:\/\/svenskateatern.fi\/fi\/ohjelmisto\/pelle-svanslos\/\" rel=\"no-opener\" class=\"button outline\">\n\t\t\t\t<span class=\"sr-only\">Pelle Svansl\u00f6s &#8211; <\/span>\n\t\t\t\tLue lis\u00e4\u00e4\t\t\t<\/a>\n\t\t\t\t\t\t\t<a href=\"https:\/\/biljetter.svenskateatern.fi\/fi\/buyingflow\/tickets\/12274\/\" rel=\"no-opener\" class=\"button\">\n\t\t\t\t\t<span class=\"sr-only\">Pelle Svansl\u00f6s &#8211; <\/span>\n\t\t\t\t\tOsta lippuja\t\t\t\t<\/a>\n\t\t\t\t\t<\/div>\n\t<\/div>\n<\/div>\n            <\/div>\n                    <\/div>\n    <\/div>\n<\/section>\n","protected":false},"excerpt":{"rendered":"","protected":false},"author":3,"featured_media":0,"parent":0,"menu_order":0,"comment_status":"closed","ping_status":"closed","template":"","meta":{"_acf_changed":false,"_relevanssi_hide_post":"","_relevanssi_hide_content":"","_relevanssi_pin_for_all":"","_relevanssi_pin_keywords":"","_relevanssi_unpin_keywords":"","_relevanssi_related_keywords":"","_relevanssi_related_include_ids":"","_relevanssi_related_exclude_ids":"","_relevanssi_related_no_append":"","_relevanssi_related_not_related":"","_relevanssi_related_posts":"170,22","_relevanssi_noindex_reason":"","footnotes":""},"class_list":["post-182","page","type-page","status-publish","hentry"],"acf":[],"yoast_head":"<!-- This site is optimized with the Yoast SEO plugin v27.0 - https:\/\/yoast.com\/product\/yoast-seo-wordpress\/ -->\n<title>Ohjelmisto - Svenska Teatern<\/title>\n<meta name=\"description\" content=\"Tutustu Svenska Teaternin monipuoliseen ohjelmistoon. Tekstitys suomeksi kaikissa omissa produktioissa.\" \/>\n<meta name=\"robots\" content=\"index, follow, max-snippet:-1, max-image-preview:large, max-video-preview:-1\" \/>\n<link rel=\"canonical\" href=\"https:\/\/svenskateatern.fi\/fi\/ohjelmisto\/\" \/>\n<meta property=\"og:locale\" content=\"fi_FI\" \/>\n<meta property=\"og:type\" content=\"article\" \/>\n<meta property=\"og:title\" content=\"Ohjelmisto - Svenska Teatern\" \/>\n<meta property=\"og:description\" content=\"Tutustu Svenska Teaternin monipuoliseen ohjelmistoon. Tekstitys suomeksi kaikissa omissa produktioissa.\" \/>\n<meta property=\"og:url\" content=\"https:\/\/svenskateatern.fi\/fi\/ohjelmisto\/\" \/>\n<meta property=\"og:site_name\" content=\"Svenska Teatern\" \/>\n<meta property=\"article:modified_time\" content=\"2026-03-28T18:19:25+00:00\" \/>\n<meta property=\"og:image\" content=\"https:\/\/svenskateatern.fi\/wp-content\/uploads\/2022\/08\/svenska-some.png\" \/>\n\t<meta property=\"og:image:width\" content=\"1200\" \/>\n\t<meta property=\"og:image:height\" content=\"630\" \/>\n\t<meta property=\"og:image:type\" content=\"image\/png\" \/>\n<meta name=\"twitter:card\" content=\"summary_large_image\" \/>\n<meta name=\"twitter:label1\" content=\"Arvioitu lukuaika\" \/>\n\t<meta name=\"twitter:data1\" content=\"4 minuuttia\" \/>\n<script type=\"application\/ld+json\" class=\"yoast-schema-graph\">{\"@context\":\"https:\/\/schema.org\",\"@graph\":[{\"@type\":\"WebPage\",\"@id\":\"https:\/\/svenskateatern.fi\/fi\/ohjelmisto\/\",\"url\":\"https:\/\/svenskateatern.fi\/fi\/ohjelmisto\/\",\"name\":\"Ohjelmisto - Svenska Teatern\",\"isPartOf\":{\"@id\":\"https:\/\/svenskateatern.fi\/fi\/#website\"},\"datePublished\":\"2022-01-05T08:14:41+00:00\",\"dateModified\":\"2026-03-28T18:19:25+00:00\",\"description\":\"Tutustu Svenska Teaternin monipuoliseen ohjelmistoon. Tekstitys suomeksi kaikissa omissa produktioissa.\",\"breadcrumb\":{\"@id\":\"https:\/\/svenskateatern.fi\/fi\/ohjelmisto\/#breadcrumb\"},\"inLanguage\":\"fi\",\"potentialAction\":[{\"@type\":\"ReadAction\",\"target\":[\"https:\/\/svenskateatern.fi\/fi\/ohjelmisto\/\"]}]},{\"@type\":\"BreadcrumbList\",\"@id\":\"https:\/\/svenskateatern.fi\/fi\/ohjelmisto\/#breadcrumb\",\"itemListElement\":[{\"@type\":\"ListItem\",\"position\":1,\"name\":\"Etusivu\",\"item\":\"https:\/\/svenskateatern.fi\/fi\/\"},{\"@type\":\"ListItem\",\"position\":2,\"name\":\"Ohjelmisto\"}]},{\"@type\":\"WebSite\",\"@id\":\"https:\/\/svenskateatern.fi\/fi\/#website\",\"url\":\"https:\/\/svenskateatern.fi\/fi\/\",\"name\":\"Svenska Teatern\",\"description\":\"\",\"potentialAction\":[{\"@type\":\"SearchAction\",\"target\":{\"@type\":\"EntryPoint\",\"urlTemplate\":\"https:\/\/svenskateatern.fi\/fi\/?s={search_term_string}\"},\"query-input\":{\"@type\":\"PropertyValueSpecification\",\"valueRequired\":true,\"valueName\":\"search_term_string\"}}],\"inLanguage\":\"fi\"}]}<\/script>\n<!-- \/ Yoast SEO plugin. -->","yoast_head_json":{"title":"Ohjelmisto - Svenska Teatern","description":"Tutustu Svenska Teaternin monipuoliseen ohjelmistoon. Tekstitys suomeksi kaikissa omissa produktioissa.","robots":{"index":"index","follow":"follow","max-snippet":"max-snippet:-1","max-image-preview":"max-image-preview:large","max-video-preview":"max-video-preview:-1"},"canonical":"https:\/\/svenskateatern.fi\/fi\/ohjelmisto\/","og_locale":"fi_FI","og_type":"article","og_title":"Ohjelmisto - Svenska Teatern","og_description":"Tutustu Svenska Teaternin monipuoliseen ohjelmistoon. Tekstitys suomeksi kaikissa omissa produktioissa.","og_url":"https:\/\/svenskateatern.fi\/fi\/ohjelmisto\/","og_site_name":"Svenska Teatern","article_modified_time":"2026-03-28T18:19:25+00:00","og_image":[{"width":1200,"height":630,"url":"https:\/\/svenskateatern.fi\/wp-content\/uploads\/2022\/08\/svenska-some.png","type":"image\/png"}],"twitter_card":"summary_large_image","twitter_misc":{"Arvioitu lukuaika":"4 minuuttia"},"schema":{"@context":"https:\/\/schema.org","@graph":[{"@type":"WebPage","@id":"https:\/\/svenskateatern.fi\/fi\/ohjelmisto\/","url":"https:\/\/svenskateatern.fi\/fi\/ohjelmisto\/","name":"Ohjelmisto - Svenska Teatern","isPartOf":{"@id":"https:\/\/svenskateatern.fi\/fi\/#website"},"datePublished":"2022-01-05T08:14:41+00:00","dateModified":"2026-03-28T18:19:25+00:00","description":"Tutustu Svenska Teaternin monipuoliseen ohjelmistoon. Tekstitys suomeksi kaikissa omissa produktioissa.","breadcrumb":{"@id":"https:\/\/svenskateatern.fi\/fi\/ohjelmisto\/#breadcrumb"},"inLanguage":"fi","potentialAction":[{"@type":"ReadAction","target":["https:\/\/svenskateatern.fi\/fi\/ohjelmisto\/"]}]},{"@type":"BreadcrumbList","@id":"https:\/\/svenskateatern.fi\/fi\/ohjelmisto\/#breadcrumb","itemListElement":[{"@type":"ListItem","position":1,"name":"Etusivu","item":"https:\/\/svenskateatern.fi\/fi\/"},{"@type":"ListItem","position":2,"name":"Ohjelmisto"}]},{"@type":"WebSite","@id":"https:\/\/svenskateatern.fi\/fi\/#website","url":"https:\/\/svenskateatern.fi\/fi\/","name":"Svenska Teatern","description":"","potentialAction":[{"@type":"SearchAction","target":{"@type":"EntryPoint","urlTemplate":"https:\/\/svenskateatern.fi\/fi\/?s={search_term_string}"},"query-input":{"@type":"PropertyValueSpecification","valueRequired":true,"valueName":"search_term_string"}}],"inLanguage":"fi"}]}},"_links":{"self":[{"href":"https:\/\/svenskateatern.fi\/fi\/wp-json\/wp\/v2\/pages\/182","targetHints":{"allow":["GET"]}}],"collection":[{"href":"https:\/\/svenskateatern.fi\/fi\/wp-json\/wp\/v2\/pages"}],"about":[{"href":"https:\/\/svenskateatern.fi\/fi\/wp-json\/wp\/v2\/types\/page"}],"author":[{"embeddable":true,"href":"https:\/\/svenskateatern.fi\/fi\/wp-json\/wp\/v2\/users\/3"}],"replies":[{"embeddable":true,"href":"https:\/\/svenskateatern.fi\/fi\/wp-json\/wp\/v2\/comments?post=182"}],"version-history":[{"count":15,"href":"https:\/\/svenskateatern.fi\/fi\/wp-json\/wp\/v2\/pages\/182\/revisions"}],"predecessor-version":[{"id":35671,"href":"https:\/\/svenskateatern.fi\/fi\/wp-json\/wp\/v2\/pages\/182\/revisions\/35671"}],"wp:attachment":[{"href":"https:\/\/svenskateatern.fi\/fi\/wp-json\/wp\/v2\/media?parent=182"}],"curies":[{"name":"wp","href":"https:\/\/api.w.org\/{rel}","templated":true}]}}