{"id":17368,"date":"2023-12-20T19:50:25","date_gmt":"2023-12-20T16:50:25","guid":{"rendered":"https:\/\/svenskateatern.fi\/?page_id=17368"},"modified":"2025-12-30T11:27:16","modified_gmt":"2025-12-30T08:27:16","slug":"lahjakortti","status":"publish","type":"page","link":"https:\/\/svenskateatern.fi\/fi\/lahjakortti\/","title":{"rendered":"Lahjakortti"},"content":{"rendered":"\n<section class=\"block block-hero-image\">\n    <div class=\"image\">\n                    <img decoding=\"async\" src=\"https:\/\/svenskateatern.fi\/wp-content\/uploads\/2025\/12\/SvT-presentkort-DT-hero-1.png\" width=\"2520\" height=\"1080\" class=\"desktop-image\" alt=\"\" loading=\"lazy\">        \n                    <img decoding=\"async\" src=\"https:\/\/svenskateatern.fi\/wp-content\/uploads\/2025\/12\/SvT-presentkort-mobil-hero.png\" width=\"1080\" height=\"1350\" class=\"mobile-image\" alt=\"\" loading=\"lazy\">            <\/div>\n<\/section>\n\n\n<section id=\"block_d29e016409a74b280ef0c5ad3065dd49_69de2bcf9e0ac\" class=\"block block-content-wrapper container-fluid bg-white container-fluid\">\n\t<div class=\"container\n\t\t\tshow-all\"\n\t\t>\n\t\t<div class=\"row\">\n\t\t\t<div class=\"col-12 col-lg-8 offset-lg-2 col-hd-6 offset-hd-3\">\n\t\t\t\t<main class=\"entry-content\">\n\t\t\t\t\t\n\n<h1 class=\"wp-block-heading\">Anna lahjaksi unohtumaton el\u00e4mys \u2013 osta lahjakortti Svenska Teaterniin!<\/h1>\n\n\n\n<p class=\"is-style-lead\">T\u00e4ydellinen lahja kaikkiin tilaisuuksiin ja kaikille, jotka rakastavat taianomaisia hetki\u00e4. Yll\u00e4t\u00e4 l\u00e4heisesi lahjakortilla Svenska Teaterniin \u2013 samalla tuet kulttuuria!<\/p>\n\n\n\n<p><strong>Osta lahjakortti helposti verkosta, valitse lahjakortin arvo ja p\u00e4\u00e4t\u00e4 itse, miten ja milloin haluat toimittaa sen  \u2013 s\u00e4hk\u00f6postitse tai tulostettuna lahjan vastaanottajalle.<\/strong><\/p>\n\n\n\n<p>Lahjakortti on voimassa vuoden (12 kuukautta) ostop\u00e4iv\u00e4st\u00e4, joten saajalla on runsaasti aikaa valita itselleen sopiva esitys sek\u00e4 vierailup\u00e4iv\u00e4m\u00e4\u00e4r\u00e4. Esityksen ajankohta voi olla lahjakortin voimassa oloajan j\u00e4lkeen. <\/p>\n\n\n\n<p>Lahjakortti toimii maksuv\u00e4lineen\u00e4 verkkokaupassa ja teatterin lipunmyynniss\u00e4. Kun lahjakortin voimassaoloaika on p\u00e4\u00e4ttynyt, sit\u00e4 ei voi en\u00e4\u00e4 k\u00e4ytt\u00e4\u00e4. Lahjakorttia ei voi k\u00e4ytt\u00e4\u00e4 v\u00e4liaikatarjoiluun eik\u00e4 teatterin ravintolassa.<\/p>\n\n\n\n<p>Lahjoita el\u00e4mys, joka kest\u00e4\u00e4 viel\u00e4 pitk\u00e4\u00e4n esiripun laskeuduttuakin!<\/p>\n\n\n\n<div class=\"wp-block-button\"><a class=\"wp-block-button__link wp-element-button\" href=\"https:\/\/biljetter.svenskateatern.fi\/fi\/buyingflow\/giftcard\/\">Osta lahjakortti<\/a><\/div>\n\n\n\n<p><\/p>\n\n\n\t\t\t\t<\/main>\n\t\t\t<\/div>\n\t\t<\/div>\n\n\t\t\n\t<\/div>\n<\/section>\n\n\n<section id=\"block_15c786c278955fa98d914a0b6ea6efe6_69de2bcf9e869\" class=\"block block-content-wrapper container-fluid bg-cream container-fluid\">\n\t<div class=\"container\n\t\t\tshow-all\"\n\t\t>\n\t\t<div class=\"row\">\n\t\t\t<div class=\"col-12 col-lg-8 offset-lg-2 col-hd-6 offset-hd-3\">\n\t\t\t\t<main class=\"entry-content\">\n\t\t\t\t\t\n\n<h2 class=\"wp-block-heading\">Onko sinulla kulttuurietuja, jotka vanhenevat vuodenvaihteessa? <\/h2>\n\n\n\n<p class=\"is-style-lead\">Nyt sinulla on mahdollisuus ostaa itsellesi oma kulttuurietulahjakortti!<\/p>\n\n\n\n<p>Vain henkil\u00f6kohtaiseen k\u00e4ytt\u00f6\u00f6n. Lipun oston yhteydess\u00e4 tarkistetaan, ett\u00e4 lahjakortin nimi vastaa ostajan nime\u00e4. Lahjakortin summan valitset itse ja lahjakortti on voimassa vuoden (12 kk) ostop\u00e4iv\u00e4st\u00e4 eik\u00e4 sit\u00e4 voi vaihtaa rahaksi. <\/p>\n\n\n\n<p>Verkkokaupan lahjakortilla voit ainoastaan ostaa lippuja verkkokaupasta tai teatterin lipunmyynnist\u00e4. Lahjakortin voit my\u00f6s tulostaa itse PDF-tiedostona. Lahjakortin umpeuduttua, emme hyvit\u00e4 k\u00e4ytt\u00e4m\u00e4tt\u00e4 j\u00e4\u00e4nytt\u00e4 summaa.<\/p>\n\n\n\n<p><strong>Huomioithan,<\/strong> ett\u00e4 Edenred k\u00e4y vain lipunmyyntipisteess\u00e4.<\/p>\n\n\n\n<div class=\"wp-block-button\"><a class=\"wp-block-button__link wp-element-button\" href=\"https:\/\/biljetter.svenskateatern.fi\/fi\/buyingflow\/giftcard\/1\">osta itsellesi kulttuurietulahjakortti<\/a><\/div>\n\n\n\t\t\t\t<\/main>\n\t\t\t<\/div>\n\t\t<\/div>\n\n\t\t\n\t<\/div>\n<\/section>\n\n\n<section id=\"block_3dff4c0773f610fc09ae128bf4aa5cf6_69de2bcf9ec80\" class=\"block block-content-wrapper container-fluid bg-white container-fluid is-style-default\">\n\t<div class=\"container\n\t\t\tshow-all\"\n\t\t>\n\t\t<div class=\"row\">\n\t\t\t<div class=\"col-12 col-lg-8 offset-lg-2 col-hd-6 offset-hd-3\">\n\t\t\t\t<main class=\"entry-content\">\n\t\t\t\t\t\n\n<h2 class=\"wp-block-heading\">Mietitk\u00f6, ket\u00e4 haluaisit juhlistaa lahjakortilla?<\/h2>\n\n\n\n<p class=\"is-style-lead\">Anna meid\u00e4n inspiroida sinua!<\/p>\n\n\n\n<p>\ud83d\udc68 <strong>Is\u00e4np\u00e4iv\u00e4n\u00e4:<\/strong> Yll\u00e4t\u00e4 is\u00e4 teatterin taianomaisella illalla \u2013 el\u00e4mys, jota h\u00e4n ei hevill\u00e4 unohda!<\/p>\n\n\n\n<p>\ud83c\udf84 <strong>Jouluna:<\/strong> Anna joululahjaksi meno-paluulippu uusiin maailmoihin. Lahja joka on enemm\u00e4n kuin tavaraa \u2013 anna el\u00e4mys, joka koskettaa!<\/p>\n\n\n\n<p>\ud83c\udf89 <strong>Juhlijalle ja syntym\u00e4p\u00e4iv\u00e4sankarille:<\/strong> Juhlista el\u00e4m\u00e4n virstanpylv\u00e4it\u00e4 el\u00e4myksell\u00e4, joka taatusti luo muistoja. Teatteri on t\u00e4ydellinen lahja h\u00e4nelle, jolla on jo kaikkea.<\/p>\n\n\n\n<p>\ud83c\udf38 <strong>\u00c4itienp\u00e4iv\u00e4n\u00e4:<\/strong> Anna \u00e4idille rentouttava ja inspiroiva hetki teatterisalin h\u00e4myisess\u00e4 tunnelmassa \u2013 taianomainen kunnianosoitus h\u00e4nelle!<\/p>\n\n\n\n<p>\ud83c\udf93 <strong>Ylioppilaalle:<\/strong> Juhlista tulevaisuutta mahdollisuuksia t\u00e4ynn\u00e4 olevalla lahjalla! Teatteri-ilta voi olla uusien seikkailujen ja inspiraation alkul\u00e4hde.<\/p>\n\n\n\n<p>\ud83d\udc8d <strong>H\u00e4\u00e4parille:<\/strong> Romanttinen lahja, josta pari voi nauttia yhdess\u00e4. Ilahduta draaman, naurun tai rakkauden parissa n\u00e4ytt\u00e4m\u00f6ll\u00e4!<\/p>\n\n\n\n<div class=\"wp-block-button\"><a class=\"wp-block-button__link wp-element-button\" href=\"https:\/\/biljetter.svenskateatern.fi\/fi\/buyingflow\/giftcard\/\">Osta lahjakortti<\/a><\/div>\n\n\n\t\t\t\t<\/main>\n\t\t\t<\/div>\n\t\t<\/div>\n\n\t\t\n\t<\/div>\n<\/section>\n","protected":false},"excerpt":{"rendered":"","protected":false},"author":18,"featured_media":28893,"parent":0,"menu_order":0,"comment_status":"closed","ping_status":"closed","template":"","meta":{"_acf_changed":false,"_relevanssi_hide_post":"","_relevanssi_hide_content":"","_relevanssi_pin_for_all":"","_relevanssi_pin_keywords":"","_relevanssi_unpin_keywords":"","_relevanssi_related_keywords":"","_relevanssi_related_include_ids":"","_relevanssi_related_exclude_ids":"","_relevanssi_related_no_append":"","_relevanssi_related_not_related":"","_relevanssi_related_posts":"614,620,6847,7057,7346,8390","_relevanssi_noindex_reason":"","footnotes":""},"class_list":["post-17368","page","type-page","status-publish","has-post-thumbnail","hentry"],"acf":[],"yoast_head":"<!-- This site is optimized with the Yoast SEO plugin v27.0 - https:\/\/yoast.com\/product\/yoast-seo-wordpress\/ -->\n<title>Lahjakortti - Svenska Teatern<\/title>\n<meta name=\"description\" content=\"Lahjakortti on kest\u00e4v\u00e4 lahja joka sopii kaikille. Saat sen ostettua helposti verkkokaupasta milloin tahansa.\" \/>\n<meta name=\"robots\" content=\"index, follow, max-snippet:-1, max-image-preview:large, max-video-preview:-1\" \/>\n<link rel=\"canonical\" href=\"https:\/\/svenskateatern.fi\/fi\/lahjakortti\/\" \/>\n<meta property=\"og:locale\" content=\"fi_FI\" \/>\n<meta property=\"og:type\" content=\"article\" \/>\n<meta property=\"og:title\" content=\"Lahjakortti - Svenska Teatern\" \/>\n<meta property=\"og:description\" content=\"Lahjakortti on kest\u00e4v\u00e4 lahja joka sopii kaikille. Saat sen ostettua helposti verkkokaupasta milloin tahansa.\" \/>\n<meta property=\"og:url\" content=\"https:\/\/svenskateatern.fi\/fi\/lahjakortti\/\" \/>\n<meta property=\"og:site_name\" content=\"Svenska Teatern\" \/>\n<meta property=\"article:modified_time\" content=\"2025-12-30T08:27:16+00:00\" \/>\n<meta property=\"og:image\" content=\"https:\/\/svenskateatern.fi\/wp-content\/uploads\/2025\/05\/SvT-presentkort-DT-05-25-hero.png\" \/>\n\t<meta property=\"og:image:width\" content=\"2520\" \/>\n\t<meta property=\"og:image:height\" content=\"1080\" \/>\n\t<meta property=\"og:image:type\" content=\"image\/png\" \/>\n<meta name=\"twitter:card\" content=\"summary_large_image\" \/>\n<meta name=\"twitter:label1\" content=\"Arvioitu lukuaika\" \/>\n\t<meta name=\"twitter:data1\" content=\"4 minuuttia\" \/>\n<script type=\"application\/ld+json\" class=\"yoast-schema-graph\">{\"@context\":\"https:\/\/schema.org\",\"@graph\":[{\"@type\":\"WebPage\",\"@id\":\"https:\/\/svenskateatern.fi\/fi\/lahjakortti\/\",\"url\":\"https:\/\/svenskateatern.fi\/fi\/lahjakortti\/\",\"name\":\"Lahjakortti - Svenska Teatern\",\"isPartOf\":{\"@id\":\"https:\/\/svenskateatern.fi\/fi\/#website\"},\"primaryImageOfPage\":{\"@id\":\"https:\/\/svenskateatern.fi\/fi\/lahjakortti\/#primaryimage\"},\"image\":{\"@id\":\"https:\/\/svenskateatern.fi\/fi\/lahjakortti\/#primaryimage\"},\"thumbnailUrl\":\"https:\/\/svenskateatern.fi\/wp-content\/uploads\/2025\/05\/SvT-presentkort-DT-05-25-hero.png\",\"datePublished\":\"2023-12-20T16:50:25+00:00\",\"dateModified\":\"2025-12-30T08:27:16+00:00\",\"description\":\"Lahjakortti on kest\u00e4v\u00e4 lahja joka sopii kaikille. Saat sen ostettua helposti verkkokaupasta milloin tahansa.\",\"breadcrumb\":{\"@id\":\"https:\/\/svenskateatern.fi\/fi\/lahjakortti\/#breadcrumb\"},\"inLanguage\":\"fi\",\"potentialAction\":[{\"@type\":\"ReadAction\",\"target\":[\"https:\/\/svenskateatern.fi\/fi\/lahjakortti\/\"]}]},{\"@type\":\"ImageObject\",\"inLanguage\":\"fi\",\"@id\":\"https:\/\/svenskateatern.fi\/fi\/lahjakortti\/#primaryimage\",\"url\":\"https:\/\/svenskateatern.fi\/wp-content\/uploads\/2025\/05\/SvT-presentkort-DT-05-25-hero.png\",\"contentUrl\":\"https:\/\/svenskateatern.fi\/wp-content\/uploads\/2025\/05\/SvT-presentkort-DT-05-25-hero.png\",\"width\":2520,\"height\":1080},{\"@type\":\"BreadcrumbList\",\"@id\":\"https:\/\/svenskateatern.fi\/fi\/lahjakortti\/#breadcrumb\",\"itemListElement\":[{\"@type\":\"ListItem\",\"position\":1,\"name\":\"Etusivu\",\"item\":\"https:\/\/svenskateatern.fi\/fi\/\"},{\"@type\":\"ListItem\",\"position\":2,\"name\":\"Lahjakortti\"}]},{\"@type\":\"WebSite\",\"@id\":\"https:\/\/svenskateatern.fi\/fi\/#website\",\"url\":\"https:\/\/svenskateatern.fi\/fi\/\",\"name\":\"Svenska Teatern\",\"description\":\"\",\"potentialAction\":[{\"@type\":\"SearchAction\",\"target\":{\"@type\":\"EntryPoint\",\"urlTemplate\":\"https:\/\/svenskateatern.fi\/fi\/?s={search_term_string}\"},\"query-input\":{\"@type\":\"PropertyValueSpecification\",\"valueRequired\":true,\"valueName\":\"search_term_string\"}}],\"inLanguage\":\"fi\"}]}<\/script>\n<!-- \/ Yoast SEO plugin. -->","yoast_head_json":{"title":"Lahjakortti - Svenska Teatern","description":"Lahjakortti on kest\u00e4v\u00e4 lahja joka sopii kaikille. Saat sen ostettua helposti verkkokaupasta milloin tahansa.","robots":{"index":"index","follow":"follow","max-snippet":"max-snippet:-1","max-image-preview":"max-image-preview:large","max-video-preview":"max-video-preview:-1"},"canonical":"https:\/\/svenskateatern.fi\/fi\/lahjakortti\/","og_locale":"fi_FI","og_type":"article","og_title":"Lahjakortti - Svenska Teatern","og_description":"Lahjakortti on kest\u00e4v\u00e4 lahja joka sopii kaikille. Saat sen ostettua helposti verkkokaupasta milloin tahansa.","og_url":"https:\/\/svenskateatern.fi\/fi\/lahjakortti\/","og_site_name":"Svenska Teatern","article_modified_time":"2025-12-30T08:27:16+00:00","og_image":[{"width":2520,"height":1080,"url":"https:\/\/svenskateatern.fi\/wp-content\/uploads\/2025\/05\/SvT-presentkort-DT-05-25-hero.png","type":"image\/png"}],"twitter_card":"summary_large_image","twitter_misc":{"Arvioitu lukuaika":"4 minuuttia"},"schema":{"@context":"https:\/\/schema.org","@graph":[{"@type":"WebPage","@id":"https:\/\/svenskateatern.fi\/fi\/lahjakortti\/","url":"https:\/\/svenskateatern.fi\/fi\/lahjakortti\/","name":"Lahjakortti - Svenska Teatern","isPartOf":{"@id":"https:\/\/svenskateatern.fi\/fi\/#website"},"primaryImageOfPage":{"@id":"https:\/\/svenskateatern.fi\/fi\/lahjakortti\/#primaryimage"},"image":{"@id":"https:\/\/svenskateatern.fi\/fi\/lahjakortti\/#primaryimage"},"thumbnailUrl":"https:\/\/svenskateatern.fi\/wp-content\/uploads\/2025\/05\/SvT-presentkort-DT-05-25-hero.png","datePublished":"2023-12-20T16:50:25+00:00","dateModified":"2025-12-30T08:27:16+00:00","description":"Lahjakortti on kest\u00e4v\u00e4 lahja joka sopii kaikille. Saat sen ostettua helposti verkkokaupasta milloin tahansa.","breadcrumb":{"@id":"https:\/\/svenskateatern.fi\/fi\/lahjakortti\/#breadcrumb"},"inLanguage":"fi","potentialAction":[{"@type":"ReadAction","target":["https:\/\/svenskateatern.fi\/fi\/lahjakortti\/"]}]},{"@type":"ImageObject","inLanguage":"fi","@id":"https:\/\/svenskateatern.fi\/fi\/lahjakortti\/#primaryimage","url":"https:\/\/svenskateatern.fi\/wp-content\/uploads\/2025\/05\/SvT-presentkort-DT-05-25-hero.png","contentUrl":"https:\/\/svenskateatern.fi\/wp-content\/uploads\/2025\/05\/SvT-presentkort-DT-05-25-hero.png","width":2520,"height":1080},{"@type":"BreadcrumbList","@id":"https:\/\/svenskateatern.fi\/fi\/lahjakortti\/#breadcrumb","itemListElement":[{"@type":"ListItem","position":1,"name":"Etusivu","item":"https:\/\/svenskateatern.fi\/fi\/"},{"@type":"ListItem","position":2,"name":"Lahjakortti"}]},{"@type":"WebSite","@id":"https:\/\/svenskateatern.fi\/fi\/#website","url":"https:\/\/svenskateatern.fi\/fi\/","name":"Svenska Teatern","description":"","potentialAction":[{"@type":"SearchAction","target":{"@type":"EntryPoint","urlTemplate":"https:\/\/svenskateatern.fi\/fi\/?s={search_term_string}"},"query-input":{"@type":"PropertyValueSpecification","valueRequired":true,"valueName":"search_term_string"}}],"inLanguage":"fi"}]}},"_links":{"self":[{"href":"https:\/\/svenskateatern.fi\/fi\/wp-json\/wp\/v2\/pages\/17368","targetHints":{"allow":["GET"]}}],"collection":[{"href":"https:\/\/svenskateatern.fi\/fi\/wp-json\/wp\/v2\/pages"}],"about":[{"href":"https:\/\/svenskateatern.fi\/fi\/wp-json\/wp\/v2\/types\/page"}],"author":[{"embeddable":true,"href":"https:\/\/svenskateatern.fi\/fi\/wp-json\/wp\/v2\/users\/18"}],"replies":[{"embeddable":true,"href":"https:\/\/svenskateatern.fi\/fi\/wp-json\/wp\/v2\/comments?post=17368"}],"version-history":[{"count":15,"href":"https:\/\/svenskateatern.fi\/fi\/wp-json\/wp\/v2\/pages\/17368\/revisions"}],"predecessor-version":[{"id":33488,"href":"https:\/\/svenskateatern.fi\/fi\/wp-json\/wp\/v2\/pages\/17368\/revisions\/33488"}],"wp:featuredmedia":[{"embeddable":true,"href":"https:\/\/svenskateatern.fi\/fi\/wp-json\/wp\/v2\/media\/28893"}],"wp:attachment":[{"href":"https:\/\/svenskateatern.fi\/fi\/wp-json\/wp\/v2\/media?parent=17368"}],"curies":[{"name":"wp","href":"https:\/\/api.w.org\/{rel}","templated":true}]}}