{"id":14546,"date":"2023-09-25T15:07:32","date_gmt":"2023-09-25T12:07:32","guid":{"rendered":"https:\/\/svenskateatern.fi\/?page_id=14546"},"modified":"2026-01-14T14:19:16","modified_gmt":"2026-01-14T11:19:16","slug":"nuoret","status":"publish","type":"page","link":"https:\/\/svenskateatern.fi\/fi\/nuoret\/","title":{"rendered":"Nuoret"},"content":{"rendered":"<section id=\"block_573028a0aa680a56ca8490139512d059_69dd4a175312c\" class=\"block block-content-wrapper container-fluid bg-black container-fluid\">\n\t<div class=\"container\n\t\t\tshow-all\"\n\t\t>\n\t\t<div class=\"row\">\n\t\t\t<div class=\"col-12 col-lg-8 offset-lg-2 col-hd-6 offset-hd-3\">\n\t\t\t\t<main class=\"entry-content\">\n\t\t\t\t\t\n\n<h1 class=\"wp-block-heading\">Edullisemmat liput nuorille!<\/h1>\n\n\n\n<p class=\"is-style-lead\">Tarjoamme nuorille edullisia erikoishintoja. Tutustu vaihtoehtoihin alla &#8211; Tervetuloa Svenska Teaterniin!<\/p>\n\n\n\n<p><\/p>\n\n\n\n<h2 class=\"wp-block-heading\">Nuorisolippu 16-28 vuotiaille<\/h2>\n\n\n\n<p>Kaikki 16-28 vuotiaat saavat Svenska Teaternilla alennusta. Nuorisolippumme on n. puolet halvempi peruslipun hinnasta (riippuen tuotannosta). Haluamme osaltamme toivottaa nuoren yleis\u00f6n l\u00e4mpim\u00e4sti tervetulleeksi teatteriin!<\/p>\n\n\n\n<h2 class=\"wp-block-heading\">Opiskelija<\/h2>\n\n\n\n<p>Opiskelijahinnat koskevat kaikkia opiskelijoita, riippumatta i\u00e4st\u00e4. Varaudu n\u00e4ytt\u00e4m\u00e4\u00e4n voimassaolevaa opiskelijakorttia tai vastaavaa todistusta saapuessasi teatteriin.<\/p>\n\n\n\n<h2 class=\"wp-block-heading\">Opiskelijalippu 15 \u20ac:lla<\/h2>\n\n\n\n<p>Oletko opiskelija? Tiesitk\u00f6, ett\u00e4 p\u00e4\u00e4set saman illan esityksiin vain\u00a0<strong>15 eurolla<\/strong>? Tarjous koskee puhen\u00e4ytelmi\u00e4. Alennus aktivoituu esitysp\u00e4iv\u00e4n\u00e4 verkkokaupassa.<\/p>\n\n\n\n<p>Alennus my\u00f6nnet\u00e4\u00e4n ainoastaan opiskelijoille. Varaudu tarvittaessa n\u00e4ytt\u00e4m\u00e4\u00e4n voimassa oleva opiskelijakortti kun saavut teatteriin.<\/p>\n\n\n\n<p><strong><em>Suosittelemme: <\/em><\/strong>Ronja R\u00f6vardotter (Ronja Ry\u00f6v\u00e4rintyt\u00e4r)<\/p>\n\n\n\n<div class=\"wp-block-button\"><a class=\"wp-block-button__link wp-element-button\" href=\"https:\/\/svenskateatern.fi\/fi\/ohjelmisto\/ronja-rovardotter\/\">Lue lis\u00e4\u00e4 Ronjasta<\/a><\/div>\n\n\n\n<figure class=\"wp-block-embed is-type-video is-provider-youtube wp-block-embed-youtube wp-embed-aspect-16-9 wp-has-aspect-ratio\"><div class=\"wp-block-embed__wrapper\">\n<div class=\"oembed oembed-youtube\">  <div class='consent-placeholder cookieconsent-optout-marketing' onclick='Cookiebot.renew()'>  <img src='https:\/\/i.ytimg.com\/vi\/UvX9GSK_WkM\/hqdefault.jpg' alt=''>  <div class='text-and-button'>  <p class='consent-text'><\/p>  <button type='button' class='wp-block-button__link'><\/button>  <\/div>  <\/div><iframe title=\"Ronja R\u00f6vardotter p\u00e5 Svenska Teatern!\" width=\"840\" height=\"473\" data-cookieblock-src=\"https:\/\/www.youtube.com\/embed\/UvX9GSK_WkM?feature=oembed&#038;autoplay=1&#038;mute=1\" data-cookieconsent=\"marketing\" frameborder=\"0\" allow=\"accelerometer; autoplay; clipboard-write; encrypted-media; gyroscope; picture-in-picture; web-share\" referrerpolicy=\"strict-origin-when-cross-origin\" allowfullscreen><\/iframe><\/div>\n<\/div><\/figure>\n\n\n\t\t\t\t<\/main>\n\t\t\t<\/div>\n\t\t<\/div>\n\n\t\t\n\t<\/div>\n<\/section>\n\n\n","protected":false},"excerpt":{"rendered":"","protected":false},"author":18,"featured_media":0,"parent":0,"menu_order":0,"comment_status":"closed","ping_status":"closed","template":"","meta":{"_acf_changed":false,"_relevanssi_hide_post":"","_relevanssi_hide_content":"","_relevanssi_pin_for_all":"","_relevanssi_pin_keywords":"","_relevanssi_unpin_keywords":"","_relevanssi_related_keywords":"","_relevanssi_related_include_ids":"","_relevanssi_related_exclude_ids":"","_relevanssi_related_no_append":"","_relevanssi_related_not_related":"","_relevanssi_related_posts":"614,620,6847,7057,7346,8390","_relevanssi_noindex_reason":"","footnotes":""},"class_list":["post-14546","page","type-page","status-publish","hentry"],"acf":[],"yoast_head":"<!-- This site is optimized with the Yoast SEO plugin v27.0 - https:\/\/yoast.com\/product\/yoast-seo-wordpress\/ -->\n<title>Nuoret - Svenska Teatern<\/title>\n<meta name=\"description\" content=\"Edullisemmat liput nuorille! Tarjoamme nuorille edullisia erikoishintoja. Tutustu vaihtoehtoihin alla - Tervetuloa Svenska Teaterniin!\" \/>\n<meta name=\"robots\" content=\"index, follow, max-snippet:-1, max-image-preview:large, max-video-preview:-1\" \/>\n<link rel=\"canonical\" href=\"https:\/\/svenskateatern.fi\/fi\/nuoret\/\" \/>\n<meta property=\"og:locale\" content=\"fi_FI\" \/>\n<meta property=\"og:type\" content=\"article\" \/>\n<meta property=\"og:title\" content=\"Nuoret - Svenska Teatern\" \/>\n<meta property=\"og:description\" content=\"Edullisemmat liput nuorille! Tarjoamme nuorille edullisia erikoishintoja. Tutustu vaihtoehtoihin alla - Tervetuloa Svenska Teaterniin!\" \/>\n<meta property=\"og:url\" content=\"https:\/\/svenskateatern.fi\/fi\/nuoret\/\" \/>\n<meta property=\"og:site_name\" content=\"Svenska Teatern\" \/>\n<meta property=\"article:modified_time\" content=\"2026-01-14T11:19:16+00:00\" \/>\n<meta property=\"og:image\" content=\"https:\/\/svenskateatern.fi\/wp-content\/uploads\/2022\/08\/svenska-some.png\" \/>\n\t<meta property=\"og:image:width\" content=\"1200\" \/>\n\t<meta property=\"og:image:height\" content=\"630\" \/>\n\t<meta property=\"og:image:type\" content=\"image\/png\" \/>\n<meta name=\"twitter:card\" content=\"summary_large_image\" \/>\n<meta name=\"twitter:label1\" content=\"Arvioitu lukuaika\" \/>\n\t<meta name=\"twitter:data1\" content=\"2 minuuttia\" \/>\n<script type=\"application\/ld+json\" class=\"yoast-schema-graph\">{\"@context\":\"https:\/\/schema.org\",\"@graph\":[{\"@type\":\"WebPage\",\"@id\":\"https:\/\/svenskateatern.fi\/fi\/nuoret\/\",\"url\":\"https:\/\/svenskateatern.fi\/fi\/nuoret\/\",\"name\":\"Nuoret - Svenska Teatern\",\"isPartOf\":{\"@id\":\"https:\/\/svenskateatern.fi\/fi\/#website\"},\"datePublished\":\"2023-09-25T12:07:32+00:00\",\"dateModified\":\"2026-01-14T11:19:16+00:00\",\"description\":\"Edullisemmat liput nuorille! Tarjoamme nuorille edullisia erikoishintoja. Tutustu vaihtoehtoihin alla - Tervetuloa Svenska Teaterniin!\",\"breadcrumb\":{\"@id\":\"https:\/\/svenskateatern.fi\/fi\/nuoret\/#breadcrumb\"},\"inLanguage\":\"fi\",\"potentialAction\":[{\"@type\":\"ReadAction\",\"target\":[\"https:\/\/svenskateatern.fi\/fi\/nuoret\/\"]}]},{\"@type\":\"BreadcrumbList\",\"@id\":\"https:\/\/svenskateatern.fi\/fi\/nuoret\/#breadcrumb\",\"itemListElement\":[{\"@type\":\"ListItem\",\"position\":1,\"name\":\"Etusivu\",\"item\":\"https:\/\/svenskateatern.fi\/fi\/\"},{\"@type\":\"ListItem\",\"position\":2,\"name\":\"Nuoret\"}]},{\"@type\":\"WebSite\",\"@id\":\"https:\/\/svenskateatern.fi\/fi\/#website\",\"url\":\"https:\/\/svenskateatern.fi\/fi\/\",\"name\":\"Svenska Teatern\",\"description\":\"\",\"potentialAction\":[{\"@type\":\"SearchAction\",\"target\":{\"@type\":\"EntryPoint\",\"urlTemplate\":\"https:\/\/svenskateatern.fi\/fi\/?s={search_term_string}\"},\"query-input\":{\"@type\":\"PropertyValueSpecification\",\"valueRequired\":true,\"valueName\":\"search_term_string\"}}],\"inLanguage\":\"fi\"}]}<\/script>\n<!-- \/ Yoast SEO plugin. -->","yoast_head_json":{"title":"Nuoret - Svenska Teatern","description":"Edullisemmat liput nuorille! Tarjoamme nuorille edullisia erikoishintoja. Tutustu vaihtoehtoihin alla - Tervetuloa Svenska Teaterniin!","robots":{"index":"index","follow":"follow","max-snippet":"max-snippet:-1","max-image-preview":"max-image-preview:large","max-video-preview":"max-video-preview:-1"},"canonical":"https:\/\/svenskateatern.fi\/fi\/nuoret\/","og_locale":"fi_FI","og_type":"article","og_title":"Nuoret - Svenska Teatern","og_description":"Edullisemmat liput nuorille! Tarjoamme nuorille edullisia erikoishintoja. Tutustu vaihtoehtoihin alla - Tervetuloa Svenska Teaterniin!","og_url":"https:\/\/svenskateatern.fi\/fi\/nuoret\/","og_site_name":"Svenska Teatern","article_modified_time":"2026-01-14T11:19:16+00:00","og_image":[{"width":1200,"height":630,"url":"https:\/\/svenskateatern.fi\/wp-content\/uploads\/2022\/08\/svenska-some.png","type":"image\/png"}],"twitter_card":"summary_large_image","twitter_misc":{"Arvioitu lukuaika":"2 minuuttia"},"schema":{"@context":"https:\/\/schema.org","@graph":[{"@type":"WebPage","@id":"https:\/\/svenskateatern.fi\/fi\/nuoret\/","url":"https:\/\/svenskateatern.fi\/fi\/nuoret\/","name":"Nuoret - Svenska Teatern","isPartOf":{"@id":"https:\/\/svenskateatern.fi\/fi\/#website"},"datePublished":"2023-09-25T12:07:32+00:00","dateModified":"2026-01-14T11:19:16+00:00","description":"Edullisemmat liput nuorille! Tarjoamme nuorille edullisia erikoishintoja. Tutustu vaihtoehtoihin alla - Tervetuloa Svenska Teaterniin!","breadcrumb":{"@id":"https:\/\/svenskateatern.fi\/fi\/nuoret\/#breadcrumb"},"inLanguage":"fi","potentialAction":[{"@type":"ReadAction","target":["https:\/\/svenskateatern.fi\/fi\/nuoret\/"]}]},{"@type":"BreadcrumbList","@id":"https:\/\/svenskateatern.fi\/fi\/nuoret\/#breadcrumb","itemListElement":[{"@type":"ListItem","position":1,"name":"Etusivu","item":"https:\/\/svenskateatern.fi\/fi\/"},{"@type":"ListItem","position":2,"name":"Nuoret"}]},{"@type":"WebSite","@id":"https:\/\/svenskateatern.fi\/fi\/#website","url":"https:\/\/svenskateatern.fi\/fi\/","name":"Svenska Teatern","description":"","potentialAction":[{"@type":"SearchAction","target":{"@type":"EntryPoint","urlTemplate":"https:\/\/svenskateatern.fi\/fi\/?s={search_term_string}"},"query-input":{"@type":"PropertyValueSpecification","valueRequired":true,"valueName":"search_term_string"}}],"inLanguage":"fi"}]}},"_links":{"self":[{"href":"https:\/\/svenskateatern.fi\/fi\/wp-json\/wp\/v2\/pages\/14546","targetHints":{"allow":["GET"]}}],"collection":[{"href":"https:\/\/svenskateatern.fi\/fi\/wp-json\/wp\/v2\/pages"}],"about":[{"href":"https:\/\/svenskateatern.fi\/fi\/wp-json\/wp\/v2\/types\/page"}],"author":[{"embeddable":true,"href":"https:\/\/svenskateatern.fi\/fi\/wp-json\/wp\/v2\/users\/18"}],"replies":[{"embeddable":true,"href":"https:\/\/svenskateatern.fi\/fi\/wp-json\/wp\/v2\/comments?post=14546"}],"version-history":[{"count":14,"href":"https:\/\/svenskateatern.fi\/fi\/wp-json\/wp\/v2\/pages\/14546\/revisions"}],"predecessor-version":[{"id":33695,"href":"https:\/\/svenskateatern.fi\/fi\/wp-json\/wp\/v2\/pages\/14546\/revisions\/33695"}],"wp:attachment":[{"href":"https:\/\/svenskateatern.fi\/fi\/wp-json\/wp\/v2\/media?parent=14546"}],"curies":[{"name":"wp","href":"https:\/\/api.w.org\/{rel}","templated":true}]}}