{"id":13991,"date":"2023-08-30T10:21:11","date_gmt":"2023-08-30T07:21:11","guid":{"rendered":"https:\/\/svenskateatern.fi\/?page_id=13991"},"modified":"2023-08-30T10:49:18","modified_gmt":"2023-08-30T07:49:18","slug":"test-vem-i-ronja-rovardotter-ar-du","status":"publish","type":"page","link":"https:\/\/svenskateatern.fi\/fi\/test-vem-i-ronja-rovardotter-ar-du\/","title":{"rendered":"Test: Vem i Ronja R\u00f6vardotter \u00e4r du?"},"content":{"rendered":"<section id=\"block_a7d9b9f0025fb2bf1db50b2d04b0ade0_69d57b6669494\" class=\"block block-content-wrapper container-fluid bg-white container-fluid\">\n\t<div class=\"container\n\t\t\tshow-all\"\n\t\t>\n\t\t<div class=\"row\">\n\t\t\t<div class=\"col-12 col-lg-8 offset-lg-2 col-hd-6 offset-hd-3\">\n\t\t\t\t<main class=\"entry-content\">\n\t\t\t\t\t\n\n<h1 class=\"wp-block-heading\">Test: Vem i Ronja R\u00f6vardotter \u00e4r du?<\/h1>\n\n\n\n<p>Vad g\u00f6r du n\u00e4r v\u00e5ren kommer? \u00e4r du den som drar ner gardinerna och v\u00e4ntar p\u00e5 h\u00f6sten eller tar du av dig strumpor och skor f\u00f6r att \u00e4ntligen f\u00e5 g\u00e5 barfota? <\/p>\n\n\n\n<p>H\u00e4r \u00e4r testet som alla v\u00e4ntat p\u00e5  &#8211; testet som visar vem i Ronja R\u00f6vardotter du \u00e4r!<\/p>\n\n\n\n<figure class=\"wp-block-image size-full\"><img loading=\"lazy\" decoding=\"async\" width=\"900\" height=\"506\" src=\"https:\/\/svenskateatern.fi\/wp-content\/uploads\/2023\/08\/Skattkammaron.webp\" alt=\"\" class=\"wp-image-13937\" srcset=\"https:\/\/svenskateatern.fi\/wp-content\/uploads\/2023\/08\/Skattkammaron.webp 900w, https:\/\/svenskateatern.fi\/wp-content\/uploads\/2023\/08\/Skattkammaron-300x169.webp 300w, https:\/\/svenskateatern.fi\/wp-content\/uploads\/2023\/08\/Skattkammaron-768x432.webp 768w\" sizes=\"auto, (max-width: 575px) 100vw, (max-width: 767px) 510px, (max-width: 991px) 290px, (max-width: 1199px) 530px, 840px\" \/><\/figure>\n\n\n\n<p>[ays_quiz id=&#8221;2&#8243;]<\/p>\n\n\n\t\t\t\t<\/main>\n\t\t\t<\/div>\n\t\t<\/div>\n\n\t\t\n\t<\/div>\n<\/section>\n","protected":false},"excerpt":{"rendered":"","protected":false},"author":18,"featured_media":0,"parent":0,"menu_order":0,"comment_status":"closed","ping_status":"closed","template":"","meta":{"_acf_changed":false,"_relevanssi_hide_post":"","_relevanssi_hide_content":"","_relevanssi_pin_for_all":"","_relevanssi_pin_keywords":"","_relevanssi_unpin_keywords":"","_relevanssi_related_keywords":"","_relevanssi_related_include_ids":"","_relevanssi_related_exclude_ids":"","_relevanssi_related_no_append":"","_relevanssi_related_not_related":"","_relevanssi_related_posts":"614,620,6847,7057,7346,8390","_relevanssi_noindex_reason":"","footnotes":""},"class_list":["post-13991","page","type-page","status-publish","hentry"],"acf":[],"yoast_head":"<!-- This site is optimized with the Yoast SEO plugin v27.0 - https:\/\/yoast.com\/product\/yoast-seo-wordpress\/ -->\n<title>Test: Vem i Ronja R\u00f6vardotter \u00e4r du? - Svenska Teatern<\/title>\n<meta name=\"robots\" content=\"index, follow, max-snippet:-1, max-image-preview:large, max-video-preview:-1\" \/>\n<link rel=\"canonical\" href=\"https:\/\/svenskateatern.fi\/test-vem-i-ronja-rovardotter-ar-du\/\" \/>\n<meta property=\"og:locale\" content=\"fi_FI\" \/>\n<meta property=\"og:type\" content=\"article\" \/>\n<meta property=\"og:title\" content=\"Test: Vem i Ronja R\u00f6vardotter \u00e4r du? - Svenska Teatern\" \/>\n<meta property=\"og:url\" content=\"https:\/\/svenskateatern.fi\/test-vem-i-ronja-rovardotter-ar-du\/\" \/>\n<meta property=\"og:site_name\" content=\"Svenska Teatern\" \/>\n<meta property=\"article:modified_time\" content=\"2023-08-30T07:49:18+00:00\" \/>\n<meta property=\"og:image\" content=\"https:\/\/svenskateatern.fi\/wp-content\/uploads\/2023\/08\/Skattkammaron.webp\" \/>\n<meta name=\"twitter:card\" content=\"summary_large_image\" \/>\n<meta name=\"twitter:label1\" content=\"Arvioitu lukuaika\" \/>\n\t<meta name=\"twitter:data1\" content=\"1 minuutti\" \/>\n<script type=\"application\/ld+json\" class=\"yoast-schema-graph\">{\"@context\":\"https:\/\/schema.org\",\"@graph\":[{\"@type\":\"WebPage\",\"@id\":\"https:\/\/svenskateatern.fi\/test-vem-i-ronja-rovardotter-ar-du\/\",\"url\":\"https:\/\/svenskateatern.fi\/test-vem-i-ronja-rovardotter-ar-du\/\",\"name\":\"Test: Vem i Ronja R\u00f6vardotter \u00e4r du? - Svenska Teatern\",\"isPartOf\":{\"@id\":\"https:\/\/svenskateatern.fi\/fi\/#website\"},\"primaryImageOfPage\":{\"@id\":\"https:\/\/svenskateatern.fi\/test-vem-i-ronja-rovardotter-ar-du\/#primaryimage\"},\"image\":{\"@id\":\"https:\/\/svenskateatern.fi\/test-vem-i-ronja-rovardotter-ar-du\/#primaryimage\"},\"thumbnailUrl\":\"https:\/\/svenskateatern.fi\/wp-content\/uploads\/2023\/08\/Skattkammaron.webp\",\"datePublished\":\"2023-08-30T07:21:11+00:00\",\"dateModified\":\"2023-08-30T07:49:18+00:00\",\"breadcrumb\":{\"@id\":\"https:\/\/svenskateatern.fi\/test-vem-i-ronja-rovardotter-ar-du\/#breadcrumb\"},\"inLanguage\":\"fi\",\"potentialAction\":[{\"@type\":\"ReadAction\",\"target\":[\"https:\/\/svenskateatern.fi\/test-vem-i-ronja-rovardotter-ar-du\/\"]}]},{\"@type\":\"ImageObject\",\"inLanguage\":\"fi\",\"@id\":\"https:\/\/svenskateatern.fi\/test-vem-i-ronja-rovardotter-ar-du\/#primaryimage\",\"url\":\"https:\/\/svenskateatern.fi\/wp-content\/uploads\/2023\/08\/Skattkammaron.webp\",\"contentUrl\":\"https:\/\/svenskateatern.fi\/wp-content\/uploads\/2023\/08\/Skattkammaron.webp\"},{\"@type\":\"BreadcrumbList\",\"@id\":\"https:\/\/svenskateatern.fi\/test-vem-i-ronja-rovardotter-ar-du\/#breadcrumb\",\"itemListElement\":[{\"@type\":\"ListItem\",\"position\":1,\"name\":\"Etusivu\",\"item\":\"https:\/\/svenskateatern.fi\/fi\/\"},{\"@type\":\"ListItem\",\"position\":2,\"name\":\"Test: Vem i Ronja R\u00f6vardotter \u00e4r du?\"}]},{\"@type\":\"WebSite\",\"@id\":\"https:\/\/svenskateatern.fi\/fi\/#website\",\"url\":\"https:\/\/svenskateatern.fi\/fi\/\",\"name\":\"Svenska Teatern\",\"description\":\"\",\"potentialAction\":[{\"@type\":\"SearchAction\",\"target\":{\"@type\":\"EntryPoint\",\"urlTemplate\":\"https:\/\/svenskateatern.fi\/fi\/?s={search_term_string}\"},\"query-input\":{\"@type\":\"PropertyValueSpecification\",\"valueRequired\":true,\"valueName\":\"search_term_string\"}}],\"inLanguage\":\"fi\"}]}<\/script>\n<!-- \/ Yoast SEO plugin. -->","yoast_head_json":{"title":"Test: Vem i Ronja R\u00f6vardotter \u00e4r du? - Svenska Teatern","robots":{"index":"index","follow":"follow","max-snippet":"max-snippet:-1","max-image-preview":"max-image-preview:large","max-video-preview":"max-video-preview:-1"},"canonical":"https:\/\/svenskateatern.fi\/test-vem-i-ronja-rovardotter-ar-du\/","og_locale":"fi_FI","og_type":"article","og_title":"Test: Vem i Ronja R\u00f6vardotter \u00e4r du? - Svenska Teatern","og_url":"https:\/\/svenskateatern.fi\/test-vem-i-ronja-rovardotter-ar-du\/","og_site_name":"Svenska Teatern","article_modified_time":"2023-08-30T07:49:18+00:00","og_image":[{"url":"https:\/\/svenskateatern.fi\/wp-content\/uploads\/2023\/08\/Skattkammaron.webp","type":"","width":"","height":""}],"twitter_card":"summary_large_image","twitter_misc":{"Arvioitu lukuaika":"1 minuutti"},"schema":{"@context":"https:\/\/schema.org","@graph":[{"@type":"WebPage","@id":"https:\/\/svenskateatern.fi\/test-vem-i-ronja-rovardotter-ar-du\/","url":"https:\/\/svenskateatern.fi\/test-vem-i-ronja-rovardotter-ar-du\/","name":"Test: Vem i Ronja R\u00f6vardotter \u00e4r du? - Svenska Teatern","isPartOf":{"@id":"https:\/\/svenskateatern.fi\/fi\/#website"},"primaryImageOfPage":{"@id":"https:\/\/svenskateatern.fi\/test-vem-i-ronja-rovardotter-ar-du\/#primaryimage"},"image":{"@id":"https:\/\/svenskateatern.fi\/test-vem-i-ronja-rovardotter-ar-du\/#primaryimage"},"thumbnailUrl":"https:\/\/svenskateatern.fi\/wp-content\/uploads\/2023\/08\/Skattkammaron.webp","datePublished":"2023-08-30T07:21:11+00:00","dateModified":"2023-08-30T07:49:18+00:00","breadcrumb":{"@id":"https:\/\/svenskateatern.fi\/test-vem-i-ronja-rovardotter-ar-du\/#breadcrumb"},"inLanguage":"fi","potentialAction":[{"@type":"ReadAction","target":["https:\/\/svenskateatern.fi\/test-vem-i-ronja-rovardotter-ar-du\/"]}]},{"@type":"ImageObject","inLanguage":"fi","@id":"https:\/\/svenskateatern.fi\/test-vem-i-ronja-rovardotter-ar-du\/#primaryimage","url":"https:\/\/svenskateatern.fi\/wp-content\/uploads\/2023\/08\/Skattkammaron.webp","contentUrl":"https:\/\/svenskateatern.fi\/wp-content\/uploads\/2023\/08\/Skattkammaron.webp"},{"@type":"BreadcrumbList","@id":"https:\/\/svenskateatern.fi\/test-vem-i-ronja-rovardotter-ar-du\/#breadcrumb","itemListElement":[{"@type":"ListItem","position":1,"name":"Etusivu","item":"https:\/\/svenskateatern.fi\/fi\/"},{"@type":"ListItem","position":2,"name":"Test: Vem i Ronja R\u00f6vardotter \u00e4r du?"}]},{"@type":"WebSite","@id":"https:\/\/svenskateatern.fi\/fi\/#website","url":"https:\/\/svenskateatern.fi\/fi\/","name":"Svenska Teatern","description":"","potentialAction":[{"@type":"SearchAction","target":{"@type":"EntryPoint","urlTemplate":"https:\/\/svenskateatern.fi\/fi\/?s={search_term_string}"},"query-input":{"@type":"PropertyValueSpecification","valueRequired":true,"valueName":"search_term_string"}}],"inLanguage":"fi"}]}},"_links":{"self":[{"href":"https:\/\/svenskateatern.fi\/fi\/wp-json\/wp\/v2\/pages\/13991","targetHints":{"allow":["GET"]}}],"collection":[{"href":"https:\/\/svenskateatern.fi\/fi\/wp-json\/wp\/v2\/pages"}],"about":[{"href":"https:\/\/svenskateatern.fi\/fi\/wp-json\/wp\/v2\/types\/page"}],"author":[{"embeddable":true,"href":"https:\/\/svenskateatern.fi\/fi\/wp-json\/wp\/v2\/users\/18"}],"replies":[{"embeddable":true,"href":"https:\/\/svenskateatern.fi\/fi\/wp-json\/wp\/v2\/comments?post=13991"}],"version-history":[{"count":0,"href":"https:\/\/svenskateatern.fi\/fi\/wp-json\/wp\/v2\/pages\/13991\/revisions"}],"wp:attachment":[{"href":"https:\/\/svenskateatern.fi\/fi\/wp-json\/wp\/v2\/media?parent=13991"}],"curies":[{"name":"wp","href":"https:\/\/api.w.org\/{rel}","templated":true}]}}