{"id":19300,"date":"2024-03-15T18:15:27","date_gmt":"2024-03-15T15:15:27","guid":{"rendered":"https:\/\/svenskateatern.fi\/?page_id=19300"},"modified":"2026-03-28T21:22:49","modified_gmt":"2026-03-28T18:22:49","slug":"front-page","status":"publish","type":"page","link":"https:\/\/svenskateatern.fi\/en\/","title":{"rendered":"Front page"},"content":{"rendered":"\n<section class=\"block block-hero-carousel\">\n\t<div class=\"hero-carousel\">\n\t\t\t\t\t\t\t\t\t\n\t\t\t\t<div class=\"slide\">\n\t\t\t\t\t<div class=\"image video\">\n\t\t\t\t\t\t\t\t\t\t\t\t\t<img decoding=\"async\" src=\"https:\/\/svenskateatern.fi\/wp-content\/uploads\/2023\/09\/Ronja-varskrik-hero-dt.jpg\" width=\"2520\" height=\"1080\" class=\"desktop-image\" alt=\"\" loading=\"lazy\">\t\t\t\t\t\t\n\t\t\t\t\t\t\t\t\t\t\t\t\t<img decoding=\"async\" src=\"https:\/\/svenskateatern.fi\/wp-content\/uploads\/2023\/09\/Ronja-varskrik-hero-mobil.jpg\" width=\"1080\" height=\"1350\" class=\"mobile-image\" alt=\"\" loading=\"lazy\">\t\t\t\t\t\t\t\t\t\t\t<\/div>\n\t\t\t\t\t<div class=\"content\">\n\t\t\t\t\t\t<div class=\"container\">\n\t\t\t\t\t\t\t<div class=\"row\">\n\t\t\t\t\t\t\t\t<div class=\"col col-12 col-lg-6\">\n\t\t\t\t\t\t\t\t\t<h2 class=\"show-title\">Ronja R\u00f6vardotter<\/h2>\n\t\t\t\t\t\t\t\t\t<div class=\"show-info\n\t\t\t\t\t\t\t\t\tinfo-excerpt\t\t\t\t\t\t\t\t\t\">\n\t\t\t\t\t\t\t\t\t\t\t\t\t\t\t\t\t\t\t\t\t\t\t\t\t\t\t\t\t\t\t<div class=\"show-excerpt\">\n\t\t\t\t\t\t\t\t\t\t\t\t<p class=\"excerpt\">Astrid Lindgren&#8217;s timeless classic. A great adventure about a\u00a0fight\u00a0for peace and justice.<\/p>\n\t\t\t\t\t\t\t\t\t\t\t<\/div>\n\t\t\t\t\t\t\t\t\t\t\t\t\t\t\t\t\t\t\t\t<div class=\"show-buttons\">\n\t\t\t\t\t\t\t\t\t\t\t<a href=\"https:\/\/svenskateatern.fi\/en\/program\/ronja-rovardotter\/\" rel=\"no-opener\" class=\"button outline\"><span class=\"sr-only\">Ronja R\u00f6vardotter&nbsp;<\/span>Read more<\/a>\n\t\t\t\t\t\t\t\t\t\t\t\t\t\t\t\t\t\t\t\t\t\t\t<a href=\"https:\/\/biljetter.svenskateatern.fi\/en\/buyingflow\/tickets\/12006\/\" rel=\"no-opener\" class=\"button\"><span class=\"sr-only\">Ronja R\u00f6vardotter&nbsp;<\/span>Buy tickets<\/a>\n\t\t\t\t\t\t\t\t\t\t\t\t\t\t\t\t\t\t\t\t\t<\/div>\n\t\t\t\t\t\t\t\t\t<\/div>\n\t\t\t\t\t\t\t\t<\/div>\n\t\t\t\t\t\t\t<\/div>\n\t\t\t\t\t\t<\/div>\n\t\t\t\t\t<\/div>\n\t\t\t\t<\/div>\n\t\t\t\t\t\t\t\n\t\t\t\t<div class=\"slide\">\n\t\t\t\t\t<div class=\"image video\">\n\t\t\t\t\t\t\t\t\t\t\t\t\t<img decoding=\"async\" src=\"https:\/\/svenskateatern.fi\/wp-content\/uploads\/2025\/06\/Mumin-Historien-om-sista-draken-hero-dt.png\" width=\"2520\" height=\"1080\" class=\"desktop-image\" alt=\"\" loading=\"lazy\">\t\t\t\t\t\t\n\t\t\t\t\t\t\t\t\t\t\t\t\t<img decoding=\"async\" src=\"https:\/\/svenskateatern.fi\/wp-content\/uploads\/2025\/06\/Mumin-Historien-om-sista-draken-hero-mobil.png\" width=\"1080\" height=\"1350\" class=\"mobile-image\" alt=\"\" loading=\"lazy\">\t\t\t\t\t\t\t\t\t\t\t<\/div>\n\t\t\t\t\t<div class=\"content\">\n\t\t\t\t\t\t<div class=\"container\">\n\t\t\t\t\t\t\t<div class=\"row\">\n\t\t\t\t\t\t\t\t<div class=\"col col-12 col-lg-6\">\n\t\t\t\t\t\t\t\t\t<h2 class=\"show-title\">Moominvalley Storytime: The Last Dragon in the World\u00a0<\/h2>\n\t\t\t\t\t\t\t\t\t<div class=\"show-info\n\t\t\t\t\t\t\t\t\t\t\t\t\t\t\t\t\t\t\">\n\t\t\t\t\t\t\t\t\t\t\t\t\t\t\t\t\t\t\t\t\t\t\t\t\t\t\t\t\t\t<div class=\"show-buttons\">\n\t\t\t\t\t\t\t\t\t\t\t<a href=\"https:\/\/svenskateatern.fi\/en\/program\/moominvalley-storytime-the-last-dragon-in-the-world\/\" rel=\"no-opener\" class=\"button outline\"><span class=\"sr-only\">Moominvalley Storytime: The Last Dragon in the World\u00a0&nbsp;<\/span>Read more<\/a>\n\t\t\t\t\t\t\t\t\t\t\t\t\t\t\t\t\t\t\t\t\t<\/div>\n\t\t\t\t\t\t\t\t\t<\/div>\n\t\t\t\t\t\t\t\t<\/div>\n\t\t\t\t\t\t\t<\/div>\n\t\t\t\t\t\t<\/div>\n\t\t\t\t\t<\/div>\n\t\t\t\t<\/div>\n\t\t\t\t\t\t\t\n\t\t\t\t<div class=\"slide\">\n\t\t\t\t\t<div class=\"image video\">\n\t\t\t\t\t\t\t\t\t\t\t\t\t<img decoding=\"async\" src=\"https:\/\/svenskateatern.fi\/wp-content\/uploads\/2025\/11\/Anglagard-hero-dt.png\" width=\"2520\" height=\"1080\" class=\"desktop-image\" alt=\"\" loading=\"lazy\">\t\t\t\t\t\t\n\t\t\t\t\t\t\t\t\t\t\t\t\t<img decoding=\"async\" src=\"https:\/\/svenskateatern.fi\/wp-content\/uploads\/2025\/11\/Anglagard-hero-mobil-2.png\" width=\"1080\" height=\"1350\" class=\"mobile-image\" alt=\"\" loading=\"lazy\">\t\t\t\t\t\t\t\t\t\t\t<\/div>\n\t\t\t\t\t<div class=\"content\">\n\t\t\t\t\t\t<div class=\"container\">\n\t\t\t\t\t\t\t<div class=\"row\">\n\t\t\t\t\t\t\t\t<div class=\"col col-12 col-lg-6\">\n\t\t\t\t\t\t\t\t\t<h2 class=\"show-title\">\u00c4nglag\u00e5rd<\/h2>\n\t\t\t\t\t\t\t\t\t<div class=\"show-info\n\t\t\t\t\t\t\t\t\t\t\t\t\t\t\t\t\t\t\">\n\t\t\t\t\t\t\t\t\t\t\t\t\t\t\t\t\t\t\t\t\t<div class=\"show-dates\">\n\t\t\t\t\t\t\t\t\t\t\t\t<p class=\"dates-title\">Time of the play<\/p>\n\t\t\t\t\t\t\t\t\t\t\t\t<div class=\"date\">\n\t\t\t\t\t\t\t\t\t\t\t\t\t\t\t\t\t\t\t\t\t\t\t\t\t\t\t<span class=\"starting-date\">17.9.2026<\/span>\n\t\t\t\t\t\t\t\t\t\t\t\t\t\n\t\t\t\t\t\t\t\t\t\t\t\t\t\t\t\t\t\t\t\t\t\t\t\t\t\t\t<span class=\"ending-date\">15.1.2027<\/span>\n\t\t\t\t\t\t\t\t\t\t\t\t\t\t\t\t\t\t\t\t\t\t\t\t\t<\/div>\n\t\t\t\t\t\t\t\t\t\t\t<\/div>\n\t\t\t\t\t\t\t\t\t\t\t\t\t\t\t\t\t\t\t\t\t\t\t\t\t\t\t\t\t\t<div class=\"show-buttons\">\n\t\t\t\t\t\t\t\t\t\t\t<a href=\"https:\/\/svenskateatern.fi\/en\/program\/anglagard\/\" rel=\"no-opener\" class=\"button outline\"><span class=\"sr-only\">\u00c4nglag\u00e5rd&nbsp;<\/span>Read more<\/a>\n\t\t\t\t\t\t\t\t\t\t\t\t\t\t\t\t\t\t\t\t\t\t\t<a href=\"https:\/\/biljetter.svenskateatern.fi\/en\/buyingflow\/tickets\/12264\/\" rel=\"no-opener\" class=\"button\"><span class=\"sr-only\">\u00c4nglag\u00e5rd&nbsp;<\/span>Buy tickets<\/a>\n\t\t\t\t\t\t\t\t\t\t\t\t\t\t\t\t\t\t\t\t\t<\/div>\n\t\t\t\t\t\t\t\t\t<\/div>\n\t\t\t\t\t\t\t\t<\/div>\n\t\t\t\t\t\t\t<\/div>\n\t\t\t\t\t\t<\/div>\n\t\t\t\t\t<\/div>\n\t\t\t\t<\/div>\n\t\t\t\t\t\t<\/div>\n\n\n\n\t\t\t<div class=\"controls-container\">\n\t\t\t<div class=\"container\">\n\t\t\t\t<div class=\"row justify-content-end\">\n\t\t\t\t\t<div class=\"col col-12 col-lg-6 controls-wrap\">\n\t\t\t\t\t\t<div class=\"slick-controls\">\n\t\t\t\t\t\t\t<button type=\"button\" class=\"autoplay-toggle-button\" aria-pressed=\"false\" data-state=\"playing\">\n\t\t\t\t\t\t\t\t<span class=\"sr-only\">Karusellin automaattinen toisto pois p\u00e4\u00e4lt\u00e4<\/span>\n\t\t\t\t\t\t\t<\/button>\n\t\t\t\t\t\t<\/div>\n\t\t\t\t\t<\/div>\n\t\t\t\t<\/div>\n\t\t\t<\/div>\n\t\t<\/div>\n\t<\/section>\n\n\n\n\n\n<section class=\"block block-image-beside-content container-fluid container-fluid bg-white\">\n    <div class=\"container\">\n        <div class=\"row\">\n            <div class=\"col-12 col-md-6 image-col\">\n                <div class=\"align-items-center\">\n                                            <img decoding=\"async\" src=\"https:\/\/svenskateatern.fi\/wp-content\/uploads\/2023\/09\/Ronja-varskrik-artikel.jpg\" width=\"1200\" height=\"750\" alt=\"\" loading=\"lazy\">                                    <\/div>\n            <\/div>\n            <div class=\"col-12 col-md-6 text-col\">\n                <div class=\"align-items-center\">\n                    <main class=\"entry-content\">\n                        \n\n<h2 class=\"wp-block-heading\">Ronja, the Robbers daughter<\/h2>\n\n\n\n<p class=\"is-style-lead\">A Great Adventure About a&nbsp;Fight&nbsp;for Peace and Justice<\/p>\n\n\n\n<p><strong>Astrid Lindgren<\/strong>\u2019s timeless classic,&nbsp;<em>Ronja, the Robber\u2019s Daughter<\/em> (Ronja R\u00f6vardotter), with the brilliant&nbsp;<strong>Antonia Atarah<\/strong>&nbsp;in the title&nbsp;role, is back on our Main Stage. Svenska Teatern\u2019s thrilling fantasy adventure has received&nbsp;five-star reviews from critics and audiences alike.<\/p>\n\n\n\n<p>We offer English mobile surtitles. Language on stage is Swedish.<\/p>\n\n\n\n<div class=\"wp-block-button\"><a class=\"wp-block-button__link wp-element-button\" href=\"https:\/\/svenskateatern.fi\/en\/program\/ronja-rovardotter\/\">more about the play<\/a><\/div>\n\n\n                    <\/main>\n                <\/div>\n            <\/div>\n        <\/div>\n    <\/div>\n<\/section>\n\n\n\n\n<section id=\"block_71c22248dd6165164d0e5aa68227bcde_69d4de12ea94d\" class=\"block block-content-wrapper container-fluid bg-black container-fluid\">\n\t<div class=\"container\n\t\t\tshow-all\"\n\t\t>\n\t\t<div class=\"row\">\n\t\t\t<div class=\"col-12 col-lg-8 offset-lg-2 col-hd-6 offset-hd-3\">\n\t\t\t\t<main class=\"entry-content\">\n\t\t\t\t\t\n\n<h2 class=\"wp-block-heading\">Ticket sales<\/h2>\n\n\n\n<h4 class=\"wp-block-heading\">Box office and call center<\/h4>\n\n\n\n<p>Tickets can be bought online or by visiting or calling our box office. For bookings or questions, please e-mail us on biljetter@svenskateatern.fi.<br><br>Box office <br>+358 (0)9 6162 1411<br><br><strong>Mondays<\/strong> &#8211; customer service by phone and email from 9 a.m. to 12 noon<\/p>\n\n\n\n<p><strong>Tuesday\u2013Friday<\/strong>: box office and customer service by phone and email from 12 noon to 6 pm and one hour before performances<\/p>\n\n\n\n<p><strong>Performance days:<\/strong> the box office always opens 1 hour before the first performance \u2013 also on Saturdays.<\/p>\n\n\n\n<p><strong>Where to find us<\/strong><\/p>\n\n\n\n<p>Svenska Teatern<br>Norra Esplanaden 2<br>00130 Helsingfors<br><br>For questions regarding our guided tours and repertoire, please e-mail<br>biljetter[at]svenskateatern.fi<\/p>\n\n\n\n<div class=\"wp-block-button\"><a class=\"wp-block-button__link wp-element-button\" href=\"https:\/\/svenskateatern.fi\/en\/opening-hours\/\">More info<\/a><\/div>\n\n\n\t\t\t\t<\/main>\n\t\t\t<\/div>\n\t\t<\/div>\n\n\t\t\n\t<\/div>\n<\/section>\n","protected":false},"excerpt":{"rendered":"","protected":false},"author":19,"featured_media":25746,"parent":0,"menu_order":0,"comment_status":"closed","ping_status":"closed","template":"","meta":{"_acf_changed":false,"_relevanssi_hide_post":"","_relevanssi_hide_content":"","_relevanssi_pin_for_all":"","_relevanssi_pin_keywords":"","_relevanssi_unpin_keywords":"","_relevanssi_related_keywords":"","_relevanssi_related_include_ids":"","_relevanssi_related_exclude_ids":"","_relevanssi_related_no_append":"","_relevanssi_related_not_related":"","_relevanssi_related_posts":"23753","_relevanssi_noindex_reason":"","footnotes":""},"class_list":["post-19300","page","type-page","status-publish","has-post-thumbnail","hentry"],"acf":[],"yoast_head":"<!-- This site is optimized with the Yoast SEO plugin v27.0 - https:\/\/yoast.com\/product\/yoast-seo-wordpress\/ -->\n<title>Front page - Svenska Teatern<\/title>\n<meta name=\"description\" content=\"Svenska Teatern (the Swedish Theatre) in Helsinki is a Finnish national theatre performing in Swedish \u2013 Finland\u2019s second official language.\" \/>\n<meta name=\"robots\" content=\"index, follow, max-snippet:-1, max-image-preview:large, max-video-preview:-1\" \/>\n<link rel=\"canonical\" href=\"https:\/\/svenskateatern.fi\/en\/\" \/>\n<meta property=\"og:locale\" content=\"en_US\" \/>\n<meta property=\"og:type\" content=\"article\" \/>\n<meta property=\"og:title\" content=\"Welcome to Svenska Teatern!\" \/>\n<meta property=\"og:description\" content=\"Svenska Teatern (the Swedish Theatre) in Helsinki is a Finnish national theatre performing in Swedish \u2013 Finland\u2019s second official language.\" \/>\n<meta property=\"og:url\" content=\"https:\/\/svenskateatern.fi\/en\/\" \/>\n<meta property=\"og:site_name\" content=\"Svenska Teatern\" \/>\n<meta property=\"article:modified_time\" content=\"2026-03-28T18:22:49+00:00\" \/>\n<meta property=\"og:image\" content=\"https:\/\/svenskateatern.fi\/wp-content\/uploads\/2023\/09\/Ronja-varskrik-repertoar.jpg\" \/>\n\t<meta property=\"og:image:width\" content=\"720\" \/>\n\t<meta property=\"og:image:height\" content=\"540\" \/>\n\t<meta property=\"og:image:type\" content=\"image\/jpeg\" \/>\n<meta name=\"twitter:card\" content=\"summary_large_image\" \/>\n<meta name=\"twitter:label1\" content=\"Est. reading time\" \/>\n\t<meta name=\"twitter:data1\" content=\"5 minutes\" \/>\n<script type=\"application\/ld+json\" class=\"yoast-schema-graph\">{\"@context\":\"https:\/\/schema.org\",\"@graph\":[{\"@type\":\"WebPage\",\"@id\":\"https:\/\/svenskateatern.fi\/en\/\",\"url\":\"https:\/\/svenskateatern.fi\/en\/\",\"name\":\"Front page - Svenska Teatern\",\"isPartOf\":{\"@id\":\"https:\/\/svenskateatern.fi\/fi\/#website\"},\"primaryImageOfPage\":{\"@id\":\"https:\/\/svenskateatern.fi\/en\/#primaryimage\"},\"image\":{\"@id\":\"https:\/\/svenskateatern.fi\/en\/#primaryimage\"},\"thumbnailUrl\":\"https:\/\/svenskateatern.fi\/wp-content\/uploads\/2024\/11\/Amos-A-FByoast.png\",\"datePublished\":\"2024-03-15T15:15:27+00:00\",\"dateModified\":\"2026-03-28T18:22:49+00:00\",\"description\":\"Svenska Teatern (the Swedish Theatre) in Helsinki is a Finnish national theatre performing in Swedish \u2013 Finland\u2019s second official language.\",\"breadcrumb\":{\"@id\":\"https:\/\/svenskateatern.fi\/en\/#breadcrumb\"},\"inLanguage\":\"en-US\",\"potentialAction\":[{\"@type\":\"ReadAction\",\"target\":[\"https:\/\/svenskateatern.fi\/en\/\"]}]},{\"@type\":\"ImageObject\",\"inLanguage\":\"en-US\",\"@id\":\"https:\/\/svenskateatern.fi\/en\/#primaryimage\",\"url\":\"https:\/\/svenskateatern.fi\/wp-content\/uploads\/2024\/11\/Amos-A-FByoast.png\",\"contentUrl\":\"https:\/\/svenskateatern.fi\/wp-content\/uploads\/2024\/11\/Amos-A-FByoast.png\",\"width\":1200,\"height\":630},{\"@type\":\"BreadcrumbList\",\"@id\":\"https:\/\/svenskateatern.fi\/en\/#breadcrumb\",\"itemListElement\":[{\"@type\":\"ListItem\",\"position\":1,\"name\":\"Etusivu\",\"item\":\"https:\/\/svenskateatern.fi\/en\/\"},{\"@type\":\"ListItem\",\"position\":2,\"name\":\"Front page\"}]},{\"@type\":\"WebSite\",\"@id\":\"https:\/\/svenskateatern.fi\/fi\/#website\",\"url\":\"https:\/\/svenskateatern.fi\/fi\/\",\"name\":\"Svenska Teatern\",\"description\":\"\",\"potentialAction\":[{\"@type\":\"SearchAction\",\"target\":{\"@type\":\"EntryPoint\",\"urlTemplate\":\"https:\/\/svenskateatern.fi\/fi\/?s={search_term_string}\"},\"query-input\":{\"@type\":\"PropertyValueSpecification\",\"valueRequired\":true,\"valueName\":\"search_term_string\"}}],\"inLanguage\":\"en-US\"}]}<\/script>\n<!-- \/ Yoast SEO plugin. -->","yoast_head_json":{"title":"Front page - Svenska Teatern","description":"Svenska Teatern (the Swedish Theatre) in Helsinki is a Finnish national theatre performing in Swedish \u2013 Finland\u2019s second official language.","robots":{"index":"index","follow":"follow","max-snippet":"max-snippet:-1","max-image-preview":"max-image-preview:large","max-video-preview":"max-video-preview:-1"},"canonical":"https:\/\/svenskateatern.fi\/en\/","og_locale":"en_US","og_type":"article","og_title":"Welcome to Svenska Teatern!","og_description":"Svenska Teatern (the Swedish Theatre) in Helsinki is a Finnish national theatre performing in Swedish \u2013 Finland\u2019s second official language.","og_url":"https:\/\/svenskateatern.fi\/en\/","og_site_name":"Svenska Teatern","article_modified_time":"2026-03-28T18:22:49+00:00","og_image":[{"width":720,"height":540,"url":"https:\/\/svenskateatern.fi\/wp-content\/uploads\/2023\/09\/Ronja-varskrik-repertoar.jpg","type":"image\/jpeg"}],"twitter_card":"summary_large_image","twitter_misc":{"Est. reading time":"5 minutes"},"schema":{"@context":"https:\/\/schema.org","@graph":[{"@type":"WebPage","@id":"https:\/\/svenskateatern.fi\/en\/","url":"https:\/\/svenskateatern.fi\/en\/","name":"Front page - Svenska Teatern","isPartOf":{"@id":"https:\/\/svenskateatern.fi\/fi\/#website"},"primaryImageOfPage":{"@id":"https:\/\/svenskateatern.fi\/en\/#primaryimage"},"image":{"@id":"https:\/\/svenskateatern.fi\/en\/#primaryimage"},"thumbnailUrl":"https:\/\/svenskateatern.fi\/wp-content\/uploads\/2024\/11\/Amos-A-FByoast.png","datePublished":"2024-03-15T15:15:27+00:00","dateModified":"2026-03-28T18:22:49+00:00","description":"Svenska Teatern (the Swedish Theatre) in Helsinki is a Finnish national theatre performing in Swedish \u2013 Finland\u2019s second official language.","breadcrumb":{"@id":"https:\/\/svenskateatern.fi\/en\/#breadcrumb"},"inLanguage":"en-US","potentialAction":[{"@type":"ReadAction","target":["https:\/\/svenskateatern.fi\/en\/"]}]},{"@type":"ImageObject","inLanguage":"en-US","@id":"https:\/\/svenskateatern.fi\/en\/#primaryimage","url":"https:\/\/svenskateatern.fi\/wp-content\/uploads\/2024\/11\/Amos-A-FByoast.png","contentUrl":"https:\/\/svenskateatern.fi\/wp-content\/uploads\/2024\/11\/Amos-A-FByoast.png","width":1200,"height":630},{"@type":"BreadcrumbList","@id":"https:\/\/svenskateatern.fi\/en\/#breadcrumb","itemListElement":[{"@type":"ListItem","position":1,"name":"Etusivu","item":"https:\/\/svenskateatern.fi\/en\/"},{"@type":"ListItem","position":2,"name":"Front page"}]},{"@type":"WebSite","@id":"https:\/\/svenskateatern.fi\/fi\/#website","url":"https:\/\/svenskateatern.fi\/fi\/","name":"Svenska Teatern","description":"","potentialAction":[{"@type":"SearchAction","target":{"@type":"EntryPoint","urlTemplate":"https:\/\/svenskateatern.fi\/fi\/?s={search_term_string}"},"query-input":{"@type":"PropertyValueSpecification","valueRequired":true,"valueName":"search_term_string"}}],"inLanguage":"en-US"}]}},"_links":{"self":[{"href":"https:\/\/svenskateatern.fi\/en\/wp-json\/wp\/v2\/pages\/19300","targetHints":{"allow":["GET"]}}],"collection":[{"href":"https:\/\/svenskateatern.fi\/en\/wp-json\/wp\/v2\/pages"}],"about":[{"href":"https:\/\/svenskateatern.fi\/en\/wp-json\/wp\/v2\/types\/page"}],"author":[{"embeddable":true,"href":"https:\/\/svenskateatern.fi\/en\/wp-json\/wp\/v2\/users\/19"}],"replies":[{"embeddable":true,"href":"https:\/\/svenskateatern.fi\/en\/wp-json\/wp\/v2\/comments?post=19300"}],"version-history":[{"count":15,"href":"https:\/\/svenskateatern.fi\/en\/wp-json\/wp\/v2\/pages\/19300\/revisions"}],"predecessor-version":[{"id":35676,"href":"https:\/\/svenskateatern.fi\/en\/wp-json\/wp\/v2\/pages\/19300\/revisions\/35676"}],"wp:featuredmedia":[{"embeddable":true,"href":"https:\/\/svenskateatern.fi\/en\/wp-json\/wp\/v2\/media\/25746"}],"wp:attachment":[{"href":"https:\/\/svenskateatern.fi\/en\/wp-json\/wp\/v2\/media?parent=19300"}],"curies":[{"name":"wp","href":"https:\/\/api.w.org\/{rel}","templated":true}]}}